{"id":4592,"date":"2023-11-22T16:02:36","date_gmt":"2023-11-22T16:02:36","guid":{"rendered":"https:\/\/englody.com\/precios-programa-gestion-academia-de-ingles\/"},"modified":"2025-04-03T16:47:23","modified_gmt":"2025-04-03T14:47:23","slug":"preus-programa-gestio-academia-dangles","status":"publish","type":"page","link":"https:\/\/englody.com\/ca\/preus-programa-gestio-academia-dangles\/","title":{"rendered":"Preus"},"content":{"rendered":"[vc_row type=&#8221;in_container&#8221; full_screen_row_position=&#8221;middle&#8221; column_margin=&#8221;default&#8221; column_direction=&#8221;default&#8221; column_direction_tablet=&#8221;default&#8221; column_direction_phone=&#8221;default&#8221; scene_position=&#8221;center&#8221; top_padding=&#8221;53&#8243; text_color=&#8221;dark&#8221; text_align=&#8221;left&#8221; row_border_radius=&#8221;none&#8221; row_border_radius_applies=&#8221;bg&#8221; overflow=&#8221;visible&#8221; overlay_strength=&#8221;0.3&#8243; gradient_direction=&#8221;left_to_right&#8221; shape_divider_position=&#8221;bottom&#8221; bg_image_animation=&#8221;none&#8221; gradient_type=&#8221;default&#8221; shape_type=&#8221;&#8221;][vc_column column_padding=&#8221;no-extra-padding&#8221; column_padding_tablet=&#8221;inherit&#8221; column_padding_phone=&#8221;inherit&#8221; column_padding_position=&#8221;all&#8221; column_element_direction_desktop=&#8221;default&#8221; column_element_spacing=&#8221;default&#8221; desktop_text_alignment=&#8221;default&#8221; tablet_text_alignment=&#8221;default&#8221; phone_text_alignment=&#8221;default&#8221; sticky_content=&#8221;true&#8221; sticky_content_functionality=&#8221;css&#8221; sticky_content_alignment=&#8221;default&#8221; background_color_opacity=&#8221;1&#8243; background_hover_color_opacity=&#8221;1&#8243; column_backdrop_filter=&#8221;none&#8221; column_shadow=&#8221;none&#8221; column_border_radius=&#8221;none&#8221; column_link_target=&#8221;_self&#8221; column_position=&#8221;default&#8221; gradient_direction=&#8221;left_to_right&#8221; overlay_strength=&#8221;0.3&#8243; width=&#8221;1\/2&#8243; tablet_width_inherit=&#8221;default&#8221; animation_type=&#8221;default&#8221; bg_image_animation=&#8221;none&#8221; border_type=&#8221;simple&#8221; column_border_width=&#8221;none&#8221; column_border_style=&#8221;solid&#8221; column_padding_type=&#8221;default&#8221; gradient_type=&#8221;default&#8221;][nectar_highlighted_text color_type=&#8221;regular&#8221; highlight_color=&#8221;#f8ac17&#8243; style=&#8221;half_text&#8221; text_direction=&#8221;default&#8221;]\n<h1 style=\"text-align: left;\">Sigui com sigui la teua <strong>Acad\u00e8mia d&#8217;Angl\u00e9s<\/strong>, <em>tenim un pla perfecte per a tu!<\/em><\/h1>\n[\/nectar_highlighted_text][vc_column_text css=&#8221;&#8221; text_direction=&#8221;default&#8221;]\n<div class=\"wp-block-uagb-advanced-heading uagb-block-23de98ea\">\n<p class=\"uagb-heading-text\"><strong>Englody Software 360\u00ba<\/strong> t&#8217;ofereix diferents plans perqu\u00e8 puguis triar en funci\u00f3 de com sigui la teua acad\u00e8mia i\/o dels\u00a0 serveis que vols utilitzar i implantar en el teu centre.<\/p>\n<p>Oblida preus variables segons el nombre d&#8217;estudiants, factures&#8230; Els nostres packs de <strong>preus s\u00f3n tancats, sense sorpreses i <span style=\"text-decoration: underline;\">segons les funcions<\/span> que vagis a utilitzar<\/strong>.<\/p>\n<\/div>\n<div class=\"wp-block-uagb-advanced-heading uagb-block-14896eb8\">\n<p>Som <em>usuaris<\/em>, som <em>desenvolupadors<\/em>\u00a0 i <em>venedors<\/em>\u00a0 per\u00f2 sobretot&#8230; Els #1 en qu\u00e8 tot surti PERFECTE.<\/p>\n<\/div>\n[\/vc_column_text][\/vc_column][vc_column column_padding=&#8221;no-extra-padding&#8221; column_padding_tablet=&#8221;inherit&#8221; column_padding_phone=&#8221;inherit&#8221; column_padding_position=&#8221;all&#8221; column_element_direction_desktop=&#8221;default&#8221; column_element_spacing=&#8221;default&#8221; desktop_text_alignment=&#8221;default&#8221; tablet_text_alignment=&#8221;default&#8221; phone_text_alignment=&#8221;default&#8221; background_color_opacity=&#8221;1&#8243; background_hover_color_opacity=&#8221;1&#8243; column_backdrop_filter=&#8221;none&#8221; column_shadow=&#8221;none&#8221; column_border_radius=&#8221;none&#8221; column_link_target=&#8221;_self&#8221; column_position=&#8221;default&#8221; gradient_direction=&#8221;left_to_right&#8221; overlay_strength=&#8221;0.3&#8243; width=&#8221;1\/2&#8243; tablet_width_inherit=&#8221;default&#8221; animation_type=&#8221;default&#8221; enable_animation=&#8221;true&#8221; animation=&#8221;fade-in-from-bottom&#8221; animation_easing=&#8221;default&#8221; bg_image_animation=&#8221;none&#8221; border_type=&#8221;simple&#8221; column_border_width=&#8221;none&#8221; column_border_style=&#8221;solid&#8221; column_padding_type=&#8221;default&#8221; gradient_type=&#8221;default&#8221;][toggles style=&#8221;minimal_shadow&#8221; accordion=&#8221;true&#8221; accordion_starting_functionality=&#8221;closed&#8221; border_radius=&#8221;15px&#8221;][toggle color=&#8221;Accent-Color&#8221; heading_tag=&#8221;h3&#8243; heading_tag_functionality=&#8221;default&#8221; title=&#8221;Pla B\u00e0sic&#8221;][vc_column_text css=&#8221;&#8221; text_direction=&#8221;default&#8221;]El Pla B\u00e0sic de Englody inclou&#8230;[\/vc_column_text][vc_column_text css=&#8221;&#8221; text_direction=&#8221;default&#8221;]\n<h3><strong>CRM<\/strong><\/h3>\n<ul>\n<li>Registra tots els serveis de la teva acad\u00e8mia.<\/li>\n<li>Alta i baixes de matr\u00edcules, alumnat i fam\u00edlies.<\/li>\n<li>Crea aules, i grups i controla els seus horaris i ocupaci\u00f3.<\/li>\n<li>Dona d&#8217;alta al personal del centre i assigna rols.<\/li>\n<li>Gestiona l&#8217;estoc dels teus productes.<\/li>\n<li>Matriculaci\u00f3 En l\u00ednia.<\/li>\n<\/ul>\n[\/vc_column_text][vc_column_text css=&#8221;&#8221; text_direction=&#8221;default&#8221;]\n<h3><strong>ERP<\/strong><\/h3>\n<ul>\n<li>Controla tots els ingressos de la teva acad\u00e8mia i formes de pagament.<\/li>\n<li>Facturaci\u00f3 autom\u00e0tica amb enviament i\/o desc\u00e0rrega de factures.<\/li>\n<li>Control de deutors.<\/li>\n<li>Cobrament de rebuts mitjan\u00e7ant domiciliaci\u00f3 banc\u00e0ria.<\/li>\n<li>Automatismes de gesti\u00f3 econ\u00f2mica.<\/li>\n<li>Caixa registradora per a obtenir informes i realitzar vendes.<\/li>\n<\/ul>\n[\/vc_column_text][\/toggle][toggle color=&#8221;Accent-Color&#8221; heading_tag=&#8221;h3&#8243; heading_tag_functionality=&#8221;default&#8221; title=&#8221;Pla Est\u00e0ndard&#8221;][vc_column_text css=&#8221;&#8221; text_direction=&#8221;default&#8221;]El Pla Est\u00e0ndard inclou el nostre <strong>PLA B\u00c0SIC<\/strong> per\u00f2 a m\u00e9s&#8230;[\/vc_column_text][vc_column_text css=&#8221;&#8221; text_direction=&#8221;default&#8221;]\n<h3><strong>Acad\u00e8mic<\/strong><\/h3>\n<ul>\n<li>Historial acad\u00e8mic de l&#8217;alumnat.<\/li>\n<li>Llistats d&#8217;assist\u00e8ncia amb notificaci\u00f3 de faltes d&#8217;assist\u00e8ncia, observacions, etc.<\/li>\n<li>Creaci\u00f3 sistemes d&#8217;avaluaci\u00f3 amb publicaci\u00f3 de notes.<\/li>\n<li>Calendaris acad\u00e8mics per a publicar esdeveniments o dates destacades.<\/li>\n<\/ul>\n[\/vc_column_text][vc_column_text css=&#8221;&#8221; text_direction=&#8221;default&#8221;]\n<h3><strong>Campus Virtual<\/strong><\/h3>\n<ul>\n<li>N\u00favol d&#8217;emmagatzematge d&#8217;arxius.<\/li>\n<li>Desa recursos i comparteix amb tot el personal docent.<\/li>\n<li>Comparteix amb el teu alumnat, pares o mares, materials educatius.<\/li>\n<\/ul>\n[\/vc_column_text][vc_column_text css=&#8221;&#8221; text_direction=&#8221;default&#8221;]\n<h3><strong>APP (Android + iOS)<\/strong><\/h3>\n<ul>\n<li>App exclusiva per a pares, mares i personal de la teva acad\u00e8mia.<\/li>\n<li>Enviament d&#8217;avisos i notificacions per a informar en tot moment als teus usuaris.<\/li>\n<li>Englody xat per a tenir contacte directe amb la teva comunitat.<\/li>\n<li>Publica les novetats i promocions de la teva acad\u00e8mia a trav\u00e9s de not\u00edcies.<\/li>\n<li>Envia circulars informatives a pares i mares per a informar del progr\u00e9s.<\/li>\n<\/ul>\n[\/vc_column_text][\/toggle][toggle color=&#8221;Accent-Color&#8221; heading_tag=&#8221;h3&#8243; heading_tag_functionality=&#8221;default&#8221; title=&#8221;Pla Avan\u00e7at&#8221;][vc_column_text css=&#8221;&#8221; text_direction=&#8221;default&#8221;]El Pla Avan\u00e7at inclou el nostre <strong>PLA B\u00c0SIC<\/strong> i <strong>EST\u00c0NDARD<\/strong> per\u00f2 a m\u00e9s&#8230;[\/vc_column_text][vc_column_text css=&#8221;&#8221; text_direction=&#8221;default&#8221;]\n<h3>M\u00e0rqueting Intel\u00b7ligent<\/h3>\n<ul>\n<li>Segmentador de contactes amb centenars de combinacions per a realitzar totes les cerques possibles, obtenir informes i llan\u00e7ar campanyes de mail m\u00e0rqueting.<\/li>\n<li>Enviament de publicitat, promocions o comunicats per correu electr\u00f2nic.<\/li>\n<li>Seguiment de resultats de les campanyes de mail m\u00e0rqueting.<\/li>\n<\/ul>\n[\/vc_column_text][vc_column_text css=&#8221;&#8221; text_direction=&#8221;default&#8221;]\n<h3><strong>Gesti\u00f3 de Leads<\/strong><\/h3>\n<ul>\n<li>Gestor de leads (clients potencials) perqu\u00e8 no se t&#8217;escapin oportunitats d&#8217;altes o vendes.<\/li>\n<li>Organitza els teus fluxos de treball amb diferents estats i gestiona els teus nous clients arribats des de formularis en l\u00ednia o de les teves xarxes socials.<\/li>\n<\/ul>\n[\/vc_column_text][vc_column_text css=&#8221;&#8221; text_direction=&#8221;default&#8221;]\n<h3><strong>Registre de Jornada Laboral<\/strong><\/h3>\n<ul>\n<li>Fitxatge dels teus empleats i empleades.<\/li>\n<li>Control i registre de la jornada laboral del personal del centre.<\/li>\n<li>Creaci\u00f3 autom\u00e0tica d&#8217;informes de control d&#8217;hores.<\/li>\n<li>Integraci\u00f3 amb l&#8217;app de Englody.<\/li>\n<\/ul>\n[\/vc_column_text][\/toggle][toggle color=&#8221;Accent-Color&#8221; heading_tag=&#8221;h3&#8243; heading_tag_functionality=&#8221;default&#8221; title=&#8221;Pla Professional&#8221;][vc_column_text css=&#8221;&#8221; text_direction=&#8221;default&#8221;]El Pla Professional inclou el nostre <strong>PLA B\u00c0SIC<\/strong>, <strong>EST\u00c0NDARD<\/strong> i <strong>AVAN\u00c7AT<\/strong> per\u00f2 a m\u00e9s&#8230;[\/vc_column_text][vc_column_text css=&#8221;&#8221; text_direction=&#8221;default&#8221;]\n<h3>Cursos En l\u00ednia<\/h3>\n<ul>\n<li>Cursos d&#8217;angl\u00e8s en l\u00ednia per a augmentar l&#8217;oferta formativa del teu centre.<\/li>\n<li>Llic\u00e8ncies per a oferir al teu alumnat dels nivells A2, B1, B1+, B2, B2+ i C1.<\/li>\n<li>V\u00eddeos amb explicacions de professorat sobre la gram\u00e0tica i vocabulari.<\/li>\n<li>Continguts i recursos propis amb la garantia dels nostres centres amb m\u00e9s de 15 anys d&#8217;experi\u00e8ncia en el sector.<\/li>\n<\/ul>\n[\/vc_column_text][\/toggle][\/toggles][\/vc_column][\/vc_row][vc_row type=&#8221;in_container&#8221; full_screen_row_position=&#8221;middle&#8221; column_margin=&#8221;default&#8221; column_direction=&#8221;default&#8221; column_direction_tablet=&#8221;default&#8221; column_direction_phone=&#8221;default&#8221; scene_position=&#8221;center&#8221; text_color=&#8221;dark&#8221; text_align=&#8221;left&#8221; row_border_radius=&#8221;none&#8221; row_border_radius_applies=&#8221;bg&#8221; overflow=&#8221;visible&#8221; overlay_strength=&#8221;0.3&#8243; gradient_direction=&#8221;left_to_right&#8221; shape_divider_position=&#8221;bottom&#8221; bg_image_animation=&#8221;none&#8221;][vc_column column_padding=&#8221;no-extra-padding&#8221; column_padding_tablet=&#8221;inherit&#8221; column_padding_phone=&#8221;inherit&#8221; column_padding_position=&#8221;all&#8221; column_element_direction_desktop=&#8221;default&#8221; column_element_spacing=&#8221;default&#8221; desktop_text_alignment=&#8221;default&#8221; tablet_text_alignment=&#8221;default&#8221; phone_text_alignment=&#8221;default&#8221; background_color_opacity=&#8221;1&#8243; background_hover_color_opacity=&#8221;1&#8243; column_backdrop_filter=&#8221;none&#8221; column_shadow=&#8221;none&#8221; column_border_radius=&#8221;none&#8221; column_link_target=&#8221;_self&#8221; column_position=&#8221;default&#8221; gradient_direction=&#8221;left_to_right&#8221; overlay_strength=&#8221;0.3&#8243; width=&#8221;1\/1&#8243; tablet_width_inherit=&#8221;default&#8221; animation_type=&#8221;default&#8221; bg_image_animation=&#8221;none&#8221; border_type=&#8221;simple&#8221; column_border_width=&#8221;none&#8221; column_border_style=&#8221;solid&#8221;][image_with_animation image_url=&#8221;3289&#8243; image_size=&#8221;full&#8221; animation_type=&#8221;entrance&#8221; animation=&#8221;Grow In&#8221; animation_easing=&#8221;default&#8221; animation_movement_type=&#8221;transform_y&#8221; hover_animation=&#8221;none&#8221; alignment=&#8221;&#8221; border_radius=&#8221;none&#8221; box_shadow=&#8221;none&#8221; image_loading=&#8221;default&#8221; max_width=&#8221;100%&#8221; max_width_mobile=&#8221;default&#8221;][divider line_type=&#8221;No Line&#8221;][divider line_type=&#8221;Full Width Line&#8221; line_thickness=&#8221;5&#8243; divider_color=&#8221;extra-color-1&#8243; animate=&#8221;yes&#8221;][\/vc_column][\/vc_row]\n","protected":false},"excerpt":{"rendered":"<p>[vc_row type=&#8221;in_container&#8221; full_screen_row_position=&#8221;middle&#8221; column_margin=&#8221;default&#8221; column_direction=&#8221;default&#8221; column_direction_tablet=&#8221;default&#8221; column_direction_phone=&#8221;default&#8221; scene_position=&#8221;center&#8221; top_padding=&#8221;53&#8243; text_color=&#8221;dark&#8221; text_align=&#8221;left&#8221; row_border_radius=&#8221;none&#8221; row_border_radius_applies=&#8221;bg&#8221; overflow=&#8221;visible&#8221; overlay_strength=&#8221;0.3&#8243; gradient_direction=&#8221;left_to_right&#8221; shape_divider_position=&#8221;bottom&#8221; bg_image_animation=&#8221;none&#8221; gradient_type=&#8221;default&#8221; shape_type=&#8221;&#8221;][vc_column column_padding=&#8221;no-extra-padding&#8221; column_padding_tablet=&#8221;inherit&#8221; column_padding_phone=&#8221;inherit&#8221; column_padding_position=&#8221;all&#8221; column_element_direction_desktop=&#8221;default&#8221; column_element_spacing=&#8221;default&#8221; desktop_text_alignment=&#8221;default&#8221; tablet_text_alignment=&#8221;default&#8221; phone_text_alignment=&#8221;default&#8221; sticky_content=&#8221;true&#8221;&#8230;<\/p>\n","protected":false},"author":1,"featured_media":0,"parent":0,"menu_order":0,"comment_status":"closed","ping_status":"closed","template":"","meta":{"_joinchat":[],"footnotes":""},"class_list":["post-4592","page","type-page","status-publish"],"yoast_head":"<!-- This site is optimized with the Yoast SEO plugin v27.4 - https:\/\/yoast.com\/product\/yoast-seo-wordpress\/ -->\n<title>\u25b7 Preus Englody | Programari de Gesti\u00f3 per a Acad\u00e8mies d&#039;Angl\u00e8s<\/title>\n<meta name=\"description\" content=\"Vols saber els preus del millor programari de gesti\u00f3 per a Acad\u00e8mies d&#039;Angl\u00e8s? Entra i mira tots els plans que tenim disponibles!\" \/>\n<meta name=\"robots\" content=\"index, follow, max-snippet:-1, max-image-preview:large, max-video-preview:-1\" \/>\n<link rel=\"canonical\" href=\"https:\/\/englody.com\/precios-programa-gestion-academia-de-ingles\/\" \/>\n<meta property=\"og:locale\" content=\"ca_ES\" \/>\n<meta property=\"og:type\" content=\"article\" \/>\n<meta property=\"og:title\" content=\"\u25b7 Preus Englody | Programari de Gesti\u00f3 per a Acad\u00e8mies d&#039;Angl\u00e8s\" \/>\n<meta property=\"og:description\" content=\"Vols saber els preus del millor programari de gesti\u00f3 per a Acad\u00e8mies d&#039;Angl\u00e8s? Entra i mira tots els plans que tenim disponibles!\" \/>\n<meta property=\"og:url\" content=\"https:\/\/englody.com\/precios-programa-gestion-academia-de-ingles\/\" \/>\n<meta property=\"og:site_name\" content=\"Englody | Software de gesti\u00f3n 360\u00ba para Academias de Ingl\u00e9s\" \/>\n<meta property=\"article:modified_time\" content=\"2025-04-03T14:47:23+00:00\" \/>\n<meta name=\"twitter:card\" content=\"summary_large_image\" \/>\n<meta name=\"twitter:label1\" content=\"Temps estimat de lectura\" \/>\n\t<meta name=\"twitter:data1\" content=\"3 minuts\" \/>\n<script type=\"application\/ld+json\" class=\"yoast-schema-graph\">{\"@context\":\"https:\\\/\\\/schema.org\",\"@graph\":[{\"@type\":\"WebPage\",\"@id\":\"https:\\\/\\\/englody.com\\\/precios-programa-gestion-academia-de-ingles\\\/\",\"url\":\"https:\\\/\\\/englody.com\\\/precios-programa-gestion-academia-de-ingles\\\/\",\"name\":\"\u25b7 Preus Englody | Programari de Gesti\u00f3 per a Acad\u00e8mies d'Angl\u00e8s\",\"isPartOf\":{\"@id\":\"https:\\\/\\\/englody.com\\\/#website\"},\"datePublished\":\"2023-11-22T16:02:36+00:00\",\"dateModified\":\"2025-04-03T14:47:23+00:00\",\"description\":\"Vols saber els preus del millor programari de gesti\u00f3 per a Acad\u00e8mies d'Angl\u00e8s? Entra i mira tots els plans que tenim disponibles!\",\"breadcrumb\":{\"@id\":\"https:\\\/\\\/englody.com\\\/precios-programa-gestion-academia-de-ingles\\\/#breadcrumb\"},\"inLanguage\":\"ca\",\"potentialAction\":[{\"@type\":\"ReadAction\",\"target\":[\"https:\\\/\\\/englody.com\\\/precios-programa-gestion-academia-de-ingles\\\/\"]}]},{\"@type\":\"BreadcrumbList\",\"@id\":\"https:\\\/\\\/englody.com\\\/precios-programa-gestion-academia-de-ingles\\\/#breadcrumb\",\"itemListElement\":[{\"@type\":\"ListItem\",\"position\":1,\"name\":\"Portada\",\"item\":\"https:\\\/\\\/englody.com\\\/ca\\\/\"},{\"@type\":\"ListItem\",\"position\":2,\"name\":\"Preus\"}]},{\"@type\":\"WebSite\",\"@id\":\"https:\\\/\\\/englody.com\\\/#website\",\"url\":\"https:\\\/\\\/englody.com\\\/\",\"name\":\"Englody | Software de gesti\u00f3n 360\u00ba para Academias de Ingl\u00e9s\",\"description\":\"\",\"potentialAction\":[{\"@type\":\"SearchAction\",\"target\":{\"@type\":\"EntryPoint\",\"urlTemplate\":\"https:\\\/\\\/englody.com\\\/?s={search_term_string}\"},\"query-input\":{\"@type\":\"PropertyValueSpecification\",\"valueRequired\":true,\"valueName\":\"search_term_string\"}}],\"inLanguage\":\"ca\"}]}<\/script>\n<!-- \/ Yoast SEO plugin. -->","yoast_head_json":{"title":"\u25b7 Preus Englody | Programari de Gesti\u00f3 per a Acad\u00e8mies d'Angl\u00e8s","description":"Vols saber els preus del millor programari de gesti\u00f3 per a Acad\u00e8mies d'Angl\u00e8s? Entra i mira tots els plans que tenim disponibles!","robots":{"index":"index","follow":"follow","max-snippet":"max-snippet:-1","max-image-preview":"max-image-preview:large","max-video-preview":"max-video-preview:-1"},"canonical":"https:\/\/englody.com\/precios-programa-gestion-academia-de-ingles\/","og_locale":"ca_ES","og_type":"article","og_title":"\u25b7 Preus Englody | Programari de Gesti\u00f3 per a Acad\u00e8mies d'Angl\u00e8s","og_description":"Vols saber els preus del millor programari de gesti\u00f3 per a Acad\u00e8mies d'Angl\u00e8s? Entra i mira tots els plans que tenim disponibles!","og_url":"https:\/\/englody.com\/precios-programa-gestion-academia-de-ingles\/","og_site_name":"Englody | Software de gesti\u00f3n 360\u00ba para Academias de Ingl\u00e9s","article_modified_time":"2025-04-03T14:47:23+00:00","twitter_card":"summary_large_image","twitter_misc":{"Temps estimat de lectura":"3 minuts"},"schema":{"@context":"https:\/\/schema.org","@graph":[{"@type":"WebPage","@id":"https:\/\/englody.com\/precios-programa-gestion-academia-de-ingles\/","url":"https:\/\/englody.com\/precios-programa-gestion-academia-de-ingles\/","name":"\u25b7 Preus Englody | Programari de Gesti\u00f3 per a Acad\u00e8mies d'Angl\u00e8s","isPartOf":{"@id":"https:\/\/englody.com\/#website"},"datePublished":"2023-11-22T16:02:36+00:00","dateModified":"2025-04-03T14:47:23+00:00","description":"Vols saber els preus del millor programari de gesti\u00f3 per a Acad\u00e8mies d'Angl\u00e8s? Entra i mira tots els plans que tenim disponibles!","breadcrumb":{"@id":"https:\/\/englody.com\/precios-programa-gestion-academia-de-ingles\/#breadcrumb"},"inLanguage":"ca","potentialAction":[{"@type":"ReadAction","target":["https:\/\/englody.com\/precios-programa-gestion-academia-de-ingles\/"]}]},{"@type":"BreadcrumbList","@id":"https:\/\/englody.com\/precios-programa-gestion-academia-de-ingles\/#breadcrumb","itemListElement":[{"@type":"ListItem","position":1,"name":"Portada","item":"https:\/\/englody.com\/ca\/"},{"@type":"ListItem","position":2,"name":"Preus"}]},{"@type":"WebSite","@id":"https:\/\/englody.com\/#website","url":"https:\/\/englody.com\/","name":"Englody | Software de gesti\u00f3n 360\u00ba para Academias de Ingl\u00e9s","description":"","potentialAction":[{"@type":"SearchAction","target":{"@type":"EntryPoint","urlTemplate":"https:\/\/englody.com\/?s={search_term_string}"},"query-input":{"@type":"PropertyValueSpecification","valueRequired":true,"valueName":"search_term_string"}}],"inLanguage":"ca"}]}},"_links":{"self":[{"href":"https:\/\/englody.com\/ca\/wp-json\/wp\/v2\/pages\/4592","targetHints":{"allow":["GET"]}}],"collection":[{"href":"https:\/\/englody.com\/ca\/wp-json\/wp\/v2\/pages"}],"about":[{"href":"https:\/\/englody.com\/ca\/wp-json\/wp\/v2\/types\/page"}],"author":[{"embeddable":true,"href":"https:\/\/englody.com\/ca\/wp-json\/wp\/v2\/users\/1"}],"replies":[{"embeddable":true,"href":"https:\/\/englody.com\/ca\/wp-json\/wp\/v2\/comments?post=4592"}],"version-history":[{"count":4,"href":"https:\/\/englody.com\/ca\/wp-json\/wp\/v2\/pages\/4592\/revisions"}],"predecessor-version":[{"id":8349,"href":"https:\/\/englody.com\/ca\/wp-json\/wp\/v2\/pages\/4592\/revisions\/8349"}],"wp:attachment":[{"href":"https:\/\/englody.com\/ca\/wp-json\/wp\/v2\/media?parent=4592"}],"curies":[{"name":"wp","href":"https:\/\/api.w.org\/{rel}","templated":true}]}}