{"id":7644,"date":"2023-11-27T16:12:33","date_gmt":"2023-11-27T16:12:33","guid":{"rendered":"https:\/\/englody.com\/politica-privacidad\/"},"modified":"2025-04-16T13:48:04","modified_gmt":"2025-04-16T11:48:04","slug":"politica-privacitat","status":"publish","type":"page","link":"https:\/\/englody.com\/ca\/politica-privacitat\/","title":{"rendered":"Pol\u00edtica de cookies"},"content":{"rendered":"\n<h3 class=\"wp-block-heading\">1. \u00bfQu\u00e9 son las cookies y para que sirven?<\/h3>\n\n<p>Una cookie es una peque\u00f1a cantidad de informaci\u00f3n que se almacena en un dispositivo (ya sea ordenador, tableta o Smartphone) con el fin de identificar al navegador mientras interacciona con nuestros sitios web.<\/p>\n\n<p>Gracias a la cookie, recordamos tus preferencias para que cuando nos visites de nuevo, obtengas una mejor experiencia online.<\/p>\n\n<p>T\u00fa decides si permites o no las cookies, pero si decides no permitirlas, debes bloquearlas en tu navegador.<\/p>\n\n<h3 class=\"wp-block-heading\">2. Tipos de cookies:<\/h3>\n\n<p>Esta web utiliza tanto \u2018cookies\u2019 temporales de sesi\u00f3n como \u2018cookies\u2019 permanentes. Las \u2018cookies\u2019 de sesi\u00f3n almacenan datos \u00fanicamente mientras el usuario accede a la web y las \u2018cookies\u2019 permanentes almacenan los datos en el terminal para que sean accedidos y utilizados en m\u00e1s de una sesi\u00f3n.<\/p>\n\n<p>Seg\u00fan la finalidad para la que se traten los datos obtenidos a trav\u00e9s de las \u2018cookies\u2019, la web puede utilizar:<\/p>\n\n<ul class=\"wp-block-list\">\n<li><strong>\u2018Cookies\u2019 t\u00e9cnicas:<\/strong>\u00a0Son aqu\u00e9llas que permiten al usuario la navegaci\u00f3n a trav\u00e9s de la p\u00e1gina web o aplicaci\u00f3n y la utilizaci\u00f3n de las diferentes opciones o servicios que en ella existen.<\/li>\n\n\n\n<li><strong>\u2018Cookies\u2019 de personalizaci\u00f3n:\u00a0<\/strong>Son aqu\u00e9llas que permiten al usuario acceder al servicio con algunas caracter\u00edsticas de car\u00e1cter general predefinidas en su terminal o que el propio usuario defina.<\/li>\n\n\n\n<li><strong>\u2018Cookies\u2019 publicitarias.:\u00a0<\/strong>Son aqu\u00e9llas que permiten la gesti\u00f3n eficaz de los espacios publicitarios que se han incluido en la p\u00e1gina web o aplicaci\u00f3n desde la que se presta el servicio. Permiten adecuar el contenido de la publicidad para que esta sea relevante para el usuario y para evitar mostrar anuncios que el usuario ya haya visto.<\/li>\n\n\n\n<li><strong>\u2018Cookies\u2019 de an\u00e1lisis estad\u00edstico<\/strong>: Son aqu\u00e9llas que permiten realizar el seguimiento y an\u00e1lisis del comportamiento de los usuarios en los sitios web. La informaci\u00f3n recogida mediante este tipo de \u2018cookies\u2019 se utiliza en la medici\u00f3n de la actividad de los sitios web, aplicaci\u00f3n o plataforma y para la elaboraci\u00f3n de perfiles de navegaci\u00f3n de los usuarios de dichos sitios, con el fin de introducir mejoras en el servicio en funci\u00f3n de los datos de uso que hacen los usuarios.<\/li>\n\n\n\n<li><strong>\u2018Cookies\u2019 de terceros:<\/strong>\u00a0En algunas p\u00e1ginas web se pueden instalar \u2018cookies\u2019 de terceros que permiten gestionar y mejorar los servicios ofrecidos.<\/li>\n<\/ul>\n\n<h3 class=\"wp-block-heading\">3. \u00bfC\u00f3mo puedo bloquear o permitir las cookies?<\/h3>\n\n<p>La mayor\u00eda de los navegadores est\u00e1n configurados de forma predeterminada para aceptar cookies, pero puedes cambiar la configuraci\u00f3n para bloquear algunas o todas las cookies, si lo prefieres. Puedes volver a activarlas en el momento que desees.<\/p>\n\n<h5 class=\"wp-block-heading\">Navegadores PC<\/h5>\n\n<p>Microsoft Internet Explorer (Windows XP\/Vista)<\/p>\n\n<ol class=\"wp-block-list\">\n<li>Seleccione Herramientas en el men\u00fa, y luego Opciones de Internet.<\/li>\n\n\n\n<li>Haga clic en la pesta\u00f1a de Privacidad.<\/li>\n\n\n\n<li>Elija los ajustes que desea.<\/li>\n\n\n\n<li>Haga clic en OK.<\/li>\n<\/ol>\n\n<p>Microsoft Internet Explorer (Windows 7)<\/p>\n\n<ol class=\"wp-block-list\">\n<li>Haga clic en el icono Configuraci\u00f3n (arriba a la derecha)<\/li>\n\n\n\n<li>Haga clic en Opciones de Internet.<\/li>\n\n\n\n<li>Haga clic en Privacidad y seleccione sus opciones.<\/li>\n\n\n\n<li>Haga clic en Aplicar y luego en OK.<\/li>\n<\/ol>\n\n<p>Mozilla Firefox<\/p>\n\n<ol class=\"wp-block-list\">\n<li>Seleccione Herramientas en el men\u00fa, y luego Opciones.<\/li>\n\n\n\n<li>Haga clic en la pesta\u00f1a de Privacidad.<\/li>\n\n\n\n<li>Elija los ajustes que desea.<\/li>\n\n\n\n<li>Haga clic en OK.<\/li>\n<\/ol>\n\n<p>Google Chrome<\/p>\n\n<ol class=\"wp-block-list\">\n<li>Haga clic en el men\u00fa de Chrome situado en la barra de herramientas del navegador.<\/li>\n\n\n\n<li>Selecciona Configuraci\u00f3n.<\/li>\n\n\n\n<li>Haga clic en Mostrar opciones avanzadas.<\/li>\n\n\n\n<li>En la secci\u00f3n Privacidad, haz clic en el bot\u00f3n Configuraci\u00f3n de contenido.<\/li>\n\n\n\n<li>Elija los ajustes que desea.<\/li>\n\n\n\n<li>Haga clic en X parar cerrar.<\/li>\n<\/ol>\n\n<p>Apple Safari<\/p>\n\n<ol class=\"wp-block-list\">\n<li>Seleccione Safari en el men\u00fa, a continuaci\u00f3n, Preferencias.<\/li>\n\n\n\n<li>Haga clic en el panel Privacidad.<\/li>\n\n\n\n<li>Elija los ajustes que desea.<\/li>\n\n\n\n<li>Haga clic en X parar cerrar.<\/li>\n<\/ol>\n\n<h5 class=\"wp-block-heading\">Smartphone<\/h5>\n\n<p>iOS<\/p>\n\n<ol class=\"wp-block-list\">\n<li>Desde la pantalla de inicio, seleccione Configuraci\u00f3n.<\/li>\n\n\n\n<li>Seleccione Safari.<\/li>\n\n\n\n<li>Haga clic en Aceptar Cookies.<\/li>\n\n\n\n<li>Elija la configuraci\u00f3n que prefiera.<\/li>\n<\/ol>\n\n<p>Android<\/p>\n\n<ol class=\"wp-block-list\">\n<li>Inicie la aplicaci\u00f3n de navegador.<\/li>\n\n\n\n<li>Haga clic en el bot\u00f3n Men\u00fa.<\/li>\n\n\n\n<li>Seleccione la opci\u00f3n M\u00e1s, a continuaci\u00f3n, en Configuraci\u00f3n.<\/li>\n\n\n\n<li>Marque o desmarque Aceptar cookies.<\/li>\n<\/ol>\n\n<p>Windows phone 7<\/p>\n\n<ol class=\"wp-block-list\">\n<li>Desde la pantalla de inicio, haga clic en la flecha derecha.<\/li>\n\n\n\n<li>Vaya a Configuraci\u00f3n<\/li>\n\n\n\n<li>Seleccione Internet Explorer.<\/li>\n\n\n\n<li>Marque o desmarque Aceptar cookies.<\/li>\n<\/ol>\n\n<hr class=\"wp-block-separator has-alpha-channel-opacity\"\/>\n\n<h2 class=\"wp-block-heading\">Informaci\u00f3n completa sobre Protecci\u00f3n de Datos<\/h2>\n\n<h3 class=\"wp-block-heading\">1. \u00bfQui\u00e9n es el responsable del tratamiento de sus datos?<\/h3>\n\n<p>ELEVADORA DE IDEAS, SL<br\/>B54568829<br\/>CALLE TORRES QUEVEDO, 92, BAJO-LOCAL \u2013 03204 \u2013 ELCHE \u2013 ALICANTE<br\/>722281280<br\/>jpenafiel@englishfactory.es<\/p>\n\n<h3 class=\"wp-block-heading\">2. \u00bfCon qu\u00e9 finalidad tratamos sus datos personales?<\/h3>\n\n<p>En ELEVADORA DE IDEAS, SL tratamos la informaci\u00f3n que nos facilitan las personas interesadas con el fin de realizar la gesti\u00f3n administrativa, contable y fiscal de los servicios solicitados, as\u00ed como enviar comunicaciones promocionales sobre nuestros productos y servicios. En el caso de que no facilite sus datos personales, no podremos cumplir con las finalidades descritas.<\/p>\n\n<p>No se van a tomar decisiones automatizadas en base a los datos proporcionados.<\/p>\n\n<h3 class=\"wp-block-heading\">3. \u00bfPor cu\u00e1nto tiempo conservaremos sus datos?<\/h3>\n\n<p>Los datos se conservar\u00e1n mientras el interesado no solicite su supresi\u00f3n, y en su caso, durante los a\u00f1os necesarios para cumplir con las obligaciones legales.<\/p>\n\n<h3 class=\"wp-block-heading\">4. \u00bfCu\u00e1l es la legitimaci\u00f3n para el tratamiento de sus datos?<\/h3>\n\n<p>Le indicamos la base legal para el tratamiento de sus datos:<\/p>\n\n<ul class=\"wp-block-list\">\n<li>Ejecuci\u00f3n de un contrato: Gesti\u00f3n fiscal, contable y administrativa de clientes. (RGPD art. 6.1.b).<\/li>\n\n\n\n<li>Inter\u00e9s leg\u00edtimo del Responsable: Env\u00edo de comunicaciones promocionales incluso por v\u00eda electr\u00f3nica. (RGPD Considerando 47, LSSICE art. 21.2).\n<ul class=\"wp-block-list\">\n<li><\/li>\n<\/ul>\n<\/li>\n<\/ul>\n\n<h3 class=\"wp-block-heading\">5. \u00bfA qu\u00e9 destinatarios se comunicar\u00e1n sus datos?<\/h3>\n\n<p>Los datos se comunicar\u00e1n a los siguientes destinatarios:<\/p>\n\n<ul class=\"wp-block-list\">\n<li>Administraci\u00f3n Tributaria, con la finalidad de cumplir con las obligaciones legales (requisito legal).<\/li>\n\n\n\n<li>Entidades financieras, con la finalidad de girar los recibos correspondientes (requisito contractual).<\/li>\n<\/ul>\n\n<h3 class=\"wp-block-heading\">6. Transferencias de datos a terceros pa\u00edses.<\/h3>\n\n<p>No est\u00e1n previstas transferencias de datos a terceros pa\u00edses.<\/p>\n\n<h3 class=\"wp-block-heading\">7. \u00bfCu\u00e1les son sus derechos cuando nos facilita sus datos?<\/h3>\n\n<p>Cualquier persona tiene derecho a obtener confirmaci\u00f3n sobre si en ELEVADORA DE IDEAS, SL estamos tratando, o no, datos personales que les conciernan.<\/p>\n\n<p>Las personas interesadas tienen derecho a acceder a sus datos personales, as\u00ed como a solicitar la rectificaci\u00f3n de los datos inexactos o, en su caso, solicitar su supresi\u00f3n cuando, entre otros motivos, los datos ya no sean necesarios para los fines que fueron recogidos. Igualmente tiene derecho a la portabilidad de sus datos.<\/p>\n\n<p>En determinadas circunstancias, los interesados podr\u00e1n solicitar la limitaci\u00f3n del tratamiento de sus datos, en cuyo caso \u00fanicamente los conservaremos para el ejercicio o la defensa de reclamaciones.<\/p>\n\n<p>En determinadas circunstancias y por motivos relacionados con su situaci\u00f3n particular, los interesados podr\u00e1n oponerse al tratamiento de sus datos. En este caso, ELEVADORA DE IDEAS, SL dejar\u00e1 de tratar los datos, salvo por motivos leg\u00edtimos imperiosos, o el ejercicio o la defensa de posibles reclamaciones.<\/p>\n\n<p>Podr\u00e1 ejercitar materialmente sus derechos de la siguiente forma: dirigi\u00e9ndose a la direcci\u00f3n del responsable del tratamiento<\/p>\n\n<p>Cuando se realice el env\u00edo de comunicaciones comerciales utilizando como base jur\u00eddica el inter\u00e9s leg\u00edtimo del responsable, el interesado podr\u00e1 oponerse al tratamiento de sus datos con ese fin.<\/p>\n\n<p>En caso de que sienta vulnerados sus derechos en lo concerniente a la protecci\u00f3n de sus datos personales, especialmente cuando no haya obtenido satisfacci\u00f3n en el ejercicio de sus derechos, puede presentar una reclamaci\u00f3n ante la Autoridad de Control en materia de Protecci\u00f3n de Datos competente a trav\u00e9s de su sitio web: www.aepd.es.<\/p>\n\n<h3 class=\"wp-block-heading\">8. \u00bfC\u00f3mo hemos obtenido sus datos?<\/h3>\n\n<p>Los datos personales que tratamos en ELEVADORA DE IDEAS, SL proceden de: El propio interesado.<\/p>\n","protected":false},"excerpt":{"rendered":"<p>1. \u00bfQu\u00e9 son las cookies y para que sirven? Una cookie es una peque\u00f1a cantidad de informaci\u00f3n que se almacena en un dispositivo (ya sea ordenador, tableta o Smartphone) con&#8230;<\/p>\n","protected":false},"author":1,"featured_media":0,"parent":0,"menu_order":0,"comment_status":"closed","ping_status":"closed","template":"","meta":{"_joinchat":[],"footnotes":""},"class_list":["post-7644","page","type-page","status-publish"],"yoast_head":"<!-- This site is optimized with the Yoast SEO plugin v25.4 - https:\/\/yoast.com\/wordpress\/plugins\/seo\/ -->\n<title>Pol\u00edtica de cookies - Englody | Software de gesti\u00f3n 360\u00ba para Academias de Ingl\u00e9s<\/title>\n<meta name=\"robots\" content=\"index, follow, max-snippet:-1, max-image-preview:large, max-video-preview:-1\" \/>\n<link rel=\"canonical\" href=\"https:\/\/englody.com\/politica-privacidad\/\" \/>\n<meta property=\"og:locale\" content=\"ca_ES\" \/>\n<meta property=\"og:type\" content=\"article\" \/>\n<meta property=\"og:title\" content=\"Pol\u00edtica de cookies - Englody | Software de gesti\u00f3n 360\u00ba para Academias de Ingl\u00e9s\" \/>\n<meta property=\"og:description\" content=\"1. \u00bfQu\u00e9 son las cookies y para que sirven? Una cookie es una peque\u00f1a cantidad de informaci\u00f3n que se almacena en un dispositivo (ya sea ordenador, tableta o Smartphone) con...\" \/>\n<meta property=\"og:url\" content=\"https:\/\/englody.com\/politica-privacidad\/\" \/>\n<meta property=\"og:site_name\" content=\"Englody | Software de gesti\u00f3n 360\u00ba para Academias de Ingl\u00e9s\" \/>\n<meta property=\"article:modified_time\" content=\"2025-04-16T11:48:04+00:00\" \/>\n<meta name=\"twitter:card\" content=\"summary_large_image\" \/>\n<meta name=\"twitter:label1\" content=\"Temps estimat de lectura\" \/>\n\t<meta name=\"twitter:data1\" content=\"6 minuts\" \/>\n<script type=\"application\/ld+json\" class=\"yoast-schema-graph\">{\"@context\":\"https:\/\/schema.org\",\"@graph\":[{\"@type\":\"WebPage\",\"@id\":\"https:\/\/englody.com\/politica-privacidad\/\",\"url\":\"https:\/\/englody.com\/politica-privacidad\/\",\"name\":\"Pol\u00edtica de cookies - Englody | Software de gesti\u00f3n 360\u00ba para Academias de Ingl\u00e9s\",\"isPartOf\":{\"@id\":\"https:\/\/englody.com\/#website\"},\"datePublished\":\"2023-11-27T16:12:33+00:00\",\"dateModified\":\"2025-04-16T11:48:04+00:00\",\"breadcrumb\":{\"@id\":\"https:\/\/englody.com\/politica-privacidad\/#breadcrumb\"},\"inLanguage\":\"ca\",\"potentialAction\":[{\"@type\":\"ReadAction\",\"target\":[\"https:\/\/englody.com\/politica-privacidad\/\"]}]},{\"@type\":\"BreadcrumbList\",\"@id\":\"https:\/\/englody.com\/politica-privacidad\/#breadcrumb\",\"itemListElement\":[{\"@type\":\"ListItem\",\"position\":1,\"name\":\"Portada\",\"item\":\"https:\/\/englody.com\/ca\/\"},{\"@type\":\"ListItem\",\"position\":2,\"name\":\"Pol\u00edtica de cookies\"}]},{\"@type\":\"WebSite\",\"@id\":\"https:\/\/englody.com\/#website\",\"url\":\"https:\/\/englody.com\/\",\"name\":\"Englody | Software de gesti\u00f3n 360\u00ba para Academias de Ingl\u00e9s\",\"description\":\"\",\"potentialAction\":[{\"@type\":\"SearchAction\",\"target\":{\"@type\":\"EntryPoint\",\"urlTemplate\":\"https:\/\/englody.com\/?s={search_term_string}\"},\"query-input\":{\"@type\":\"PropertyValueSpecification\",\"valueRequired\":true,\"valueName\":\"search_term_string\"}}],\"inLanguage\":\"ca\"}]}<\/script>\n<!-- \/ Yoast SEO plugin. -->","yoast_head_json":{"title":"Pol\u00edtica de cookies - Englody | Software de gesti\u00f3n 360\u00ba para Academias de Ingl\u00e9s","robots":{"index":"index","follow":"follow","max-snippet":"max-snippet:-1","max-image-preview":"max-image-preview:large","max-video-preview":"max-video-preview:-1"},"canonical":"https:\/\/englody.com\/politica-privacidad\/","og_locale":"ca_ES","og_type":"article","og_title":"Pol\u00edtica de cookies - Englody | Software de gesti\u00f3n 360\u00ba para Academias de Ingl\u00e9s","og_description":"1. \u00bfQu\u00e9 son las cookies y para que sirven? Una cookie es una peque\u00f1a cantidad de informaci\u00f3n que se almacena en un dispositivo (ya sea ordenador, tableta o Smartphone) con...","og_url":"https:\/\/englody.com\/politica-privacidad\/","og_site_name":"Englody | Software de gesti\u00f3n 360\u00ba para Academias de Ingl\u00e9s","article_modified_time":"2025-04-16T11:48:04+00:00","twitter_card":"summary_large_image","twitter_misc":{"Temps estimat de lectura":"6 minuts"},"schema":{"@context":"https:\/\/schema.org","@graph":[{"@type":"WebPage","@id":"https:\/\/englody.com\/politica-privacidad\/","url":"https:\/\/englody.com\/politica-privacidad\/","name":"Pol\u00edtica de cookies - Englody | Software de gesti\u00f3n 360\u00ba para Academias de Ingl\u00e9s","isPartOf":{"@id":"https:\/\/englody.com\/#website"},"datePublished":"2023-11-27T16:12:33+00:00","dateModified":"2025-04-16T11:48:04+00:00","breadcrumb":{"@id":"https:\/\/englody.com\/politica-privacidad\/#breadcrumb"},"inLanguage":"ca","potentialAction":[{"@type":"ReadAction","target":["https:\/\/englody.com\/politica-privacidad\/"]}]},{"@type":"BreadcrumbList","@id":"https:\/\/englody.com\/politica-privacidad\/#breadcrumb","itemListElement":[{"@type":"ListItem","position":1,"name":"Portada","item":"https:\/\/englody.com\/ca\/"},{"@type":"ListItem","position":2,"name":"Pol\u00edtica de cookies"}]},{"@type":"WebSite","@id":"https:\/\/englody.com\/#website","url":"https:\/\/englody.com\/","name":"Englody | Software de gesti\u00f3n 360\u00ba para Academias de Ingl\u00e9s","description":"","potentialAction":[{"@type":"SearchAction","target":{"@type":"EntryPoint","urlTemplate":"https:\/\/englody.com\/?s={search_term_string}"},"query-input":{"@type":"PropertyValueSpecification","valueRequired":true,"valueName":"search_term_string"}}],"inLanguage":"ca"}]}},"_links":{"self":[{"href":"https:\/\/englody.com\/ca\/wp-json\/wp\/v2\/pages\/7644","targetHints":{"allow":["GET"]}}],"collection":[{"href":"https:\/\/englody.com\/ca\/wp-json\/wp\/v2\/pages"}],"about":[{"href":"https:\/\/englody.com\/ca\/wp-json\/wp\/v2\/types\/page"}],"author":[{"embeddable":true,"href":"https:\/\/englody.com\/ca\/wp-json\/wp\/v2\/users\/1"}],"replies":[{"embeddable":true,"href":"https:\/\/englody.com\/ca\/wp-json\/wp\/v2\/comments?post=7644"}],"version-history":[{"count":3,"href":"https:\/\/englody.com\/ca\/wp-json\/wp\/v2\/pages\/7644\/revisions"}],"predecessor-version":[{"id":8207,"href":"https:\/\/englody.com\/ca\/wp-json\/wp\/v2\/pages\/7644\/revisions\/8207"}],"wp:attachment":[{"href":"https:\/\/englody.com\/ca\/wp-json\/wp\/v2\/media?parent=7644"}],"curies":[{"name":"wp","href":"https:\/\/api.w.org\/{rel}","templated":true}]}}