{"id":7648,"date":"2023-12-18T10:11:02","date_gmt":"2023-12-18T10:11:02","guid":{"rendered":"https:\/\/englody.com\/reembolso_devoluciones\/"},"modified":"2025-04-16T14:02:51","modified_gmt":"2025-04-16T12:02:51","slug":"reemborso_devolucions","status":"publish","type":"page","link":"https:\/\/englody.com\/ca\/reemborso_devolucions\/","title":{"rendered":"Pol\u00edtica de devolucions i reemborsaments"},"content":{"rendered":"\n<p><strong>Realizaci\u00f3n y aceptaci\u00f3n de su pedido:<\/strong><\/p>\n\n<p>Cada pedido est\u00e1 considerado como una oferta de compra realizada para solicitar nuestros productos, despu\u00e9s de realizar su pedido, recibir\u00e1s un correo electr\u00f3nico de confirmaci\u00f3n con un numero de pedido y con todos los detalles de productos adem\u00e1s del coste de envi\u00f3 en caso de env\u00edos fuera de la Pen\u00ednsula y env\u00edos internacionales.<\/p>\n\n<p><strong>Pago:<\/strong><\/p>\n\n<p>Puede pagar con las principales tarjetas de cr\u00e9dito y d\u00e9bito, VISA , MASTERCARD y BIZUM. Para profesionales, contratistas y empresas, aceptamos transferencias bancarias.<\/p>\n\n<p><strong>Precio:<\/strong><\/p>\n\n<p>Los precios de los productos incluyen la IVA. \u00c9l envi\u00f3 esta gratuito e incluido en el precio para los pedidos dentro de Espa\u00f1a Peninsular.<\/p>\n\n<p><strong>Devoluciones y anulaciones:<\/strong><\/p>\n\n<p>Puede devolver productos nuevos y sin usar y completos dentro de los 14 d\u00edas calendarios posteriores a la fecha de entrega de sus productos inform\u00e1ndonos por correo electr\u00f3nico a\u00a0<a href=\"mailto:info@englody.com\">info@englody.com<\/a>.<\/p>\n\n<p>Usted es responsable y cubrir\u00e1 el coste de devoluci\u00f3n del producto (s) a menos que el producto sea defectuoso o no se corresponda con la descripci\u00f3n.<\/p>\n\n<p>El reembolso se har\u00e1 por el mismo m\u00e9todo que su pago original para los productos que se devuelvan en buenas condiciones, sin usar y, si es posible, en su empaque de origen.<\/p>\n\n<p>No aceptamos devoluciones de productos personalizados.<\/p>\n","protected":false},"excerpt":{"rendered":"<p>Realizaci\u00f3n y aceptaci\u00f3n de su pedido: Cada pedido est\u00e1 considerado como una oferta de compra realizada para solicitar nuestros productos, despu\u00e9s de realizar su pedido, recibir\u00e1s un correo electr\u00f3nico de&#8230;<\/p>\n","protected":false},"author":1,"featured_media":0,"parent":0,"menu_order":0,"comment_status":"closed","ping_status":"closed","template":"","meta":{"_joinchat":[],"footnotes":""},"class_list":["post-7648","page","type-page","status-publish"],"yoast_head":"<!-- This site is optimized with the Yoast SEO plugin v27.4 - https:\/\/yoast.com\/product\/yoast-seo-wordpress\/ -->\n<title>Pol\u00edtica de devolucions i reemborsaments - Englody | Software de gesti\u00f3n 360\u00ba para Academias de Ingl\u00e9s<\/title>\n<meta name=\"robots\" content=\"noindex, follow\" \/>\n<meta property=\"og:locale\" content=\"ca_ES\" \/>\n<meta property=\"og:type\" content=\"article\" \/>\n<meta property=\"og:title\" content=\"Pol\u00edtica de devolucions i reemborsaments - Englody | Software de gesti\u00f3n 360\u00ba para Academias de Ingl\u00e9s\" \/>\n<meta property=\"og:description\" content=\"Realizaci\u00f3n y aceptaci\u00f3n de su pedido: Cada pedido est\u00e1 considerado como una oferta de compra realizada para solicitar nuestros productos, despu\u00e9s de realizar su pedido, recibir\u00e1s un correo electr\u00f3nico de...\" \/>\n<meta property=\"og:url\" content=\"https:\/\/englody.com\/reembolso_devoluciones\/\" \/>\n<meta property=\"og:site_name\" content=\"Englody | Software de gesti\u00f3n 360\u00ba para Academias de Ingl\u00e9s\" \/>\n<meta property=\"article:modified_time\" content=\"2025-04-16T12:02:51+00:00\" \/>\n<meta name=\"twitter:card\" content=\"summary_large_image\" \/>\n<meta name=\"twitter:label1\" content=\"Temps estimat de lectura\" \/>\n\t<meta name=\"twitter:data1\" content=\"1 minut\" \/>\n<script type=\"application\/ld+json\" class=\"yoast-schema-graph\">{\"@context\":\"https:\\\/\\\/schema.org\",\"@graph\":[{\"@type\":\"WebPage\",\"@id\":\"https:\\\/\\\/englody.com\\\/reembolso_devoluciones\\\/\",\"url\":\"https:\\\/\\\/englody.com\\\/reembolso_devoluciones\\\/\",\"name\":\"Pol\u00edtica de devolucions i reemborsaments - Englody | Software de gesti\u00f3n 360\u00ba para Academias de Ingl\u00e9s\",\"isPartOf\":{\"@id\":\"https:\\\/\\\/englody.com\\\/#website\"},\"datePublished\":\"2023-12-18T10:11:02+00:00\",\"dateModified\":\"2025-04-16T12:02:51+00:00\",\"breadcrumb\":{\"@id\":\"https:\\\/\\\/englody.com\\\/reembolso_devoluciones\\\/#breadcrumb\"},\"inLanguage\":\"ca\",\"potentialAction\":[{\"@type\":\"ReadAction\",\"target\":[\"https:\\\/\\\/englody.com\\\/reembolso_devoluciones\\\/\"]}]},{\"@type\":\"BreadcrumbList\",\"@id\":\"https:\\\/\\\/englody.com\\\/reembolso_devoluciones\\\/#breadcrumb\",\"itemListElement\":[{\"@type\":\"ListItem\",\"position\":1,\"name\":\"Portada\",\"item\":\"https:\\\/\\\/englody.com\\\/ca\\\/\"},{\"@type\":\"ListItem\",\"position\":2,\"name\":\"Pol\u00edtica de devolucions i reemborsaments\"}]},{\"@type\":\"WebSite\",\"@id\":\"https:\\\/\\\/englody.com\\\/#website\",\"url\":\"https:\\\/\\\/englody.com\\\/\",\"name\":\"Englody | Software de gesti\u00f3n 360\u00ba para Academias de Ingl\u00e9s\",\"description\":\"\",\"potentialAction\":[{\"@type\":\"SearchAction\",\"target\":{\"@type\":\"EntryPoint\",\"urlTemplate\":\"https:\\\/\\\/englody.com\\\/?s={search_term_string}\"},\"query-input\":{\"@type\":\"PropertyValueSpecification\",\"valueRequired\":true,\"valueName\":\"search_term_string\"}}],\"inLanguage\":\"ca\"}]}<\/script>\n<!-- \/ Yoast SEO plugin. -->","yoast_head_json":{"title":"Pol\u00edtica de devolucions i reemborsaments - Englody | Software de gesti\u00f3n 360\u00ba para Academias de Ingl\u00e9s","robots":{"index":"noindex","follow":"follow"},"og_locale":"ca_ES","og_type":"article","og_title":"Pol\u00edtica de devolucions i reemborsaments - Englody | Software de gesti\u00f3n 360\u00ba para Academias de Ingl\u00e9s","og_description":"Realizaci\u00f3n y aceptaci\u00f3n de su pedido: Cada pedido est\u00e1 considerado como una oferta de compra realizada para solicitar nuestros productos, despu\u00e9s de realizar su pedido, recibir\u00e1s un correo electr\u00f3nico de...","og_url":"https:\/\/englody.com\/reembolso_devoluciones\/","og_site_name":"Englody | Software de gesti\u00f3n 360\u00ba para Academias de Ingl\u00e9s","article_modified_time":"2025-04-16T12:02:51+00:00","twitter_card":"summary_large_image","twitter_misc":{"Temps estimat de lectura":"1 minut"},"schema":{"@context":"https:\/\/schema.org","@graph":[{"@type":"WebPage","@id":"https:\/\/englody.com\/reembolso_devoluciones\/","url":"https:\/\/englody.com\/reembolso_devoluciones\/","name":"Pol\u00edtica de devolucions i reemborsaments - Englody | Software de gesti\u00f3n 360\u00ba para Academias de Ingl\u00e9s","isPartOf":{"@id":"https:\/\/englody.com\/#website"},"datePublished":"2023-12-18T10:11:02+00:00","dateModified":"2025-04-16T12:02:51+00:00","breadcrumb":{"@id":"https:\/\/englody.com\/reembolso_devoluciones\/#breadcrumb"},"inLanguage":"ca","potentialAction":[{"@type":"ReadAction","target":["https:\/\/englody.com\/reembolso_devoluciones\/"]}]},{"@type":"BreadcrumbList","@id":"https:\/\/englody.com\/reembolso_devoluciones\/#breadcrumb","itemListElement":[{"@type":"ListItem","position":1,"name":"Portada","item":"https:\/\/englody.com\/ca\/"},{"@type":"ListItem","position":2,"name":"Pol\u00edtica de devolucions i reemborsaments"}]},{"@type":"WebSite","@id":"https:\/\/englody.com\/#website","url":"https:\/\/englody.com\/","name":"Englody | Software de gesti\u00f3n 360\u00ba para Academias de Ingl\u00e9s","description":"","potentialAction":[{"@type":"SearchAction","target":{"@type":"EntryPoint","urlTemplate":"https:\/\/englody.com\/?s={search_term_string}"},"query-input":{"@type":"PropertyValueSpecification","valueRequired":true,"valueName":"search_term_string"}}],"inLanguage":"ca"}]}},"_links":{"self":[{"href":"https:\/\/englody.com\/ca\/wp-json\/wp\/v2\/pages\/7648","targetHints":{"allow":["GET"]}}],"collection":[{"href":"https:\/\/englody.com\/ca\/wp-json\/wp\/v2\/pages"}],"about":[{"href":"https:\/\/englody.com\/ca\/wp-json\/wp\/v2\/types\/page"}],"author":[{"embeddable":true,"href":"https:\/\/englody.com\/ca\/wp-json\/wp\/v2\/users\/1"}],"replies":[{"embeddable":true,"href":"https:\/\/englody.com\/ca\/wp-json\/wp\/v2\/comments?post=7648"}],"version-history":[{"count":3,"href":"https:\/\/englody.com\/ca\/wp-json\/wp\/v2\/pages\/7648\/revisions"}],"predecessor-version":[{"id":8219,"href":"https:\/\/englody.com\/ca\/wp-json\/wp\/v2\/pages\/7648\/revisions\/8219"}],"wp:attachment":[{"href":"https:\/\/englody.com\/ca\/wp-json\/wp\/v2\/media?parent=7648"}],"curies":[{"name":"wp","href":"https:\/\/api.w.org\/{rel}","templated":true}]}}