{"id":7805,"date":"2024-12-13T12:11:50","date_gmt":"2024-12-13T11:11:50","guid":{"rendered":"https:\/\/englody.com\/producto\/pissarra-digital-interactiva-de-75\/"},"modified":"2024-12-13T12:11:50","modified_gmt":"2024-12-13T11:11:50","slug":"pissarra-digital-interactiva-de-75","status":"publish","type":"product","link":"https:\/\/englody.com\/ca\/producto\/pissarra-digital-interactiva-de-75\/","title":{"rendered":"Pissarra Digital Interactiva de 75&#8243;"},"content":{"rendered":"","protected":false},"excerpt":{"rendered":"<p>No ser\u00e0s de les quals encara tenen a les aules de l&#8217;acad\u00e8mia pissarres blanques tipus \u201cvileda\u201d o d&#8217;aquestes pissarres antigues interactives amb el projector en el sostre, veritat?<\/p>\n<p>El m\u00f3n tecnol\u00f2gic avan\u00e7a a un ritme vertigin\u00f3s i la manera d&#8217;ensenyar no pot quedar-se enrere. Des de Englody oferim la possibilitat de fer un salt al teu \u201cteaching\u201d i canviar la forma en la qual els alumnes perceben la informaci\u00f3 i interactuen amb ella.<\/p>\n<p>Amb les nostres pantalles digitals interactives d&#8217;alta qualitat, el professorat podr\u00e0 exposar i mostrar de forma molt atractiva els continguts did\u00e0ctics tant propis com d&#8217;editorials, els quals, si aix\u00ed estan configurats, l&#8217;alumnat podr\u00e0 interactuar amb ells, millorant aix\u00ed l&#8217;experi\u00e8ncia d&#8217;usuari.<\/p>\n<p>A m\u00e9s, el sistema d&#8217;altaveus integrat fa que amb una \u00fanica instal\u00b7laci\u00f3, tinguis tots els recursos digitals necessaris perqu\u00e8 les teves classes siguin tot un \u00e8xit.<\/p>\n<p>Aquesta pantalla requerir\u00e0 l&#8217;\u00fas d&#8217;un ordinador no incl\u00f2s, ja que la pantalla digital que nosaltres proposem no compta amb processador intern, per a evitar aix\u00ed la r\u00e0pida obsolesc\u00e8ncia i les possibles costoses reparacions d&#8217;aquesta mena d&#8217;equips i sistemes.<\/p>\n[video width=\"1440\" height=\"1440\" mp4=\"https:\/\/englody.com\/wp-content\/uploads\/2024\/12\/DAVID-PIZARRA-TACTIL.mp4\"][\/video]\n<h4><strong>Caracter\u00edstiques principals:<\/strong><\/h4>\n<ul>\n<li><strong>Pantalla:<\/strong> Resoluci\u00f3 4K UHD (3840x2160p) amb una lluentor de 350 cd\/m\u00b2, ideal per a una visualitzaci\u00f3 n\u00edtida i clara.<\/li>\n<li><strong>Tecnologia t\u00e0ctil:<\/strong> Infrarojos amb suport per a fins a 20 punts t\u00e0ctils simultanis, perfecta per a col\u00b7laboracions en grup i experi\u00e8ncies interactives.<\/li>\n<li><strong>Connectivitat:<\/strong> Entrada HDMI i port USB per a la funcionalitat t\u00e0ctil.<\/li>\n<li><strong>Muntatge:<\/strong> Dissenyada per a instal\u00b7lar-se en paret, optimitzant l&#8217;espai.<\/li>\n<li><strong>Sistema:<\/strong> No inclou sistema operatiu, funciona com a monitor independent.<\/li>\n<\/ul>\n<p>Ideal per a entorns educatius, oficines i sales de reunions que requereixin una soluci\u00f3 interactiva sense sistema integrat.<\/p>\n<h4><strong>ATENCI\u00d3: Enviament NO INCL\u00d2S<\/strong><\/h4>\n<p>(ja que per les caracter\u00edstiques del producte el cost de l&#8217;enviament dependr\u00e0 del nombre d&#8217;unitats demanades i es calcular\u00e0 de manera individual abans de formalitzar-lo).<\/p>\n<p>&nbsp;<\/p>\n","protected":false},"featured_media":7221,"template":"","meta":{"_joinchat":[]},"product_brand":[],"product_cat":[120,118],"product_tag":[],"giftcard-category":[],"class_list":{"0":"post-7805","1":"product","2":"type-product","3":"status-publish","4":"has-post-thumbnail","6":"product_cat-hardware-ca","7":"product_cat-tots","9":"first","10":"outofstock","11":"taxable","12":"shipping-taxable","13":"purchasable","14":"product-type-simple"},"yoast_head":"<!-- This site is optimized with the Yoast SEO plugin v25.4 - https:\/\/yoast.com\/wordpress\/plugins\/seo\/ -->\n<title>Pissarra Digital Interactiva de 75&quot; - Englody | Software de gesti\u00f3n 360\u00ba para Academias de Ingl\u00e9s<\/title>\n<meta name=\"robots\" content=\"index, follow, max-snippet:-1, max-image-preview:large, max-video-preview:-1\" \/>\n<link rel=\"canonical\" href=\"https:\/\/englody.com\/producto\/pizarra-tactil\/\" \/>\n<meta property=\"og:locale\" content=\"ca_ES\" \/>\n<meta property=\"og:type\" content=\"article\" \/>\n<meta property=\"og:title\" content=\"Pissarra Digital Interactiva de 75&quot; - Englody | Software de gesti\u00f3n 360\u00ba para Academias de Ingl\u00e9s\" \/>\n<meta property=\"og:description\" content=\"No ser\u00e0s de les quals encara tenen a les aules de l&#039;acad\u00e8mia pissarres blanques tipus \u201cvileda\u201d o d&#039;aquestes pissarres antigues interactives amb el projector en el sostre, veritat?  El m\u00f3n tecnol\u00f2gic avan\u00e7a a un ritme vertigin\u00f3s i la manera d&#039;ensenyar no pot quedar-se enrere. Des de Englody oferim la possibilitat de fer un salt al teu \u201cteaching\u201d i canviar la forma en la qual els alumnes perceben la informaci\u00f3 i interactuen amb ella.  Amb les nostres pantalles digitals interactives d&#039;alta qualitat, el professorat podr\u00e0 exposar i mostrar de forma molt atractiva els continguts did\u00e0ctics tant propis com d&#039;editorials, els quals, si aix\u00ed estan configurats, l&#039;alumnat podr\u00e0 interactuar amb ells, millorant aix\u00ed l&#039;experi\u00e8ncia d&#039;usuari.  A m\u00e9s, el sistema d&#039;altaveus integrat fa que amb una \u00fanica instal\u00b7laci\u00f3, tinguis tots els recursos digitals necessaris perqu\u00e8 les teves classes siguin tot un \u00e8xit.  Aquesta pantalla requerir\u00e0 l&#039;\u00fas d&#039;un ordinador no incl\u00f2s, ja que la pantalla digital que nosaltres proposem no compta amb processador intern, per a evitar aix\u00ed la r\u00e0pida obsolesc\u00e8ncia i les possibles costoses reparacions d&#039;aquesta mena d&#039;equips i sistemes.   Caracter\u00edstiques principals:   Pantalla: Resoluci\u00f3 4K UHD (3840x2160p) amb una lluentor de 350 cd\/m\u00b2, ideal per a una visualitzaci\u00f3 n\u00edtida i clara.  Tecnologia t\u00e0ctil: Infrarojos amb suport per a fins a 20 punts t\u00e0ctils simultanis, perfecta per a col\u00b7laboracions en grup i experi\u00e8ncies interactives.  Connectivitat: Entrada HDMI i port USB per a la funcionalitat t\u00e0ctil.  Muntatge: Dissenyada per a instal\u00b7lar-se en paret, optimitzant l&#039;espai.  Sistema: No inclou sistema operatiu, funciona com a monitor independent.  Ideal per a entorns educatius, oficines i sales de reunions que requereixin una soluci\u00f3 interactiva sense sistema integrat. ATENCI\u00d3: Enviament NO INCL\u00d2S (ja que per les caracter\u00edstiques del producte el cost de l&#039;enviament dependr\u00e0 del nombre d&#039;unitats demanades i es calcular\u00e0 de manera individual abans de formalitzar-lo).  &nbsp;\" \/>\n<meta property=\"og:url\" content=\"https:\/\/englody.com\/producto\/pizarra-tactil\/\" \/>\n<meta property=\"og:site_name\" content=\"Englody | Software de gesti\u00f3n 360\u00ba para Academias de Ingl\u00e9s\" \/>\n<meta property=\"og:image\" content=\"https:\/\/englody.com\/wp-content\/uploads\/2024\/12\/englody-hardware-pizarra-03.jpg\" \/>\n\t<meta property=\"og:image:width\" content=\"1080\" \/>\n\t<meta property=\"og:image:height\" content=\"1080\" \/>\n\t<meta property=\"og:image:type\" content=\"image\/jpeg\" \/>\n<meta name=\"twitter:card\" content=\"summary_large_image\" \/>\n<script type=\"application\/ld+json\" class=\"yoast-schema-graph\">{\"@context\":\"https:\/\/schema.org\",\"@graph\":[{\"@type\":\"WebPage\",\"@id\":\"https:\/\/englody.com\/producto\/pizarra-tactil\/\",\"url\":\"https:\/\/englody.com\/producto\/pizarra-tactil\/\",\"name\":\"Pissarra Digital Interactiva de 75\\\" - Englody | Software de gesti\u00f3n 360\u00ba para Academias de Ingl\u00e9s\",\"isPartOf\":{\"@id\":\"https:\/\/englody.com\/#website\"},\"primaryImageOfPage\":{\"@id\":\"https:\/\/englody.com\/producto\/pizarra-tactil\/#primaryimage\"},\"image\":{\"@id\":\"https:\/\/englody.com\/producto\/pizarra-tactil\/#primaryimage\"},\"thumbnailUrl\":\"https:\/\/englody.com\/wp-content\/uploads\/2024\/12\/englody-hardware-pizarra-03.jpg\",\"datePublished\":\"2024-12-13T11:11:50+00:00\",\"breadcrumb\":{\"@id\":\"https:\/\/englody.com\/producto\/pizarra-tactil\/#breadcrumb\"},\"inLanguage\":\"ca\",\"potentialAction\":[{\"@type\":\"ReadAction\",\"target\":[\"https:\/\/englody.com\/producto\/pizarra-tactil\/\"]}]},{\"@type\":\"ImageObject\",\"inLanguage\":\"ca\",\"@id\":\"https:\/\/englody.com\/producto\/pizarra-tactil\/#primaryimage\",\"url\":\"https:\/\/englody.com\/wp-content\/uploads\/2024\/12\/englody-hardware-pizarra-03.jpg\",\"contentUrl\":\"https:\/\/englody.com\/wp-content\/uploads\/2024\/12\/englody-hardware-pizarra-03.jpg\",\"width\":1080,\"height\":1080},{\"@type\":\"BreadcrumbList\",\"@id\":\"https:\/\/englody.com\/producto\/pizarra-tactil\/#breadcrumb\",\"itemListElement\":[{\"@type\":\"ListItem\",\"position\":1,\"name\":\"Portada\",\"item\":\"https:\/\/englody.com\/ca\/\"},{\"@type\":\"ListItem\",\"position\":2,\"name\":\"Englody Shop\",\"item\":\"https:\/\/englody.com\/tienda\/\"},{\"@type\":\"ListItem\",\"position\":3,\"name\":\"Pissarra Digital Interactiva de 75&#8243;\"}]},{\"@type\":\"WebSite\",\"@id\":\"https:\/\/englody.com\/#website\",\"url\":\"https:\/\/englody.com\/\",\"name\":\"Englody | Software de gesti\u00f3n 360\u00ba para Academias de Ingl\u00e9s\",\"description\":\"\",\"potentialAction\":[{\"@type\":\"SearchAction\",\"target\":{\"@type\":\"EntryPoint\",\"urlTemplate\":\"https:\/\/englody.com\/?s={search_term_string}\"},\"query-input\":{\"@type\":\"PropertyValueSpecification\",\"valueRequired\":true,\"valueName\":\"search_term_string\"}}],\"inLanguage\":\"ca\"}]}<\/script>\n<!-- \/ Yoast SEO plugin. -->","yoast_head_json":{"title":"Pissarra Digital Interactiva de 75\" - Englody | Software de gesti\u00f3n 360\u00ba para Academias de Ingl\u00e9s","robots":{"index":"index","follow":"follow","max-snippet":"max-snippet:-1","max-image-preview":"max-image-preview:large","max-video-preview":"max-video-preview:-1"},"canonical":"https:\/\/englody.com\/producto\/pizarra-tactil\/","og_locale":"ca_ES","og_type":"article","og_title":"Pissarra Digital Interactiva de 75\" - Englody | Software de gesti\u00f3n 360\u00ba para Academias de Ingl\u00e9s","og_description":"No ser\u00e0s de les quals encara tenen a les aules de l'acad\u00e8mia pissarres blanques tipus \u201cvileda\u201d o d'aquestes pissarres antigues interactives amb el projector en el sostre, veritat?  El m\u00f3n tecnol\u00f2gic avan\u00e7a a un ritme vertigin\u00f3s i la manera d'ensenyar no pot quedar-se enrere. Des de Englody oferim la possibilitat de fer un salt al teu \u201cteaching\u201d i canviar la forma en la qual els alumnes perceben la informaci\u00f3 i interactuen amb ella.  Amb les nostres pantalles digitals interactives d'alta qualitat, el professorat podr\u00e0 exposar i mostrar de forma molt atractiva els continguts did\u00e0ctics tant propis com d'editorials, els quals, si aix\u00ed estan configurats, l'alumnat podr\u00e0 interactuar amb ells, millorant aix\u00ed l'experi\u00e8ncia d'usuari.  A m\u00e9s, el sistema d'altaveus integrat fa que amb una \u00fanica instal\u00b7laci\u00f3, tinguis tots els recursos digitals necessaris perqu\u00e8 les teves classes siguin tot un \u00e8xit.  Aquesta pantalla requerir\u00e0 l'\u00fas d'un ordinador no incl\u00f2s, ja que la pantalla digital que nosaltres proposem no compta amb processador intern, per a evitar aix\u00ed la r\u00e0pida obsolesc\u00e8ncia i les possibles costoses reparacions d'aquesta mena d'equips i sistemes.   Caracter\u00edstiques principals:   Pantalla: Resoluci\u00f3 4K UHD (3840x2160p) amb una lluentor de 350 cd\/m\u00b2, ideal per a una visualitzaci\u00f3 n\u00edtida i clara.  Tecnologia t\u00e0ctil: Infrarojos amb suport per a fins a 20 punts t\u00e0ctils simultanis, perfecta per a col\u00b7laboracions en grup i experi\u00e8ncies interactives.  Connectivitat: Entrada HDMI i port USB per a la funcionalitat t\u00e0ctil.  Muntatge: Dissenyada per a instal\u00b7lar-se en paret, optimitzant l'espai.  Sistema: No inclou sistema operatiu, funciona com a monitor independent.  Ideal per a entorns educatius, oficines i sales de reunions que requereixin una soluci\u00f3 interactiva sense sistema integrat. ATENCI\u00d3: Enviament NO INCL\u00d2S (ja que per les caracter\u00edstiques del producte el cost de l'enviament dependr\u00e0 del nombre d'unitats demanades i es calcular\u00e0 de manera individual abans de formalitzar-lo).  &nbsp;","og_url":"https:\/\/englody.com\/producto\/pizarra-tactil\/","og_site_name":"Englody | Software de gesti\u00f3n 360\u00ba para Academias de Ingl\u00e9s","og_image":[{"width":1080,"height":1080,"url":"https:\/\/englody.com\/wp-content\/uploads\/2024\/12\/englody-hardware-pizarra-03.jpg","type":"image\/jpeg"}],"twitter_card":"summary_large_image","schema":{"@context":"https:\/\/schema.org","@graph":[{"@type":"WebPage","@id":"https:\/\/englody.com\/producto\/pizarra-tactil\/","url":"https:\/\/englody.com\/producto\/pizarra-tactil\/","name":"Pissarra Digital Interactiva de 75\" - Englody | Software de gesti\u00f3n 360\u00ba para Academias de Ingl\u00e9s","isPartOf":{"@id":"https:\/\/englody.com\/#website"},"primaryImageOfPage":{"@id":"https:\/\/englody.com\/producto\/pizarra-tactil\/#primaryimage"},"image":{"@id":"https:\/\/englody.com\/producto\/pizarra-tactil\/#primaryimage"},"thumbnailUrl":"https:\/\/englody.com\/wp-content\/uploads\/2024\/12\/englody-hardware-pizarra-03.jpg","datePublished":"2024-12-13T11:11:50+00:00","breadcrumb":{"@id":"https:\/\/englody.com\/producto\/pizarra-tactil\/#breadcrumb"},"inLanguage":"ca","potentialAction":[{"@type":"ReadAction","target":["https:\/\/englody.com\/producto\/pizarra-tactil\/"]}]},{"@type":"ImageObject","inLanguage":"ca","@id":"https:\/\/englody.com\/producto\/pizarra-tactil\/#primaryimage","url":"https:\/\/englody.com\/wp-content\/uploads\/2024\/12\/englody-hardware-pizarra-03.jpg","contentUrl":"https:\/\/englody.com\/wp-content\/uploads\/2024\/12\/englody-hardware-pizarra-03.jpg","width":1080,"height":1080},{"@type":"BreadcrumbList","@id":"https:\/\/englody.com\/producto\/pizarra-tactil\/#breadcrumb","itemListElement":[{"@type":"ListItem","position":1,"name":"Portada","item":"https:\/\/englody.com\/ca\/"},{"@type":"ListItem","position":2,"name":"Englody Shop","item":"https:\/\/englody.com\/tienda\/"},{"@type":"ListItem","position":3,"name":"Pissarra Digital Interactiva de 75&#8243;"}]},{"@type":"WebSite","@id":"https:\/\/englody.com\/#website","url":"https:\/\/englody.com\/","name":"Englody | Software de gesti\u00f3n 360\u00ba para Academias de Ingl\u00e9s","description":"","potentialAction":[{"@type":"SearchAction","target":{"@type":"EntryPoint","urlTemplate":"https:\/\/englody.com\/?s={search_term_string}"},"query-input":{"@type":"PropertyValueSpecification","valueRequired":true,"valueName":"search_term_string"}}],"inLanguage":"ca"}]}},"tiered_pricing_type":"fixed","tiered_pricing_fixed_rules":[],"tiered_pricing_product_settings":{"layout":"default","base_unit_name":{"singular":null,"plural":null},"default_variation":null},"tiered_pricing_minimum_quantity":null,"tiered_pricing_roles_data":[],"tiered_pricing_percentage_rules":[],"tiered_pricing_maximum_quantity":null,"tiered_pricing_quantity_step":null,"_links":{"self":[{"href":"https:\/\/englody.com\/ca\/wp-json\/wp\/v2\/product\/7805","targetHints":{"allow":["GET"]}}],"collection":[{"href":"https:\/\/englody.com\/ca\/wp-json\/wp\/v2\/product"}],"about":[{"href":"https:\/\/englody.com\/ca\/wp-json\/wp\/v2\/types\/product"}],"wp:featuredmedia":[{"embeddable":true,"href":"https:\/\/englody.com\/ca\/wp-json\/wp\/v2\/media\/7221"}],"wp:attachment":[{"href":"https:\/\/englody.com\/ca\/wp-json\/wp\/v2\/media?parent=7805"}],"wp:term":[{"taxonomy":"product_brand","embeddable":true,"href":"https:\/\/englody.com\/ca\/wp-json\/wp\/v2\/product_brand?post=7805"},{"taxonomy":"product_cat","embeddable":true,"href":"https:\/\/englody.com\/ca\/wp-json\/wp\/v2\/product_cat?post=7805"},{"taxonomy":"product_tag","embeddable":true,"href":"https:\/\/englody.com\/ca\/wp-json\/wp\/v2\/product_tag?post=7805"},{"taxonomy":"giftcard-category","embeddable":true,"href":"https:\/\/englody.com\/ca\/wp-json\/wp\/v2\/giftcard-category?post=7805"}],"curies":[{"name":"wp","href":"https:\/\/api.w.org\/{rel}","templated":true}]}}