{"id":7806,"date":"2024-12-11T18:00:48","date_gmt":"2024-12-11T17:00:48","guid":{"rendered":"https:\/\/englody.com\/producto\/pantalla-tactil\/"},"modified":"2024-12-11T18:00:48","modified_gmt":"2024-12-11T17:00:48","slug":"pantalla-tactil","status":"publish","type":"product","link":"https:\/\/englody.com\/ca\/producto\/pantalla-tactil\/","title":{"rendered":"Pantalla T\u00e0ctil"},"content":{"rendered":"","protected":false},"excerpt":{"rendered":"<p>Aquesta pantalla t\u00e0ctil i interactiva, amb el seu sistema operatiu propi, de tremenda qualitat i funcionalitat i dissenyada per Englody espec\u00edficament per al nostre \u00fas, ha vingut per a revolucionar l&#8217;experi\u00e8ncia de l&#8217;usuari de la nostra Acad\u00e8mies d&#8217;Angl\u00e8s.<\/p>\n<p>Un dispositiu interactiu que compleix una doble funcionalitat:<\/p>\n<ol>\n<li>Tenir publicitat cridanera i impactant de manera constant, en una pantalla que crida l&#8217;atenci\u00f3 de tots els estudiants i fam\u00edlies que acudeixen cada dia al nostre Centre, on a m\u00e9s, podrem establir processos de venda i interacci\u00f3 en aquesta.<\/li>\n<li>Gr\u00e0cies al <a href=\"https:\/\/englody.com\/ca\/software-academies-d-angles\/\">Software de Englody<\/a>, canviem l&#8217;experi\u00e8ncia de l&#8217;usuari, podent realitzar la matriculaci\u00f3 de forma totalment en l\u00ednia, on el futur client podr\u00e0 emplenar ell mateix la matriculaci\u00f3 i despr\u00e9s de la validaci\u00f3 per part de l&#8217;administraci\u00f3 del Centre de les dades, l&#8217;usuari signar\u00e0 la matr\u00edcula de manera digital i rebr\u00e0 en l&#8217;acte la seva c\u00f2pia de la matr\u00edcula i les seves classes d&#8217;acc\u00e9s a la plataforma.<\/li>\n<\/ol>\n[video width=\"600\" height=\"600\" mp4=\"https:\/\/englody.com\/wp-content\/uploads\/2024\/12\/DAVID-PANTALLA-TACTIL.mp4\"][\/video]\n<h4><strong>Caracter\u00edstiques T\u00e8cniques:<\/strong><\/h4>\n<p>\u00b7 Resoluci\u00f3: Full HD (1920x1080p) per a imatges n\u00edtides i detallades.<br \/>\n\u00b7 Interactivitat avan\u00e7ada: Tecnologia t\u00e0ctil ANAR amb 10 punts de toc simultani, perfecta per a presentacions din\u00e0miques o col\u00b7laboraci\u00f3 en temps real.<br \/>\n\u00b7 Lluentor: 300 cd\/m\u00b2, assegurant una visibilitat \u00f2ptima en interiors.<\/p>\n<p>Configuraci\u00f3 interna:<br \/>\n\u00b7 Sistema operatiu Windows 10 Pro.<br \/>\n\u00b7 Processador Intel i5 (4a generaci\u00f3).<br \/>\n\u00b7 Mem\u00f2ria RAM de 4 GB i emmagatzematge de 128 GB.<\/p>\n<p>Connectivitat completa:<br \/>\n\u00b7 Ports USB, LAN, VGA, \u00c0UDIO, HDMI, MIC i RECOVERY.<br \/>\n\u00b7 Inclou Wifi per a una connectivitat sense fil c\u00f2moda.<br \/>\n\u00b7 Disseny elegant: Color blanc, modern i professional.<\/p>\n<h4><strong><u>Tria entre aquestes 3 grand\u00e0ries distints:<\/u><\/strong><\/h4>\n<p>Mateixa qualitat i mateixa funcionalitat per\u00f2 disponible en 3 grand\u00e0ries distintes, per a aix\u00ed poder triar la grand\u00e0ria m\u00e9s adequada en funci\u00f3 de l&#8217;espai que disposi la teva Acad\u00e8mia d&#8217;Angl\u00e8s.<\/p>\n<h4><strong>ATENCI\u00d3: Enviament NO INCL\u00d2S<\/strong><\/h4>\n<p>(ja que per les caracter\u00edstiques del producte el cost de l&#8217;enviament dependr\u00e0 del nombre d&#8217;unitats demanades i es calcular\u00e0 de manera individual abans de formalitzar-lo).<\/p>\n","protected":false},"featured_media":7201,"template":"","meta":{"_joinchat":[]},"product_brand":[],"product_cat":[120,118],"product_tag":[],"giftcard-category":[],"class_list":{"0":"post-7806","1":"product","2":"type-product","3":"status-publish","4":"has-post-thumbnail","6":"product_cat-hardware-ca","7":"product_cat-tots","9":"first","10":"instock","11":"taxable","12":"shipping-taxable","13":"purchasable","14":"product-type-variable"},"yoast_head":"<!-- This site is optimized with the Yoast SEO plugin v25.4 - https:\/\/yoast.com\/wordpress\/plugins\/seo\/ -->\n<title>Pantalla T\u00e0ctil - Englody | Software de gesti\u00f3n 360\u00ba para Academias de Ingl\u00e9s<\/title>\n<meta name=\"robots\" content=\"index, follow, max-snippet:-1, max-image-preview:large, max-video-preview:-1\" \/>\n<link rel=\"canonical\" href=\"https:\/\/englody.com\/producto\/pantalla-tactil\/\" \/>\n<meta property=\"og:locale\" content=\"ca_ES\" \/>\n<meta property=\"og:type\" content=\"article\" \/>\n<meta property=\"og:title\" content=\"Pantalla T\u00e0ctil - Englody | Software de gesti\u00f3n 360\u00ba para Academias de Ingl\u00e9s\" \/>\n<meta property=\"og:description\" content=\"Aquesta pantalla t\u00e0ctil i interactiva, amb el seu sistema operatiu propi, de tremenda qualitat i funcionalitat i dissenyada per Englody espec\u00edficament per al nostre \u00fas, ha vingut per a revolucionar l&#039;experi\u00e8ncia de l&#039;usuari de la nostra Acad\u00e8mies d&#039;Angl\u00e8s.  Un dispositiu interactiu que compleix una doble funcionalitat:   Tenir publicitat cridanera i impactant de manera constant, en una pantalla que crida l&#039;atenci\u00f3 de tots els estudiants i fam\u00edlies que acudeixen cada dia al nostre Centre, on a m\u00e9s, podrem establir processos de venda i interacci\u00f3 en aquesta.  Gr\u00e0cies al Software de Englody, canviem l&#039;experi\u00e8ncia de l&#039;usuari, podent realitzar la matriculaci\u00f3 de forma totalment en l\u00ednia, on el futur client podr\u00e0 emplenar ell mateix la matriculaci\u00f3 i despr\u00e9s de la validaci\u00f3 per part de l&#039;administraci\u00f3 del Centre de les dades, l&#039;usuari signar\u00e0 la matr\u00edcula de manera digital i rebr\u00e0 en l&#039;acte la seva c\u00f2pia de la matr\u00edcula i les seves classes d&#039;acc\u00e9s a la plataforma.   Caracter\u00edstiques T\u00e8cniques: \u00b7 Resoluci\u00f3: Full HD (1920x1080p) per a imatges n\u00edtides i detallades. \u00b7 Interactivitat avan\u00e7ada: Tecnologia t\u00e0ctil ANAR amb 10 punts de toc simultani, perfecta per a presentacions din\u00e0miques o col\u00b7laboraci\u00f3 en temps real. \u00b7 Lluentor: 300 cd\/m\u00b2, assegurant una visibilitat \u00f2ptima en interiors.  Configuraci\u00f3 interna: \u00b7 Sistema operatiu Windows 10 Pro. \u00b7 Processador Intel i5 (4a generaci\u00f3). \u00b7 Mem\u00f2ria RAM de 4 GB i emmagatzematge de 128 GB.  Connectivitat completa: \u00b7 Ports USB, LAN, VGA, \u00c0UDIO, HDMI, MIC i RECOVERY. \u00b7 Inclou Wifi per a una connectivitat sense fil c\u00f2moda. \u00b7 Disseny elegant: Color blanc, modern i professional. Tria entre aquestes 3 grand\u00e0ries distints: Mateixa qualitat i mateixa funcionalitat per\u00f2 disponible en 3 grand\u00e0ries distintes, per a aix\u00ed poder triar la grand\u00e0ria m\u00e9s adequada en funci\u00f3 de l&#039;espai que disposi la teva Acad\u00e8mia d&#039;Angl\u00e8s. ATENCI\u00d3: Enviament NO INCL\u00d2S (ja que per les caracter\u00edstiques del producte el cost de l&#039;enviament dependr\u00e0 del nombre d&#039;unitats demanades i es calcular\u00e0 de manera individual abans de formalitzar-lo).\" \/>\n<meta property=\"og:url\" content=\"https:\/\/englody.com\/producto\/pantalla-tactil\/\" \/>\n<meta property=\"og:site_name\" content=\"Englody | Software de gesti\u00f3n 360\u00ba para Academias de Ingl\u00e9s\" \/>\n<meta property=\"og:image\" content=\"https:\/\/englody.com\/wp-content\/uploads\/2024\/12\/englody-hardware-totem-01.jpg\" \/>\n\t<meta property=\"og:image:width\" content=\"1080\" \/>\n\t<meta property=\"og:image:height\" content=\"1080\" \/>\n\t<meta property=\"og:image:type\" content=\"image\/jpeg\" \/>\n<meta name=\"twitter:card\" content=\"summary_large_image\" \/>\n<script type=\"application\/ld+json\" class=\"yoast-schema-graph\">{\"@context\":\"https:\/\/schema.org\",\"@graph\":[{\"@type\":\"WebPage\",\"@id\":\"https:\/\/englody.com\/producto\/pantalla-tactil\/\",\"url\":\"https:\/\/englody.com\/producto\/pantalla-tactil\/\",\"name\":\"Pantalla T\u00e0ctil - Englody | Software de gesti\u00f3n 360\u00ba para Academias de Ingl\u00e9s\",\"isPartOf\":{\"@id\":\"https:\/\/englody.com\/#website\"},\"primaryImageOfPage\":{\"@id\":\"https:\/\/englody.com\/producto\/pantalla-tactil\/#primaryimage\"},\"image\":{\"@id\":\"https:\/\/englody.com\/producto\/pantalla-tactil\/#primaryimage\"},\"thumbnailUrl\":\"https:\/\/englody.com\/wp-content\/uploads\/2024\/12\/englody-hardware-totem-01.jpg\",\"datePublished\":\"2024-12-11T17:00:48+00:00\",\"breadcrumb\":{\"@id\":\"https:\/\/englody.com\/producto\/pantalla-tactil\/#breadcrumb\"},\"inLanguage\":\"ca\",\"potentialAction\":[{\"@type\":\"ReadAction\",\"target\":[\"https:\/\/englody.com\/producto\/pantalla-tactil\/\"]}]},{\"@type\":\"ImageObject\",\"inLanguage\":\"ca\",\"@id\":\"https:\/\/englody.com\/producto\/pantalla-tactil\/#primaryimage\",\"url\":\"https:\/\/englody.com\/wp-content\/uploads\/2024\/12\/englody-hardware-totem-01.jpg\",\"contentUrl\":\"https:\/\/englody.com\/wp-content\/uploads\/2024\/12\/englody-hardware-totem-01.jpg\",\"width\":1080,\"height\":1080},{\"@type\":\"BreadcrumbList\",\"@id\":\"https:\/\/englody.com\/producto\/pantalla-tactil\/#breadcrumb\",\"itemListElement\":[{\"@type\":\"ListItem\",\"position\":1,\"name\":\"Portada\",\"item\":\"https:\/\/englody.com\/ca\/\"},{\"@type\":\"ListItem\",\"position\":2,\"name\":\"Englody Shop\",\"item\":\"https:\/\/englody.com\/tienda\/\"},{\"@type\":\"ListItem\",\"position\":3,\"name\":\"Pantalla T\u00e0ctil\"}]},{\"@type\":\"WebSite\",\"@id\":\"https:\/\/englody.com\/#website\",\"url\":\"https:\/\/englody.com\/\",\"name\":\"Englody | Software de gesti\u00f3n 360\u00ba para Academias de Ingl\u00e9s\",\"description\":\"\",\"potentialAction\":[{\"@type\":\"SearchAction\",\"target\":{\"@type\":\"EntryPoint\",\"urlTemplate\":\"https:\/\/englody.com\/?s={search_term_string}\"},\"query-input\":{\"@type\":\"PropertyValueSpecification\",\"valueRequired\":true,\"valueName\":\"search_term_string\"}}],\"inLanguage\":\"ca\"}]}<\/script>\n<!-- \/ Yoast SEO plugin. -->","yoast_head_json":{"title":"Pantalla T\u00e0ctil - Englody | Software de gesti\u00f3n 360\u00ba para Academias de Ingl\u00e9s","robots":{"index":"index","follow":"follow","max-snippet":"max-snippet:-1","max-image-preview":"max-image-preview:large","max-video-preview":"max-video-preview:-1"},"canonical":"https:\/\/englody.com\/producto\/pantalla-tactil\/","og_locale":"ca_ES","og_type":"article","og_title":"Pantalla T\u00e0ctil - Englody | Software de gesti\u00f3n 360\u00ba para Academias de Ingl\u00e9s","og_description":"Aquesta pantalla t\u00e0ctil i interactiva, amb el seu sistema operatiu propi, de tremenda qualitat i funcionalitat i dissenyada per Englody espec\u00edficament per al nostre \u00fas, ha vingut per a revolucionar l'experi\u00e8ncia de l'usuari de la nostra Acad\u00e8mies d'Angl\u00e8s.  Un dispositiu interactiu que compleix una doble funcionalitat:   Tenir publicitat cridanera i impactant de manera constant, en una pantalla que crida l'atenci\u00f3 de tots els estudiants i fam\u00edlies que acudeixen cada dia al nostre Centre, on a m\u00e9s, podrem establir processos de venda i interacci\u00f3 en aquesta.  Gr\u00e0cies al Software de Englody, canviem l'experi\u00e8ncia de l'usuari, podent realitzar la matriculaci\u00f3 de forma totalment en l\u00ednia, on el futur client podr\u00e0 emplenar ell mateix la matriculaci\u00f3 i despr\u00e9s de la validaci\u00f3 per part de l'administraci\u00f3 del Centre de les dades, l'usuari signar\u00e0 la matr\u00edcula de manera digital i rebr\u00e0 en l'acte la seva c\u00f2pia de la matr\u00edcula i les seves classes d'acc\u00e9s a la plataforma.   Caracter\u00edstiques T\u00e8cniques: \u00b7 Resoluci\u00f3: Full HD (1920x1080p) per a imatges n\u00edtides i detallades. \u00b7 Interactivitat avan\u00e7ada: Tecnologia t\u00e0ctil ANAR amb 10 punts de toc simultani, perfecta per a presentacions din\u00e0miques o col\u00b7laboraci\u00f3 en temps real. \u00b7 Lluentor: 300 cd\/m\u00b2, assegurant una visibilitat \u00f2ptima en interiors.  Configuraci\u00f3 interna: \u00b7 Sistema operatiu Windows 10 Pro. \u00b7 Processador Intel i5 (4a generaci\u00f3). \u00b7 Mem\u00f2ria RAM de 4 GB i emmagatzematge de 128 GB.  Connectivitat completa: \u00b7 Ports USB, LAN, VGA, \u00c0UDIO, HDMI, MIC i RECOVERY. \u00b7 Inclou Wifi per a una connectivitat sense fil c\u00f2moda. \u00b7 Disseny elegant: Color blanc, modern i professional. Tria entre aquestes 3 grand\u00e0ries distints: Mateixa qualitat i mateixa funcionalitat per\u00f2 disponible en 3 grand\u00e0ries distintes, per a aix\u00ed poder triar la grand\u00e0ria m\u00e9s adequada en funci\u00f3 de l'espai que disposi la teva Acad\u00e8mia d'Angl\u00e8s. ATENCI\u00d3: Enviament NO INCL\u00d2S (ja que per les caracter\u00edstiques del producte el cost de l'enviament dependr\u00e0 del nombre d'unitats demanades i es calcular\u00e0 de manera individual abans de formalitzar-lo).","og_url":"https:\/\/englody.com\/producto\/pantalla-tactil\/","og_site_name":"Englody | Software de gesti\u00f3n 360\u00ba para Academias de Ingl\u00e9s","og_image":[{"width":1080,"height":1080,"url":"https:\/\/englody.com\/wp-content\/uploads\/2024\/12\/englody-hardware-totem-01.jpg","type":"image\/jpeg"}],"twitter_card":"summary_large_image","schema":{"@context":"https:\/\/schema.org","@graph":[{"@type":"WebPage","@id":"https:\/\/englody.com\/producto\/pantalla-tactil\/","url":"https:\/\/englody.com\/producto\/pantalla-tactil\/","name":"Pantalla T\u00e0ctil - Englody | Software de gesti\u00f3n 360\u00ba para Academias de Ingl\u00e9s","isPartOf":{"@id":"https:\/\/englody.com\/#website"},"primaryImageOfPage":{"@id":"https:\/\/englody.com\/producto\/pantalla-tactil\/#primaryimage"},"image":{"@id":"https:\/\/englody.com\/producto\/pantalla-tactil\/#primaryimage"},"thumbnailUrl":"https:\/\/englody.com\/wp-content\/uploads\/2024\/12\/englody-hardware-totem-01.jpg","datePublished":"2024-12-11T17:00:48+00:00","breadcrumb":{"@id":"https:\/\/englody.com\/producto\/pantalla-tactil\/#breadcrumb"},"inLanguage":"ca","potentialAction":[{"@type":"ReadAction","target":["https:\/\/englody.com\/producto\/pantalla-tactil\/"]}]},{"@type":"ImageObject","inLanguage":"ca","@id":"https:\/\/englody.com\/producto\/pantalla-tactil\/#primaryimage","url":"https:\/\/englody.com\/wp-content\/uploads\/2024\/12\/englody-hardware-totem-01.jpg","contentUrl":"https:\/\/englody.com\/wp-content\/uploads\/2024\/12\/englody-hardware-totem-01.jpg","width":1080,"height":1080},{"@type":"BreadcrumbList","@id":"https:\/\/englody.com\/producto\/pantalla-tactil\/#breadcrumb","itemListElement":[{"@type":"ListItem","position":1,"name":"Portada","item":"https:\/\/englody.com\/ca\/"},{"@type":"ListItem","position":2,"name":"Englody Shop","item":"https:\/\/englody.com\/tienda\/"},{"@type":"ListItem","position":3,"name":"Pantalla T\u00e0ctil"}]},{"@type":"WebSite","@id":"https:\/\/englody.com\/#website","url":"https:\/\/englody.com\/","name":"Englody | Software de gesti\u00f3n 360\u00ba para Academias de Ingl\u00e9s","description":"","potentialAction":[{"@type":"SearchAction","target":{"@type":"EntryPoint","urlTemplate":"https:\/\/englody.com\/?s={search_term_string}"},"query-input":{"@type":"PropertyValueSpecification","valueRequired":true,"valueName":"search_term_string"}}],"inLanguage":"ca"}]}},"tiered_pricing_type":"fixed","tiered_pricing_fixed_rules":[],"tiered_pricing_product_settings":{"layout":"default","base_unit_name":{"singular":null,"plural":null},"default_variation":null},"tiered_pricing_minimum_quantity":null,"tiered_pricing_roles_data":[],"tiered_pricing_percentage_rules":[],"tiered_pricing_maximum_quantity":null,"tiered_pricing_quantity_step":null,"_links":{"self":[{"href":"https:\/\/englody.com\/ca\/wp-json\/wp\/v2\/product\/7806","targetHints":{"allow":["GET"]}}],"collection":[{"href":"https:\/\/englody.com\/ca\/wp-json\/wp\/v2\/product"}],"about":[{"href":"https:\/\/englody.com\/ca\/wp-json\/wp\/v2\/types\/product"}],"wp:featuredmedia":[{"embeddable":true,"href":"https:\/\/englody.com\/ca\/wp-json\/wp\/v2\/media\/7201"}],"wp:attachment":[{"href":"https:\/\/englody.com\/ca\/wp-json\/wp\/v2\/media?parent=7806"}],"wp:term":[{"taxonomy":"product_brand","embeddable":true,"href":"https:\/\/englody.com\/ca\/wp-json\/wp\/v2\/product_brand?post=7806"},{"taxonomy":"product_cat","embeddable":true,"href":"https:\/\/englody.com\/ca\/wp-json\/wp\/v2\/product_cat?post=7806"},{"taxonomy":"product_tag","embeddable":true,"href":"https:\/\/englody.com\/ca\/wp-json\/wp\/v2\/product_tag?post=7806"},{"taxonomy":"giftcard-category","embeddable":true,"href":"https:\/\/englody.com\/ca\/wp-json\/wp\/v2\/giftcard-category?post=7806"}],"curies":[{"name":"wp","href":"https:\/\/api.w.org\/{rel}","templated":true}]}}