{"id":7819,"date":"2024-10-17T17:08:22","date_gmt":"2024-10-17T15:08:22","guid":{"rendered":"https:\/\/englody.com\/producto\/landing-de-venda\/"},"modified":"2024-10-17T17:08:22","modified_gmt":"2024-10-17T15:08:22","slug":"landing-de-venda","status":"publish","type":"product","link":"https:\/\/englody.com\/ca\/producto\/landing-de-venda\/","title":{"rendered":"Landing de venda"},"content":{"rendered":"","protected":false},"excerpt":{"rendered":"<div class=\"flex-shrink-0 flex flex-col relative items-end\">\n<div>\n<div class=\"pt-0\">\n<div class=\"gizmo-bot-avatar flex h-8 w-8 items-center justify-center overflow-hidden rounded-full\"><\/div>\n<\/div>\n<\/div>\n<\/div>\n<div class=\"group\/conversation-turn relative flex w-full min-w-0 flex-col agent-turn\">\n<div class=\"flex-col gap-1 md:gap-3\">\n<div class=\"flex max-w-full flex-col flex-grow\">\n<div class=\"min-h-8 text-message flex w-full flex-col items-end gap-2 whitespace-normal break-words [.text-message+&amp;]:mt-5\" dir=\"auto\" data-message-author-role=\"assistant\" data-message-id=\"d6f7d3fc-a1e0-434d-a118-8602a2a58972\" data-message-model-slug=\"gpt-4o-mini\">\n<div class=\"flex w-full flex-col gap-1 empty:hidden first:pt-[3px]\">\n<div class=\"markdown prose w-full break-words dark:prose-invert light\">\n<p><span style=\"color: #000000;\"><strong>Augmenta les teves Inscripcions amb una Landing Page Optimitzada per a la Captaci\u00f3 de Leads \ud83c\udf1f<\/strong><\/span><\/p>\n<p><span style=\"color: #000000;\">En el competitiu m\u00f3n de les acad\u00e8mies d&#8217;angl\u00e8s, comptar amb una landing page efectiva \u00e9s essencial per a convertir visitants en estudiants. El nostre servei de disseny i creaci\u00f3 de landing pages est\u00e0 dissenyat espec\u00edficament per a maximitzar la captaci\u00f3 de leads i augmentar les teves inscripcions, especialment per a dirigir el tr\u00e0nsit de les teves campanyes de SEM.<\/span><\/p>\n<p><span style=\"color: #000000;\"><strong>Qu\u00e8 oferim?<\/strong><\/span><br \/>\n<span style=\"color: #000000;\">\u2705 <strong>Disseny Atractiu i Funcional<\/strong>: Creem un disseny visualment impactant que reflecteix l&#8217;ess\u00e8ncia de la teva acad\u00e8mia i captiva als teus visitants des del primer moment.<\/span><br \/>\n<span style=\"color: #000000;\">\u2705 <strong>Optimitzaci\u00f3 per a Conversi\u00f3<\/strong>: Implementem t\u00e8cniques de persuasi\u00f3 i elements de disseny que guien als usuaris a trav\u00e9s de la p\u00e0gina, facilitant la conversi\u00f3.<\/span><br \/>\n<span style=\"color: #000000;\">\u2705 <strong>CTAs Estrat\u00e8gics<\/strong>: Integrem anomenades a l&#8217;acci\u00f3 clares i efectives situades estrat\u00e8gicament per a maximitzar la interacci\u00f3.<\/span><\/p>\n<p><span style=\"color: #000000;\">Millora la teva captaci\u00f3 de leads i augmenta les teves inscripcions amb una landing page dissenyada per a convertir, especialment enfocada en les campanyes de SEM.<\/span><\/p>\n<\/div>\n<\/div>\n<\/div>\n<\/div>\n<\/div>\n<\/div>\n","protected":false},"featured_media":7040,"template":"","meta":{"_joinchat":[]},"product_brand":[],"product_cat":[122,118],"product_tag":[],"giftcard-category":[],"class_list":{"0":"post-7819","1":"product","2":"type-product","3":"status-publish","4":"has-post-thumbnail","6":"product_cat-disseny-web","7":"product_cat-tots","9":"first","10":"instock","11":"virtual","12":"taxable","13":"purchasable","14":"product-type-simple"},"yoast_head":"<!-- This site is optimized with the Yoast SEO plugin v25.4 - https:\/\/yoast.com\/wordpress\/plugins\/seo\/ -->\n<title>Landing de venda - Englody | Software de gesti\u00f3n 360\u00ba para Academias de Ingl\u00e9s<\/title>\n<meta name=\"robots\" content=\"index, follow, max-snippet:-1, max-image-preview:large, max-video-preview:-1\" \/>\n<link rel=\"canonical\" href=\"https:\/\/englody.com\/producto\/landing-de-venta\/\" \/>\n<meta property=\"og:locale\" content=\"ca_ES\" \/>\n<meta property=\"og:type\" content=\"article\" \/>\n<meta property=\"og:title\" content=\"Landing de venda - Englody | Software de gesti\u00f3n 360\u00ba para Academias de Ingl\u00e9s\" \/>\n<meta property=\"og:description\" content=\"Augmenta les teves Inscripcions amb una Landing Page Optimitzada per a la Captaci\u00f3 de Leads \ud83c\udf1f  En el competitiu m\u00f3n de les acad\u00e8mies d&#039;angl\u00e8s, comptar amb una landing page efectiva \u00e9s essencial per a convertir visitants en estudiants. El nostre servei de disseny i creaci\u00f3 de landing pages est\u00e0 dissenyat espec\u00edficament per a maximitzar la captaci\u00f3 de leads i augmentar les teves inscripcions, especialment per a dirigir el tr\u00e0nsit de les teves campanyes de SEM.  Qu\u00e8 oferim? \u2705 Disseny Atractiu i Funcional: Creem un disseny visualment impactant que reflecteix l&#039;ess\u00e8ncia de la teva acad\u00e8mia i captiva als teus visitants des del primer moment. \u2705 Optimitzaci\u00f3 per a Conversi\u00f3: Implementem t\u00e8cniques de persuasi\u00f3 i elements de disseny que guien als usuaris a trav\u00e9s de la p\u00e0gina, facilitant la conversi\u00f3. \u2705 CTAs Estrat\u00e8gics: Integrem anomenades a l&#039;acci\u00f3 clares i efectives situades estrat\u00e8gicament per a maximitzar la interacci\u00f3.  Millora la teva captaci\u00f3 de leads i augmenta les teves inscripcions amb una landing page dissenyada per a convertir, especialment enfocada en les campanyes de SEM.\" \/>\n<meta property=\"og:url\" content=\"https:\/\/englody.com\/producto\/landing-de-venta\/\" \/>\n<meta property=\"og:site_name\" content=\"Englody | Software de gesti\u00f3n 360\u00ba para Academias de Ingl\u00e9s\" \/>\n<meta property=\"og:image\" content=\"https:\/\/englody.com\/wp-content\/uploads\/2024\/10\/englody-landing-page.jpg\" \/>\n\t<meta property=\"og:image:width\" content=\"1080\" \/>\n\t<meta property=\"og:image:height\" content=\"1080\" \/>\n\t<meta property=\"og:image:type\" content=\"image\/jpeg\" \/>\n<meta name=\"twitter:card\" content=\"summary_large_image\" \/>\n<script type=\"application\/ld+json\" class=\"yoast-schema-graph\">{\"@context\":\"https:\/\/schema.org\",\"@graph\":[{\"@type\":\"WebPage\",\"@id\":\"https:\/\/englody.com\/producto\/landing-de-venta\/\",\"url\":\"https:\/\/englody.com\/producto\/landing-de-venta\/\",\"name\":\"Landing de venda - Englody | Software de gesti\u00f3n 360\u00ba para Academias de Ingl\u00e9s\",\"isPartOf\":{\"@id\":\"https:\/\/englody.com\/#website\"},\"primaryImageOfPage\":{\"@id\":\"https:\/\/englody.com\/producto\/landing-de-venta\/#primaryimage\"},\"image\":{\"@id\":\"https:\/\/englody.com\/producto\/landing-de-venta\/#primaryimage\"},\"thumbnailUrl\":\"https:\/\/englody.com\/wp-content\/uploads\/2024\/10\/englody-landing-page.jpg\",\"datePublished\":\"2024-10-17T15:08:22+00:00\",\"breadcrumb\":{\"@id\":\"https:\/\/englody.com\/producto\/landing-de-venta\/#breadcrumb\"},\"inLanguage\":\"ca\",\"potentialAction\":[{\"@type\":\"ReadAction\",\"target\":[\"https:\/\/englody.com\/producto\/landing-de-venta\/\"]}]},{\"@type\":\"ImageObject\",\"inLanguage\":\"ca\",\"@id\":\"https:\/\/englody.com\/producto\/landing-de-venta\/#primaryimage\",\"url\":\"https:\/\/englody.com\/wp-content\/uploads\/2024\/10\/englody-landing-page.jpg\",\"contentUrl\":\"https:\/\/englody.com\/wp-content\/uploads\/2024\/10\/englody-landing-page.jpg\",\"width\":1080,\"height\":1080},{\"@type\":\"BreadcrumbList\",\"@id\":\"https:\/\/englody.com\/producto\/landing-de-venta\/#breadcrumb\",\"itemListElement\":[{\"@type\":\"ListItem\",\"position\":1,\"name\":\"Portada\",\"item\":\"https:\/\/englody.com\/ca\/\"},{\"@type\":\"ListItem\",\"position\":2,\"name\":\"Englody Shop\",\"item\":\"https:\/\/englody.com\/tienda\/\"},{\"@type\":\"ListItem\",\"position\":3,\"name\":\"Landing de venda\"}]},{\"@type\":\"WebSite\",\"@id\":\"https:\/\/englody.com\/#website\",\"url\":\"https:\/\/englody.com\/\",\"name\":\"Englody | Software de gesti\u00f3n 360\u00ba para Academias de Ingl\u00e9s\",\"description\":\"\",\"potentialAction\":[{\"@type\":\"SearchAction\",\"target\":{\"@type\":\"EntryPoint\",\"urlTemplate\":\"https:\/\/englody.com\/?s={search_term_string}\"},\"query-input\":{\"@type\":\"PropertyValueSpecification\",\"valueRequired\":true,\"valueName\":\"search_term_string\"}}],\"inLanguage\":\"ca\"}]}<\/script>\n<!-- \/ Yoast SEO plugin. -->","yoast_head_json":{"title":"Landing de venda - Englody | Software de gesti\u00f3n 360\u00ba para Academias de Ingl\u00e9s","robots":{"index":"index","follow":"follow","max-snippet":"max-snippet:-1","max-image-preview":"max-image-preview:large","max-video-preview":"max-video-preview:-1"},"canonical":"https:\/\/englody.com\/producto\/landing-de-venta\/","og_locale":"ca_ES","og_type":"article","og_title":"Landing de venda - Englody | Software de gesti\u00f3n 360\u00ba para Academias de Ingl\u00e9s","og_description":"Augmenta les teves Inscripcions amb una Landing Page Optimitzada per a la Captaci\u00f3 de Leads \ud83c\udf1f  En el competitiu m\u00f3n de les acad\u00e8mies d'angl\u00e8s, comptar amb una landing page efectiva \u00e9s essencial per a convertir visitants en estudiants. El nostre servei de disseny i creaci\u00f3 de landing pages est\u00e0 dissenyat espec\u00edficament per a maximitzar la captaci\u00f3 de leads i augmentar les teves inscripcions, especialment per a dirigir el tr\u00e0nsit de les teves campanyes de SEM.  Qu\u00e8 oferim? \u2705 Disseny Atractiu i Funcional: Creem un disseny visualment impactant que reflecteix l'ess\u00e8ncia de la teva acad\u00e8mia i captiva als teus visitants des del primer moment. \u2705 Optimitzaci\u00f3 per a Conversi\u00f3: Implementem t\u00e8cniques de persuasi\u00f3 i elements de disseny que guien als usuaris a trav\u00e9s de la p\u00e0gina, facilitant la conversi\u00f3. \u2705 CTAs Estrat\u00e8gics: Integrem anomenades a l'acci\u00f3 clares i efectives situades estrat\u00e8gicament per a maximitzar la interacci\u00f3.  Millora la teva captaci\u00f3 de leads i augmenta les teves inscripcions amb una landing page dissenyada per a convertir, especialment enfocada en les campanyes de SEM.","og_url":"https:\/\/englody.com\/producto\/landing-de-venta\/","og_site_name":"Englody | Software de gesti\u00f3n 360\u00ba para Academias de Ingl\u00e9s","og_image":[{"width":1080,"height":1080,"url":"https:\/\/englody.com\/wp-content\/uploads\/2024\/10\/englody-landing-page.jpg","type":"image\/jpeg"}],"twitter_card":"summary_large_image","schema":{"@context":"https:\/\/schema.org","@graph":[{"@type":"WebPage","@id":"https:\/\/englody.com\/producto\/landing-de-venta\/","url":"https:\/\/englody.com\/producto\/landing-de-venta\/","name":"Landing de venda - Englody | Software de gesti\u00f3n 360\u00ba para Academias de Ingl\u00e9s","isPartOf":{"@id":"https:\/\/englody.com\/#website"},"primaryImageOfPage":{"@id":"https:\/\/englody.com\/producto\/landing-de-venta\/#primaryimage"},"image":{"@id":"https:\/\/englody.com\/producto\/landing-de-venta\/#primaryimage"},"thumbnailUrl":"https:\/\/englody.com\/wp-content\/uploads\/2024\/10\/englody-landing-page.jpg","datePublished":"2024-10-17T15:08:22+00:00","breadcrumb":{"@id":"https:\/\/englody.com\/producto\/landing-de-venta\/#breadcrumb"},"inLanguage":"ca","potentialAction":[{"@type":"ReadAction","target":["https:\/\/englody.com\/producto\/landing-de-venta\/"]}]},{"@type":"ImageObject","inLanguage":"ca","@id":"https:\/\/englody.com\/producto\/landing-de-venta\/#primaryimage","url":"https:\/\/englody.com\/wp-content\/uploads\/2024\/10\/englody-landing-page.jpg","contentUrl":"https:\/\/englody.com\/wp-content\/uploads\/2024\/10\/englody-landing-page.jpg","width":1080,"height":1080},{"@type":"BreadcrumbList","@id":"https:\/\/englody.com\/producto\/landing-de-venta\/#breadcrumb","itemListElement":[{"@type":"ListItem","position":1,"name":"Portada","item":"https:\/\/englody.com\/ca\/"},{"@type":"ListItem","position":2,"name":"Englody Shop","item":"https:\/\/englody.com\/tienda\/"},{"@type":"ListItem","position":3,"name":"Landing de venda"}]},{"@type":"WebSite","@id":"https:\/\/englody.com\/#website","url":"https:\/\/englody.com\/","name":"Englody | Software de gesti\u00f3n 360\u00ba para Academias de Ingl\u00e9s","description":"","potentialAction":[{"@type":"SearchAction","target":{"@type":"EntryPoint","urlTemplate":"https:\/\/englody.com\/?s={search_term_string}"},"query-input":{"@type":"PropertyValueSpecification","valueRequired":true,"valueName":"search_term_string"}}],"inLanguage":"ca"}]}},"tiered_pricing_type":"fixed","tiered_pricing_fixed_rules":[],"tiered_pricing_product_settings":{"layout":"default","base_unit_name":{"singular":null,"plural":null},"default_variation":null},"tiered_pricing_minimum_quantity":null,"tiered_pricing_roles_data":[],"tiered_pricing_percentage_rules":[],"tiered_pricing_maximum_quantity":null,"tiered_pricing_quantity_step":null,"_links":{"self":[{"href":"https:\/\/englody.com\/ca\/wp-json\/wp\/v2\/product\/7819","targetHints":{"allow":["GET"]}}],"collection":[{"href":"https:\/\/englody.com\/ca\/wp-json\/wp\/v2\/product"}],"about":[{"href":"https:\/\/englody.com\/ca\/wp-json\/wp\/v2\/types\/product"}],"wp:featuredmedia":[{"embeddable":true,"href":"https:\/\/englody.com\/ca\/wp-json\/wp\/v2\/media\/7040"}],"wp:attachment":[{"href":"https:\/\/englody.com\/ca\/wp-json\/wp\/v2\/media?parent=7819"}],"wp:term":[{"taxonomy":"product_brand","embeddable":true,"href":"https:\/\/englody.com\/ca\/wp-json\/wp\/v2\/product_brand?post=7819"},{"taxonomy":"product_cat","embeddable":true,"href":"https:\/\/englody.com\/ca\/wp-json\/wp\/v2\/product_cat?post=7819"},{"taxonomy":"product_tag","embeddable":true,"href":"https:\/\/englody.com\/ca\/wp-json\/wp\/v2\/product_tag?post=7819"},{"taxonomy":"giftcard-category","embeddable":true,"href":"https:\/\/englody.com\/ca\/wp-json\/wp\/v2\/giftcard-category?post=7819"}],"curies":[{"name":"wp","href":"https:\/\/api.w.org\/{rel}","templated":true}]}}