{"id":7820,"date":"2024-06-03T09:41:40","date_gmt":"2024-06-03T07:41:40","guid":{"rendered":"https:\/\/englody.com\/producto\/registre-de-marca-a-europa\/"},"modified":"2024-06-03T09:41:40","modified_gmt":"2024-06-03T07:41:40","slug":"registre-de-marca-a-europa","status":"publish","type":"product","link":"https:\/\/englody.com\/ca\/producto\/registre-de-marca-a-europa\/","title":{"rendered":"Registre de marca a Europa"},"content":{"rendered":"","protected":false},"excerpt":{"rendered":"<ul>\n<li>Registre de marca comunit\u00e0ria en la Classe 41 (serveis propis d&#8217;una Acad\u00e8mia d&#8217;Angl\u00e8s).<\/li>\n<li>Presentaci\u00f3 de la sol\u00b7licitud.<\/li>\n<li>Servei d&#8217;assessorament amb la valoraci\u00f3 experta de Englody i informe de viabilitat abans de la presentaci\u00f3.<\/li>\n<li>Servei de seguiment* i vigil\u00e0ncia** de la teva marca <u>durant tota la vida administrativa de l&#8217;expedient fins a la seva renovaci\u00f3 cada 10 anys<\/u>.<\/li>\n<li>T\u00edtol de Propietat.<\/li>\n<li><strong>Taxa de Registre: 850 \u20ac (inclosa en el preu).<\/strong><\/li>\n<\/ul>\n<p>&nbsp;<\/p>\n<p><u>*El seguiment<\/u> \u00e9s un servei que inclou l&#8217;enviament de notificacions dels esdeveniments administratius que afectin la teva marca, els quals solen produir-se principalment a l&#8217;inici (sol\u00b7licitud, suspens, concessi\u00f3, etc.) i al final (renovaci\u00f3 o caducitat) de l&#8217;exist\u00e8ncia de la teva marca.<\/p>\n<p><u>**El servei de vigil\u00e0ncia<\/u> consisteix en la comunicaci\u00f3 de les noves sol\u00b7licituds de registre tant de marques com de noms comercials, id\u00e8ntiques o molt semblants que poguessin afectar els teus interessos, detectades pel nostre sistema inform\u00e0tic de vigil\u00e0ncia i les que traslladin tant la OEPM com la EUIPO.<\/p>\n<p>Des de Englody, gestionem el registre de marques i patents a nivell espanyol, europeu i internacional en els \u00e0mbits de la protecci\u00f3 legal i la defensa jur\u00eddica.<u> <\/u>Realitzem totes les gestions i tr\u00e0mits a trav\u00e9s de:<\/p>\n<ul>\n<li>Oficina Espanyola de Patents i Marques (OEPM).<\/li>\n<li>Oficina de Propietat Intel\u00b7lectual de la Uni\u00f3 Europea (EUIPO).<\/li>\n<li>Organitzaci\u00f3 Mundial de la Propietat Intel\u00b7lectual (OMPI).<\/li>\n<li>Oficines nacionals de patents i marques de diversos pa\u00efsos.<\/li>\n<\/ul>\n","protected":false},"featured_media":6649,"template":"","meta":{"_joinchat":[]},"product_brand":[],"product_cat":[124,118],"product_tag":[],"giftcard-category":[],"class_list":{"0":"post-7820","1":"product","2":"type-product","3":"status-publish","4":"has-post-thumbnail","6":"product_cat-registre-de-marques","7":"product_cat-tots","9":"first","10":"instock","11":"taxable","12":"shipping-taxable","13":"purchasable","14":"product-type-simple"},"yoast_head":"<!-- This site is optimized with the Yoast SEO plugin v27.4 - https:\/\/yoast.com\/product\/yoast-seo-wordpress\/ -->\n<title>Registre de marca a Europa - Englody | Software de gesti\u00f3n 360\u00ba para Academias de Ingl\u00e9s<\/title>\n<meta name=\"robots\" content=\"index, follow, max-snippet:-1, max-image-preview:large, max-video-preview:-1\" \/>\n<link rel=\"canonical\" href=\"https:\/\/englody.com\/producto\/registro-marca-europa\/\" \/>\n<meta property=\"og:locale\" content=\"ca_ES\" \/>\n<meta property=\"og:type\" content=\"article\" \/>\n<meta property=\"og:title\" content=\"Registre de marca a Europa - Englody | Software de gesti\u00f3n 360\u00ba para Academias de Ingl\u00e9s\" \/>\n<meta property=\"og:description\" content=\"Registre de marca comunit\u00e0ria en la Classe 41 (serveis propis d&#039;una Acad\u00e8mia d&#039;Angl\u00e8s).  Presentaci\u00f3 de la sol\u00b7licitud.  Servei d&#039;assessorament amb la valoraci\u00f3 experta de Englody i informe de viabilitat abans de la presentaci\u00f3.  Servei de seguiment* i vigil\u00e0ncia** de la teva marca durant tota la vida administrativa de l&#039;expedient fins a la seva renovaci\u00f3 cada 10 anys.  T\u00edtol de Propietat.  Taxa de Registre: 850 \u20ac (inclosa en el preu).  &nbsp;  *El seguiment \u00e9s un servei que inclou l&#039;enviament de notificacions dels esdeveniments administratius que afectin la teva marca, els quals solen produir-se principalment a l&#039;inici (sol\u00b7licitud, suspens, concessi\u00f3, etc.) i al final (renovaci\u00f3 o caducitat) de l&#039;exist\u00e8ncia de la teva marca.  **El servei de vigil\u00e0ncia consisteix en la comunicaci\u00f3 de les noves sol\u00b7licituds de registre tant de marques com de noms comercials, id\u00e8ntiques o molt semblants que poguessin afectar els teus interessos, detectades pel nostre sistema inform\u00e0tic de vigil\u00e0ncia i les que traslladin tant la OEPM com la EUIPO.  Des de Englody, gestionem el registre de marques i patents a nivell espanyol, europeu i internacional en els \u00e0mbits de la protecci\u00f3 legal i la defensa jur\u00eddica. Realitzem totes les gestions i tr\u00e0mits a trav\u00e9s de:   Oficina Espanyola de Patents i Marques (OEPM).  Oficina de Propietat Intel\u00b7lectual de la Uni\u00f3 Europea (EUIPO).  Organitzaci\u00f3 Mundial de la Propietat Intel\u00b7lectual (OMPI).  Oficines nacionals de patents i marques de diversos pa\u00efsos.\" \/>\n<meta property=\"og:url\" content=\"https:\/\/englody.com\/producto\/registro-marca-europa\/\" \/>\n<meta property=\"og:site_name\" content=\"Englody | Software de gesti\u00f3n 360\u00ba para Academias de Ingl\u00e9s\" \/>\n<meta property=\"og:image\" content=\"https:\/\/englody.com\/wp-content\/uploads\/2024\/06\/englody-registro-marcas-europa.jpg\" \/>\n\t<meta property=\"og:image:width\" content=\"1080\" \/>\n\t<meta property=\"og:image:height\" content=\"1080\" \/>\n\t<meta property=\"og:image:type\" content=\"image\/jpeg\" \/>\n<meta name=\"twitter:card\" content=\"summary_large_image\" \/>\n<script type=\"application\/ld+json\" class=\"yoast-schema-graph\">{\"@context\":\"https:\\\/\\\/schema.org\",\"@graph\":[{\"@type\":\"WebPage\",\"@id\":\"https:\\\/\\\/englody.com\\\/producto\\\/registro-marca-europa\\\/\",\"url\":\"https:\\\/\\\/englody.com\\\/producto\\\/registro-marca-europa\\\/\",\"name\":\"Registre de marca a Europa - Englody | Software de gesti\u00f3n 360\u00ba para Academias de Ingl\u00e9s\",\"isPartOf\":{\"@id\":\"https:\\\/\\\/englody.com\\\/#website\"},\"primaryImageOfPage\":{\"@id\":\"https:\\\/\\\/englody.com\\\/producto\\\/registro-marca-europa\\\/#primaryimage\"},\"image\":{\"@id\":\"https:\\\/\\\/englody.com\\\/producto\\\/registro-marca-europa\\\/#primaryimage\"},\"thumbnailUrl\":\"https:\\\/\\\/englody.com\\\/wp-content\\\/uploads\\\/2024\\\/06\\\/englody-registro-marcas-europa.jpg\",\"datePublished\":\"2024-06-03T07:41:40+00:00\",\"breadcrumb\":{\"@id\":\"https:\\\/\\\/englody.com\\\/producto\\\/registro-marca-europa\\\/#breadcrumb\"},\"inLanguage\":\"ca\",\"potentialAction\":[{\"@type\":\"ReadAction\",\"target\":[\"https:\\\/\\\/englody.com\\\/producto\\\/registro-marca-europa\\\/\"]}]},{\"@type\":\"ImageObject\",\"inLanguage\":\"ca\",\"@id\":\"https:\\\/\\\/englody.com\\\/producto\\\/registro-marca-europa\\\/#primaryimage\",\"url\":\"https:\\\/\\\/englody.com\\\/wp-content\\\/uploads\\\/2024\\\/06\\\/englody-registro-marcas-europa.jpg\",\"contentUrl\":\"https:\\\/\\\/englody.com\\\/wp-content\\\/uploads\\\/2024\\\/06\\\/englody-registro-marcas-europa.jpg\",\"width\":1080,\"height\":1080},{\"@type\":\"BreadcrumbList\",\"@id\":\"https:\\\/\\\/englody.com\\\/producto\\\/registro-marca-europa\\\/#breadcrumb\",\"itemListElement\":[{\"@type\":\"ListItem\",\"position\":1,\"name\":\"Portada\",\"item\":\"https:\\\/\\\/englody.com\\\/ca\\\/\"},{\"@type\":\"ListItem\",\"position\":2,\"name\":\"Englody Shop\",\"item\":\"https:\\\/\\\/englody.com\\\/tienda\\\/\"},{\"@type\":\"ListItem\",\"position\":3,\"name\":\"Registre de marca a Europa\"}]},{\"@type\":\"WebSite\",\"@id\":\"https:\\\/\\\/englody.com\\\/#website\",\"url\":\"https:\\\/\\\/englody.com\\\/\",\"name\":\"Englody | Software de gesti\u00f3n 360\u00ba para Academias de Ingl\u00e9s\",\"description\":\"\",\"potentialAction\":[{\"@type\":\"SearchAction\",\"target\":{\"@type\":\"EntryPoint\",\"urlTemplate\":\"https:\\\/\\\/englody.com\\\/?s={search_term_string}\"},\"query-input\":{\"@type\":\"PropertyValueSpecification\",\"valueRequired\":true,\"valueName\":\"search_term_string\"}}],\"inLanguage\":\"ca\"}]}<\/script>\n<!-- \/ Yoast SEO plugin. -->","yoast_head_json":{"title":"Registre de marca a Europa - Englody | Software de gesti\u00f3n 360\u00ba para Academias de Ingl\u00e9s","robots":{"index":"index","follow":"follow","max-snippet":"max-snippet:-1","max-image-preview":"max-image-preview:large","max-video-preview":"max-video-preview:-1"},"canonical":"https:\/\/englody.com\/producto\/registro-marca-europa\/","og_locale":"ca_ES","og_type":"article","og_title":"Registre de marca a Europa - Englody | Software de gesti\u00f3n 360\u00ba para Academias de Ingl\u00e9s","og_description":"Registre de marca comunit\u00e0ria en la Classe 41 (serveis propis d'una Acad\u00e8mia d'Angl\u00e8s).  Presentaci\u00f3 de la sol\u00b7licitud.  Servei d'assessorament amb la valoraci\u00f3 experta de Englody i informe de viabilitat abans de la presentaci\u00f3.  Servei de seguiment* i vigil\u00e0ncia** de la teva marca durant tota la vida administrativa de l'expedient fins a la seva renovaci\u00f3 cada 10 anys.  T\u00edtol de Propietat.  Taxa de Registre: 850 \u20ac (inclosa en el preu).  &nbsp;  *El seguiment \u00e9s un servei que inclou l'enviament de notificacions dels esdeveniments administratius que afectin la teva marca, els quals solen produir-se principalment a l'inici (sol\u00b7licitud, suspens, concessi\u00f3, etc.) i al final (renovaci\u00f3 o caducitat) de l'exist\u00e8ncia de la teva marca.  **El servei de vigil\u00e0ncia consisteix en la comunicaci\u00f3 de les noves sol\u00b7licituds de registre tant de marques com de noms comercials, id\u00e8ntiques o molt semblants que poguessin afectar els teus interessos, detectades pel nostre sistema inform\u00e0tic de vigil\u00e0ncia i les que traslladin tant la OEPM com la EUIPO.  Des de Englody, gestionem el registre de marques i patents a nivell espanyol, europeu i internacional en els \u00e0mbits de la protecci\u00f3 legal i la defensa jur\u00eddica. Realitzem totes les gestions i tr\u00e0mits a trav\u00e9s de:   Oficina Espanyola de Patents i Marques (OEPM).  Oficina de Propietat Intel\u00b7lectual de la Uni\u00f3 Europea (EUIPO).  Organitzaci\u00f3 Mundial de la Propietat Intel\u00b7lectual (OMPI).  Oficines nacionals de patents i marques de diversos pa\u00efsos.","og_url":"https:\/\/englody.com\/producto\/registro-marca-europa\/","og_site_name":"Englody | Software de gesti\u00f3n 360\u00ba para Academias de Ingl\u00e9s","og_image":[{"width":1080,"height":1080,"url":"https:\/\/englody.com\/wp-content\/uploads\/2024\/06\/englody-registro-marcas-europa.jpg","type":"image\/jpeg"}],"twitter_card":"summary_large_image","schema":{"@context":"https:\/\/schema.org","@graph":[{"@type":"WebPage","@id":"https:\/\/englody.com\/producto\/registro-marca-europa\/","url":"https:\/\/englody.com\/producto\/registro-marca-europa\/","name":"Registre de marca a Europa - Englody | Software de gesti\u00f3n 360\u00ba para Academias de Ingl\u00e9s","isPartOf":{"@id":"https:\/\/englody.com\/#website"},"primaryImageOfPage":{"@id":"https:\/\/englody.com\/producto\/registro-marca-europa\/#primaryimage"},"image":{"@id":"https:\/\/englody.com\/producto\/registro-marca-europa\/#primaryimage"},"thumbnailUrl":"https:\/\/englody.com\/wp-content\/uploads\/2024\/06\/englody-registro-marcas-europa.jpg","datePublished":"2024-06-03T07:41:40+00:00","breadcrumb":{"@id":"https:\/\/englody.com\/producto\/registro-marca-europa\/#breadcrumb"},"inLanguage":"ca","potentialAction":[{"@type":"ReadAction","target":["https:\/\/englody.com\/producto\/registro-marca-europa\/"]}]},{"@type":"ImageObject","inLanguage":"ca","@id":"https:\/\/englody.com\/producto\/registro-marca-europa\/#primaryimage","url":"https:\/\/englody.com\/wp-content\/uploads\/2024\/06\/englody-registro-marcas-europa.jpg","contentUrl":"https:\/\/englody.com\/wp-content\/uploads\/2024\/06\/englody-registro-marcas-europa.jpg","width":1080,"height":1080},{"@type":"BreadcrumbList","@id":"https:\/\/englody.com\/producto\/registro-marca-europa\/#breadcrumb","itemListElement":[{"@type":"ListItem","position":1,"name":"Portada","item":"https:\/\/englody.com\/ca\/"},{"@type":"ListItem","position":2,"name":"Englody Shop","item":"https:\/\/englody.com\/tienda\/"},{"@type":"ListItem","position":3,"name":"Registre de marca a Europa"}]},{"@type":"WebSite","@id":"https:\/\/englody.com\/#website","url":"https:\/\/englody.com\/","name":"Englody | Software de gesti\u00f3n 360\u00ba para Academias de Ingl\u00e9s","description":"","potentialAction":[{"@type":"SearchAction","target":{"@type":"EntryPoint","urlTemplate":"https:\/\/englody.com\/?s={search_term_string}"},"query-input":{"@type":"PropertyValueSpecification","valueRequired":true,"valueName":"search_term_string"}}],"inLanguage":"ca"}]}},"tiered_pricing_type":"fixed","tiered_pricing_fixed_rules":[],"tiered_pricing_product_settings":{"layout":"default","base_unit_name":{"singular":null,"plural":null},"default_variation":null},"tiered_pricing_minimum_quantity":null,"tiered_pricing_roles_data":[],"tiered_pricing_percentage_rules":[],"tiered_pricing_maximum_quantity":null,"tiered_pricing_quantity_step":null,"_links":{"self":[{"href":"https:\/\/englody.com\/ca\/wp-json\/wp\/v2\/product\/7820","targetHints":{"allow":["GET"]}}],"collection":[{"href":"https:\/\/englody.com\/ca\/wp-json\/wp\/v2\/product"}],"about":[{"href":"https:\/\/englody.com\/ca\/wp-json\/wp\/v2\/types\/product"}],"wp:featuredmedia":[{"embeddable":true,"href":"https:\/\/englody.com\/ca\/wp-json\/wp\/v2\/media\/6649"}],"wp:attachment":[{"href":"https:\/\/englody.com\/ca\/wp-json\/wp\/v2\/media?parent=7820"}],"wp:term":[{"taxonomy":"product_brand","embeddable":true,"href":"https:\/\/englody.com\/ca\/wp-json\/wp\/v2\/product_brand?post=7820"},{"taxonomy":"product_cat","embeddable":true,"href":"https:\/\/englody.com\/ca\/wp-json\/wp\/v2\/product_cat?post=7820"},{"taxonomy":"product_tag","embeddable":true,"href":"https:\/\/englody.com\/ca\/wp-json\/wp\/v2\/product_tag?post=7820"},{"taxonomy":"giftcard-category","embeddable":true,"href":"https:\/\/englody.com\/ca\/wp-json\/wp\/v2\/giftcard-category?post=7820"}],"curies":[{"name":"wp","href":"https:\/\/api.w.org\/{rel}","templated":true}]}}