{"id":7823,"date":"2024-04-22T09:48:16","date_gmt":"2024-04-22T07:48:16","guid":{"rendered":"https:\/\/englody.com\/producto\/disseny-de-retols-i-facanes\/"},"modified":"2024-04-22T09:48:16","modified_gmt":"2024-04-22T07:48:16","slug":"disseny-de-retols-i-facanes","status":"publish","type":"product","link":"https:\/\/englody.com\/ca\/producto\/disseny-de-retols-i-facanes\/","title":{"rendered":"Disseny de R\u00e8tols i Fa\u00e7anes"},"content":{"rendered":"","protected":false},"excerpt":{"rendered":"<p>Dissenyem el r\u00e8tol per a la fa\u00e7ana de la teva Acad\u00e8mia d&#8217;Ingl\u00e9s, respectant les guies del teu manual de marca. Si vols que et passem una proposta visual i una estimaci\u00f3 de preu, necessitem que responguis a un q\u00fcestionari i t&#8217;enviarem un pressupost detallat.<\/p>\n<p>Una vegada acceptat el pressupost, treballarem en el disseny de la teva proposta fins que ens diguis &#8220;I love it!&#8221;. Et farem lliurament dels arxius en art final llestos per a la teva empresa de retolaci\u00f3 de confian\u00e7a. Recomanem contractar un servei de retolaci\u00f3 per la teva zona perqu\u00e8 puguis estalviar al m\u00e0xim els costos de transport i instal\u00b7laci\u00f3.<\/p>\n<p><strong>Explica&#8217;ns:<\/strong><\/p>\n[forminator_form id=\"2496\"]\n","protected":false},"featured_media":6394,"template":"","meta":{"_joinchat":[]},"product_brand":[],"product_cat":[123,118],"product_tag":[],"giftcard-category":[],"class_list":{"0":"post-7823","1":"product","2":"type-product","3":"status-publish","4":"has-post-thumbnail","6":"product_cat-disseny-grafic","7":"product_cat-tots","9":"first","10":"instock","11":"taxable","12":"shipping-taxable","13":"purchasable","14":"product-type-simple"},"yoast_head":"<!-- This site is optimized with the Yoast SEO plugin v25.4 - https:\/\/yoast.com\/wordpress\/plugins\/seo\/ -->\n<title>Disseny de R\u00e8tols i Fa\u00e7anes - Englody | Software de gesti\u00f3n 360\u00ba para Academias de Ingl\u00e9s<\/title>\n<meta name=\"robots\" content=\"index, follow, max-snippet:-1, max-image-preview:large, max-video-preview:-1\" \/>\n<link rel=\"canonical\" href=\"https:\/\/englody.com\/producto\/diseno-de-rotulos\/\" \/>\n<meta property=\"og:locale\" content=\"ca_ES\" \/>\n<meta property=\"og:type\" content=\"article\" \/>\n<meta property=\"og:title\" content=\"Disseny de R\u00e8tols i Fa\u00e7anes - Englody | Software de gesti\u00f3n 360\u00ba para Academias de Ingl\u00e9s\" \/>\n<meta property=\"og:description\" content=\"Dissenyem el r\u00e8tol per a la fa\u00e7ana de la teva Acad\u00e8mia d&#039;Ingl\u00e9s, respectant les guies del teu manual de marca. Si vols que et passem una proposta visual i una estimaci\u00f3 de preu, necessitem que responguis a un q\u00fcestionari i t&#039;enviarem un pressupost detallat.  Una vegada acceptat el pressupost, treballarem en el disseny de la teva proposta fins que ens diguis &quot;I love it!&quot;. Et farem lliurament dels arxius en art final llestos per a la teva empresa de retolaci\u00f3 de confian\u00e7a. Recomanem contractar un servei de retolaci\u00f3 per la teva zona perqu\u00e8 puguis estalviar al m\u00e0xim els costos de transport i instal\u00b7laci\u00f3.  Explica&#039;ns:\" \/>\n<meta property=\"og:url\" content=\"https:\/\/englody.com\/producto\/diseno-de-rotulos\/\" \/>\n<meta property=\"og:site_name\" content=\"Englody | Software de gesti\u00f3n 360\u00ba para Academias de Ingl\u00e9s\" \/>\n<meta property=\"og:image\" content=\"https:\/\/englody.com\/wp-content\/uploads\/2024\/04\/englody-grafico-rotulo.jpg\" \/>\n\t<meta property=\"og:image:width\" content=\"1080\" \/>\n\t<meta property=\"og:image:height\" content=\"1080\" \/>\n\t<meta property=\"og:image:type\" content=\"image\/jpeg\" \/>\n<meta name=\"twitter:card\" content=\"summary_large_image\" \/>\n<script type=\"application\/ld+json\" class=\"yoast-schema-graph\">{\"@context\":\"https:\/\/schema.org\",\"@graph\":[{\"@type\":\"WebPage\",\"@id\":\"https:\/\/englody.com\/producto\/diseno-de-rotulos\/\",\"url\":\"https:\/\/englody.com\/producto\/diseno-de-rotulos\/\",\"name\":\"Disseny de R\u00e8tols i Fa\u00e7anes - Englody | Software de gesti\u00f3n 360\u00ba para Academias de Ingl\u00e9s\",\"isPartOf\":{\"@id\":\"https:\/\/englody.com\/#website\"},\"primaryImageOfPage\":{\"@id\":\"https:\/\/englody.com\/producto\/diseno-de-rotulos\/#primaryimage\"},\"image\":{\"@id\":\"https:\/\/englody.com\/producto\/diseno-de-rotulos\/#primaryimage\"},\"thumbnailUrl\":\"https:\/\/englody.com\/wp-content\/uploads\/2024\/04\/englody-grafico-rotulo.jpg\",\"datePublished\":\"2024-04-22T07:48:16+00:00\",\"breadcrumb\":{\"@id\":\"https:\/\/englody.com\/producto\/diseno-de-rotulos\/#breadcrumb\"},\"inLanguage\":\"ca\",\"potentialAction\":[{\"@type\":\"ReadAction\",\"target\":[\"https:\/\/englody.com\/producto\/diseno-de-rotulos\/\"]}]},{\"@type\":\"ImageObject\",\"inLanguage\":\"ca\",\"@id\":\"https:\/\/englody.com\/producto\/diseno-de-rotulos\/#primaryimage\",\"url\":\"https:\/\/englody.com\/wp-content\/uploads\/2024\/04\/englody-grafico-rotulo.jpg\",\"contentUrl\":\"https:\/\/englody.com\/wp-content\/uploads\/2024\/04\/englody-grafico-rotulo.jpg\",\"width\":1080,\"height\":1080},{\"@type\":\"BreadcrumbList\",\"@id\":\"https:\/\/englody.com\/producto\/diseno-de-rotulos\/#breadcrumb\",\"itemListElement\":[{\"@type\":\"ListItem\",\"position\":1,\"name\":\"Portada\",\"item\":\"https:\/\/englody.com\/ca\/\"},{\"@type\":\"ListItem\",\"position\":2,\"name\":\"Englody Shop\",\"item\":\"https:\/\/englody.com\/tienda\/\"},{\"@type\":\"ListItem\",\"position\":3,\"name\":\"Disseny de R\u00e8tols i Fa\u00e7anes\"}]},{\"@type\":\"WebSite\",\"@id\":\"https:\/\/englody.com\/#website\",\"url\":\"https:\/\/englody.com\/\",\"name\":\"Englody | Software de gesti\u00f3n 360\u00ba para Academias de Ingl\u00e9s\",\"description\":\"\",\"potentialAction\":[{\"@type\":\"SearchAction\",\"target\":{\"@type\":\"EntryPoint\",\"urlTemplate\":\"https:\/\/englody.com\/?s={search_term_string}\"},\"query-input\":{\"@type\":\"PropertyValueSpecification\",\"valueRequired\":true,\"valueName\":\"search_term_string\"}}],\"inLanguage\":\"ca\"}]}<\/script>\n<!-- \/ Yoast SEO plugin. -->","yoast_head_json":{"title":"Disseny de R\u00e8tols i Fa\u00e7anes - Englody | Software de gesti\u00f3n 360\u00ba para Academias de Ingl\u00e9s","robots":{"index":"index","follow":"follow","max-snippet":"max-snippet:-1","max-image-preview":"max-image-preview:large","max-video-preview":"max-video-preview:-1"},"canonical":"https:\/\/englody.com\/producto\/diseno-de-rotulos\/","og_locale":"ca_ES","og_type":"article","og_title":"Disseny de R\u00e8tols i Fa\u00e7anes - Englody | Software de gesti\u00f3n 360\u00ba para Academias de Ingl\u00e9s","og_description":"Dissenyem el r\u00e8tol per a la fa\u00e7ana de la teva Acad\u00e8mia d'Ingl\u00e9s, respectant les guies del teu manual de marca. Si vols que et passem una proposta visual i una estimaci\u00f3 de preu, necessitem que responguis a un q\u00fcestionari i t'enviarem un pressupost detallat.  Una vegada acceptat el pressupost, treballarem en el disseny de la teva proposta fins que ens diguis \"I love it!\". Et farem lliurament dels arxius en art final llestos per a la teva empresa de retolaci\u00f3 de confian\u00e7a. Recomanem contractar un servei de retolaci\u00f3 per la teva zona perqu\u00e8 puguis estalviar al m\u00e0xim els costos de transport i instal\u00b7laci\u00f3.  Explica'ns:","og_url":"https:\/\/englody.com\/producto\/diseno-de-rotulos\/","og_site_name":"Englody | Software de gesti\u00f3n 360\u00ba para Academias de Ingl\u00e9s","og_image":[{"width":1080,"height":1080,"url":"https:\/\/englody.com\/wp-content\/uploads\/2024\/04\/englody-grafico-rotulo.jpg","type":"image\/jpeg"}],"twitter_card":"summary_large_image","schema":{"@context":"https:\/\/schema.org","@graph":[{"@type":"WebPage","@id":"https:\/\/englody.com\/producto\/diseno-de-rotulos\/","url":"https:\/\/englody.com\/producto\/diseno-de-rotulos\/","name":"Disseny de R\u00e8tols i Fa\u00e7anes - Englody | Software de gesti\u00f3n 360\u00ba para Academias de Ingl\u00e9s","isPartOf":{"@id":"https:\/\/englody.com\/#website"},"primaryImageOfPage":{"@id":"https:\/\/englody.com\/producto\/diseno-de-rotulos\/#primaryimage"},"image":{"@id":"https:\/\/englody.com\/producto\/diseno-de-rotulos\/#primaryimage"},"thumbnailUrl":"https:\/\/englody.com\/wp-content\/uploads\/2024\/04\/englody-grafico-rotulo.jpg","datePublished":"2024-04-22T07:48:16+00:00","breadcrumb":{"@id":"https:\/\/englody.com\/producto\/diseno-de-rotulos\/#breadcrumb"},"inLanguage":"ca","potentialAction":[{"@type":"ReadAction","target":["https:\/\/englody.com\/producto\/diseno-de-rotulos\/"]}]},{"@type":"ImageObject","inLanguage":"ca","@id":"https:\/\/englody.com\/producto\/diseno-de-rotulos\/#primaryimage","url":"https:\/\/englody.com\/wp-content\/uploads\/2024\/04\/englody-grafico-rotulo.jpg","contentUrl":"https:\/\/englody.com\/wp-content\/uploads\/2024\/04\/englody-grafico-rotulo.jpg","width":1080,"height":1080},{"@type":"BreadcrumbList","@id":"https:\/\/englody.com\/producto\/diseno-de-rotulos\/#breadcrumb","itemListElement":[{"@type":"ListItem","position":1,"name":"Portada","item":"https:\/\/englody.com\/ca\/"},{"@type":"ListItem","position":2,"name":"Englody Shop","item":"https:\/\/englody.com\/tienda\/"},{"@type":"ListItem","position":3,"name":"Disseny de R\u00e8tols i Fa\u00e7anes"}]},{"@type":"WebSite","@id":"https:\/\/englody.com\/#website","url":"https:\/\/englody.com\/","name":"Englody | Software de gesti\u00f3n 360\u00ba para Academias de Ingl\u00e9s","description":"","potentialAction":[{"@type":"SearchAction","target":{"@type":"EntryPoint","urlTemplate":"https:\/\/englody.com\/?s={search_term_string}"},"query-input":{"@type":"PropertyValueSpecification","valueRequired":true,"valueName":"search_term_string"}}],"inLanguage":"ca"}]}},"tiered_pricing_type":"fixed","tiered_pricing_fixed_rules":[],"tiered_pricing_product_settings":{"layout":"default","base_unit_name":{"singular":null,"plural":null},"default_variation":null},"tiered_pricing_minimum_quantity":null,"tiered_pricing_roles_data":[],"tiered_pricing_percentage_rules":[],"tiered_pricing_maximum_quantity":null,"tiered_pricing_quantity_step":null,"_links":{"self":[{"href":"https:\/\/englody.com\/ca\/wp-json\/wp\/v2\/product\/7823","targetHints":{"allow":["GET"]}}],"collection":[{"href":"https:\/\/englody.com\/ca\/wp-json\/wp\/v2\/product"}],"about":[{"href":"https:\/\/englody.com\/ca\/wp-json\/wp\/v2\/types\/product"}],"wp:featuredmedia":[{"embeddable":true,"href":"https:\/\/englody.com\/ca\/wp-json\/wp\/v2\/media\/6394"}],"wp:attachment":[{"href":"https:\/\/englody.com\/ca\/wp-json\/wp\/v2\/media?parent=7823"}],"wp:term":[{"taxonomy":"product_brand","embeddable":true,"href":"https:\/\/englody.com\/ca\/wp-json\/wp\/v2\/product_brand?post=7823"},{"taxonomy":"product_cat","embeddable":true,"href":"https:\/\/englody.com\/ca\/wp-json\/wp\/v2\/product_cat?post=7823"},{"taxonomy":"product_tag","embeddable":true,"href":"https:\/\/englody.com\/ca\/wp-json\/wp\/v2\/product_tag?post=7823"},{"taxonomy":"giftcard-category","embeddable":true,"href":"https:\/\/englody.com\/ca\/wp-json\/wp\/v2\/giftcard-category?post=7823"}],"curies":[{"name":"wp","href":"https:\/\/api.w.org\/{rel}","templated":true}]}}