{"id":7824,"date":"2024-04-19T11:32:56","date_gmt":"2024-04-19T09:32:56","guid":{"rendered":"https:\/\/englody.com\/producto\/branding-i-pack-identitat-corporativa\/"},"modified":"2024-04-19T11:32:56","modified_gmt":"2024-04-19T09:32:56","slug":"branding-i-pack-identitat-corporativa","status":"publish","type":"product","link":"https:\/\/englody.com\/ca\/producto\/branding-i-pack-identitat-corporativa\/","title":{"rendered":"Br\u00e0nding i Pack Identitat Corporativa"},"content":{"rendered":"","protected":false},"excerpt":{"rendered":"<p>Disseny de Br\u00e0nding i Pack d&#8217;Identitat Corporativa per a Acad\u00e8mies d&#8217;Angl\u00e8s, que inclou:<\/p>\n<p><strong>Estudi i disseny de Br\u00e0nding per a la teva Acad\u00e8mia d&#8217;Angl\u00e8s<\/strong><\/p>\n<ul>\n<li>Definim la Missi\u00f3 \/ visi\u00f3 de la teva marca, per a transmetre una forma de comunicaci\u00f3 coherent.<\/li>\n<li>Establim el To de veu de la teva marca, fonamental que la marca tingui una veu pr\u00f2pia. Per a aix\u00f2, identifiquem el teu buyer persona i definim el to amb el qual connectar\u00e0s m\u00e9s amb el teu p\u00fablic.<\/li>\n<li>Dissenyem el logotip de la teva Acad\u00e8mia, amb l&#8217;objectiu de transmetre la mis\u00f3n\/visi\u00f3 i els valors de la teva marca.<\/li>\n<li>Et fem lliurament del teu logotip en diferents formats per a la seva adaptaci\u00f3 en diferents mitjans.<\/li>\n<li>Dissenyem i et lliurem el Manual d&#8217;Identitat Corporativa, amb instruccions detallades per a utilitzar el teu logotip de manera coherent (versions, aplicacions, gamma crom\u00e0tica, tipografies, usos incorrectes&#8230;).<\/li>\n<li>I per descomptat, et lliurem el copyright absolut del teu logotip.<\/li>\n<\/ul>\n<p><strong>Papereria corporativa amb la nova imatge de la teva Acad\u00e8mia d&#8217;Angl\u00e8s<\/strong><\/p>\n<p>En el pack, incloem el disseny dels elements corporatius que considerem b\u00e0sics en tota Acad\u00e8mia:<\/p>\n<ul>\n<li>Targetes de visita (85x50mm).<\/li>\n<li>Carpetes corporatives A4+<\/li>\n<li>Folis A4 corporatius.<\/li>\n<li>Targetes informatives A6.<\/li>\n<\/ul>\n<p>T&#8217;enviarem els arts finals de tots aquests elements, llestos perqu\u00e8 puguis enviar-los a la teva impremta de confian\u00e7a. Si prefereixes que te&#8217;ls imprimim nosaltres, contacta&#8217;ns i et passarem un pressupost d&#8217;impressi\u00f3 detallat.<\/p>\n","protected":false},"featured_media":6390,"template":"","meta":{"_joinchat":[]},"product_brand":[],"product_cat":[123,118],"product_tag":[],"giftcard-category":[],"class_list":{"0":"post-7824","1":"product","2":"type-product","3":"status-publish","4":"has-post-thumbnail","6":"product_cat-disseny-grafic","7":"product_cat-tots","9":"first","10":"instock","11":"taxable","12":"shipping-taxable","13":"purchasable","14":"product-type-simple"},"yoast_head":"<!-- This site is optimized with the Yoast SEO plugin v25.4 - https:\/\/yoast.com\/wordpress\/plugins\/seo\/ -->\n<title>Br\u00e0nding i Pack Identitat Corporativa - Englody | Software de gesti\u00f3n 360\u00ba para Academias de Ingl\u00e9s<\/title>\n<meta name=\"robots\" content=\"index, follow, max-snippet:-1, max-image-preview:large, max-video-preview:-1\" \/>\n<link rel=\"canonical\" href=\"https:\/\/englody.com\/producto\/pack-identidad-corporativa\/\" \/>\n<meta property=\"og:locale\" content=\"ca_ES\" \/>\n<meta property=\"og:type\" content=\"article\" \/>\n<meta property=\"og:title\" content=\"Br\u00e0nding i Pack Identitat Corporativa - Englody | Software de gesti\u00f3n 360\u00ba para Academias de Ingl\u00e9s\" \/>\n<meta property=\"og:description\" content=\"Disseny de Br\u00e0nding i Pack d&#039;Identitat Corporativa per a Acad\u00e8mies d&#039;Angl\u00e8s, que inclou:  Estudi i disseny de Br\u00e0nding per a la teva Acad\u00e8mia d&#039;Angl\u00e8s   Definim la Missi\u00f3 \/ visi\u00f3 de la teva marca, per a transmetre una forma de comunicaci\u00f3 coherent.  Establim el To de veu de la teva marca, fonamental que la marca tingui una veu pr\u00f2pia. Per a aix\u00f2, identifiquem el teu buyer persona i definim el to amb el qual connectar\u00e0s m\u00e9s amb el teu p\u00fablic.  Dissenyem el logotip de la teva Acad\u00e8mia, amb l&#039;objectiu de transmetre la mis\u00f3n\/visi\u00f3 i els valors de la teva marca.  Et fem lliurament del teu logotip en diferents formats per a la seva adaptaci\u00f3 en diferents mitjans.  Dissenyem i et lliurem el Manual d&#039;Identitat Corporativa, amb instruccions detallades per a utilitzar el teu logotip de manera coherent (versions, aplicacions, gamma crom\u00e0tica, tipografies, usos incorrectes...).  I per descomptat, et lliurem el copyright absolut del teu logotip.  Papereria corporativa amb la nova imatge de la teva Acad\u00e8mia d&#039;Angl\u00e8s  En el pack, incloem el disseny dels elements corporatius que considerem b\u00e0sics en tota Acad\u00e8mia:   Targetes de visita (85x50mm).  Carpetes corporatives A4+  Folis A4 corporatius.  Targetes informatives A6.  T&#039;enviarem els arts finals de tots aquests elements, llestos perqu\u00e8 puguis enviar-los a la teva impremta de confian\u00e7a. Si prefereixes que te&#039;ls imprimim nosaltres, contacta&#039;ns i et passarem un pressupost d&#039;impressi\u00f3 detallat.\" \/>\n<meta property=\"og:url\" content=\"https:\/\/englody.com\/producto\/pack-identidad-corporativa\/\" \/>\n<meta property=\"og:site_name\" content=\"Englody | Software de gesti\u00f3n 360\u00ba para Academias de Ingl\u00e9s\" \/>\n<meta property=\"og:image\" content=\"https:\/\/englody.com\/wp-content\/uploads\/2024\/04\/englody-grafico-pack-1.jpg\" \/>\n\t<meta property=\"og:image:width\" content=\"1080\" \/>\n\t<meta property=\"og:image:height\" content=\"1080\" \/>\n\t<meta property=\"og:image:type\" content=\"image\/jpeg\" \/>\n<meta name=\"twitter:card\" content=\"summary_large_image\" \/>\n<script type=\"application\/ld+json\" class=\"yoast-schema-graph\">{\"@context\":\"https:\/\/schema.org\",\"@graph\":[{\"@type\":\"WebPage\",\"@id\":\"https:\/\/englody.com\/producto\/pack-identidad-corporativa\/\",\"url\":\"https:\/\/englody.com\/producto\/pack-identidad-corporativa\/\",\"name\":\"Br\u00e0nding i Pack Identitat Corporativa - Englody | Software de gesti\u00f3n 360\u00ba para Academias de Ingl\u00e9s\",\"isPartOf\":{\"@id\":\"https:\/\/englody.com\/#website\"},\"primaryImageOfPage\":{\"@id\":\"https:\/\/englody.com\/producto\/pack-identidad-corporativa\/#primaryimage\"},\"image\":{\"@id\":\"https:\/\/englody.com\/producto\/pack-identidad-corporativa\/#primaryimage\"},\"thumbnailUrl\":\"https:\/\/englody.com\/wp-content\/uploads\/2024\/04\/englody-grafico-pack-1.jpg\",\"datePublished\":\"2024-04-19T09:32:56+00:00\",\"breadcrumb\":{\"@id\":\"https:\/\/englody.com\/producto\/pack-identidad-corporativa\/#breadcrumb\"},\"inLanguage\":\"ca\",\"potentialAction\":[{\"@type\":\"ReadAction\",\"target\":[\"https:\/\/englody.com\/producto\/pack-identidad-corporativa\/\"]}]},{\"@type\":\"ImageObject\",\"inLanguage\":\"ca\",\"@id\":\"https:\/\/englody.com\/producto\/pack-identidad-corporativa\/#primaryimage\",\"url\":\"https:\/\/englody.com\/wp-content\/uploads\/2024\/04\/englody-grafico-pack-1.jpg\",\"contentUrl\":\"https:\/\/englody.com\/wp-content\/uploads\/2024\/04\/englody-grafico-pack-1.jpg\",\"width\":1080,\"height\":1080},{\"@type\":\"BreadcrumbList\",\"@id\":\"https:\/\/englody.com\/producto\/pack-identidad-corporativa\/#breadcrumb\",\"itemListElement\":[{\"@type\":\"ListItem\",\"position\":1,\"name\":\"Portada\",\"item\":\"https:\/\/englody.com\/ca\/\"},{\"@type\":\"ListItem\",\"position\":2,\"name\":\"Englody Shop\",\"item\":\"https:\/\/englody.com\/tienda\/\"},{\"@type\":\"ListItem\",\"position\":3,\"name\":\"Br\u00e0nding i Pack Identitat Corporativa\"}]},{\"@type\":\"WebSite\",\"@id\":\"https:\/\/englody.com\/#website\",\"url\":\"https:\/\/englody.com\/\",\"name\":\"Englody | Software de gesti\u00f3n 360\u00ba para Academias de Ingl\u00e9s\",\"description\":\"\",\"potentialAction\":[{\"@type\":\"SearchAction\",\"target\":{\"@type\":\"EntryPoint\",\"urlTemplate\":\"https:\/\/englody.com\/?s={search_term_string}\"},\"query-input\":{\"@type\":\"PropertyValueSpecification\",\"valueRequired\":true,\"valueName\":\"search_term_string\"}}],\"inLanguage\":\"ca\"}]}<\/script>\n<!-- \/ Yoast SEO plugin. -->","yoast_head_json":{"title":"Br\u00e0nding i Pack Identitat Corporativa - Englody | Software de gesti\u00f3n 360\u00ba para Academias de Ingl\u00e9s","robots":{"index":"index","follow":"follow","max-snippet":"max-snippet:-1","max-image-preview":"max-image-preview:large","max-video-preview":"max-video-preview:-1"},"canonical":"https:\/\/englody.com\/producto\/pack-identidad-corporativa\/","og_locale":"ca_ES","og_type":"article","og_title":"Br\u00e0nding i Pack Identitat Corporativa - Englody | Software de gesti\u00f3n 360\u00ba para Academias de Ingl\u00e9s","og_description":"Disseny de Br\u00e0nding i Pack d'Identitat Corporativa per a Acad\u00e8mies d'Angl\u00e8s, que inclou:  Estudi i disseny de Br\u00e0nding per a la teva Acad\u00e8mia d'Angl\u00e8s   Definim la Missi\u00f3 \/ visi\u00f3 de la teva marca, per a transmetre una forma de comunicaci\u00f3 coherent.  Establim el To de veu de la teva marca, fonamental que la marca tingui una veu pr\u00f2pia. Per a aix\u00f2, identifiquem el teu buyer persona i definim el to amb el qual connectar\u00e0s m\u00e9s amb el teu p\u00fablic.  Dissenyem el logotip de la teva Acad\u00e8mia, amb l'objectiu de transmetre la mis\u00f3n\/visi\u00f3 i els valors de la teva marca.  Et fem lliurament del teu logotip en diferents formats per a la seva adaptaci\u00f3 en diferents mitjans.  Dissenyem i et lliurem el Manual d'Identitat Corporativa, amb instruccions detallades per a utilitzar el teu logotip de manera coherent (versions, aplicacions, gamma crom\u00e0tica, tipografies, usos incorrectes...).  I per descomptat, et lliurem el copyright absolut del teu logotip.  Papereria corporativa amb la nova imatge de la teva Acad\u00e8mia d'Angl\u00e8s  En el pack, incloem el disseny dels elements corporatius que considerem b\u00e0sics en tota Acad\u00e8mia:   Targetes de visita (85x50mm).  Carpetes corporatives A4+  Folis A4 corporatius.  Targetes informatives A6.  T'enviarem els arts finals de tots aquests elements, llestos perqu\u00e8 puguis enviar-los a la teva impremta de confian\u00e7a. Si prefereixes que te'ls imprimim nosaltres, contacta'ns i et passarem un pressupost d'impressi\u00f3 detallat.","og_url":"https:\/\/englody.com\/producto\/pack-identidad-corporativa\/","og_site_name":"Englody | Software de gesti\u00f3n 360\u00ba para Academias de Ingl\u00e9s","og_image":[{"width":1080,"height":1080,"url":"https:\/\/englody.com\/wp-content\/uploads\/2024\/04\/englody-grafico-pack-1.jpg","type":"image\/jpeg"}],"twitter_card":"summary_large_image","schema":{"@context":"https:\/\/schema.org","@graph":[{"@type":"WebPage","@id":"https:\/\/englody.com\/producto\/pack-identidad-corporativa\/","url":"https:\/\/englody.com\/producto\/pack-identidad-corporativa\/","name":"Br\u00e0nding i Pack Identitat Corporativa - Englody | Software de gesti\u00f3n 360\u00ba para Academias de Ingl\u00e9s","isPartOf":{"@id":"https:\/\/englody.com\/#website"},"primaryImageOfPage":{"@id":"https:\/\/englody.com\/producto\/pack-identidad-corporativa\/#primaryimage"},"image":{"@id":"https:\/\/englody.com\/producto\/pack-identidad-corporativa\/#primaryimage"},"thumbnailUrl":"https:\/\/englody.com\/wp-content\/uploads\/2024\/04\/englody-grafico-pack-1.jpg","datePublished":"2024-04-19T09:32:56+00:00","breadcrumb":{"@id":"https:\/\/englody.com\/producto\/pack-identidad-corporativa\/#breadcrumb"},"inLanguage":"ca","potentialAction":[{"@type":"ReadAction","target":["https:\/\/englody.com\/producto\/pack-identidad-corporativa\/"]}]},{"@type":"ImageObject","inLanguage":"ca","@id":"https:\/\/englody.com\/producto\/pack-identidad-corporativa\/#primaryimage","url":"https:\/\/englody.com\/wp-content\/uploads\/2024\/04\/englody-grafico-pack-1.jpg","contentUrl":"https:\/\/englody.com\/wp-content\/uploads\/2024\/04\/englody-grafico-pack-1.jpg","width":1080,"height":1080},{"@type":"BreadcrumbList","@id":"https:\/\/englody.com\/producto\/pack-identidad-corporativa\/#breadcrumb","itemListElement":[{"@type":"ListItem","position":1,"name":"Portada","item":"https:\/\/englody.com\/ca\/"},{"@type":"ListItem","position":2,"name":"Englody Shop","item":"https:\/\/englody.com\/tienda\/"},{"@type":"ListItem","position":3,"name":"Br\u00e0nding i Pack Identitat Corporativa"}]},{"@type":"WebSite","@id":"https:\/\/englody.com\/#website","url":"https:\/\/englody.com\/","name":"Englody | Software de gesti\u00f3n 360\u00ba para Academias de Ingl\u00e9s","description":"","potentialAction":[{"@type":"SearchAction","target":{"@type":"EntryPoint","urlTemplate":"https:\/\/englody.com\/?s={search_term_string}"},"query-input":{"@type":"PropertyValueSpecification","valueRequired":true,"valueName":"search_term_string"}}],"inLanguage":"ca"}]}},"tiered_pricing_type":"fixed","tiered_pricing_fixed_rules":[],"tiered_pricing_product_settings":{"layout":"default","base_unit_name":{"singular":null,"plural":null},"default_variation":null},"tiered_pricing_minimum_quantity":null,"tiered_pricing_roles_data":[],"tiered_pricing_percentage_rules":[],"tiered_pricing_maximum_quantity":null,"tiered_pricing_quantity_step":null,"_links":{"self":[{"href":"https:\/\/englody.com\/ca\/wp-json\/wp\/v2\/product\/7824","targetHints":{"allow":["GET"]}}],"collection":[{"href":"https:\/\/englody.com\/ca\/wp-json\/wp\/v2\/product"}],"about":[{"href":"https:\/\/englody.com\/ca\/wp-json\/wp\/v2\/types\/product"}],"wp:featuredmedia":[{"embeddable":true,"href":"https:\/\/englody.com\/ca\/wp-json\/wp\/v2\/media\/6390"}],"wp:attachment":[{"href":"https:\/\/englody.com\/ca\/wp-json\/wp\/v2\/media?parent=7824"}],"wp:term":[{"taxonomy":"product_brand","embeddable":true,"href":"https:\/\/englody.com\/ca\/wp-json\/wp\/v2\/product_brand?post=7824"},{"taxonomy":"product_cat","embeddable":true,"href":"https:\/\/englody.com\/ca\/wp-json\/wp\/v2\/product_cat?post=7824"},{"taxonomy":"product_tag","embeddable":true,"href":"https:\/\/englody.com\/ca\/wp-json\/wp\/v2\/product_tag?post=7824"},{"taxonomy":"giftcard-category","embeddable":true,"href":"https:\/\/englody.com\/ca\/wp-json\/wp\/v2\/giftcard-category?post=7824"}],"curies":[{"name":"wp","href":"https:\/\/api.w.org\/{rel}","templated":true}]}}