{"id":7826,"date":"2024-04-18T15:22:09","date_gmt":"2024-04-18T13:22:09","guid":{"rendered":"https:\/\/englody.com\/producto\/disseny-de-logotip\/"},"modified":"2024-04-18T15:22:09","modified_gmt":"2024-04-18T13:22:09","slug":"disseny-de-logotip","status":"publish","type":"product","link":"https:\/\/englody.com\/ca\/producto\/disseny-de-logotip\/","title":{"rendered":"Disseny de Logotip"},"content":{"rendered":"","protected":false},"excerpt":{"rendered":"<p>En el nostre servei de <strong>Disseny de Logotip i Manual Corporatiu<\/strong>, ens comprometem a crear una imatge visual que no sols sigui atractiva, sin\u00f3 que tamb\u00e9 reflecteixi l&#8217;ess\u00e8ncia, valors i personalitat \u00fanica de la teva Acad\u00e8mia d&#8217;Angl\u00e8s.<\/p>\n<p>El nostre proc\u00e9s \u00e9s meticul\u00f3s i personalitzat: treballem bra\u00e7 a bra\u00e7 amb tu per a assegurar-nos que el logotip que dissenyem sigui perfecte per a la teva marca. Ens assegurem que cada element del logotip \u2014des dels colors fins a la tipografia\u2014 estigui alineat amb la visi\u00f3 i missi\u00f3 del teu negoci.<\/p>\n<p>Entenem que la teva marca ha de tenir una pres\u00e8ncia coherent i professional en tots els canals de comunicaci\u00f3. Per aix\u00f2, <strong>lliurem el teu logotip en m\u00faltiples formats<\/strong>, llestos per a ser utilitzats en tota mena de plataformes i suports, tant digitals com impresos. A m\u00e9s, per a garantir que la teva imatge de marca es mantingui consistent al llarg del temps, <strong>lliurem un Manual Corporatiu<\/strong> que inclou directrius clares sobre com usar correctament el logotip, els colors, les fonts i altres elements visuals. Aquest manual \u00e9s el teu guia per a reproduir la teva marca de manera coherent i professional, sense importar el mitj\u00e0 o l&#8217;aplicaci\u00f3. Per descomptat, amb lliurament del copyright absolut.<\/p>\n","protected":false},"featured_media":6374,"template":"","meta":{"_joinchat":[]},"product_brand":[],"product_cat":[123,118],"product_tag":[],"giftcard-category":[],"class_list":{"0":"post-7826","1":"product","2":"type-product","3":"status-publish","4":"has-post-thumbnail","6":"product_cat-disseny-grafic","7":"product_cat-tots","9":"first","10":"instock","11":"taxable","12":"shipping-taxable","13":"purchasable","14":"product-type-simple"},"yoast_head":"<!-- This site is optimized with the Yoast SEO plugin v25.4 - https:\/\/yoast.com\/wordpress\/plugins\/seo\/ -->\n<title>Disseny de Logotip - Englody | Software de gesti\u00f3n 360\u00ba para Academias de Ingl\u00e9s<\/title>\n<meta name=\"robots\" content=\"index, follow, max-snippet:-1, max-image-preview:large, max-video-preview:-1\" \/>\n<link rel=\"canonical\" href=\"https:\/\/englody.com\/producto\/diseno-de-logotipo\/\" \/>\n<meta property=\"og:locale\" content=\"ca_ES\" \/>\n<meta property=\"og:type\" content=\"article\" \/>\n<meta property=\"og:title\" content=\"Disseny de Logotip - Englody | Software de gesti\u00f3n 360\u00ba para Academias de Ingl\u00e9s\" \/>\n<meta property=\"og:description\" content=\"En el nostre servei de Disseny de Logotip i Manual Corporatiu, ens comprometem a crear una imatge visual que no sols sigui atractiva, sin\u00f3 que tamb\u00e9 reflecteixi l&#039;ess\u00e8ncia, valors i personalitat \u00fanica de la teva Acad\u00e8mia d&#039;Angl\u00e8s.  El nostre proc\u00e9s \u00e9s meticul\u00f3s i personalitzat: treballem bra\u00e7 a bra\u00e7 amb tu per a assegurar-nos que el logotip que dissenyem sigui perfecte per a la teva marca. Ens assegurem que cada element del logotip \u2014des dels colors fins a la tipografia\u2014 estigui alineat amb la visi\u00f3 i missi\u00f3 del teu negoci.  Entenem que la teva marca ha de tenir una pres\u00e8ncia coherent i professional en tots els canals de comunicaci\u00f3. Per aix\u00f2, lliurem el teu logotip en m\u00faltiples formats, llestos per a ser utilitzats en tota mena de plataformes i suports, tant digitals com impresos. A m\u00e9s, per a garantir que la teva imatge de marca es mantingui consistent al llarg del temps, lliurem un Manual Corporatiu que inclou directrius clares sobre com usar correctament el logotip, els colors, les fonts i altres elements visuals. Aquest manual \u00e9s el teu guia per a reproduir la teva marca de manera coherent i professional, sense importar el mitj\u00e0 o l&#039;aplicaci\u00f3. Per descomptat, amb lliurament del copyright absolut.\" \/>\n<meta property=\"og:url\" content=\"https:\/\/englody.com\/producto\/diseno-de-logotipo\/\" \/>\n<meta property=\"og:site_name\" content=\"Englody | Software de gesti\u00f3n 360\u00ba para Academias de Ingl\u00e9s\" \/>\n<meta property=\"og:image\" content=\"https:\/\/englody.com\/wp-content\/uploads\/2024\/04\/englody-grafico-logo-englishfactory.jpg\" \/>\n\t<meta property=\"og:image:width\" content=\"1080\" \/>\n\t<meta property=\"og:image:height\" content=\"1080\" \/>\n\t<meta property=\"og:image:type\" content=\"image\/jpeg\" \/>\n<meta name=\"twitter:card\" content=\"summary_large_image\" \/>\n<script type=\"application\/ld+json\" class=\"yoast-schema-graph\">{\"@context\":\"https:\/\/schema.org\",\"@graph\":[{\"@type\":\"WebPage\",\"@id\":\"https:\/\/englody.com\/producto\/diseno-de-logotipo\/\",\"url\":\"https:\/\/englody.com\/producto\/diseno-de-logotipo\/\",\"name\":\"Disseny de Logotip - Englody | Software de gesti\u00f3n 360\u00ba para Academias de Ingl\u00e9s\",\"isPartOf\":{\"@id\":\"https:\/\/englody.com\/#website\"},\"primaryImageOfPage\":{\"@id\":\"https:\/\/englody.com\/producto\/diseno-de-logotipo\/#primaryimage\"},\"image\":{\"@id\":\"https:\/\/englody.com\/producto\/diseno-de-logotipo\/#primaryimage\"},\"thumbnailUrl\":\"https:\/\/englody.com\/wp-content\/uploads\/2024\/04\/englody-grafico-logo-englishfactory.jpg\",\"datePublished\":\"2024-04-18T13:22:09+00:00\",\"breadcrumb\":{\"@id\":\"https:\/\/englody.com\/producto\/diseno-de-logotipo\/#breadcrumb\"},\"inLanguage\":\"ca\",\"potentialAction\":[{\"@type\":\"ReadAction\",\"target\":[\"https:\/\/englody.com\/producto\/diseno-de-logotipo\/\"]}]},{\"@type\":\"ImageObject\",\"inLanguage\":\"ca\",\"@id\":\"https:\/\/englody.com\/producto\/diseno-de-logotipo\/#primaryimage\",\"url\":\"https:\/\/englody.com\/wp-content\/uploads\/2024\/04\/englody-grafico-logo-englishfactory.jpg\",\"contentUrl\":\"https:\/\/englody.com\/wp-content\/uploads\/2024\/04\/englody-grafico-logo-englishfactory.jpg\",\"width\":1080,\"height\":1080},{\"@type\":\"BreadcrumbList\",\"@id\":\"https:\/\/englody.com\/producto\/diseno-de-logotipo\/#breadcrumb\",\"itemListElement\":[{\"@type\":\"ListItem\",\"position\":1,\"name\":\"Portada\",\"item\":\"https:\/\/englody.com\/ca\/\"},{\"@type\":\"ListItem\",\"position\":2,\"name\":\"Englody Shop\",\"item\":\"https:\/\/englody.com\/tienda\/\"},{\"@type\":\"ListItem\",\"position\":3,\"name\":\"Disseny de Logotip\"}]},{\"@type\":\"WebSite\",\"@id\":\"https:\/\/englody.com\/#website\",\"url\":\"https:\/\/englody.com\/\",\"name\":\"Englody | Software de gesti\u00f3n 360\u00ba para Academias de Ingl\u00e9s\",\"description\":\"\",\"potentialAction\":[{\"@type\":\"SearchAction\",\"target\":{\"@type\":\"EntryPoint\",\"urlTemplate\":\"https:\/\/englody.com\/?s={search_term_string}\"},\"query-input\":{\"@type\":\"PropertyValueSpecification\",\"valueRequired\":true,\"valueName\":\"search_term_string\"}}],\"inLanguage\":\"ca\"}]}<\/script>\n<!-- \/ Yoast SEO plugin. -->","yoast_head_json":{"title":"Disseny de Logotip - Englody | Software de gesti\u00f3n 360\u00ba para Academias de Ingl\u00e9s","robots":{"index":"index","follow":"follow","max-snippet":"max-snippet:-1","max-image-preview":"max-image-preview:large","max-video-preview":"max-video-preview:-1"},"canonical":"https:\/\/englody.com\/producto\/diseno-de-logotipo\/","og_locale":"ca_ES","og_type":"article","og_title":"Disseny de Logotip - Englody | Software de gesti\u00f3n 360\u00ba para Academias de Ingl\u00e9s","og_description":"En el nostre servei de Disseny de Logotip i Manual Corporatiu, ens comprometem a crear una imatge visual que no sols sigui atractiva, sin\u00f3 que tamb\u00e9 reflecteixi l'ess\u00e8ncia, valors i personalitat \u00fanica de la teva Acad\u00e8mia d'Angl\u00e8s.  El nostre proc\u00e9s \u00e9s meticul\u00f3s i personalitzat: treballem bra\u00e7 a bra\u00e7 amb tu per a assegurar-nos que el logotip que dissenyem sigui perfecte per a la teva marca. Ens assegurem que cada element del logotip \u2014des dels colors fins a la tipografia\u2014 estigui alineat amb la visi\u00f3 i missi\u00f3 del teu negoci.  Entenem que la teva marca ha de tenir una pres\u00e8ncia coherent i professional en tots els canals de comunicaci\u00f3. Per aix\u00f2, lliurem el teu logotip en m\u00faltiples formats, llestos per a ser utilitzats en tota mena de plataformes i suports, tant digitals com impresos. A m\u00e9s, per a garantir que la teva imatge de marca es mantingui consistent al llarg del temps, lliurem un Manual Corporatiu que inclou directrius clares sobre com usar correctament el logotip, els colors, les fonts i altres elements visuals. Aquest manual \u00e9s el teu guia per a reproduir la teva marca de manera coherent i professional, sense importar el mitj\u00e0 o l'aplicaci\u00f3. Per descomptat, amb lliurament del copyright absolut.","og_url":"https:\/\/englody.com\/producto\/diseno-de-logotipo\/","og_site_name":"Englody | Software de gesti\u00f3n 360\u00ba para Academias de Ingl\u00e9s","og_image":[{"width":1080,"height":1080,"url":"https:\/\/englody.com\/wp-content\/uploads\/2024\/04\/englody-grafico-logo-englishfactory.jpg","type":"image\/jpeg"}],"twitter_card":"summary_large_image","schema":{"@context":"https:\/\/schema.org","@graph":[{"@type":"WebPage","@id":"https:\/\/englody.com\/producto\/diseno-de-logotipo\/","url":"https:\/\/englody.com\/producto\/diseno-de-logotipo\/","name":"Disseny de Logotip - Englody | Software de gesti\u00f3n 360\u00ba para Academias de Ingl\u00e9s","isPartOf":{"@id":"https:\/\/englody.com\/#website"},"primaryImageOfPage":{"@id":"https:\/\/englody.com\/producto\/diseno-de-logotipo\/#primaryimage"},"image":{"@id":"https:\/\/englody.com\/producto\/diseno-de-logotipo\/#primaryimage"},"thumbnailUrl":"https:\/\/englody.com\/wp-content\/uploads\/2024\/04\/englody-grafico-logo-englishfactory.jpg","datePublished":"2024-04-18T13:22:09+00:00","breadcrumb":{"@id":"https:\/\/englody.com\/producto\/diseno-de-logotipo\/#breadcrumb"},"inLanguage":"ca","potentialAction":[{"@type":"ReadAction","target":["https:\/\/englody.com\/producto\/diseno-de-logotipo\/"]}]},{"@type":"ImageObject","inLanguage":"ca","@id":"https:\/\/englody.com\/producto\/diseno-de-logotipo\/#primaryimage","url":"https:\/\/englody.com\/wp-content\/uploads\/2024\/04\/englody-grafico-logo-englishfactory.jpg","contentUrl":"https:\/\/englody.com\/wp-content\/uploads\/2024\/04\/englody-grafico-logo-englishfactory.jpg","width":1080,"height":1080},{"@type":"BreadcrumbList","@id":"https:\/\/englody.com\/producto\/diseno-de-logotipo\/#breadcrumb","itemListElement":[{"@type":"ListItem","position":1,"name":"Portada","item":"https:\/\/englody.com\/ca\/"},{"@type":"ListItem","position":2,"name":"Englody Shop","item":"https:\/\/englody.com\/tienda\/"},{"@type":"ListItem","position":3,"name":"Disseny de Logotip"}]},{"@type":"WebSite","@id":"https:\/\/englody.com\/#website","url":"https:\/\/englody.com\/","name":"Englody | Software de gesti\u00f3n 360\u00ba para Academias de Ingl\u00e9s","description":"","potentialAction":[{"@type":"SearchAction","target":{"@type":"EntryPoint","urlTemplate":"https:\/\/englody.com\/?s={search_term_string}"},"query-input":{"@type":"PropertyValueSpecification","valueRequired":true,"valueName":"search_term_string"}}],"inLanguage":"ca"}]}},"tiered_pricing_type":"fixed","tiered_pricing_fixed_rules":[],"tiered_pricing_product_settings":{"layout":"default","base_unit_name":{"singular":null,"plural":null},"default_variation":null},"tiered_pricing_minimum_quantity":null,"tiered_pricing_roles_data":[],"tiered_pricing_percentage_rules":[],"tiered_pricing_maximum_quantity":null,"tiered_pricing_quantity_step":null,"_links":{"self":[{"href":"https:\/\/englody.com\/ca\/wp-json\/wp\/v2\/product\/7826","targetHints":{"allow":["GET"]}}],"collection":[{"href":"https:\/\/englody.com\/ca\/wp-json\/wp\/v2\/product"}],"about":[{"href":"https:\/\/englody.com\/ca\/wp-json\/wp\/v2\/types\/product"}],"wp:featuredmedia":[{"embeddable":true,"href":"https:\/\/englody.com\/ca\/wp-json\/wp\/v2\/media\/6374"}],"wp:attachment":[{"href":"https:\/\/englody.com\/ca\/wp-json\/wp\/v2\/media?parent=7826"}],"wp:term":[{"taxonomy":"product_brand","embeddable":true,"href":"https:\/\/englody.com\/ca\/wp-json\/wp\/v2\/product_brand?post=7826"},{"taxonomy":"product_cat","embeddable":true,"href":"https:\/\/englody.com\/ca\/wp-json\/wp\/v2\/product_cat?post=7826"},{"taxonomy":"product_tag","embeddable":true,"href":"https:\/\/englody.com\/ca\/wp-json\/wp\/v2\/product_tag?post=7826"},{"taxonomy":"giftcard-category","embeddable":true,"href":"https:\/\/englody.com\/ca\/wp-json\/wp\/v2\/giftcard-category?post=7826"}],"curies":[{"name":"wp","href":"https:\/\/api.w.org\/{rel}","templated":true}]}}