{"id":7828,"date":"2024-04-18T11:41:58","date_gmt":"2024-04-18T09:41:58","guid":{"rendered":"https:\/\/englody.com\/producto\/disseny-de-full-de-ma-a5\/"},"modified":"2024-04-18T11:41:58","modified_gmt":"2024-04-18T09:41:58","slug":"disseny-de-full-de-ma-a5","status":"publish","type":"product","link":"https:\/\/englody.com\/ca\/producto\/disseny-de-full-de-ma-a5\/","title":{"rendered":"Disseny de Full de m\u00e0 A5"},"content":{"rendered":"","protected":false},"excerpt":{"rendered":"<p>Disseny, maquetaci\u00f3 i art finalitzat d&#8217;un fullet o full de m\u00e0 grand\u00e0ria A5 (148 x 210 mm) per totes dues cares. Un format ideal per a publicitar la teva Acad\u00e8mia d&#8217;Ingl\u00e9s o realitzar una promoci\u00f3 puntual en concret, com per exemple, anunciar els Campaments d&#8217;Estiu. Un fullet que pots tenir en la recepci\u00f3 de la teva Acad\u00e8mia, a la porta del carrer amb un expositor, o repartir-los en la teva zona amb un servei de repartiment publicitari o buzoneo.<\/p>\n<p>Junts treballarem en el concepte i en el disseny fins a aconseguir el resultat desitjat. Al final del proc\u00e9s, et passarem els arts finals preparats per a enviar directament a la teva impremta de confian\u00e7a. Vols que nosaltres te&#8217;ls imprimim? Contacta&#8217;ns i et farem un pressupost a mesura.<\/p>\n","protected":false},"featured_media":6366,"template":"","meta":{"_joinchat":[]},"product_brand":[],"product_cat":[123,118],"product_tag":[],"giftcard-category":[],"class_list":{"0":"post-7828","1":"product","2":"type-product","3":"status-publish","4":"has-post-thumbnail","6":"product_cat-disseny-grafic","7":"product_cat-tots","9":"first","10":"instock","11":"taxable","12":"shipping-taxable","13":"purchasable","14":"product-type-simple"},"yoast_head":"<!-- This site is optimized with the Yoast SEO plugin v25.4 - https:\/\/yoast.com\/wordpress\/plugins\/seo\/ -->\n<title>Disseny de Full de m\u00e0 A5 - Englody | Software de gesti\u00f3n 360\u00ba para Academias de Ingl\u00e9s<\/title>\n<meta name=\"robots\" content=\"index, follow, max-snippet:-1, max-image-preview:large, max-video-preview:-1\" \/>\n<link rel=\"canonical\" href=\"https:\/\/englody.com\/producto\/diseno-de-flyer-a5\/\" \/>\n<meta property=\"og:locale\" content=\"ca_ES\" \/>\n<meta property=\"og:type\" content=\"article\" \/>\n<meta property=\"og:title\" content=\"Disseny de Full de m\u00e0 A5 - Englody | Software de gesti\u00f3n 360\u00ba para Academias de Ingl\u00e9s\" \/>\n<meta property=\"og:description\" content=\"Disseny, maquetaci\u00f3 i art finalitzat d&#039;un fullet o full de m\u00e0 grand\u00e0ria A5 (148 x 210 mm) per totes dues cares. Un format ideal per a publicitar la teva Acad\u00e8mia d&#039;Ingl\u00e9s o realitzar una promoci\u00f3 puntual en concret, com per exemple, anunciar els Campaments d&#039;Estiu. Un fullet que pots tenir en la recepci\u00f3 de la teva Acad\u00e8mia, a la porta del carrer amb un expositor, o repartir-los en la teva zona amb un servei de repartiment publicitari o buzoneo.  Junts treballarem en el concepte i en el disseny fins a aconseguir el resultat desitjat. Al final del proc\u00e9s, et passarem els arts finals preparats per a enviar directament a la teva impremta de confian\u00e7a. Vols que nosaltres te&#039;ls imprimim? Contacta&#039;ns i et farem un pressupost a mesura.\" \/>\n<meta property=\"og:url\" content=\"https:\/\/englody.com\/producto\/diseno-de-flyer-a5\/\" \/>\n<meta property=\"og:site_name\" content=\"Englody | Software de gesti\u00f3n 360\u00ba para Academias de Ingl\u00e9s\" \/>\n<meta property=\"og:image\" content=\"https:\/\/englody.com\/wp-content\/uploads\/2024\/04\/englody-grafico-flyer-a5-englishfactory.jpg\" \/>\n\t<meta property=\"og:image:width\" content=\"1080\" \/>\n\t<meta property=\"og:image:height\" content=\"1080\" \/>\n\t<meta property=\"og:image:type\" content=\"image\/jpeg\" \/>\n<meta name=\"twitter:card\" content=\"summary_large_image\" \/>\n<script type=\"application\/ld+json\" class=\"yoast-schema-graph\">{\"@context\":\"https:\/\/schema.org\",\"@graph\":[{\"@type\":\"WebPage\",\"@id\":\"https:\/\/englody.com\/producto\/diseno-de-flyer-a5\/\",\"url\":\"https:\/\/englody.com\/producto\/diseno-de-flyer-a5\/\",\"name\":\"Disseny de Full de m\u00e0 A5 - Englody | Software de gesti\u00f3n 360\u00ba para Academias de Ingl\u00e9s\",\"isPartOf\":{\"@id\":\"https:\/\/englody.com\/#website\"},\"primaryImageOfPage\":{\"@id\":\"https:\/\/englody.com\/producto\/diseno-de-flyer-a5\/#primaryimage\"},\"image\":{\"@id\":\"https:\/\/englody.com\/producto\/diseno-de-flyer-a5\/#primaryimage\"},\"thumbnailUrl\":\"https:\/\/englody.com\/wp-content\/uploads\/2024\/04\/englody-grafico-flyer-a5-englishfactory.jpg\",\"datePublished\":\"2024-04-18T09:41:58+00:00\",\"breadcrumb\":{\"@id\":\"https:\/\/englody.com\/producto\/diseno-de-flyer-a5\/#breadcrumb\"},\"inLanguage\":\"ca\",\"potentialAction\":[{\"@type\":\"ReadAction\",\"target\":[\"https:\/\/englody.com\/producto\/diseno-de-flyer-a5\/\"]}]},{\"@type\":\"ImageObject\",\"inLanguage\":\"ca\",\"@id\":\"https:\/\/englody.com\/producto\/diseno-de-flyer-a5\/#primaryimage\",\"url\":\"https:\/\/englody.com\/wp-content\/uploads\/2024\/04\/englody-grafico-flyer-a5-englishfactory.jpg\",\"contentUrl\":\"https:\/\/englody.com\/wp-content\/uploads\/2024\/04\/englody-grafico-flyer-a5-englishfactory.jpg\",\"width\":1080,\"height\":1080},{\"@type\":\"BreadcrumbList\",\"@id\":\"https:\/\/englody.com\/producto\/diseno-de-flyer-a5\/#breadcrumb\",\"itemListElement\":[{\"@type\":\"ListItem\",\"position\":1,\"name\":\"Portada\",\"item\":\"https:\/\/englody.com\/ca\/\"},{\"@type\":\"ListItem\",\"position\":2,\"name\":\"Englody Shop\",\"item\":\"https:\/\/englody.com\/tienda\/\"},{\"@type\":\"ListItem\",\"position\":3,\"name\":\"Disseny de Full de m\u00e0 A5\"}]},{\"@type\":\"WebSite\",\"@id\":\"https:\/\/englody.com\/#website\",\"url\":\"https:\/\/englody.com\/\",\"name\":\"Englody | Software de gesti\u00f3n 360\u00ba para Academias de Ingl\u00e9s\",\"description\":\"\",\"potentialAction\":[{\"@type\":\"SearchAction\",\"target\":{\"@type\":\"EntryPoint\",\"urlTemplate\":\"https:\/\/englody.com\/?s={search_term_string}\"},\"query-input\":{\"@type\":\"PropertyValueSpecification\",\"valueRequired\":true,\"valueName\":\"search_term_string\"}}],\"inLanguage\":\"ca\"}]}<\/script>\n<!-- \/ Yoast SEO plugin. -->","yoast_head_json":{"title":"Disseny de Full de m\u00e0 A5 - Englody | Software de gesti\u00f3n 360\u00ba para Academias de Ingl\u00e9s","robots":{"index":"index","follow":"follow","max-snippet":"max-snippet:-1","max-image-preview":"max-image-preview:large","max-video-preview":"max-video-preview:-1"},"canonical":"https:\/\/englody.com\/producto\/diseno-de-flyer-a5\/","og_locale":"ca_ES","og_type":"article","og_title":"Disseny de Full de m\u00e0 A5 - Englody | Software de gesti\u00f3n 360\u00ba para Academias de Ingl\u00e9s","og_description":"Disseny, maquetaci\u00f3 i art finalitzat d'un fullet o full de m\u00e0 grand\u00e0ria A5 (148 x 210 mm) per totes dues cares. Un format ideal per a publicitar la teva Acad\u00e8mia d'Ingl\u00e9s o realitzar una promoci\u00f3 puntual en concret, com per exemple, anunciar els Campaments d'Estiu. Un fullet que pots tenir en la recepci\u00f3 de la teva Acad\u00e8mia, a la porta del carrer amb un expositor, o repartir-los en la teva zona amb un servei de repartiment publicitari o buzoneo.  Junts treballarem en el concepte i en el disseny fins a aconseguir el resultat desitjat. Al final del proc\u00e9s, et passarem els arts finals preparats per a enviar directament a la teva impremta de confian\u00e7a. Vols que nosaltres te'ls imprimim? Contacta'ns i et farem un pressupost a mesura.","og_url":"https:\/\/englody.com\/producto\/diseno-de-flyer-a5\/","og_site_name":"Englody | Software de gesti\u00f3n 360\u00ba para Academias de Ingl\u00e9s","og_image":[{"width":1080,"height":1080,"url":"https:\/\/englody.com\/wp-content\/uploads\/2024\/04\/englody-grafico-flyer-a5-englishfactory.jpg","type":"image\/jpeg"}],"twitter_card":"summary_large_image","schema":{"@context":"https:\/\/schema.org","@graph":[{"@type":"WebPage","@id":"https:\/\/englody.com\/producto\/diseno-de-flyer-a5\/","url":"https:\/\/englody.com\/producto\/diseno-de-flyer-a5\/","name":"Disseny de Full de m\u00e0 A5 - Englody | Software de gesti\u00f3n 360\u00ba para Academias de Ingl\u00e9s","isPartOf":{"@id":"https:\/\/englody.com\/#website"},"primaryImageOfPage":{"@id":"https:\/\/englody.com\/producto\/diseno-de-flyer-a5\/#primaryimage"},"image":{"@id":"https:\/\/englody.com\/producto\/diseno-de-flyer-a5\/#primaryimage"},"thumbnailUrl":"https:\/\/englody.com\/wp-content\/uploads\/2024\/04\/englody-grafico-flyer-a5-englishfactory.jpg","datePublished":"2024-04-18T09:41:58+00:00","breadcrumb":{"@id":"https:\/\/englody.com\/producto\/diseno-de-flyer-a5\/#breadcrumb"},"inLanguage":"ca","potentialAction":[{"@type":"ReadAction","target":["https:\/\/englody.com\/producto\/diseno-de-flyer-a5\/"]}]},{"@type":"ImageObject","inLanguage":"ca","@id":"https:\/\/englody.com\/producto\/diseno-de-flyer-a5\/#primaryimage","url":"https:\/\/englody.com\/wp-content\/uploads\/2024\/04\/englody-grafico-flyer-a5-englishfactory.jpg","contentUrl":"https:\/\/englody.com\/wp-content\/uploads\/2024\/04\/englody-grafico-flyer-a5-englishfactory.jpg","width":1080,"height":1080},{"@type":"BreadcrumbList","@id":"https:\/\/englody.com\/producto\/diseno-de-flyer-a5\/#breadcrumb","itemListElement":[{"@type":"ListItem","position":1,"name":"Portada","item":"https:\/\/englody.com\/ca\/"},{"@type":"ListItem","position":2,"name":"Englody Shop","item":"https:\/\/englody.com\/tienda\/"},{"@type":"ListItem","position":3,"name":"Disseny de Full de m\u00e0 A5"}]},{"@type":"WebSite","@id":"https:\/\/englody.com\/#website","url":"https:\/\/englody.com\/","name":"Englody | Software de gesti\u00f3n 360\u00ba para Academias de Ingl\u00e9s","description":"","potentialAction":[{"@type":"SearchAction","target":{"@type":"EntryPoint","urlTemplate":"https:\/\/englody.com\/?s={search_term_string}"},"query-input":{"@type":"PropertyValueSpecification","valueRequired":true,"valueName":"search_term_string"}}],"inLanguage":"ca"}]}},"tiered_pricing_type":"fixed","tiered_pricing_fixed_rules":[],"tiered_pricing_product_settings":{"layout":"default","base_unit_name":{"singular":null,"plural":null},"default_variation":null},"tiered_pricing_minimum_quantity":null,"tiered_pricing_roles_data":[],"tiered_pricing_percentage_rules":[],"tiered_pricing_maximum_quantity":null,"tiered_pricing_quantity_step":null,"_links":{"self":[{"href":"https:\/\/englody.com\/ca\/wp-json\/wp\/v2\/product\/7828","targetHints":{"allow":["GET"]}}],"collection":[{"href":"https:\/\/englody.com\/ca\/wp-json\/wp\/v2\/product"}],"about":[{"href":"https:\/\/englody.com\/ca\/wp-json\/wp\/v2\/types\/product"}],"wp:featuredmedia":[{"embeddable":true,"href":"https:\/\/englody.com\/ca\/wp-json\/wp\/v2\/media\/6366"}],"wp:attachment":[{"href":"https:\/\/englody.com\/ca\/wp-json\/wp\/v2\/media?parent=7828"}],"wp:term":[{"taxonomy":"product_brand","embeddable":true,"href":"https:\/\/englody.com\/ca\/wp-json\/wp\/v2\/product_brand?post=7828"},{"taxonomy":"product_cat","embeddable":true,"href":"https:\/\/englody.com\/ca\/wp-json\/wp\/v2\/product_cat?post=7828"},{"taxonomy":"product_tag","embeddable":true,"href":"https:\/\/englody.com\/ca\/wp-json\/wp\/v2\/product_tag?post=7828"},{"taxonomy":"giftcard-category","embeddable":true,"href":"https:\/\/englody.com\/ca\/wp-json\/wp\/v2\/giftcard-category?post=7828"}],"curies":[{"name":"wp","href":"https:\/\/api.w.org\/{rel}","templated":true}]}}