{"id":7832,"date":"2024-03-26T15:29:44","date_gmt":"2024-03-26T14:29:44","guid":{"rendered":"https:\/\/englody.com\/producto\/allotjament-web-manteniment-tecnic-actualitzacions-web\/"},"modified":"2024-03-26T15:29:44","modified_gmt":"2024-03-26T14:29:44","slug":"allotjament-web-manteniment-tecnic-actualitzacions-web","status":"publish","type":"product","link":"https:\/\/englody.com\/ca\/producto\/allotjament-web-manteniment-tecnic-actualitzacions-web\/","title":{"rendered":"Allotjament Web + Manteniment t\u00e8cnic + Actualitzacions web"},"content":{"rendered":"","protected":false},"excerpt":{"rendered":"<p>El nostre paquet complet de Hosting Web per a Acad\u00e8mies d&#8217;Ingl\u00e9s inclou allotjament web segur i fiable, servei de correu electr\u00f2nic professional i manteniment t\u00e8cnic integral. Ens encarreguem d&#8217;actualitzar plugins i Wordpress regularment, garantint la seguretat i el rendiment \u00f2ptim del teu web. A m\u00e9s, realitzem c\u00f2pies de seguretat di\u00e0ries per a protegir les teves dades. Com a bonificaci\u00f3, oferim 1 hora d&#8217;actualitzacions de continguts al mes, permetent-te mantenir el teu lloc sempre al dia. Una vegada rebut la comanda, ens posarem en contacte amb tu per a explicar-te tot el que necessitem per a donar d&#8217;alta el servei i allotjar el teu web.<\/p>\n<ul>\n<li>Administraci\u00f3 del hosting.<\/li>\n<li>Hosting d&#8217;alta velocitat i seguretat.<\/li>\n<li>C\u00f2pies de seguretat.<\/li>\n<li>Certificats de Seguretat SSL.<\/li>\n<li>Manteniment i actualitzaci\u00f3 dels complements de la web.<\/li>\n<li>Revisi\u00f3 i correcci\u00f3 d&#8217;incompatibilitats i possibles errors.<\/li>\n<li>Correus electr\u00f2nics professionals amb el teu domini.<\/li>\n<li>1 h\/mes per a actualitzar el contingut en el teu web.<\/li>\n<\/ul>\n","protected":false},"featured_media":6290,"template":"","meta":{"_joinchat":[]},"product_brand":[],"product_cat":[125,118],"product_tag":[],"giftcard-category":[],"class_list":{"0":"post-7832","1":"product","2":"type-product","3":"status-publish","4":"has-post-thumbnail","6":"product_cat-hosting-ca","7":"product_cat-tots","9":"first","10":"instock","11":"taxable","12":"shipping-taxable","13":"purchasable","14":"product-type-subscription"},"yoast_head":"<!-- This site is optimized with the Yoast SEO plugin v25.4 - https:\/\/yoast.com\/wordpress\/plugins\/seo\/ -->\n<title>Allotjament Web + Manteniment t\u00e8cnic + Actualitzacions web - Englody | Software de gesti\u00f3n 360\u00ba para Academias de Ingl\u00e9s<\/title>\n<meta name=\"robots\" content=\"index, follow, max-snippet:-1, max-image-preview:large, max-video-preview:-1\" \/>\n<link rel=\"canonical\" href=\"https:\/\/englody.com\/producto\/alojamiento-web-mantenimiento-tecnico-actualizaciones-web\/\" \/>\n<meta property=\"og:locale\" content=\"ca_ES\" \/>\n<meta property=\"og:type\" content=\"article\" \/>\n<meta property=\"og:title\" content=\"Allotjament Web + Manteniment t\u00e8cnic + Actualitzacions web - Englody | Software de gesti\u00f3n 360\u00ba para Academias de Ingl\u00e9s\" \/>\n<meta property=\"og:description\" content=\"El nostre paquet complet de Hosting Web per a Acad\u00e8mies d&#039;Ingl\u00e9s inclou allotjament web segur i fiable, servei de correu electr\u00f2nic professional i manteniment t\u00e8cnic integral. Ens encarreguem d&#039;actualitzar plugins i Wordpress regularment, garantint la seguretat i el rendiment \u00f2ptim del teu web. A m\u00e9s, realitzem c\u00f2pies de seguretat di\u00e0ries per a protegir les teves dades. Com a bonificaci\u00f3, oferim 1 hora d&#039;actualitzacions de continguts al mes, permetent-te mantenir el teu lloc sempre al dia. Una vegada rebut la comanda, ens posarem en contacte amb tu per a explicar-te tot el que necessitem per a donar d&#039;alta el servei i allotjar el teu web.  Administraci\u00f3 del hosting. Hosting d&#039;alta velocitat i seguretat. C\u00f2pies de seguretat. Certificats de Seguretat SSL. Manteniment i actualitzaci\u00f3 dels complements de la web. Revisi\u00f3 i correcci\u00f3 d&#039;incompatibilitats i possibles errors. Correus electr\u00f2nics professionals amb el teu domini. 1 h\/mes per a actualitzar el contingut en el teu web.\" \/>\n<meta property=\"og:url\" content=\"https:\/\/englody.com\/producto\/alojamiento-web-mantenimiento-tecnico-actualizaciones-web\/\" \/>\n<meta property=\"og:site_name\" content=\"Englody | Software de gesti\u00f3n 360\u00ba para Academias de Ingl\u00e9s\" \/>\n<meta property=\"og:image\" content=\"https:\/\/englody.com\/wp-content\/uploads\/2024\/03\/englody-hosting.jpg\" \/>\n\t<meta property=\"og:image:width\" content=\"1080\" \/>\n\t<meta property=\"og:image:height\" content=\"1080\" \/>\n\t<meta property=\"og:image:type\" content=\"image\/jpeg\" \/>\n<meta name=\"twitter:card\" content=\"summary_large_image\" \/>\n<script type=\"application\/ld+json\" class=\"yoast-schema-graph\">{\"@context\":\"https:\/\/schema.org\",\"@graph\":[{\"@type\":\"WebPage\",\"@id\":\"https:\/\/englody.com\/producto\/alojamiento-web-mantenimiento-tecnico-actualizaciones-web\/\",\"url\":\"https:\/\/englody.com\/producto\/alojamiento-web-mantenimiento-tecnico-actualizaciones-web\/\",\"name\":\"Allotjament Web + Manteniment t\u00e8cnic + Actualitzacions web - Englody | Software de gesti\u00f3n 360\u00ba para Academias de Ingl\u00e9s\",\"isPartOf\":{\"@id\":\"https:\/\/englody.com\/#website\"},\"primaryImageOfPage\":{\"@id\":\"https:\/\/englody.com\/producto\/alojamiento-web-mantenimiento-tecnico-actualizaciones-web\/#primaryimage\"},\"image\":{\"@id\":\"https:\/\/englody.com\/producto\/alojamiento-web-mantenimiento-tecnico-actualizaciones-web\/#primaryimage\"},\"thumbnailUrl\":\"https:\/\/englody.com\/wp-content\/uploads\/2024\/03\/englody-hosting.jpg\",\"datePublished\":\"2024-03-26T14:29:44+00:00\",\"breadcrumb\":{\"@id\":\"https:\/\/englody.com\/producto\/alojamiento-web-mantenimiento-tecnico-actualizaciones-web\/#breadcrumb\"},\"inLanguage\":\"ca\",\"potentialAction\":[{\"@type\":\"ReadAction\",\"target\":[\"https:\/\/englody.com\/producto\/alojamiento-web-mantenimiento-tecnico-actualizaciones-web\/\"]}]},{\"@type\":\"ImageObject\",\"inLanguage\":\"ca\",\"@id\":\"https:\/\/englody.com\/producto\/alojamiento-web-mantenimiento-tecnico-actualizaciones-web\/#primaryimage\",\"url\":\"https:\/\/englody.com\/wp-content\/uploads\/2024\/03\/englody-hosting.jpg\",\"contentUrl\":\"https:\/\/englody.com\/wp-content\/uploads\/2024\/03\/englody-hosting.jpg\",\"width\":1080,\"height\":1080},{\"@type\":\"BreadcrumbList\",\"@id\":\"https:\/\/englody.com\/producto\/alojamiento-web-mantenimiento-tecnico-actualizaciones-web\/#breadcrumb\",\"itemListElement\":[{\"@type\":\"ListItem\",\"position\":1,\"name\":\"Portada\",\"item\":\"https:\/\/englody.com\/ca\/\"},{\"@type\":\"ListItem\",\"position\":2,\"name\":\"Englody Shop\",\"item\":\"https:\/\/englody.com\/tienda\/\"},{\"@type\":\"ListItem\",\"position\":3,\"name\":\"Allotjament Web + Manteniment t\u00e8cnic + Actualitzacions web\"}]},{\"@type\":\"WebSite\",\"@id\":\"https:\/\/englody.com\/#website\",\"url\":\"https:\/\/englody.com\/\",\"name\":\"Englody | Software de gesti\u00f3n 360\u00ba para Academias de Ingl\u00e9s\",\"description\":\"\",\"potentialAction\":[{\"@type\":\"SearchAction\",\"target\":{\"@type\":\"EntryPoint\",\"urlTemplate\":\"https:\/\/englody.com\/?s={search_term_string}\"},\"query-input\":{\"@type\":\"PropertyValueSpecification\",\"valueRequired\":true,\"valueName\":\"search_term_string\"}}],\"inLanguage\":\"ca\"}]}<\/script>\n<!-- \/ Yoast SEO plugin. -->","yoast_head_json":{"title":"Allotjament Web + Manteniment t\u00e8cnic + Actualitzacions web - Englody | Software de gesti\u00f3n 360\u00ba para Academias de Ingl\u00e9s","robots":{"index":"index","follow":"follow","max-snippet":"max-snippet:-1","max-image-preview":"max-image-preview:large","max-video-preview":"max-video-preview:-1"},"canonical":"https:\/\/englody.com\/producto\/alojamiento-web-mantenimiento-tecnico-actualizaciones-web\/","og_locale":"ca_ES","og_type":"article","og_title":"Allotjament Web + Manteniment t\u00e8cnic + Actualitzacions web - Englody | Software de gesti\u00f3n 360\u00ba para Academias de Ingl\u00e9s","og_description":"El nostre paquet complet de Hosting Web per a Acad\u00e8mies d'Ingl\u00e9s inclou allotjament web segur i fiable, servei de correu electr\u00f2nic professional i manteniment t\u00e8cnic integral. Ens encarreguem d'actualitzar plugins i Wordpress regularment, garantint la seguretat i el rendiment \u00f2ptim del teu web. A m\u00e9s, realitzem c\u00f2pies de seguretat di\u00e0ries per a protegir les teves dades. Com a bonificaci\u00f3, oferim 1 hora d'actualitzacions de continguts al mes, permetent-te mantenir el teu lloc sempre al dia. Una vegada rebut la comanda, ens posarem en contacte amb tu per a explicar-te tot el que necessitem per a donar d'alta el servei i allotjar el teu web.  Administraci\u00f3 del hosting. Hosting d'alta velocitat i seguretat. C\u00f2pies de seguretat. Certificats de Seguretat SSL. Manteniment i actualitzaci\u00f3 dels complements de la web. Revisi\u00f3 i correcci\u00f3 d'incompatibilitats i possibles errors. Correus electr\u00f2nics professionals amb el teu domini. 1 h\/mes per a actualitzar el contingut en el teu web.","og_url":"https:\/\/englody.com\/producto\/alojamiento-web-mantenimiento-tecnico-actualizaciones-web\/","og_site_name":"Englody | Software de gesti\u00f3n 360\u00ba para Academias de Ingl\u00e9s","og_image":[{"width":1080,"height":1080,"url":"https:\/\/englody.com\/wp-content\/uploads\/2024\/03\/englody-hosting.jpg","type":"image\/jpeg"}],"twitter_card":"summary_large_image","schema":{"@context":"https:\/\/schema.org","@graph":[{"@type":"WebPage","@id":"https:\/\/englody.com\/producto\/alojamiento-web-mantenimiento-tecnico-actualizaciones-web\/","url":"https:\/\/englody.com\/producto\/alojamiento-web-mantenimiento-tecnico-actualizaciones-web\/","name":"Allotjament Web + Manteniment t\u00e8cnic + Actualitzacions web - Englody | Software de gesti\u00f3n 360\u00ba para Academias de Ingl\u00e9s","isPartOf":{"@id":"https:\/\/englody.com\/#website"},"primaryImageOfPage":{"@id":"https:\/\/englody.com\/producto\/alojamiento-web-mantenimiento-tecnico-actualizaciones-web\/#primaryimage"},"image":{"@id":"https:\/\/englody.com\/producto\/alojamiento-web-mantenimiento-tecnico-actualizaciones-web\/#primaryimage"},"thumbnailUrl":"https:\/\/englody.com\/wp-content\/uploads\/2024\/03\/englody-hosting.jpg","datePublished":"2024-03-26T14:29:44+00:00","breadcrumb":{"@id":"https:\/\/englody.com\/producto\/alojamiento-web-mantenimiento-tecnico-actualizaciones-web\/#breadcrumb"},"inLanguage":"ca","potentialAction":[{"@type":"ReadAction","target":["https:\/\/englody.com\/producto\/alojamiento-web-mantenimiento-tecnico-actualizaciones-web\/"]}]},{"@type":"ImageObject","inLanguage":"ca","@id":"https:\/\/englody.com\/producto\/alojamiento-web-mantenimiento-tecnico-actualizaciones-web\/#primaryimage","url":"https:\/\/englody.com\/wp-content\/uploads\/2024\/03\/englody-hosting.jpg","contentUrl":"https:\/\/englody.com\/wp-content\/uploads\/2024\/03\/englody-hosting.jpg","width":1080,"height":1080},{"@type":"BreadcrumbList","@id":"https:\/\/englody.com\/producto\/alojamiento-web-mantenimiento-tecnico-actualizaciones-web\/#breadcrumb","itemListElement":[{"@type":"ListItem","position":1,"name":"Portada","item":"https:\/\/englody.com\/ca\/"},{"@type":"ListItem","position":2,"name":"Englody Shop","item":"https:\/\/englody.com\/tienda\/"},{"@type":"ListItem","position":3,"name":"Allotjament Web + Manteniment t\u00e8cnic + Actualitzacions web"}]},{"@type":"WebSite","@id":"https:\/\/englody.com\/#website","url":"https:\/\/englody.com\/","name":"Englody | Software de gesti\u00f3n 360\u00ba para Academias de Ingl\u00e9s","description":"","potentialAction":[{"@type":"SearchAction","target":{"@type":"EntryPoint","urlTemplate":"https:\/\/englody.com\/?s={search_term_string}"},"query-input":{"@type":"PropertyValueSpecification","valueRequired":true,"valueName":"search_term_string"}}],"inLanguage":"ca"}]}},"tiered_pricing_type":"fixed","tiered_pricing_fixed_rules":[],"tiered_pricing_product_settings":{"layout":"default","base_unit_name":{"singular":null,"plural":null},"default_variation":null},"tiered_pricing_minimum_quantity":null,"tiered_pricing_roles_data":[],"tiered_pricing_percentage_rules":[],"tiered_pricing_maximum_quantity":null,"tiered_pricing_quantity_step":null,"_links":{"self":[{"href":"https:\/\/englody.com\/ca\/wp-json\/wp\/v2\/product\/7832","targetHints":{"allow":["GET"]}}],"collection":[{"href":"https:\/\/englody.com\/ca\/wp-json\/wp\/v2\/product"}],"about":[{"href":"https:\/\/englody.com\/ca\/wp-json\/wp\/v2\/types\/product"}],"wp:featuredmedia":[{"embeddable":true,"href":"https:\/\/englody.com\/ca\/wp-json\/wp\/v2\/media\/6290"}],"wp:attachment":[{"href":"https:\/\/englody.com\/ca\/wp-json\/wp\/v2\/media?parent=7832"}],"wp:term":[{"taxonomy":"product_brand","embeddable":true,"href":"https:\/\/englody.com\/ca\/wp-json\/wp\/v2\/product_brand?post=7832"},{"taxonomy":"product_cat","embeddable":true,"href":"https:\/\/englody.com\/ca\/wp-json\/wp\/v2\/product_cat?post=7832"},{"taxonomy":"product_tag","embeddable":true,"href":"https:\/\/englody.com\/ca\/wp-json\/wp\/v2\/product_tag?post=7832"},{"taxonomy":"giftcard-category","embeddable":true,"href":"https:\/\/englody.com\/ca\/wp-json\/wp\/v2\/giftcard-category?post=7832"}],"curies":[{"name":"wp","href":"https:\/\/api.w.org\/{rel}","templated":true}]}}