{"id":7833,"date":"2024-03-26T15:18:52","date_gmt":"2024-03-26T14:18:52","guid":{"rendered":"https:\/\/englody.com\/producto\/allotjament-web\/"},"modified":"2025-04-01T09:58:34","modified_gmt":"2025-04-01T07:58:34","slug":"allotjament-web","status":"publish","type":"product","link":"https:\/\/englody.com\/ca\/producto\/allotjament-web\/","title":{"rendered":"Allotjament Web"},"content":{"rendered":"","protected":false},"excerpt":{"rendered":"<p>El nostre servei d&#8217;allotjament web est\u00e0 dissenyat espec\u00edficament per a p\u00e0gines webs d&#8217;Acad\u00e8mies d&#8217;Angl\u00e8s. Oferim servidors d&#8217;alta velocitat i de confian\u00e7a, garantint la disponibilitat constant del teu lloc web. A m\u00e9s, proporcionem serveis de correu electr\u00f2nic professionals amb comptes personalitzats que reforcen la imatge de la teva acad\u00e8mia. Confia en nosaltres per a impulsar l&#8217;\u00e8xit de la teva acad\u00e8mia d&#8217;angl\u00e8s en el m\u00f3n digital. Una vegada rebut la comanda, ens posarem en contacte amb tu per a explicar-te tot el que necessitem per a donar d&#8217;alta el servei i allotjar el teu web.<\/p>\n<ul>\n<li>Administraci\u00f3 del hosting.<\/li>\n<li>Hosting d&#8217;alta velocitat i seguretat.<\/li>\n<li>C\u00f2pies de seguretat.<\/li>\n<li>Certificats de Seguretat SSL.<\/li>\n<li>Correus electr\u00f2nics professionals amb el teu domini.<\/li>\n<\/ul>\n","protected":false},"featured_media":6298,"template":"","meta":{"_joinchat":[]},"product_brand":[],"product_cat":[125,118],"product_tag":[],"giftcard-category":[],"class_list":{"0":"post-7833","1":"product","2":"type-product","3":"status-publish","4":"has-post-thumbnail","6":"product_cat-hosting-ca","7":"product_cat-tots","9":"first","10":"instock","11":"virtual","12":"taxable","13":"purchasable","14":"product-type-subscription"},"yoast_head":"<!-- This site is optimized with the Yoast SEO plugin v25.4 - https:\/\/yoast.com\/wordpress\/plugins\/seo\/ -->\n<title>Allotjament Web - Englody | Software de gesti\u00f3n 360\u00ba para Academias de Ingl\u00e9s<\/title>\n<meta name=\"robots\" content=\"index, follow, max-snippet:-1, max-image-preview:large, max-video-preview:-1\" \/>\n<link rel=\"canonical\" href=\"https:\/\/englody.com\/producto\/alojamiento-web\/\" \/>\n<meta property=\"og:locale\" content=\"ca_ES\" \/>\n<meta property=\"og:type\" content=\"article\" \/>\n<meta property=\"og:title\" content=\"Allotjament Web - Englody | Software de gesti\u00f3n 360\u00ba para Academias de Ingl\u00e9s\" \/>\n<meta property=\"og:description\" content=\"El nostre servei d&#039;allotjament web est\u00e0 dissenyat espec\u00edficament per a p\u00e0gines webs d&#039;Acad\u00e8mies d&#039;Angl\u00e8s. Oferim servidors d&#039;alta velocitat i de confian\u00e7a, garantint la disponibilitat constant del teu lloc web. A m\u00e9s, proporcionem serveis de correu electr\u00f2nic professionals amb comptes personalitzats que reforcen la imatge de la teva acad\u00e8mia. Confia en nosaltres per a impulsar l&#039;\u00e8xit de la teva acad\u00e8mia d&#039;angl\u00e8s en el m\u00f3n digital. Una vegada rebut la comanda, ens posarem en contacte amb tu per a explicar-te tot el que necessitem per a donar d&#039;alta el servei i allotjar el teu web.   Administraci\u00f3 del hosting.  Hosting d&#039;alta velocitat i seguretat.  C\u00f2pies de seguretat.  Certificats de Seguretat SSL.  Correus electr\u00f2nics professionals amb el teu domini.\" \/>\n<meta property=\"og:url\" content=\"https:\/\/englody.com\/producto\/alojamiento-web\/\" \/>\n<meta property=\"og:site_name\" content=\"Englody | Software de gesti\u00f3n 360\u00ba para Academias de Ingl\u00e9s\" \/>\n<meta property=\"article:modified_time\" content=\"2025-04-01T07:58:34+00:00\" \/>\n<meta property=\"og:image\" content=\"https:\/\/englody.com\/wp-content\/uploads\/2024\/03\/englody-hosting-mes.jpg\" \/>\n\t<meta property=\"og:image:width\" content=\"1080\" \/>\n\t<meta property=\"og:image:height\" content=\"1080\" \/>\n\t<meta property=\"og:image:type\" content=\"image\/jpeg\" \/>\n<meta name=\"twitter:card\" content=\"summary_large_image\" \/>\n<script type=\"application\/ld+json\" class=\"yoast-schema-graph\">{\"@context\":\"https:\/\/schema.org\",\"@graph\":[{\"@type\":\"WebPage\",\"@id\":\"https:\/\/englody.com\/producto\/alojamiento-web\/\",\"url\":\"https:\/\/englody.com\/producto\/alojamiento-web\/\",\"name\":\"Allotjament Web - Englody | Software de gesti\u00f3n 360\u00ba para Academias de Ingl\u00e9s\",\"isPartOf\":{\"@id\":\"https:\/\/englody.com\/#website\"},\"primaryImageOfPage\":{\"@id\":\"https:\/\/englody.com\/producto\/alojamiento-web\/#primaryimage\"},\"image\":{\"@id\":\"https:\/\/englody.com\/producto\/alojamiento-web\/#primaryimage\"},\"thumbnailUrl\":\"https:\/\/englody.com\/wp-content\/uploads\/2024\/03\/englody-hosting-mes.jpg\",\"datePublished\":\"2024-03-26T14:18:52+00:00\",\"dateModified\":\"2025-04-01T07:58:34+00:00\",\"breadcrumb\":{\"@id\":\"https:\/\/englody.com\/producto\/alojamiento-web\/#breadcrumb\"},\"inLanguage\":\"ca\",\"potentialAction\":[{\"@type\":\"ReadAction\",\"target\":[\"https:\/\/englody.com\/producto\/alojamiento-web\/\"]}]},{\"@type\":\"ImageObject\",\"inLanguage\":\"ca\",\"@id\":\"https:\/\/englody.com\/producto\/alojamiento-web\/#primaryimage\",\"url\":\"https:\/\/englody.com\/wp-content\/uploads\/2024\/03\/englody-hosting-mes.jpg\",\"contentUrl\":\"https:\/\/englody.com\/wp-content\/uploads\/2024\/03\/englody-hosting-mes.jpg\",\"width\":1080,\"height\":1080},{\"@type\":\"BreadcrumbList\",\"@id\":\"https:\/\/englody.com\/producto\/alojamiento-web\/#breadcrumb\",\"itemListElement\":[{\"@type\":\"ListItem\",\"position\":1,\"name\":\"Portada\",\"item\":\"https:\/\/englody.com\/ca\/\"},{\"@type\":\"ListItem\",\"position\":2,\"name\":\"Englody Shop\",\"item\":\"https:\/\/englody.com\/tienda\/\"},{\"@type\":\"ListItem\",\"position\":3,\"name\":\"Allotjament Web\"}]},{\"@type\":\"WebSite\",\"@id\":\"https:\/\/englody.com\/#website\",\"url\":\"https:\/\/englody.com\/\",\"name\":\"Englody | Software de gesti\u00f3n 360\u00ba para Academias de Ingl\u00e9s\",\"description\":\"\",\"potentialAction\":[{\"@type\":\"SearchAction\",\"target\":{\"@type\":\"EntryPoint\",\"urlTemplate\":\"https:\/\/englody.com\/?s={search_term_string}\"},\"query-input\":{\"@type\":\"PropertyValueSpecification\",\"valueRequired\":true,\"valueName\":\"search_term_string\"}}],\"inLanguage\":\"ca\"}]}<\/script>\n<!-- \/ Yoast SEO plugin. -->","yoast_head_json":{"title":"Allotjament Web - Englody | Software de gesti\u00f3n 360\u00ba para Academias de Ingl\u00e9s","robots":{"index":"index","follow":"follow","max-snippet":"max-snippet:-1","max-image-preview":"max-image-preview:large","max-video-preview":"max-video-preview:-1"},"canonical":"https:\/\/englody.com\/producto\/alojamiento-web\/","og_locale":"ca_ES","og_type":"article","og_title":"Allotjament Web - Englody | Software de gesti\u00f3n 360\u00ba para Academias de Ingl\u00e9s","og_description":"El nostre servei d'allotjament web est\u00e0 dissenyat espec\u00edficament per a p\u00e0gines webs d'Acad\u00e8mies d'Angl\u00e8s. Oferim servidors d'alta velocitat i de confian\u00e7a, garantint la disponibilitat constant del teu lloc web. A m\u00e9s, proporcionem serveis de correu electr\u00f2nic professionals amb comptes personalitzats que reforcen la imatge de la teva acad\u00e8mia. Confia en nosaltres per a impulsar l'\u00e8xit de la teva acad\u00e8mia d'angl\u00e8s en el m\u00f3n digital. Una vegada rebut la comanda, ens posarem en contacte amb tu per a explicar-te tot el que necessitem per a donar d'alta el servei i allotjar el teu web.   Administraci\u00f3 del hosting.  Hosting d'alta velocitat i seguretat.  C\u00f2pies de seguretat.  Certificats de Seguretat SSL.  Correus electr\u00f2nics professionals amb el teu domini.","og_url":"https:\/\/englody.com\/producto\/alojamiento-web\/","og_site_name":"Englody | Software de gesti\u00f3n 360\u00ba para Academias de Ingl\u00e9s","article_modified_time":"2025-04-01T07:58:34+00:00","og_image":[{"width":1080,"height":1080,"url":"https:\/\/englody.com\/wp-content\/uploads\/2024\/03\/englody-hosting-mes.jpg","type":"image\/jpeg"}],"twitter_card":"summary_large_image","schema":{"@context":"https:\/\/schema.org","@graph":[{"@type":"WebPage","@id":"https:\/\/englody.com\/producto\/alojamiento-web\/","url":"https:\/\/englody.com\/producto\/alojamiento-web\/","name":"Allotjament Web - Englody | Software de gesti\u00f3n 360\u00ba para Academias de Ingl\u00e9s","isPartOf":{"@id":"https:\/\/englody.com\/#website"},"primaryImageOfPage":{"@id":"https:\/\/englody.com\/producto\/alojamiento-web\/#primaryimage"},"image":{"@id":"https:\/\/englody.com\/producto\/alojamiento-web\/#primaryimage"},"thumbnailUrl":"https:\/\/englody.com\/wp-content\/uploads\/2024\/03\/englody-hosting-mes.jpg","datePublished":"2024-03-26T14:18:52+00:00","dateModified":"2025-04-01T07:58:34+00:00","breadcrumb":{"@id":"https:\/\/englody.com\/producto\/alojamiento-web\/#breadcrumb"},"inLanguage":"ca","potentialAction":[{"@type":"ReadAction","target":["https:\/\/englody.com\/producto\/alojamiento-web\/"]}]},{"@type":"ImageObject","inLanguage":"ca","@id":"https:\/\/englody.com\/producto\/alojamiento-web\/#primaryimage","url":"https:\/\/englody.com\/wp-content\/uploads\/2024\/03\/englody-hosting-mes.jpg","contentUrl":"https:\/\/englody.com\/wp-content\/uploads\/2024\/03\/englody-hosting-mes.jpg","width":1080,"height":1080},{"@type":"BreadcrumbList","@id":"https:\/\/englody.com\/producto\/alojamiento-web\/#breadcrumb","itemListElement":[{"@type":"ListItem","position":1,"name":"Portada","item":"https:\/\/englody.com\/ca\/"},{"@type":"ListItem","position":2,"name":"Englody Shop","item":"https:\/\/englody.com\/tienda\/"},{"@type":"ListItem","position":3,"name":"Allotjament Web"}]},{"@type":"WebSite","@id":"https:\/\/englody.com\/#website","url":"https:\/\/englody.com\/","name":"Englody | Software de gesti\u00f3n 360\u00ba para Academias de Ingl\u00e9s","description":"","potentialAction":[{"@type":"SearchAction","target":{"@type":"EntryPoint","urlTemplate":"https:\/\/englody.com\/?s={search_term_string}"},"query-input":{"@type":"PropertyValueSpecification","valueRequired":true,"valueName":"search_term_string"}}],"inLanguage":"ca"}]}},"tiered_pricing_type":"fixed","tiered_pricing_fixed_rules":[],"tiered_pricing_product_settings":{"layout":"default","base_unit_name":{"singular":null,"plural":null},"default_variation":null},"tiered_pricing_minimum_quantity":null,"tiered_pricing_roles_data":[],"tiered_pricing_percentage_rules":[],"tiered_pricing_maximum_quantity":null,"tiered_pricing_quantity_step":null,"_links":{"self":[{"href":"https:\/\/englody.com\/ca\/wp-json\/wp\/v2\/product\/7833","targetHints":{"allow":["GET"]}}],"collection":[{"href":"https:\/\/englody.com\/ca\/wp-json\/wp\/v2\/product"}],"about":[{"href":"https:\/\/englody.com\/ca\/wp-json\/wp\/v2\/types\/product"}],"wp:featuredmedia":[{"embeddable":true,"href":"https:\/\/englody.com\/ca\/wp-json\/wp\/v2\/media\/6298"}],"wp:attachment":[{"href":"https:\/\/englody.com\/ca\/wp-json\/wp\/v2\/media?parent=7833"}],"wp:term":[{"taxonomy":"product_brand","embeddable":true,"href":"https:\/\/englody.com\/ca\/wp-json\/wp\/v2\/product_brand?post=7833"},{"taxonomy":"product_cat","embeddable":true,"href":"https:\/\/englody.com\/ca\/wp-json\/wp\/v2\/product_cat?post=7833"},{"taxonomy":"product_tag","embeddable":true,"href":"https:\/\/englody.com\/ca\/wp-json\/wp\/v2\/product_tag?post=7833"},{"taxonomy":"giftcard-category","embeddable":true,"href":"https:\/\/englody.com\/ca\/wp-json\/wp\/v2\/giftcard-category?post=7833"}],"curies":[{"name":"wp","href":"https:\/\/api.w.org\/{rel}","templated":true}]}}