{"id":7834,"date":"2024-03-26T12:43:14","date_gmt":"2024-03-26T11:43:14","guid":{"rendered":"https:\/\/englody.com\/producto\/bandoleres-personalitzades\/"},"modified":"2024-03-26T12:43:14","modified_gmt":"2024-03-26T11:43:14","slug":"bandoleres-personalitzades","status":"publish","type":"product","link":"https:\/\/englody.com\/ca\/producto\/bandoleres-personalitzades\/","title":{"rendered":"Bandoleres Personalitzades"},"content":{"rendered":"<p><iframe loading=\"lazy\" title=\"\ud83c\udf92\u00a1De nuevo MOCHILAS PERSONALIZADAS para tu Academia de Ingl\u00e9s 2025!\" width=\"1080\" height=\"608\" src=\"https:\/\/www.youtube.com\/embed\/bmHB5kW3PZc?feature=oembed\" frameborder=\"0\" allow=\"accelerometer; autoplay; clipboard-write; encrypted-media; gyroscope; picture-in-picture; web-share\" referrerpolicy=\"strict-origin-when-cross-origin\" allowfullscreen><\/iframe><\/p>\n","protected":false},"excerpt":{"rendered":"<p><strong>Demana les teves bandoleres personalitzades per a la teva Acad\u00e8mia d&#8217;Angl\u00e8s abans de Setmana Santa!<\/strong><\/p>\n<p>En primer lloc, necessitem saber quantes bandoleres demanar\u00e0s. En funci\u00f3 del nombre de bandoleres, el cost de l&#8217;enviament ser\u00e0 l&#8217;un o l&#8217;altre. Quantes m\u00e9s bandoleres demanis, el transport ser\u00e0 m\u00e9s barat i el preu final de la bandolera se&#8217;t quedar\u00e0 m\u00e9s econ\u00f2mic!<\/p>\n<p style=\"text-align: center;\"><strong><span style=\"color: #993300;\">La comanda m\u00ednima \u00e9s de 100 bandoleres per color. Podeu fer les combinacion<\/span><\/strong><strong><span style=\"color: #993300;\">s de colors que vulgueu, per\u00f2 sempre per m\u00faltiples de 100.<\/span><\/strong><\/p>\n<h3 style=\"text-align: center;\"><strong>El preu de cada bandolera \u00e9s de 3,3 \u20ac + IVA (no inclou transport)<\/strong><\/h3>\n<p>Per a calcular-te el cost de l&#8217;enviament necessitem saber qu\u00e8 desitges demanar i per a aix\u00f2, fes clic a &#8220;Sol\u00b7licitar pressupost&#8221; i ens posarem en contacte amb tu al m\u00e9s aviat possible.<\/p>\n<p>Una vegada et lliurem el pressupost final, ja podr\u00e0s decidir si realitzes el pagament o no.<\/p>\n<p><strong>La comanda es manar\u00e0 a f\u00e0brica el DIVENDRES 13 d&#8217;abril a les 14:00h. ABANS d&#8217;aquesta data, s&#8217;haur\u00e0 d&#8217;haver quedat abonat la comanda i confirmat per part vostra el disseny. Pel que&#8230; no cal adormir-se!<\/strong><\/p>\n<p>&nbsp;<\/p>\n<h3>Colors disponibles<\/h3>\n[gallery columns=\"6\" size=\"large\" link=\"none\" ids=\"2268,2269,2270,2271,2272,2273\"]\n<h3>Nous colors 2025<\/h3>\n<p><img loading=\"lazy\" decoding=\"async\" class=\"alignnone size-large wp-image-4415\" src=\"https:\/\/englody.com\/wp-content\/uploads\/2024\/03\/shoulder-bag-1024x241.jpg\" alt=\"\" width=\"1024\" height=\"241\" srcset=\"https:\/\/englody.com\/wp-content\/uploads\/2024\/03\/shoulder-bag-1024x241.jpg 1024w, https:\/\/englody.com\/wp-content\/uploads\/2024\/03\/shoulder-bag-300x71.jpg 300w, https:\/\/englody.com\/wp-content\/uploads\/2024\/03\/shoulder-bag-768x181.jpg 768w, https:\/\/englody.com\/wp-content\/uploads\/2024\/03\/shoulder-bag-800x188.jpg 800w, https:\/\/englody.com\/wp-content\/uploads\/2024\/03\/shoulder-bag.jpg 1405w\" sizes=\"auto, (max-width: 1024px) 100vw, 1024px\" \/><\/p>\n<p>&nbsp;<\/p>\n","protected":false},"featured_media":6230,"template":"","meta":{"_joinchat":[]},"product_brand":[],"product_cat":[126,118],"product_tag":[],"giftcard-category":[],"class_list":{"0":"post-7834","1":"product","2":"type-product","3":"status-publish","4":"has-post-thumbnail","6":"product_cat-merchandising-ca","7":"product_cat-tots","9":"first","10":"outofstock","11":"taxable","12":"shipping-taxable","13":"purchasable","14":"product-type-variable"},"yoast_head":"<!-- This site is optimized with the Yoast SEO plugin v25.4 - https:\/\/yoast.com\/wordpress\/plugins\/seo\/ -->\n<title>\u25b7 Bandoleres Personalitzades per a la teva Acad\u00e8mia d&#039;Angl\u00e8s<\/title>\n<meta name=\"description\" content=\"Demana Bandoleres Personalitzades amb el logotip de la teva Acad\u00e8mia d&#039;Angl\u00e8s. Aquesta bandolera s&#039;ha convertit en senya d&#039;identitat de la nostra Acad\u00e8mia a Elx.\" \/>\n<meta name=\"robots\" content=\"index, follow, max-snippet:-1, max-image-preview:large, max-video-preview:-1\" \/>\n<link rel=\"canonical\" href=\"https:\/\/englody.com\/producto\/banderolas-personalizadas\/\" \/>\n<meta property=\"og:locale\" content=\"ca_ES\" \/>\n<meta property=\"og:type\" content=\"article\" \/>\n<meta property=\"og:title\" content=\"\u25b7 Bandoleres Personalitzades per a la teva Acad\u00e8mia d&#039;Angl\u00e8s\" \/>\n<meta property=\"og:description\" content=\"Demana Bandoleres Personalitzades amb el logotip de la teva Acad\u00e8mia d&#039;Angl\u00e8s. Aquesta bandolera s&#039;ha convertit en senya d&#039;identitat de la nostra Acad\u00e8mia a Elx.\" \/>\n<meta property=\"og:url\" content=\"https:\/\/englody.com\/producto\/banderolas-personalizadas\/\" \/>\n<meta property=\"og:site_name\" content=\"Englody | Software de gesti\u00f3n 360\u00ba para Academias de Ingl\u00e9s\" \/>\n<meta property=\"og:image\" content=\"https:\/\/englody.com\/wp-content\/uploads\/2024\/03\/englishfactory-banderola-02-web.jpg\" \/>\n\t<meta property=\"og:image:width\" content=\"1080\" \/>\n\t<meta property=\"og:image:height\" content=\"1080\" \/>\n\t<meta property=\"og:image:type\" content=\"image\/jpeg\" \/>\n<meta name=\"twitter:card\" content=\"summary_large_image\" \/>\n<script type=\"application\/ld+json\" class=\"yoast-schema-graph\">{\"@context\":\"https:\/\/schema.org\",\"@graph\":[{\"@type\":\"WebPage\",\"@id\":\"https:\/\/englody.com\/producto\/banderolas-personalizadas\/\",\"url\":\"https:\/\/englody.com\/producto\/banderolas-personalizadas\/\",\"name\":\"\u25b7 Bandoleres Personalitzades per a la teva Acad\u00e8mia d'Angl\u00e8s\",\"isPartOf\":{\"@id\":\"https:\/\/englody.com\/#website\"},\"primaryImageOfPage\":{\"@id\":\"https:\/\/englody.com\/producto\/banderolas-personalizadas\/#primaryimage\"},\"image\":{\"@id\":\"https:\/\/englody.com\/producto\/banderolas-personalizadas\/#primaryimage\"},\"thumbnailUrl\":\"https:\/\/englody.com\/wp-content\/uploads\/2024\/03\/englishfactory-banderola-02-web.jpg\",\"datePublished\":\"2024-03-26T11:43:14+00:00\",\"description\":\"Demana Bandoleres Personalitzades amb el logotip de la teva Acad\u00e8mia d'Angl\u00e8s. Aquesta bandolera s'ha convertit en senya d'identitat de la nostra Acad\u00e8mia a Elx.\",\"breadcrumb\":{\"@id\":\"https:\/\/englody.com\/producto\/banderolas-personalizadas\/#breadcrumb\"},\"inLanguage\":\"ca\",\"potentialAction\":[{\"@type\":\"ReadAction\",\"target\":[\"https:\/\/englody.com\/producto\/banderolas-personalizadas\/\"]}]},{\"@type\":\"ImageObject\",\"inLanguage\":\"ca\",\"@id\":\"https:\/\/englody.com\/producto\/banderolas-personalizadas\/#primaryimage\",\"url\":\"https:\/\/englody.com\/wp-content\/uploads\/2024\/03\/englishfactory-banderola-02-web.jpg\",\"contentUrl\":\"https:\/\/englody.com\/wp-content\/uploads\/2024\/03\/englishfactory-banderola-02-web.jpg\",\"width\":1080,\"height\":1080},{\"@type\":\"BreadcrumbList\",\"@id\":\"https:\/\/englody.com\/producto\/banderolas-personalizadas\/#breadcrumb\",\"itemListElement\":[{\"@type\":\"ListItem\",\"position\":1,\"name\":\"Portada\",\"item\":\"https:\/\/englody.com\/ca\/\"},{\"@type\":\"ListItem\",\"position\":2,\"name\":\"Englody Shop\",\"item\":\"https:\/\/englody.com\/tienda\/\"},{\"@type\":\"ListItem\",\"position\":3,\"name\":\"Bandoleres Personalitzades\"}]},{\"@type\":\"WebSite\",\"@id\":\"https:\/\/englody.com\/#website\",\"url\":\"https:\/\/englody.com\/\",\"name\":\"Englody | Software de gesti\u00f3n 360\u00ba para Academias de Ingl\u00e9s\",\"description\":\"\",\"potentialAction\":[{\"@type\":\"SearchAction\",\"target\":{\"@type\":\"EntryPoint\",\"urlTemplate\":\"https:\/\/englody.com\/?s={search_term_string}\"},\"query-input\":{\"@type\":\"PropertyValueSpecification\",\"valueRequired\":true,\"valueName\":\"search_term_string\"}}],\"inLanguage\":\"ca\"}]}<\/script>\n<!-- \/ Yoast SEO plugin. -->","yoast_head_json":{"title":"\u25b7 Bandoleres Personalitzades per a la teva Acad\u00e8mia d'Angl\u00e8s","description":"Demana Bandoleres Personalitzades amb el logotip de la teva Acad\u00e8mia d'Angl\u00e8s. Aquesta bandolera s'ha convertit en senya d'identitat de la nostra Acad\u00e8mia a Elx.","robots":{"index":"index","follow":"follow","max-snippet":"max-snippet:-1","max-image-preview":"max-image-preview:large","max-video-preview":"max-video-preview:-1"},"canonical":"https:\/\/englody.com\/producto\/banderolas-personalizadas\/","og_locale":"ca_ES","og_type":"article","og_title":"\u25b7 Bandoleres Personalitzades per a la teva Acad\u00e8mia d'Angl\u00e8s","og_description":"Demana Bandoleres Personalitzades amb el logotip de la teva Acad\u00e8mia d'Angl\u00e8s. Aquesta bandolera s'ha convertit en senya d'identitat de la nostra Acad\u00e8mia a Elx.","og_url":"https:\/\/englody.com\/producto\/banderolas-personalizadas\/","og_site_name":"Englody | Software de gesti\u00f3n 360\u00ba para Academias de Ingl\u00e9s","og_image":[{"width":1080,"height":1080,"url":"https:\/\/englody.com\/wp-content\/uploads\/2024\/03\/englishfactory-banderola-02-web.jpg","type":"image\/jpeg"}],"twitter_card":"summary_large_image","schema":{"@context":"https:\/\/schema.org","@graph":[{"@type":"WebPage","@id":"https:\/\/englody.com\/producto\/banderolas-personalizadas\/","url":"https:\/\/englody.com\/producto\/banderolas-personalizadas\/","name":"\u25b7 Bandoleres Personalitzades per a la teva Acad\u00e8mia d'Angl\u00e8s","isPartOf":{"@id":"https:\/\/englody.com\/#website"},"primaryImageOfPage":{"@id":"https:\/\/englody.com\/producto\/banderolas-personalizadas\/#primaryimage"},"image":{"@id":"https:\/\/englody.com\/producto\/banderolas-personalizadas\/#primaryimage"},"thumbnailUrl":"https:\/\/englody.com\/wp-content\/uploads\/2024\/03\/englishfactory-banderola-02-web.jpg","datePublished":"2024-03-26T11:43:14+00:00","description":"Demana Bandoleres Personalitzades amb el logotip de la teva Acad\u00e8mia d'Angl\u00e8s. Aquesta bandolera s'ha convertit en senya d'identitat de la nostra Acad\u00e8mia a Elx.","breadcrumb":{"@id":"https:\/\/englody.com\/producto\/banderolas-personalizadas\/#breadcrumb"},"inLanguage":"ca","potentialAction":[{"@type":"ReadAction","target":["https:\/\/englody.com\/producto\/banderolas-personalizadas\/"]}]},{"@type":"ImageObject","inLanguage":"ca","@id":"https:\/\/englody.com\/producto\/banderolas-personalizadas\/#primaryimage","url":"https:\/\/englody.com\/wp-content\/uploads\/2024\/03\/englishfactory-banderola-02-web.jpg","contentUrl":"https:\/\/englody.com\/wp-content\/uploads\/2024\/03\/englishfactory-banderola-02-web.jpg","width":1080,"height":1080},{"@type":"BreadcrumbList","@id":"https:\/\/englody.com\/producto\/banderolas-personalizadas\/#breadcrumb","itemListElement":[{"@type":"ListItem","position":1,"name":"Portada","item":"https:\/\/englody.com\/ca\/"},{"@type":"ListItem","position":2,"name":"Englody Shop","item":"https:\/\/englody.com\/tienda\/"},{"@type":"ListItem","position":3,"name":"Bandoleres Personalitzades"}]},{"@type":"WebSite","@id":"https:\/\/englody.com\/#website","url":"https:\/\/englody.com\/","name":"Englody | Software de gesti\u00f3n 360\u00ba para Academias de Ingl\u00e9s","description":"","potentialAction":[{"@type":"SearchAction","target":{"@type":"EntryPoint","urlTemplate":"https:\/\/englody.com\/?s={search_term_string}"},"query-input":{"@type":"PropertyValueSpecification","valueRequired":true,"valueName":"search_term_string"}}],"inLanguage":"ca"}]}},"tiered_pricing_type":"fixed","tiered_pricing_fixed_rules":[],"tiered_pricing_product_settings":{"layout":"default","base_unit_name":{"singular":null,"plural":null},"default_variation":null},"tiered_pricing_minimum_quantity":50,"tiered_pricing_roles_data":[],"tiered_pricing_percentage_rules":[],"tiered_pricing_maximum_quantity":null,"tiered_pricing_quantity_step":"50","_links":{"self":[{"href":"https:\/\/englody.com\/ca\/wp-json\/wp\/v2\/product\/7834","targetHints":{"allow":["GET"]}}],"collection":[{"href":"https:\/\/englody.com\/ca\/wp-json\/wp\/v2\/product"}],"about":[{"href":"https:\/\/englody.com\/ca\/wp-json\/wp\/v2\/types\/product"}],"wp:featuredmedia":[{"embeddable":true,"href":"https:\/\/englody.com\/ca\/wp-json\/wp\/v2\/media\/6230"}],"wp:attachment":[{"href":"https:\/\/englody.com\/ca\/wp-json\/wp\/v2\/media?parent=7834"}],"wp:term":[{"taxonomy":"product_brand","embeddable":true,"href":"https:\/\/englody.com\/ca\/wp-json\/wp\/v2\/product_brand?post=7834"},{"taxonomy":"product_cat","embeddable":true,"href":"https:\/\/englody.com\/ca\/wp-json\/wp\/v2\/product_cat?post=7834"},{"taxonomy":"product_tag","embeddable":true,"href":"https:\/\/englody.com\/ca\/wp-json\/wp\/v2\/product_tag?post=7834"},{"taxonomy":"giftcard-category","embeddable":true,"href":"https:\/\/englody.com\/ca\/wp-json\/wp\/v2\/giftcard-category?post=7834"}],"curies":[{"name":"wp","href":"https:\/\/api.w.org\/{rel}","templated":true}]}}