{"id":7839,"date":"2023-12-22T09:34:15","date_gmt":"2023-12-22T08:34:15","guid":{"rendered":"https:\/\/englody.com\/producto\/anuncia-la-teva-academia-dangles\/"},"modified":"2023-12-22T09:34:15","modified_gmt":"2023-12-22T08:34:15","slug":"anuncia-la-teva-academia-dangles","status":"publish","type":"product","link":"https:\/\/englody.com\/ca\/producto\/anuncia-la-teva-academia-dangles\/","title":{"rendered":"Anuncia la teva Acad\u00e8mia d&#8217;Angl\u00e8s"},"content":{"rendered":"","protected":false},"excerpt":{"rendered":"<p>Necessites vendre la teva Acad\u00e8mia d&#8217;Angl\u00e8s? En Englody comptem amb la major xarxa de contactes i inversors del sector per a facilitar-te la tasca. Oferim un servei integral de venda d&#8217;Acad\u00e8mies o Escoles d&#8217;Idiomes, de principi a fi, amb l&#8217;\u00fanic objectiu de garantir un proc\u00e9s transparent i legal, sense perdre temps ni compradors ni venedors.<\/p>\n<h2 style=\"font-size: 1.5em; line-height: 1.2em; font-weight: bold;\">Anuncia la teva Acad\u00e8mia d&#8217;Angl\u00e8s en Englody i gaudeix d&#8217;aquests avantatges:<\/h2>\n<p>Publicaci\u00f3 de la teva Acad\u00e8mia d&#8217;Ingl\u00e9s en la nostra <a href=\"https:\/\/englody.com\/ca\/compra-venda-dacademies\/vendre-academia-dangles\/\">plataforma de compravenda<\/a> (el major portal especialitzat a Espanya).<br \/>\nAssessorament expert per a prendre les decisions correctes una vegada informat.<br \/>\nAcc\u00e9s a contactes, inversors i persones interessades.<br \/>\nTranspar\u00e8ncia absoluta en tot el proc\u00e9s.<br \/>\nAssessorament jur\u00eddic especialitzat en la venda de societats.<br \/>\nMediador especialitzat en el sector de les Acad\u00e8mies d&#8217;Ingl\u00e9s que buscar\u00e0 el punt d&#8217;equilibri perqu\u00e8 totes dues parts surtin guanyant.<\/p>\n","protected":false},"featured_media":6098,"template":"","meta":{"_joinchat":[]},"product_brand":[],"product_cat":[137,118],"product_tag":[],"giftcard-category":[],"class_list":{"0":"post-7839","1":"product","2":"type-product","3":"status-publish","4":"has-post-thumbnail","6":"product_cat-compravenda","7":"product_cat-tots","9":"first","10":"instock","11":"virtual","12":"taxable","13":"purchasable","14":"product-type-simple"},"yoast_head":"<!-- This site is optimized with the Yoast SEO plugin v25.4 - https:\/\/yoast.com\/wordpress\/plugins\/seo\/ -->\n<title>Anuncia la teva Acad\u00e8mia d&#039;Angl\u00e8s - Embeni la teva Acad\u00e8mia amb Englody<\/title>\n<meta name=\"description\" content=\"Necessites vendre la teva Acad\u00e8mia d&#039;Ingl\u00e9s? Anuncia la teva Acad\u00e8mia d&#039;Ingl\u00e9s en la nostra plataforma de compravenda, el major portal especialitzat a Espanya).\" \/>\n<meta name=\"robots\" content=\"index, follow, max-snippet:-1, max-image-preview:large, max-video-preview:-1\" \/>\n<link rel=\"canonical\" href=\"https:\/\/englody.com\/producto\/anuncia-tu-academia-de-ingles\/\" \/>\n<meta property=\"og:locale\" content=\"ca_ES\" \/>\n<meta property=\"og:type\" content=\"article\" \/>\n<meta property=\"og:title\" content=\"Anuncia la teva Acad\u00e8mia d&#039;Angl\u00e8s - Embeni la teva Acad\u00e8mia amb Englody\" \/>\n<meta property=\"og:description\" content=\"Necessites vendre la teva Acad\u00e8mia d&#039;Ingl\u00e9s? Anuncia la teva Acad\u00e8mia d&#039;Ingl\u00e9s en la nostra plataforma de compravenda, el major portal especialitzat a Espanya).\" \/>\n<meta property=\"og:url\" content=\"https:\/\/englody.com\/producto\/anuncia-tu-academia-de-ingles\/\" \/>\n<meta property=\"og:site_name\" content=\"Englody | Software de gesti\u00f3n 360\u00ba para Academias de Ingl\u00e9s\" \/>\n<meta property=\"og:image\" content=\"https:\/\/englody.com\/wp-content\/uploads\/2023\/12\/englody-compraventa-academias-ingles.jpg\" \/>\n\t<meta property=\"og:image:width\" content=\"1080\" \/>\n\t<meta property=\"og:image:height\" content=\"1080\" \/>\n\t<meta property=\"og:image:type\" content=\"image\/jpeg\" \/>\n<meta name=\"twitter:card\" content=\"summary_large_image\" \/>\n<script type=\"application\/ld+json\" class=\"yoast-schema-graph\">{\"@context\":\"https:\/\/schema.org\",\"@graph\":[{\"@type\":\"WebPage\",\"@id\":\"https:\/\/englody.com\/producto\/anuncia-tu-academia-de-ingles\/\",\"url\":\"https:\/\/englody.com\/producto\/anuncia-tu-academia-de-ingles\/\",\"name\":\"Anuncia la teva Acad\u00e8mia d'Angl\u00e8s - Embeni la teva Acad\u00e8mia amb Englody\",\"isPartOf\":{\"@id\":\"https:\/\/englody.com\/#website\"},\"primaryImageOfPage\":{\"@id\":\"https:\/\/englody.com\/producto\/anuncia-tu-academia-de-ingles\/#primaryimage\"},\"image\":{\"@id\":\"https:\/\/englody.com\/producto\/anuncia-tu-academia-de-ingles\/#primaryimage\"},\"thumbnailUrl\":\"https:\/\/englody.com\/wp-content\/uploads\/2023\/12\/englody-compraventa-academias-ingles.jpg\",\"datePublished\":\"2023-12-22T08:34:15+00:00\",\"description\":\"Necessites vendre la teva Acad\u00e8mia d'Ingl\u00e9s? Anuncia la teva Acad\u00e8mia d'Ingl\u00e9s en la nostra plataforma de compravenda, el major portal especialitzat a Espanya).\",\"breadcrumb\":{\"@id\":\"https:\/\/englody.com\/producto\/anuncia-tu-academia-de-ingles\/#breadcrumb\"},\"inLanguage\":\"ca\",\"potentialAction\":[{\"@type\":\"ReadAction\",\"target\":[\"https:\/\/englody.com\/producto\/anuncia-tu-academia-de-ingles\/\"]}]},{\"@type\":\"ImageObject\",\"inLanguage\":\"ca\",\"@id\":\"https:\/\/englody.com\/producto\/anuncia-tu-academia-de-ingles\/#primaryimage\",\"url\":\"https:\/\/englody.com\/wp-content\/uploads\/2023\/12\/englody-compraventa-academias-ingles.jpg\",\"contentUrl\":\"https:\/\/englody.com\/wp-content\/uploads\/2023\/12\/englody-compraventa-academias-ingles.jpg\",\"width\":1080,\"height\":1080,\"caption\":\"Compra venda d'acad\u00e8mies d'angl\u00e8s\"},{\"@type\":\"BreadcrumbList\",\"@id\":\"https:\/\/englody.com\/producto\/anuncia-tu-academia-de-ingles\/#breadcrumb\",\"itemListElement\":[{\"@type\":\"ListItem\",\"position\":1,\"name\":\"Portada\",\"item\":\"https:\/\/englody.com\/ca\/\"},{\"@type\":\"ListItem\",\"position\":2,\"name\":\"Englody Shop\",\"item\":\"https:\/\/englody.com\/tienda\/\"},{\"@type\":\"ListItem\",\"position\":3,\"name\":\"Anuncia la teva Acad\u00e8mia d&#8217;Angl\u00e8s\"}]},{\"@type\":\"WebSite\",\"@id\":\"https:\/\/englody.com\/#website\",\"url\":\"https:\/\/englody.com\/\",\"name\":\"Englody | Software de gesti\u00f3n 360\u00ba para Academias de Ingl\u00e9s\",\"description\":\"\",\"potentialAction\":[{\"@type\":\"SearchAction\",\"target\":{\"@type\":\"EntryPoint\",\"urlTemplate\":\"https:\/\/englody.com\/?s={search_term_string}\"},\"query-input\":{\"@type\":\"PropertyValueSpecification\",\"valueRequired\":true,\"valueName\":\"search_term_string\"}}],\"inLanguage\":\"ca\"}]}<\/script>\n<!-- \/ Yoast SEO plugin. -->","yoast_head_json":{"title":"Anuncia la teva Acad\u00e8mia d'Angl\u00e8s - Embeni la teva Acad\u00e8mia amb Englody","description":"Necessites vendre la teva Acad\u00e8mia d'Ingl\u00e9s? Anuncia la teva Acad\u00e8mia d'Ingl\u00e9s en la nostra plataforma de compravenda, el major portal especialitzat a Espanya).","robots":{"index":"index","follow":"follow","max-snippet":"max-snippet:-1","max-image-preview":"max-image-preview:large","max-video-preview":"max-video-preview:-1"},"canonical":"https:\/\/englody.com\/producto\/anuncia-tu-academia-de-ingles\/","og_locale":"ca_ES","og_type":"article","og_title":"Anuncia la teva Acad\u00e8mia d'Angl\u00e8s - Embeni la teva Acad\u00e8mia amb Englody","og_description":"Necessites vendre la teva Acad\u00e8mia d'Ingl\u00e9s? Anuncia la teva Acad\u00e8mia d'Ingl\u00e9s en la nostra plataforma de compravenda, el major portal especialitzat a Espanya).","og_url":"https:\/\/englody.com\/producto\/anuncia-tu-academia-de-ingles\/","og_site_name":"Englody | Software de gesti\u00f3n 360\u00ba para Academias de Ingl\u00e9s","og_image":[{"width":1080,"height":1080,"url":"https:\/\/englody.com\/wp-content\/uploads\/2023\/12\/englody-compraventa-academias-ingles.jpg","type":"image\/jpeg"}],"twitter_card":"summary_large_image","schema":{"@context":"https:\/\/schema.org","@graph":[{"@type":"WebPage","@id":"https:\/\/englody.com\/producto\/anuncia-tu-academia-de-ingles\/","url":"https:\/\/englody.com\/producto\/anuncia-tu-academia-de-ingles\/","name":"Anuncia la teva Acad\u00e8mia d'Angl\u00e8s - Embeni la teva Acad\u00e8mia amb Englody","isPartOf":{"@id":"https:\/\/englody.com\/#website"},"primaryImageOfPage":{"@id":"https:\/\/englody.com\/producto\/anuncia-tu-academia-de-ingles\/#primaryimage"},"image":{"@id":"https:\/\/englody.com\/producto\/anuncia-tu-academia-de-ingles\/#primaryimage"},"thumbnailUrl":"https:\/\/englody.com\/wp-content\/uploads\/2023\/12\/englody-compraventa-academias-ingles.jpg","datePublished":"2023-12-22T08:34:15+00:00","description":"Necessites vendre la teva Acad\u00e8mia d'Ingl\u00e9s? Anuncia la teva Acad\u00e8mia d'Ingl\u00e9s en la nostra plataforma de compravenda, el major portal especialitzat a Espanya).","breadcrumb":{"@id":"https:\/\/englody.com\/producto\/anuncia-tu-academia-de-ingles\/#breadcrumb"},"inLanguage":"ca","potentialAction":[{"@type":"ReadAction","target":["https:\/\/englody.com\/producto\/anuncia-tu-academia-de-ingles\/"]}]},{"@type":"ImageObject","inLanguage":"ca","@id":"https:\/\/englody.com\/producto\/anuncia-tu-academia-de-ingles\/#primaryimage","url":"https:\/\/englody.com\/wp-content\/uploads\/2023\/12\/englody-compraventa-academias-ingles.jpg","contentUrl":"https:\/\/englody.com\/wp-content\/uploads\/2023\/12\/englody-compraventa-academias-ingles.jpg","width":1080,"height":1080,"caption":"Compra venda d'acad\u00e8mies d'angl\u00e8s"},{"@type":"BreadcrumbList","@id":"https:\/\/englody.com\/producto\/anuncia-tu-academia-de-ingles\/#breadcrumb","itemListElement":[{"@type":"ListItem","position":1,"name":"Portada","item":"https:\/\/englody.com\/ca\/"},{"@type":"ListItem","position":2,"name":"Englody Shop","item":"https:\/\/englody.com\/tienda\/"},{"@type":"ListItem","position":3,"name":"Anuncia la teva Acad\u00e8mia d&#8217;Angl\u00e8s"}]},{"@type":"WebSite","@id":"https:\/\/englody.com\/#website","url":"https:\/\/englody.com\/","name":"Englody | Software de gesti\u00f3n 360\u00ba para Academias de Ingl\u00e9s","description":"","potentialAction":[{"@type":"SearchAction","target":{"@type":"EntryPoint","urlTemplate":"https:\/\/englody.com\/?s={search_term_string}"},"query-input":{"@type":"PropertyValueSpecification","valueRequired":true,"valueName":"search_term_string"}}],"inLanguage":"ca"}]}},"tiered_pricing_type":"fixed","tiered_pricing_fixed_rules":[],"tiered_pricing_product_settings":{"layout":"default","base_unit_name":{"singular":null,"plural":null},"default_variation":null},"tiered_pricing_minimum_quantity":null,"tiered_pricing_roles_data":[],"tiered_pricing_percentage_rules":[],"tiered_pricing_maximum_quantity":null,"tiered_pricing_quantity_step":null,"_links":{"self":[{"href":"https:\/\/englody.com\/ca\/wp-json\/wp\/v2\/product\/7839","targetHints":{"allow":["GET"]}}],"collection":[{"href":"https:\/\/englody.com\/ca\/wp-json\/wp\/v2\/product"}],"about":[{"href":"https:\/\/englody.com\/ca\/wp-json\/wp\/v2\/types\/product"}],"wp:featuredmedia":[{"embeddable":true,"href":"https:\/\/englody.com\/ca\/wp-json\/wp\/v2\/media\/6098"}],"wp:attachment":[{"href":"https:\/\/englody.com\/ca\/wp-json\/wp\/v2\/media?parent=7839"}],"wp:term":[{"taxonomy":"product_brand","embeddable":true,"href":"https:\/\/englody.com\/ca\/wp-json\/wp\/v2\/product_brand?post=7839"},{"taxonomy":"product_cat","embeddable":true,"href":"https:\/\/englody.com\/ca\/wp-json\/wp\/v2\/product_cat?post=7839"},{"taxonomy":"product_tag","embeddable":true,"href":"https:\/\/englody.com\/ca\/wp-json\/wp\/v2\/product_tag?post=7839"},{"taxonomy":"giftcard-category","embeddable":true,"href":"https:\/\/englody.com\/ca\/wp-json\/wp\/v2\/giftcard-category?post=7839"}],"curies":[{"name":"wp","href":"https:\/\/api.w.org\/{rel}","templated":true}]}}