{"id":7840,"date":"2023-12-22T09:23:46","date_gmt":"2023-12-22T08:23:46","guid":{"rendered":"https:\/\/englody.com\/producto\/campanya-de-ads-sem\/"},"modified":"2023-12-22T09:23:46","modified_gmt":"2023-12-22T08:23:46","slug":"campanya-de-ads-sem","status":"publish","type":"product","link":"https:\/\/englody.com\/ca\/producto\/campanya-de-ads-sem\/","title":{"rendered":"Campanya de Ads + SEM"},"content":{"rendered":"","protected":false},"excerpt":{"rendered":"<p>La publicitat en Meta (Facebook i Instagram) i Google \u00e9s la clau per a elevar el teu negoci al seg\u00fcent nivell. Amb la nostra experi\u00e8ncia en disseny i gesti\u00f3 de campanyes, transformem la teva pres\u00e8ncia en l\u00ednia en un potent imant d&#8217;estudiants, ajudant-te a atreure tr\u00e0nsit qualificat i augmentar les teves inscripcions.<\/p>\n<p><strong>Qu\u00e8 oferim?<\/strong><br \/>\n\u2705 <strong>Disseny Personalitzat<\/strong>: Creem anuncis adaptats a cada plataforma, assegurant que el teu missatge ressoni en cada rac\u00f3 d&#8217;internet.<br \/>\n\u2705 <strong>Gesti\u00f3 Integral<\/strong>: Des de la configuraci\u00f3 fins a l&#8217;optimitzaci\u00f3, ens encarreguem de cada pas per a maximitzar els teus resultats en totes dues plataformes.<br \/>\n\u2705 <strong>Seguiment Detallat<\/strong>: Monitorem el rendiment de les campanyes i t&#8217;enviem informes mensuals amb insights valuosos.<br \/>\n\u2705 <strong>Englody Leads Gratis<\/strong>: Implementaci\u00f3 i optimitzaci\u00f3 del nostre exclusiu sistema Englody Leads, valorat en 750\u20ac, per a la gesti\u00f3 de clients potencials a trav\u00e9s de les diferents fases de l&#8217;embut de vendes. * Servei gratu\u00eft durant la vig\u00e8ncia del servei amb Englody.<\/p>\n<p><strong>La campanya inclou:<\/strong><\/p>\n<ul>\n<li><strong>Grup d&#8217;anuncis en Meta<\/strong>: 2 imatges i 1 v\u00eddeo, dissenyats per a captar l&#8217;atenci\u00f3 del teu p\u00fablic objectiu.<\/li>\n<li><strong>Grup d&#8217;anuncis en Google<\/strong>: Anuncis optimitzats per a augmentar la teva visibilitat i atreure tr\u00e0nsit qualificat al teu web.<\/li>\n<\/ul>\n<p><strong>Tot per nom\u00e9s 500\u20ac + IVA al mes.<\/strong><br \/>\nNo inclou la inversi\u00f3 en publicitat, que ser\u00e0 de pagament directe a Meta i Google per part del client. La inversi\u00f3 s&#8217;acordar\u00e0 entre el client i Englody, amb una inversi\u00f3 m\u00ednima recomanada d&#8217;entre 300 i 500 \u20ac en META, i 150 o 300\u20ac en Google, depenent de la ciutat i dels objectius que es pretenguin aconseguir.<\/p>\n<p>Aprofita el poder combinat de les xarxes socials i Google com el teu aparador digital. Augmenta la visibilitat de la teva marca, atreu tr\u00e0nsit qualificat al teu web i eleva les teves inscripcions. No deixis passar aquesta oportunitat!<\/p>\n","protected":false},"featured_media":5541,"template":"","meta":{"_joinchat":[]},"product_brand":[],"product_cat":[138,118],"product_tag":[],"giftcard-category":[],"class_list":{"0":"post-7840","1":"product","2":"type-product","3":"status-publish","4":"has-post-thumbnail","6":"product_cat-marketing-ca","7":"product_cat-tots","9":"first","10":"instock","11":"virtual","12":"taxable","13":"purchasable","14":"product-type-subscription"},"yoast_head":"<!-- This site is optimized with the Yoast SEO plugin v25.4 - https:\/\/yoast.com\/wordpress\/plugins\/seo\/ -->\n<title>Campanya de Ads + SEM - Englody | Software de gesti\u00f3n 360\u00ba para Academias de Ingl\u00e9s<\/title>\n<meta name=\"robots\" content=\"index, follow, max-snippet:-1, max-image-preview:large, max-video-preview:-1\" \/>\n<link rel=\"canonical\" href=\"https:\/\/englody.com\/ca\/producto\/campanya-de-ads-sem\/\" \/>\n<meta property=\"og:locale\" content=\"ca_ES\" \/>\n<meta property=\"og:type\" content=\"article\" \/>\n<meta property=\"og:title\" content=\"Campanya de Ads + SEM - Englody | Software de gesti\u00f3n 360\u00ba para Academias de Ingl\u00e9s\" \/>\n<meta property=\"og:description\" content=\"La publicitat en Meta (Facebook i Instagram) i Google \u00e9s la clau per a elevar el teu negoci al seg\u00fcent nivell. Amb la nostra experi\u00e8ncia en disseny i gesti\u00f3 de campanyes, transformem la teva pres\u00e8ncia en l\u00ednia en un potent imant d&#039;estudiants, ajudant-te a atreure tr\u00e0nsit qualificat i augmentar les teves inscripcions. Qu\u00e8 oferim? \u2705 Disseny Personalitzat: Creem anuncis adaptats a cada plataforma, assegurant que el teu missatge ressoni en cada rac\u00f3 d&#039;internet. \u2705 Gesti\u00f3 Integral: Des de la configuraci\u00f3 fins a l&#039;optimitzaci\u00f3, ens encarreguem de cada pas per a maximitzar els teus resultats en totes dues plataformes. \u2705 Seguiment Detallat: Monitorem el rendiment de les campanyes i t&#039;enviem informes mensuals amb insights valuosos. \u2705 Englody Leads Gratis: Implementaci\u00f3 i optimitzaci\u00f3 del nostre exclusiu sistema Englody Leads, valorat en 750\u20ac, per a la gesti\u00f3 de clients potencials a trav\u00e9s de les diferents fases de l&#039;embut de vendes. * Servei gratu\u00eft durant la vig\u00e8ncia del servei amb Englody. La campanya inclou:  Grup d&#039;anuncis en Meta: 2 imatges i 1 v\u00eddeo, dissenyats per a captar l&#039;atenci\u00f3 del teu p\u00fablic objectiu. Grup d&#039;anuncis en Google: Anuncis optimitzats per a augmentar la teva visibilitat i atreure tr\u00e0nsit qualificat al teu web.  Tot per nom\u00e9s 500\u20ac + IVA al mes. No inclou la inversi\u00f3 en publicitat, que ser\u00e0 de pagament directe a Meta i Google per part del client. La inversi\u00f3 s&#039;acordar\u00e0 entre el client i Englody, amb una inversi\u00f3 m\u00ednima recomanada d&#039;entre 300 i 500 \u20ac en META, i 150 o 300\u20ac en Google, depenent de la ciutat i dels objectius que es pretenguin aconseguir. Aprofita el poder combinat de les xarxes socials i Google com el teu aparador digital. Augmenta la visibilitat de la teva marca, atreu tr\u00e0nsit qualificat al teu web i eleva les teves inscripcions. No deixis passar aquesta oportunitat!\" \/>\n<meta property=\"og:url\" content=\"https:\/\/englody.com\/ca\/producto\/campanya-de-ads-sem\/\" \/>\n<meta property=\"og:site_name\" content=\"Englody | Software de gesti\u00f3n 360\u00ba para Academias de Ingl\u00e9s\" \/>\n<meta property=\"og:image\" content=\"https:\/\/englody.com\/wp-content\/uploads\/2023\/12\/ads-sem.png\" \/>\n\t<meta property=\"og:image:width\" content=\"1080\" \/>\n\t<meta property=\"og:image:height\" content=\"1080\" \/>\n\t<meta property=\"og:image:type\" content=\"image\/png\" \/>\n<meta name=\"twitter:card\" content=\"summary_large_image\" \/>\n<script type=\"application\/ld+json\" class=\"yoast-schema-graph\">{\"@context\":\"https:\/\/schema.org\",\"@graph\":[{\"@type\":\"WebPage\",\"@id\":\"https:\/\/englody.com\/ca\/producto\/campanya-de-ads-sem\/\",\"url\":\"https:\/\/englody.com\/ca\/producto\/campanya-de-ads-sem\/\",\"name\":\"Campanya de Ads + SEM - Englody | Software de gesti\u00f3n 360\u00ba para Academias de Ingl\u00e9s\",\"isPartOf\":{\"@id\":\"https:\/\/englody.com\/#website\"},\"primaryImageOfPage\":{\"@id\":\"https:\/\/englody.com\/ca\/producto\/campanya-de-ads-sem\/#primaryimage\"},\"image\":{\"@id\":\"https:\/\/englody.com\/ca\/producto\/campanya-de-ads-sem\/#primaryimage\"},\"thumbnailUrl\":\"https:\/\/englody.com\/wp-content\/uploads\/2023\/12\/ads-sem.png\",\"datePublished\":\"2023-12-22T08:23:46+00:00\",\"breadcrumb\":{\"@id\":\"https:\/\/englody.com\/ca\/producto\/campanya-de-ads-sem\/#breadcrumb\"},\"inLanguage\":\"ca\",\"potentialAction\":[{\"@type\":\"ReadAction\",\"target\":[\"https:\/\/englody.com\/ca\/producto\/campanya-de-ads-sem\/\"]}]},{\"@type\":\"ImageObject\",\"inLanguage\":\"ca\",\"@id\":\"https:\/\/englody.com\/ca\/producto\/campanya-de-ads-sem\/#primaryimage\",\"url\":\"https:\/\/englody.com\/wp-content\/uploads\/2023\/12\/ads-sem.png\",\"contentUrl\":\"https:\/\/englody.com\/wp-content\/uploads\/2023\/12\/ads-sem.png\",\"width\":1080,\"height\":1080},{\"@type\":\"BreadcrumbList\",\"@id\":\"https:\/\/englody.com\/ca\/producto\/campanya-de-ads-sem\/#breadcrumb\",\"itemListElement\":[{\"@type\":\"ListItem\",\"position\":1,\"name\":\"Portada\",\"item\":\"https:\/\/englody.com\/ca\/\"},{\"@type\":\"ListItem\",\"position\":2,\"name\":\"Englody Shop\",\"item\":\"https:\/\/englody.com\/tienda\/\"},{\"@type\":\"ListItem\",\"position\":3,\"name\":\"Campanya de Ads + SEM\"}]},{\"@type\":\"WebSite\",\"@id\":\"https:\/\/englody.com\/#website\",\"url\":\"https:\/\/englody.com\/\",\"name\":\"Englody | Software de gesti\u00f3n 360\u00ba para Academias de Ingl\u00e9s\",\"description\":\"\",\"potentialAction\":[{\"@type\":\"SearchAction\",\"target\":{\"@type\":\"EntryPoint\",\"urlTemplate\":\"https:\/\/englody.com\/?s={search_term_string}\"},\"query-input\":{\"@type\":\"PropertyValueSpecification\",\"valueRequired\":true,\"valueName\":\"search_term_string\"}}],\"inLanguage\":\"ca\"}]}<\/script>\n<!-- \/ Yoast SEO plugin. -->","yoast_head_json":{"title":"Campanya de Ads + SEM - Englody | Software de gesti\u00f3n 360\u00ba para Academias de Ingl\u00e9s","robots":{"index":"index","follow":"follow","max-snippet":"max-snippet:-1","max-image-preview":"max-image-preview:large","max-video-preview":"max-video-preview:-1"},"canonical":"https:\/\/englody.com\/ca\/producto\/campanya-de-ads-sem\/","og_locale":"ca_ES","og_type":"article","og_title":"Campanya de Ads + SEM - Englody | Software de gesti\u00f3n 360\u00ba para Academias de Ingl\u00e9s","og_description":"La publicitat en Meta (Facebook i Instagram) i Google \u00e9s la clau per a elevar el teu negoci al seg\u00fcent nivell. Amb la nostra experi\u00e8ncia en disseny i gesti\u00f3 de campanyes, transformem la teva pres\u00e8ncia en l\u00ednia en un potent imant d'estudiants, ajudant-te a atreure tr\u00e0nsit qualificat i augmentar les teves inscripcions. Qu\u00e8 oferim? \u2705 Disseny Personalitzat: Creem anuncis adaptats a cada plataforma, assegurant que el teu missatge ressoni en cada rac\u00f3 d'internet. \u2705 Gesti\u00f3 Integral: Des de la configuraci\u00f3 fins a l'optimitzaci\u00f3, ens encarreguem de cada pas per a maximitzar els teus resultats en totes dues plataformes. \u2705 Seguiment Detallat: Monitorem el rendiment de les campanyes i t'enviem informes mensuals amb insights valuosos. \u2705 Englody Leads Gratis: Implementaci\u00f3 i optimitzaci\u00f3 del nostre exclusiu sistema Englody Leads, valorat en 750\u20ac, per a la gesti\u00f3 de clients potencials a trav\u00e9s de les diferents fases de l'embut de vendes. * Servei gratu\u00eft durant la vig\u00e8ncia del servei amb Englody. La campanya inclou:  Grup d'anuncis en Meta: 2 imatges i 1 v\u00eddeo, dissenyats per a captar l'atenci\u00f3 del teu p\u00fablic objectiu. Grup d'anuncis en Google: Anuncis optimitzats per a augmentar la teva visibilitat i atreure tr\u00e0nsit qualificat al teu web.  Tot per nom\u00e9s 500\u20ac + IVA al mes. No inclou la inversi\u00f3 en publicitat, que ser\u00e0 de pagament directe a Meta i Google per part del client. La inversi\u00f3 s'acordar\u00e0 entre el client i Englody, amb una inversi\u00f3 m\u00ednima recomanada d'entre 300 i 500 \u20ac en META, i 150 o 300\u20ac en Google, depenent de la ciutat i dels objectius que es pretenguin aconseguir. Aprofita el poder combinat de les xarxes socials i Google com el teu aparador digital. Augmenta la visibilitat de la teva marca, atreu tr\u00e0nsit qualificat al teu web i eleva les teves inscripcions. No deixis passar aquesta oportunitat!","og_url":"https:\/\/englody.com\/ca\/producto\/campanya-de-ads-sem\/","og_site_name":"Englody | Software de gesti\u00f3n 360\u00ba para Academias de Ingl\u00e9s","og_image":[{"width":1080,"height":1080,"url":"https:\/\/englody.com\/wp-content\/uploads\/2023\/12\/ads-sem.png","type":"image\/png"}],"twitter_card":"summary_large_image","schema":{"@context":"https:\/\/schema.org","@graph":[{"@type":"WebPage","@id":"https:\/\/englody.com\/ca\/producto\/campanya-de-ads-sem\/","url":"https:\/\/englody.com\/ca\/producto\/campanya-de-ads-sem\/","name":"Campanya de Ads + SEM - Englody | Software de gesti\u00f3n 360\u00ba para Academias de Ingl\u00e9s","isPartOf":{"@id":"https:\/\/englody.com\/#website"},"primaryImageOfPage":{"@id":"https:\/\/englody.com\/ca\/producto\/campanya-de-ads-sem\/#primaryimage"},"image":{"@id":"https:\/\/englody.com\/ca\/producto\/campanya-de-ads-sem\/#primaryimage"},"thumbnailUrl":"https:\/\/englody.com\/wp-content\/uploads\/2023\/12\/ads-sem.png","datePublished":"2023-12-22T08:23:46+00:00","breadcrumb":{"@id":"https:\/\/englody.com\/ca\/producto\/campanya-de-ads-sem\/#breadcrumb"},"inLanguage":"ca","potentialAction":[{"@type":"ReadAction","target":["https:\/\/englody.com\/ca\/producto\/campanya-de-ads-sem\/"]}]},{"@type":"ImageObject","inLanguage":"ca","@id":"https:\/\/englody.com\/ca\/producto\/campanya-de-ads-sem\/#primaryimage","url":"https:\/\/englody.com\/wp-content\/uploads\/2023\/12\/ads-sem.png","contentUrl":"https:\/\/englody.com\/wp-content\/uploads\/2023\/12\/ads-sem.png","width":1080,"height":1080},{"@type":"BreadcrumbList","@id":"https:\/\/englody.com\/ca\/producto\/campanya-de-ads-sem\/#breadcrumb","itemListElement":[{"@type":"ListItem","position":1,"name":"Portada","item":"https:\/\/englody.com\/ca\/"},{"@type":"ListItem","position":2,"name":"Englody Shop","item":"https:\/\/englody.com\/tienda\/"},{"@type":"ListItem","position":3,"name":"Campanya de Ads + SEM"}]},{"@type":"WebSite","@id":"https:\/\/englody.com\/#website","url":"https:\/\/englody.com\/","name":"Englody | Software de gesti\u00f3n 360\u00ba para Academias de Ingl\u00e9s","description":"","potentialAction":[{"@type":"SearchAction","target":{"@type":"EntryPoint","urlTemplate":"https:\/\/englody.com\/?s={search_term_string}"},"query-input":{"@type":"PropertyValueSpecification","valueRequired":true,"valueName":"search_term_string"}}],"inLanguage":"ca"}]}},"tiered_pricing_type":"fixed","tiered_pricing_fixed_rules":[],"tiered_pricing_product_settings":{"layout":"default","base_unit_name":{"singular":null,"plural":null},"default_variation":null},"tiered_pricing_minimum_quantity":null,"tiered_pricing_roles_data":[],"tiered_pricing_percentage_rules":[],"tiered_pricing_maximum_quantity":null,"tiered_pricing_quantity_step":null,"_links":{"self":[{"href":"https:\/\/englody.com\/ca\/wp-json\/wp\/v2\/product\/7840","targetHints":{"allow":["GET"]}}],"collection":[{"href":"https:\/\/englody.com\/ca\/wp-json\/wp\/v2\/product"}],"about":[{"href":"https:\/\/englody.com\/ca\/wp-json\/wp\/v2\/types\/product"}],"wp:featuredmedia":[{"embeddable":true,"href":"https:\/\/englody.com\/ca\/wp-json\/wp\/v2\/media\/5541"}],"wp:attachment":[{"href":"https:\/\/englody.com\/ca\/wp-json\/wp\/v2\/media?parent=7840"}],"wp:term":[{"taxonomy":"product_brand","embeddable":true,"href":"https:\/\/englody.com\/ca\/wp-json\/wp\/v2\/product_brand?post=7840"},{"taxonomy":"product_cat","embeddable":true,"href":"https:\/\/englody.com\/ca\/wp-json\/wp\/v2\/product_cat?post=7840"},{"taxonomy":"product_tag","embeddable":true,"href":"https:\/\/englody.com\/ca\/wp-json\/wp\/v2\/product_tag?post=7840"},{"taxonomy":"giftcard-category","embeddable":true,"href":"https:\/\/englody.com\/ca\/wp-json\/wp\/v2\/giftcard-category?post=7840"}],"curies":[{"name":"wp","href":"https:\/\/api.w.org\/{rel}","templated":true}]}}