{"id":7841,"date":"2023-12-22T09:23:00","date_gmt":"2023-12-22T08:23:00","guid":{"rendered":"https:\/\/englody.com\/producto\/campanya-de-sem\/"},"modified":"2023-12-22T09:23:00","modified_gmt":"2023-12-22T08:23:00","slug":"campanya-de-sem","status":"publish","type":"product","link":"https:\/\/englody.com\/ca\/producto\/campanya-de-sem\/","title":{"rendered":"Campanya de SEM"},"content":{"rendered":"","protected":false},"excerpt":{"rendered":"<p>Ja tinguis una Acad\u00e8mia d&#8217;Ingl\u00e9s amb una gran traject\u00f2ria o estiguis fent els teus primers passos, la publicitat en Google \u00e9s la teva millor aliada per a impulsar el teu negoci. Amb la nostra experi\u00e8ncia en disseny i gesti\u00f3 de campanyes, transformem la teva pres\u00e8ncia en l\u00ednia en un imant de clients.<\/p>\n<p><strong>Qu\u00e8 oferim?<\/strong><br \/>\n<img decoding=\"async\" class=\"emoji\" role=\"img\" draggable=\"false\" src=\"https:\/\/s.w.org\/images\/core\/emoji\/14.0.0\/svg\/2705.svg\" alt=\"\u2705\" \/> <strong>Disseny Personalitzat<\/strong>: Creem anuncis espec\u00edfics amb una selecci\u00f3 pr\u00e8via de keywords que atreuen al teu p\u00fablic objectiu.<br \/>\n<img decoding=\"async\" class=\"emoji\" role=\"img\" draggable=\"false\" src=\"https:\/\/s.w.org\/images\/core\/emoji\/14.0.0\/svg\/2705.svg\" alt=\"\u2705\" \/> <strong>Gesti\u00f3 Integral<\/strong>: Des de la configuraci\u00f3 inicial fins a l&#8217;optimitzaci\u00f3 cont\u00ednua, ens ocupem de cada detall per a maximitzar els teus resultats.<br \/>\n<img decoding=\"async\" class=\"emoji\" role=\"img\" draggable=\"false\" src=\"https:\/\/s.w.org\/images\/core\/emoji\/14.0.0\/svg\/2705.svg\" alt=\"\u2705\" \/> <strong>Seguiment Detallat<\/strong>: Monitorem el rendiment de la campanya i t&#8217;enviem informes mensuals amb an\u00e0lisis valuoses.<\/p>\n<p><strong>La campanya inclou un grup d&#8217;anuncis optimitzats<\/strong>, dissenyats per a captar l&#8217;atenci\u00f3 de potencials estudiants i maximitzar la teva visibilitat en els resultats de cerca.<\/p>\n<p><strong>No inclou<\/strong>: la inversi\u00f3 en publicitat, que ser\u00e0 de pagament directe a Google per part del client. La inversi\u00f3 s&#8217;acordar\u00e0 entre el client i Englody, amb una inversi\u00f3 m\u00ednima recomanada d&#8217;entre 150 i 300\u20ac, depenent de la ciutat i dels objectius que es pretenguin aconseguir.<\/p>\n<p>Aprofita el poder de Google com el teu aparador digital. Augmenta la visibilitat de la teva marca, atreu tr\u00e0nsit qualificat al teu web i eleva les teves inscripcions. No deixis passar aquesta oportunitat!<\/p>\n","protected":false},"featured_media":6150,"template":"","meta":{"_joinchat":[]},"product_brand":[],"product_cat":[138,118],"product_tag":[],"giftcard-category":[],"class_list":{"0":"post-7841","1":"product","2":"type-product","3":"status-publish","4":"has-post-thumbnail","6":"product_cat-marketing-ca","7":"product_cat-tots","9":"first","10":"instock","11":"virtual","12":"taxable","13":"purchasable","14":"product-type-subscription"},"yoast_head":"<!-- This site is optimized with the Yoast SEO plugin v25.4 - https:\/\/yoast.com\/wordpress\/plugins\/seo\/ -->\n<title>Campanya de SEM - Englody | Software de gesti\u00f3n 360\u00ba para Academias de Ingl\u00e9s<\/title>\n<meta name=\"robots\" content=\"index, follow, max-snippet:-1, max-image-preview:large, max-video-preview:-1\" \/>\n<link rel=\"canonical\" href=\"https:\/\/englody.com\/producto\/campana-de-sem\/\" \/>\n<meta property=\"og:locale\" content=\"ca_ES\" \/>\n<meta property=\"og:type\" content=\"article\" \/>\n<meta property=\"og:title\" content=\"Campanya de SEM - Englody | Software de gesti\u00f3n 360\u00ba para Academias de Ingl\u00e9s\" \/>\n<meta property=\"og:description\" content=\"Ja tinguis una Acad\u00e8mia d&#039;Ingl\u00e9s amb una gran traject\u00f2ria o estiguis fent els teus primers passos, la publicitat en Google \u00e9s la teva millor aliada per a impulsar el teu negoci. Amb la nostra experi\u00e8ncia en disseny i gesti\u00f3 de campanyes, transformem la teva pres\u00e8ncia en l\u00ednia en un imant de clients.  Qu\u00e8 oferim?  Disseny Personalitzat: Creem anuncis espec\u00edfics amb una selecci\u00f3 pr\u00e8via de keywords que atreuen al teu p\u00fablic objectiu.  Gesti\u00f3 Integral: Des de la configuraci\u00f3 inicial fins a l&#039;optimitzaci\u00f3 cont\u00ednua, ens ocupem de cada detall per a maximitzar els teus resultats.  Seguiment Detallat: Monitorem el rendiment de la campanya i t&#039;enviem informes mensuals amb an\u00e0lisis valuoses.  La campanya inclou un grup d&#039;anuncis optimitzats, dissenyats per a captar l&#039;atenci\u00f3 de potencials estudiants i maximitzar la teva visibilitat en els resultats de cerca.  No inclou: la inversi\u00f3 en publicitat, que ser\u00e0 de pagament directe a Google per part del client. La inversi\u00f3 s&#039;acordar\u00e0 entre el client i Englody, amb una inversi\u00f3 m\u00ednima recomanada d&#039;entre 150 i 300\u20ac, depenent de la ciutat i dels objectius que es pretenguin aconseguir.  Aprofita el poder de Google com el teu aparador digital. Augmenta la visibilitat de la teva marca, atreu tr\u00e0nsit qualificat al teu web i eleva les teves inscripcions. No deixis passar aquesta oportunitat!\" \/>\n<meta property=\"og:url\" content=\"https:\/\/englody.com\/producto\/campana-de-sem\/\" \/>\n<meta property=\"og:site_name\" content=\"Englody | Software de gesti\u00f3n 360\u00ba para Academias de Ingl\u00e9s\" \/>\n<meta property=\"og:image\" content=\"https:\/\/englody.com\/wp-content\/uploads\/2023\/12\/englody-sem.jpg\" \/>\n\t<meta property=\"og:image:width\" content=\"1080\" \/>\n\t<meta property=\"og:image:height\" content=\"1080\" \/>\n\t<meta property=\"og:image:type\" content=\"image\/jpeg\" \/>\n<meta name=\"twitter:card\" content=\"summary_large_image\" \/>\n<script type=\"application\/ld+json\" class=\"yoast-schema-graph\">{\"@context\":\"https:\/\/schema.org\",\"@graph\":[{\"@type\":\"WebPage\",\"@id\":\"https:\/\/englody.com\/producto\/campana-de-sem\/\",\"url\":\"https:\/\/englody.com\/producto\/campana-de-sem\/\",\"name\":\"Campanya de SEM - Englody | Software de gesti\u00f3n 360\u00ba para Academias de Ingl\u00e9s\",\"isPartOf\":{\"@id\":\"https:\/\/englody.com\/#website\"},\"primaryImageOfPage\":{\"@id\":\"https:\/\/englody.com\/producto\/campana-de-sem\/#primaryimage\"},\"image\":{\"@id\":\"https:\/\/englody.com\/producto\/campana-de-sem\/#primaryimage\"},\"thumbnailUrl\":\"https:\/\/englody.com\/wp-content\/uploads\/2023\/12\/englody-sem.jpg\",\"datePublished\":\"2023-12-22T08:23:00+00:00\",\"breadcrumb\":{\"@id\":\"https:\/\/englody.com\/producto\/campana-de-sem\/#breadcrumb\"},\"inLanguage\":\"ca\",\"potentialAction\":[{\"@type\":\"ReadAction\",\"target\":[\"https:\/\/englody.com\/producto\/campana-de-sem\/\"]}]},{\"@type\":\"ImageObject\",\"inLanguage\":\"ca\",\"@id\":\"https:\/\/englody.com\/producto\/campana-de-sem\/#primaryimage\",\"url\":\"https:\/\/englody.com\/wp-content\/uploads\/2023\/12\/englody-sem.jpg\",\"contentUrl\":\"https:\/\/englody.com\/wp-content\/uploads\/2023\/12\/englody-sem.jpg\",\"width\":1080,\"height\":1080},{\"@type\":\"BreadcrumbList\",\"@id\":\"https:\/\/englody.com\/producto\/campana-de-sem\/#breadcrumb\",\"itemListElement\":[{\"@type\":\"ListItem\",\"position\":1,\"name\":\"Portada\",\"item\":\"https:\/\/englody.com\/ca\/\"},{\"@type\":\"ListItem\",\"position\":2,\"name\":\"Englody Shop\",\"item\":\"https:\/\/englody.com\/tienda\/\"},{\"@type\":\"ListItem\",\"position\":3,\"name\":\"Campanya de SEM\"}]},{\"@type\":\"WebSite\",\"@id\":\"https:\/\/englody.com\/#website\",\"url\":\"https:\/\/englody.com\/\",\"name\":\"Englody | Software de gesti\u00f3n 360\u00ba para Academias de Ingl\u00e9s\",\"description\":\"\",\"potentialAction\":[{\"@type\":\"SearchAction\",\"target\":{\"@type\":\"EntryPoint\",\"urlTemplate\":\"https:\/\/englody.com\/?s={search_term_string}\"},\"query-input\":{\"@type\":\"PropertyValueSpecification\",\"valueRequired\":true,\"valueName\":\"search_term_string\"}}],\"inLanguage\":\"ca\"}]}<\/script>\n<!-- \/ Yoast SEO plugin. -->","yoast_head_json":{"title":"Campanya de SEM - Englody | Software de gesti\u00f3n 360\u00ba para Academias de Ingl\u00e9s","robots":{"index":"index","follow":"follow","max-snippet":"max-snippet:-1","max-image-preview":"max-image-preview:large","max-video-preview":"max-video-preview:-1"},"canonical":"https:\/\/englody.com\/producto\/campana-de-sem\/","og_locale":"ca_ES","og_type":"article","og_title":"Campanya de SEM - Englody | Software de gesti\u00f3n 360\u00ba para Academias de Ingl\u00e9s","og_description":"Ja tinguis una Acad\u00e8mia d'Ingl\u00e9s amb una gran traject\u00f2ria o estiguis fent els teus primers passos, la publicitat en Google \u00e9s la teva millor aliada per a impulsar el teu negoci. Amb la nostra experi\u00e8ncia en disseny i gesti\u00f3 de campanyes, transformem la teva pres\u00e8ncia en l\u00ednia en un imant de clients.  Qu\u00e8 oferim?  Disseny Personalitzat: Creem anuncis espec\u00edfics amb una selecci\u00f3 pr\u00e8via de keywords que atreuen al teu p\u00fablic objectiu.  Gesti\u00f3 Integral: Des de la configuraci\u00f3 inicial fins a l'optimitzaci\u00f3 cont\u00ednua, ens ocupem de cada detall per a maximitzar els teus resultats.  Seguiment Detallat: Monitorem el rendiment de la campanya i t'enviem informes mensuals amb an\u00e0lisis valuoses.  La campanya inclou un grup d'anuncis optimitzats, dissenyats per a captar l'atenci\u00f3 de potencials estudiants i maximitzar la teva visibilitat en els resultats de cerca.  No inclou: la inversi\u00f3 en publicitat, que ser\u00e0 de pagament directe a Google per part del client. La inversi\u00f3 s'acordar\u00e0 entre el client i Englody, amb una inversi\u00f3 m\u00ednima recomanada d'entre 150 i 300\u20ac, depenent de la ciutat i dels objectius que es pretenguin aconseguir.  Aprofita el poder de Google com el teu aparador digital. Augmenta la visibilitat de la teva marca, atreu tr\u00e0nsit qualificat al teu web i eleva les teves inscripcions. No deixis passar aquesta oportunitat!","og_url":"https:\/\/englody.com\/producto\/campana-de-sem\/","og_site_name":"Englody | Software de gesti\u00f3n 360\u00ba para Academias de Ingl\u00e9s","og_image":[{"width":1080,"height":1080,"url":"https:\/\/englody.com\/wp-content\/uploads\/2023\/12\/englody-sem.jpg","type":"image\/jpeg"}],"twitter_card":"summary_large_image","schema":{"@context":"https:\/\/schema.org","@graph":[{"@type":"WebPage","@id":"https:\/\/englody.com\/producto\/campana-de-sem\/","url":"https:\/\/englody.com\/producto\/campana-de-sem\/","name":"Campanya de SEM - Englody | Software de gesti\u00f3n 360\u00ba para Academias de Ingl\u00e9s","isPartOf":{"@id":"https:\/\/englody.com\/#website"},"primaryImageOfPage":{"@id":"https:\/\/englody.com\/producto\/campana-de-sem\/#primaryimage"},"image":{"@id":"https:\/\/englody.com\/producto\/campana-de-sem\/#primaryimage"},"thumbnailUrl":"https:\/\/englody.com\/wp-content\/uploads\/2023\/12\/englody-sem.jpg","datePublished":"2023-12-22T08:23:00+00:00","breadcrumb":{"@id":"https:\/\/englody.com\/producto\/campana-de-sem\/#breadcrumb"},"inLanguage":"ca","potentialAction":[{"@type":"ReadAction","target":["https:\/\/englody.com\/producto\/campana-de-sem\/"]}]},{"@type":"ImageObject","inLanguage":"ca","@id":"https:\/\/englody.com\/producto\/campana-de-sem\/#primaryimage","url":"https:\/\/englody.com\/wp-content\/uploads\/2023\/12\/englody-sem.jpg","contentUrl":"https:\/\/englody.com\/wp-content\/uploads\/2023\/12\/englody-sem.jpg","width":1080,"height":1080},{"@type":"BreadcrumbList","@id":"https:\/\/englody.com\/producto\/campana-de-sem\/#breadcrumb","itemListElement":[{"@type":"ListItem","position":1,"name":"Portada","item":"https:\/\/englody.com\/ca\/"},{"@type":"ListItem","position":2,"name":"Englody Shop","item":"https:\/\/englody.com\/tienda\/"},{"@type":"ListItem","position":3,"name":"Campanya de SEM"}]},{"@type":"WebSite","@id":"https:\/\/englody.com\/#website","url":"https:\/\/englody.com\/","name":"Englody | Software de gesti\u00f3n 360\u00ba para Academias de Ingl\u00e9s","description":"","potentialAction":[{"@type":"SearchAction","target":{"@type":"EntryPoint","urlTemplate":"https:\/\/englody.com\/?s={search_term_string}"},"query-input":{"@type":"PropertyValueSpecification","valueRequired":true,"valueName":"search_term_string"}}],"inLanguage":"ca"}]}},"tiered_pricing_type":"fixed","tiered_pricing_fixed_rules":[],"tiered_pricing_product_settings":{"layout":"default","base_unit_name":{"singular":null,"plural":null},"default_variation":null},"tiered_pricing_minimum_quantity":null,"tiered_pricing_roles_data":[],"tiered_pricing_percentage_rules":[],"tiered_pricing_maximum_quantity":null,"tiered_pricing_quantity_step":null,"_links":{"self":[{"href":"https:\/\/englody.com\/ca\/wp-json\/wp\/v2\/product\/7841","targetHints":{"allow":["GET"]}}],"collection":[{"href":"https:\/\/englody.com\/ca\/wp-json\/wp\/v2\/product"}],"about":[{"href":"https:\/\/englody.com\/ca\/wp-json\/wp\/v2\/types\/product"}],"wp:featuredmedia":[{"embeddable":true,"href":"https:\/\/englody.com\/ca\/wp-json\/wp\/v2\/media\/6150"}],"wp:attachment":[{"href":"https:\/\/englody.com\/ca\/wp-json\/wp\/v2\/media?parent=7841"}],"wp:term":[{"taxonomy":"product_brand","embeddable":true,"href":"https:\/\/englody.com\/ca\/wp-json\/wp\/v2\/product_brand?post=7841"},{"taxonomy":"product_cat","embeddable":true,"href":"https:\/\/englody.com\/ca\/wp-json\/wp\/v2\/product_cat?post=7841"},{"taxonomy":"product_tag","embeddable":true,"href":"https:\/\/englody.com\/ca\/wp-json\/wp\/v2\/product_tag?post=7841"},{"taxonomy":"giftcard-category","embeddable":true,"href":"https:\/\/englody.com\/ca\/wp-json\/wp\/v2\/giftcard-category?post=7841"}],"curies":[{"name":"wp","href":"https:\/\/api.w.org\/{rel}","templated":true}]}}