{"id":7842,"date":"2023-12-22T09:22:13","date_gmt":"2023-12-22T08:22:13","guid":{"rendered":"https:\/\/englody.com\/producto\/campanya-mensual-de-ads-en-rrss\/"},"modified":"2023-12-22T09:22:13","modified_gmt":"2023-12-22T08:22:13","slug":"campanya-mensual-de-ads-en-rrss","status":"publish","type":"product","link":"https:\/\/englody.com\/ca\/producto\/campanya-mensual-de-ads-en-rrss\/","title":{"rendered":"Campanya Mensual de Ads en RRSS"},"content":{"rendered":"","protected":false},"excerpt":{"rendered":"<p>Ja tinguis una Acad\u00e8mia d&#8217;Angl\u00e8s amb una gran traject\u00f2ria o una de nova creaci\u00f3, la publicitat en META (Facebook i Instagram) \u00e9s la teva millor aliada per a portar el teu negoci al seg\u00fcent nivell. Amb la nostra experi\u00e8ncia en disseny i gesti\u00f3 de campanyes, transformem la teva pres\u00e8ncia en l\u00ednia en un imant de clients.<\/p>\n<p><strong>Qu\u00e8 oferim?<\/strong><br \/>\n\u2705 <strong>Disseny Personalitzat<\/strong>: Creem totes les peces adaptades a cada plataforma, assegurant que el teu missatge ressoni en cada rac\u00f3 de les xarxes socials.<br \/>\n\u2705 <strong>Gesti\u00f3 Integral<\/strong>: Des de la configuraci\u00f3 fins a l&#8217;optimitzaci\u00f3, ens encarreguem de cada pas per a maximitzar els teus resultats.<br \/>\n\u2705 <strong>Seguiment Detallat<\/strong>: Monitorem el rendiment de la campanya i t&#8217;enviem informes mensuals amb insights valuosos.<br \/>\n\u2705 <strong>Englody Leads Gratis<\/strong>: Implementaci\u00f3 i optimitzaci\u00f3 del nostre exclusiu sistema Englody Leads, valorat en 750\u20ac, per a la gesti\u00f3 de clients potencials a trav\u00e9s de les diferents fases de l&#8217;embut de vendes. * Servei gratu\u00eft durant la vig\u00e8ncia del servei amb Englody.<\/p>\n<p><strong>La campanya inclou <\/strong><strong>un grup de 3 anuncis<\/strong>: composta per 2 imatges i un v\u00eddeo, dissenyats per a captar l&#8217;atenci\u00f3.<\/p>\n<p><strong>No inclou:<\/strong> la inversi\u00f3 en publicitat, de pagament directe a META per part del client. La inversi\u00f3 s&#8217;acordar\u00e0 entre el client i Englody, amb una inversi\u00f3 m\u00ednima recomanada d&#8217;entre 300 i 500 \u20ac, depenent de la ciutat i dels objectius que es pretenguin aconseguir.<\/p>\n<p>Aprofita el poder de les xarxes socials com el teu aparador digital. Augmenta la visibilitat de la teva marca, atreu tr\u00e0nsit qualificat al teu web i eleva les teves vendes. No deixis passar aquesta oportunitat!<\/p>\n","protected":false},"featured_media":5545,"template":"","meta":{"_joinchat":[]},"product_brand":[],"product_cat":[138,118],"product_tag":[],"giftcard-category":[],"class_list":{"0":"post-7842","1":"product","2":"type-product","3":"status-publish","4":"has-post-thumbnail","6":"product_cat-marketing-ca","7":"product_cat-tots","9":"first","10":"instock","11":"virtual","12":"taxable","13":"purchasable","14":"product-type-subscription"},"yoast_head":"<!-- This site is optimized with the Yoast SEO plugin v25.4 - https:\/\/yoast.com\/wordpress\/plugins\/seo\/ -->\n<title>Campanya Mensual de Ads en RRSS - Englody | Software de gesti\u00f3n 360\u00ba para Academias de Ingl\u00e9s<\/title>\n<meta name=\"robots\" content=\"index, follow, max-snippet:-1, max-image-preview:large, max-video-preview:-1\" \/>\n<link rel=\"canonical\" href=\"https:\/\/englody.com\/producto\/campana-mensual-de-ads-en-rrss\/\" \/>\n<meta property=\"og:locale\" content=\"ca_ES\" \/>\n<meta property=\"og:type\" content=\"article\" \/>\n<meta property=\"og:title\" content=\"Campanya Mensual de Ads en RRSS - Englody | Software de gesti\u00f3n 360\u00ba para Academias de Ingl\u00e9s\" \/>\n<meta property=\"og:description\" content=\"Ja tinguis una Acad\u00e8mia d&#039;Angl\u00e8s amb una gran traject\u00f2ria o una de nova creaci\u00f3, la publicitat en META (Facebook i Instagram) \u00e9s la teva millor aliada per a portar el teu negoci al seg\u00fcent nivell. Amb la nostra experi\u00e8ncia en disseny i gesti\u00f3 de campanyes, transformem la teva pres\u00e8ncia en l\u00ednia en un imant de clients. Qu\u00e8 oferim? \u2705 Disseny Personalitzat: Creem totes les peces adaptades a cada plataforma, assegurant que el teu missatge ressoni en cada rac\u00f3 de les xarxes socials. \u2705 Gesti\u00f3 Integral: Des de la configuraci\u00f3 fins a l&#039;optimitzaci\u00f3, ens encarreguem de cada pas per a maximitzar els teus resultats. \u2705 Seguiment Detallat: Monitorem el rendiment de la campanya i t&#039;enviem informes mensuals amb insights valuosos. \u2705 Englody Leads Gratis: Implementaci\u00f3 i optimitzaci\u00f3 del nostre exclusiu sistema Englody Leads, valorat en 750\u20ac, per a la gesti\u00f3 de clients potencials a trav\u00e9s de les diferents fases de l&#039;embut de vendes. * Servei gratu\u00eft durant la vig\u00e8ncia del servei amb Englody. La campanya inclou un grup de 3 anuncis: composta per 2 imatges i un v\u00eddeo, dissenyats per a captar l&#039;atenci\u00f3. No inclou: la inversi\u00f3 en publicitat, de pagament directe a META per part del client. La inversi\u00f3 s&#039;acordar\u00e0 entre el client i Englody, amb una inversi\u00f3 m\u00ednima recomanada d&#039;entre 300 i 500 \u20ac, depenent de la ciutat i dels objectius que es pretenguin aconseguir. Aprofita el poder de les xarxes socials com el teu aparador digital. Augmenta la visibilitat de la teva marca, atreu tr\u00e0nsit qualificat al teu web i eleva les teves vendes. No deixis passar aquesta oportunitat!\" \/>\n<meta property=\"og:url\" content=\"https:\/\/englody.com\/producto\/campana-mensual-de-ads-en-rrss\/\" \/>\n<meta property=\"og:site_name\" content=\"Englody | Software de gesti\u00f3n 360\u00ba para Academias de Ingl\u00e9s\" \/>\n<meta property=\"og:image\" content=\"https:\/\/englody.com\/wp-content\/uploads\/2023\/12\/calendario-ads.png\" \/>\n\t<meta property=\"og:image:width\" content=\"1080\" \/>\n\t<meta property=\"og:image:height\" content=\"1080\" \/>\n\t<meta property=\"og:image:type\" content=\"image\/png\" \/>\n<meta name=\"twitter:card\" content=\"summary_large_image\" \/>\n<script type=\"application\/ld+json\" class=\"yoast-schema-graph\">{\"@context\":\"https:\/\/schema.org\",\"@graph\":[{\"@type\":\"WebPage\",\"@id\":\"https:\/\/englody.com\/producto\/campana-mensual-de-ads-en-rrss\/\",\"url\":\"https:\/\/englody.com\/producto\/campana-mensual-de-ads-en-rrss\/\",\"name\":\"Campanya Mensual de Ads en RRSS - Englody | Software de gesti\u00f3n 360\u00ba para Academias de Ingl\u00e9s\",\"isPartOf\":{\"@id\":\"https:\/\/englody.com\/#website\"},\"primaryImageOfPage\":{\"@id\":\"https:\/\/englody.com\/producto\/campana-mensual-de-ads-en-rrss\/#primaryimage\"},\"image\":{\"@id\":\"https:\/\/englody.com\/producto\/campana-mensual-de-ads-en-rrss\/#primaryimage\"},\"thumbnailUrl\":\"https:\/\/englody.com\/wp-content\/uploads\/2023\/12\/calendario-ads.png\",\"datePublished\":\"2023-12-22T08:22:13+00:00\",\"breadcrumb\":{\"@id\":\"https:\/\/englody.com\/producto\/campana-mensual-de-ads-en-rrss\/#breadcrumb\"},\"inLanguage\":\"ca\",\"potentialAction\":[{\"@type\":\"ReadAction\",\"target\":[\"https:\/\/englody.com\/producto\/campana-mensual-de-ads-en-rrss\/\"]}]},{\"@type\":\"ImageObject\",\"inLanguage\":\"ca\",\"@id\":\"https:\/\/englody.com\/producto\/campana-mensual-de-ads-en-rrss\/#primaryimage\",\"url\":\"https:\/\/englody.com\/wp-content\/uploads\/2023\/12\/calendario-ads.png\",\"contentUrl\":\"https:\/\/englody.com\/wp-content\/uploads\/2023\/12\/calendario-ads.png\",\"width\":1080,\"height\":1080},{\"@type\":\"BreadcrumbList\",\"@id\":\"https:\/\/englody.com\/producto\/campana-mensual-de-ads-en-rrss\/#breadcrumb\",\"itemListElement\":[{\"@type\":\"ListItem\",\"position\":1,\"name\":\"Portada\",\"item\":\"https:\/\/englody.com\/ca\/\"},{\"@type\":\"ListItem\",\"position\":2,\"name\":\"Englody Shop\",\"item\":\"https:\/\/englody.com\/tienda\/\"},{\"@type\":\"ListItem\",\"position\":3,\"name\":\"Campanya Mensual de Ads en RRSS\"}]},{\"@type\":\"WebSite\",\"@id\":\"https:\/\/englody.com\/#website\",\"url\":\"https:\/\/englody.com\/\",\"name\":\"Englody | Software de gesti\u00f3n 360\u00ba para Academias de Ingl\u00e9s\",\"description\":\"\",\"potentialAction\":[{\"@type\":\"SearchAction\",\"target\":{\"@type\":\"EntryPoint\",\"urlTemplate\":\"https:\/\/englody.com\/?s={search_term_string}\"},\"query-input\":{\"@type\":\"PropertyValueSpecification\",\"valueRequired\":true,\"valueName\":\"search_term_string\"}}],\"inLanguage\":\"ca\"}]}<\/script>\n<!-- \/ Yoast SEO plugin. -->","yoast_head_json":{"title":"Campanya Mensual de Ads en RRSS - Englody | Software de gesti\u00f3n 360\u00ba para Academias de Ingl\u00e9s","robots":{"index":"index","follow":"follow","max-snippet":"max-snippet:-1","max-image-preview":"max-image-preview:large","max-video-preview":"max-video-preview:-1"},"canonical":"https:\/\/englody.com\/producto\/campana-mensual-de-ads-en-rrss\/","og_locale":"ca_ES","og_type":"article","og_title":"Campanya Mensual de Ads en RRSS - Englody | Software de gesti\u00f3n 360\u00ba para Academias de Ingl\u00e9s","og_description":"Ja tinguis una Acad\u00e8mia d'Angl\u00e8s amb una gran traject\u00f2ria o una de nova creaci\u00f3, la publicitat en META (Facebook i Instagram) \u00e9s la teva millor aliada per a portar el teu negoci al seg\u00fcent nivell. Amb la nostra experi\u00e8ncia en disseny i gesti\u00f3 de campanyes, transformem la teva pres\u00e8ncia en l\u00ednia en un imant de clients. Qu\u00e8 oferim? \u2705 Disseny Personalitzat: Creem totes les peces adaptades a cada plataforma, assegurant que el teu missatge ressoni en cada rac\u00f3 de les xarxes socials. \u2705 Gesti\u00f3 Integral: Des de la configuraci\u00f3 fins a l'optimitzaci\u00f3, ens encarreguem de cada pas per a maximitzar els teus resultats. \u2705 Seguiment Detallat: Monitorem el rendiment de la campanya i t'enviem informes mensuals amb insights valuosos. \u2705 Englody Leads Gratis: Implementaci\u00f3 i optimitzaci\u00f3 del nostre exclusiu sistema Englody Leads, valorat en 750\u20ac, per a la gesti\u00f3 de clients potencials a trav\u00e9s de les diferents fases de l'embut de vendes. * Servei gratu\u00eft durant la vig\u00e8ncia del servei amb Englody. La campanya inclou un grup de 3 anuncis: composta per 2 imatges i un v\u00eddeo, dissenyats per a captar l'atenci\u00f3. No inclou: la inversi\u00f3 en publicitat, de pagament directe a META per part del client. La inversi\u00f3 s'acordar\u00e0 entre el client i Englody, amb una inversi\u00f3 m\u00ednima recomanada d'entre 300 i 500 \u20ac, depenent de la ciutat i dels objectius que es pretenguin aconseguir. Aprofita el poder de les xarxes socials com el teu aparador digital. Augmenta la visibilitat de la teva marca, atreu tr\u00e0nsit qualificat al teu web i eleva les teves vendes. No deixis passar aquesta oportunitat!","og_url":"https:\/\/englody.com\/producto\/campana-mensual-de-ads-en-rrss\/","og_site_name":"Englody | Software de gesti\u00f3n 360\u00ba para Academias de Ingl\u00e9s","og_image":[{"width":1080,"height":1080,"url":"https:\/\/englody.com\/wp-content\/uploads\/2023\/12\/calendario-ads.png","type":"image\/png"}],"twitter_card":"summary_large_image","schema":{"@context":"https:\/\/schema.org","@graph":[{"@type":"WebPage","@id":"https:\/\/englody.com\/producto\/campana-mensual-de-ads-en-rrss\/","url":"https:\/\/englody.com\/producto\/campana-mensual-de-ads-en-rrss\/","name":"Campanya Mensual de Ads en RRSS - Englody | Software de gesti\u00f3n 360\u00ba para Academias de Ingl\u00e9s","isPartOf":{"@id":"https:\/\/englody.com\/#website"},"primaryImageOfPage":{"@id":"https:\/\/englody.com\/producto\/campana-mensual-de-ads-en-rrss\/#primaryimage"},"image":{"@id":"https:\/\/englody.com\/producto\/campana-mensual-de-ads-en-rrss\/#primaryimage"},"thumbnailUrl":"https:\/\/englody.com\/wp-content\/uploads\/2023\/12\/calendario-ads.png","datePublished":"2023-12-22T08:22:13+00:00","breadcrumb":{"@id":"https:\/\/englody.com\/producto\/campana-mensual-de-ads-en-rrss\/#breadcrumb"},"inLanguage":"ca","potentialAction":[{"@type":"ReadAction","target":["https:\/\/englody.com\/producto\/campana-mensual-de-ads-en-rrss\/"]}]},{"@type":"ImageObject","inLanguage":"ca","@id":"https:\/\/englody.com\/producto\/campana-mensual-de-ads-en-rrss\/#primaryimage","url":"https:\/\/englody.com\/wp-content\/uploads\/2023\/12\/calendario-ads.png","contentUrl":"https:\/\/englody.com\/wp-content\/uploads\/2023\/12\/calendario-ads.png","width":1080,"height":1080},{"@type":"BreadcrumbList","@id":"https:\/\/englody.com\/producto\/campana-mensual-de-ads-en-rrss\/#breadcrumb","itemListElement":[{"@type":"ListItem","position":1,"name":"Portada","item":"https:\/\/englody.com\/ca\/"},{"@type":"ListItem","position":2,"name":"Englody Shop","item":"https:\/\/englody.com\/tienda\/"},{"@type":"ListItem","position":3,"name":"Campanya Mensual de Ads en RRSS"}]},{"@type":"WebSite","@id":"https:\/\/englody.com\/#website","url":"https:\/\/englody.com\/","name":"Englody | Software de gesti\u00f3n 360\u00ba para Academias de Ingl\u00e9s","description":"","potentialAction":[{"@type":"SearchAction","target":{"@type":"EntryPoint","urlTemplate":"https:\/\/englody.com\/?s={search_term_string}"},"query-input":{"@type":"PropertyValueSpecification","valueRequired":true,"valueName":"search_term_string"}}],"inLanguage":"ca"}]}},"tiered_pricing_type":"fixed","tiered_pricing_fixed_rules":[],"tiered_pricing_product_settings":{"layout":"default","base_unit_name":{"singular":null,"plural":null},"default_variation":null},"tiered_pricing_minimum_quantity":null,"tiered_pricing_roles_data":[],"tiered_pricing_percentage_rules":[],"tiered_pricing_maximum_quantity":null,"tiered_pricing_quantity_step":null,"_links":{"self":[{"href":"https:\/\/englody.com\/ca\/wp-json\/wp\/v2\/product\/7842","targetHints":{"allow":["GET"]}}],"collection":[{"href":"https:\/\/englody.com\/ca\/wp-json\/wp\/v2\/product"}],"about":[{"href":"https:\/\/englody.com\/ca\/wp-json\/wp\/v2\/types\/product"}],"wp:featuredmedia":[{"embeddable":true,"href":"https:\/\/englody.com\/ca\/wp-json\/wp\/v2\/media\/5545"}],"wp:attachment":[{"href":"https:\/\/englody.com\/ca\/wp-json\/wp\/v2\/media?parent=7842"}],"wp:term":[{"taxonomy":"product_brand","embeddable":true,"href":"https:\/\/englody.com\/ca\/wp-json\/wp\/v2\/product_brand?post=7842"},{"taxonomy":"product_cat","embeddable":true,"href":"https:\/\/englody.com\/ca\/wp-json\/wp\/v2\/product_cat?post=7842"},{"taxonomy":"product_tag","embeddable":true,"href":"https:\/\/englody.com\/ca\/wp-json\/wp\/v2\/product_tag?post=7842"},{"taxonomy":"giftcard-category","embeddable":true,"href":"https:\/\/englody.com\/ca\/wp-json\/wp\/v2\/giftcard-category?post=7842"}],"curies":[{"name":"wp","href":"https:\/\/api.w.org\/{rel}","templated":true}]}}