{"id":7843,"date":"2023-12-22T09:21:32","date_gmt":"2023-12-22T08:21:32","guid":{"rendered":"https:\/\/englody.com\/producto\/pagina-web-a-mesura\/"},"modified":"2023-12-22T09:21:32","modified_gmt":"2023-12-22T08:21:32","slug":"pagina-web-a-mesura","status":"publish","type":"product","link":"https:\/\/englody.com\/ca\/producto\/pagina-web-a-mesura\/","title":{"rendered":"P\u00e0gina Web a mesura"},"content":{"rendered":"","protected":false},"excerpt":{"rendered":"<p>reem p\u00e0gines web a mesura exclusivament dissenyades per a Acad\u00e8mies d&#8217;Angl\u00e8s com la teva. Des de l&#8217;estructura del lloc fins al contingut i les funcionalitats, tot est\u00e0 dissenyat per a reflectir l&#8217;ess\u00e8ncia \u00fanica de la teva acad\u00e8mia i atreure als teus estudiants potencials.<\/p>\n<p>A m\u00e9s, entenem les necessitats espec\u00edfiques del teu negoci. Per aix\u00f2, oferim serveis addicionals especialitzats que poden impulsar encara m\u00e9s la teva pres\u00e8ncia en l\u00ednia. El nostre equip \u00e9s aqu\u00ed per a ajudar-te a portar la teva acad\u00e8mia d&#8217;angl\u00e8s al seg\u00fcent nivell digital. <a href=\"https:\/\/englody.com\/ca\/contactar-serveis-marqueting\/\">Contacta&#8217;ns<\/a> avui mateix per a obtenir m\u00e9s informaci\u00f3 i descobrir com podem ajudar-te a aconseguir els teus objectius.<\/p>\n<p>Preus des de 2.250 \u20ac<\/p>\n","protected":false},"featured_media":6286,"template":"","meta":{"_joinchat":[]},"product_brand":[],"product_cat":[122,118],"product_tag":[],"giftcard-category":[],"class_list":{"0":"post-7843","1":"product","2":"type-product","3":"status-publish","4":"has-post-thumbnail","6":"product_cat-disseny-web","7":"product_cat-tots","9":"first","10":"instock","11":"virtual","12":"taxable","13":"purchasable","14":"product-type-simple"},"yoast_head":"<!-- This site is optimized with the Yoast SEO plugin v27.4 - https:\/\/yoast.com\/product\/yoast-seo-wordpress\/ -->\n<title>P\u00e0gina Web a mesura - Englody | Software de gesti\u00f3n 360\u00ba para Academias de Ingl\u00e9s<\/title>\n<meta name=\"robots\" content=\"index, follow, max-snippet:-1, max-image-preview:large, max-video-preview:-1\" \/>\n<link rel=\"canonical\" href=\"https:\/\/englody.com\/producto\/pagina-web-profesional\/\" \/>\n<meta property=\"og:locale\" content=\"ca_ES\" \/>\n<meta property=\"og:type\" content=\"article\" \/>\n<meta property=\"og:title\" content=\"P\u00e0gina Web a mesura - Englody | Software de gesti\u00f3n 360\u00ba para Academias de Ingl\u00e9s\" \/>\n<meta property=\"og:description\" content=\"reem p\u00e0gines web a mesura exclusivament dissenyades per a Acad\u00e8mies d&#039;Angl\u00e8s com la teva. Des de l&#039;estructura del lloc fins al contingut i les funcionalitats, tot est\u00e0 dissenyat per a reflectir l&#039;ess\u00e8ncia \u00fanica de la teva acad\u00e8mia i atreure als teus estudiants potencials.  A m\u00e9s, entenem les necessitats espec\u00edfiques del teu negoci. Per aix\u00f2, oferim serveis addicionals especialitzats que poden impulsar encara m\u00e9s la teva pres\u00e8ncia en l\u00ednia. El nostre equip \u00e9s aqu\u00ed per a ajudar-te a portar la teva acad\u00e8mia d&#039;angl\u00e8s al seg\u00fcent nivell digital. Contacta&#039;ns avui mateix per a obtenir m\u00e9s informaci\u00f3 i descobrir com podem ajudar-te a aconseguir els teus objectius.  Preus des de 2.250 \u20ac\" \/>\n<meta property=\"og:url\" content=\"https:\/\/englody.com\/producto\/pagina-web-profesional\/\" \/>\n<meta property=\"og:site_name\" content=\"Englody | Software de gesti\u00f3n 360\u00ba para Academias de Ingl\u00e9s\" \/>\n<meta property=\"og:image\" content=\"https:\/\/englody.com\/wp-content\/uploads\/2023\/12\/englody-web-avanzado-01.jpg\" \/>\n\t<meta property=\"og:image:width\" content=\"1080\" \/>\n\t<meta property=\"og:image:height\" content=\"1080\" \/>\n\t<meta property=\"og:image:type\" content=\"image\/jpeg\" \/>\n<meta name=\"twitter:card\" content=\"summary_large_image\" \/>\n<script type=\"application\/ld+json\" class=\"yoast-schema-graph\">{\"@context\":\"https:\\\/\\\/schema.org\",\"@graph\":[{\"@type\":\"WebPage\",\"@id\":\"https:\\\/\\\/englody.com\\\/producto\\\/pagina-web-profesional\\\/\",\"url\":\"https:\\\/\\\/englody.com\\\/producto\\\/pagina-web-profesional\\\/\",\"name\":\"P\u00e0gina Web a mesura - Englody | Software de gesti\u00f3n 360\u00ba para Academias de Ingl\u00e9s\",\"isPartOf\":{\"@id\":\"https:\\\/\\\/englody.com\\\/#website\"},\"primaryImageOfPage\":{\"@id\":\"https:\\\/\\\/englody.com\\\/producto\\\/pagina-web-profesional\\\/#primaryimage\"},\"image\":{\"@id\":\"https:\\\/\\\/englody.com\\\/producto\\\/pagina-web-profesional\\\/#primaryimage\"},\"thumbnailUrl\":\"https:\\\/\\\/englody.com\\\/wp-content\\\/uploads\\\/2023\\\/12\\\/englody-web-avanzado-01.jpg\",\"datePublished\":\"2023-12-22T08:21:32+00:00\",\"breadcrumb\":{\"@id\":\"https:\\\/\\\/englody.com\\\/producto\\\/pagina-web-profesional\\\/#breadcrumb\"},\"inLanguage\":\"ca\",\"potentialAction\":[{\"@type\":\"ReadAction\",\"target\":[\"https:\\\/\\\/englody.com\\\/producto\\\/pagina-web-profesional\\\/\"]}]},{\"@type\":\"ImageObject\",\"inLanguage\":\"ca\",\"@id\":\"https:\\\/\\\/englody.com\\\/producto\\\/pagina-web-profesional\\\/#primaryimage\",\"url\":\"https:\\\/\\\/englody.com\\\/wp-content\\\/uploads\\\/2023\\\/12\\\/englody-web-avanzado-01.jpg\",\"contentUrl\":\"https:\\\/\\\/englody.com\\\/wp-content\\\/uploads\\\/2023\\\/12\\\/englody-web-avanzado-01.jpg\",\"width\":1080,\"height\":1080},{\"@type\":\"BreadcrumbList\",\"@id\":\"https:\\\/\\\/englody.com\\\/producto\\\/pagina-web-profesional\\\/#breadcrumb\",\"itemListElement\":[{\"@type\":\"ListItem\",\"position\":1,\"name\":\"Portada\",\"item\":\"https:\\\/\\\/englody.com\\\/ca\\\/\"},{\"@type\":\"ListItem\",\"position\":2,\"name\":\"Englody Shop\",\"item\":\"https:\\\/\\\/englody.com\\\/tienda\\\/\"},{\"@type\":\"ListItem\",\"position\":3,\"name\":\"P\u00e0gina Web a mesura\"}]},{\"@type\":\"WebSite\",\"@id\":\"https:\\\/\\\/englody.com\\\/#website\",\"url\":\"https:\\\/\\\/englody.com\\\/\",\"name\":\"Englody | Software de gesti\u00f3n 360\u00ba para Academias de Ingl\u00e9s\",\"description\":\"\",\"potentialAction\":[{\"@type\":\"SearchAction\",\"target\":{\"@type\":\"EntryPoint\",\"urlTemplate\":\"https:\\\/\\\/englody.com\\\/?s={search_term_string}\"},\"query-input\":{\"@type\":\"PropertyValueSpecification\",\"valueRequired\":true,\"valueName\":\"search_term_string\"}}],\"inLanguage\":\"ca\"}]}<\/script>\n<!-- \/ Yoast SEO plugin. -->","yoast_head_json":{"title":"P\u00e0gina Web a mesura - Englody | Software de gesti\u00f3n 360\u00ba para Academias de Ingl\u00e9s","robots":{"index":"index","follow":"follow","max-snippet":"max-snippet:-1","max-image-preview":"max-image-preview:large","max-video-preview":"max-video-preview:-1"},"canonical":"https:\/\/englody.com\/producto\/pagina-web-profesional\/","og_locale":"ca_ES","og_type":"article","og_title":"P\u00e0gina Web a mesura - Englody | Software de gesti\u00f3n 360\u00ba para Academias de Ingl\u00e9s","og_description":"reem p\u00e0gines web a mesura exclusivament dissenyades per a Acad\u00e8mies d'Angl\u00e8s com la teva. Des de l'estructura del lloc fins al contingut i les funcionalitats, tot est\u00e0 dissenyat per a reflectir l'ess\u00e8ncia \u00fanica de la teva acad\u00e8mia i atreure als teus estudiants potencials.  A m\u00e9s, entenem les necessitats espec\u00edfiques del teu negoci. Per aix\u00f2, oferim serveis addicionals especialitzats que poden impulsar encara m\u00e9s la teva pres\u00e8ncia en l\u00ednia. El nostre equip \u00e9s aqu\u00ed per a ajudar-te a portar la teva acad\u00e8mia d'angl\u00e8s al seg\u00fcent nivell digital. Contacta'ns avui mateix per a obtenir m\u00e9s informaci\u00f3 i descobrir com podem ajudar-te a aconseguir els teus objectius.  Preus des de 2.250 \u20ac","og_url":"https:\/\/englody.com\/producto\/pagina-web-profesional\/","og_site_name":"Englody | Software de gesti\u00f3n 360\u00ba para Academias de Ingl\u00e9s","og_image":[{"width":1080,"height":1080,"url":"https:\/\/englody.com\/wp-content\/uploads\/2023\/12\/englody-web-avanzado-01.jpg","type":"image\/jpeg"}],"twitter_card":"summary_large_image","schema":{"@context":"https:\/\/schema.org","@graph":[{"@type":"WebPage","@id":"https:\/\/englody.com\/producto\/pagina-web-profesional\/","url":"https:\/\/englody.com\/producto\/pagina-web-profesional\/","name":"P\u00e0gina Web a mesura - Englody | Software de gesti\u00f3n 360\u00ba para Academias de Ingl\u00e9s","isPartOf":{"@id":"https:\/\/englody.com\/#website"},"primaryImageOfPage":{"@id":"https:\/\/englody.com\/producto\/pagina-web-profesional\/#primaryimage"},"image":{"@id":"https:\/\/englody.com\/producto\/pagina-web-profesional\/#primaryimage"},"thumbnailUrl":"https:\/\/englody.com\/wp-content\/uploads\/2023\/12\/englody-web-avanzado-01.jpg","datePublished":"2023-12-22T08:21:32+00:00","breadcrumb":{"@id":"https:\/\/englody.com\/producto\/pagina-web-profesional\/#breadcrumb"},"inLanguage":"ca","potentialAction":[{"@type":"ReadAction","target":["https:\/\/englody.com\/producto\/pagina-web-profesional\/"]}]},{"@type":"ImageObject","inLanguage":"ca","@id":"https:\/\/englody.com\/producto\/pagina-web-profesional\/#primaryimage","url":"https:\/\/englody.com\/wp-content\/uploads\/2023\/12\/englody-web-avanzado-01.jpg","contentUrl":"https:\/\/englody.com\/wp-content\/uploads\/2023\/12\/englody-web-avanzado-01.jpg","width":1080,"height":1080},{"@type":"BreadcrumbList","@id":"https:\/\/englody.com\/producto\/pagina-web-profesional\/#breadcrumb","itemListElement":[{"@type":"ListItem","position":1,"name":"Portada","item":"https:\/\/englody.com\/ca\/"},{"@type":"ListItem","position":2,"name":"Englody Shop","item":"https:\/\/englody.com\/tienda\/"},{"@type":"ListItem","position":3,"name":"P\u00e0gina Web a mesura"}]},{"@type":"WebSite","@id":"https:\/\/englody.com\/#website","url":"https:\/\/englody.com\/","name":"Englody | Software de gesti\u00f3n 360\u00ba para Academias de Ingl\u00e9s","description":"","potentialAction":[{"@type":"SearchAction","target":{"@type":"EntryPoint","urlTemplate":"https:\/\/englody.com\/?s={search_term_string}"},"query-input":{"@type":"PropertyValueSpecification","valueRequired":true,"valueName":"search_term_string"}}],"inLanguage":"ca"}]}},"tiered_pricing_type":"fixed","tiered_pricing_fixed_rules":[],"tiered_pricing_product_settings":{"layout":"default","base_unit_name":{"singular":null,"plural":null},"default_variation":null},"tiered_pricing_minimum_quantity":null,"tiered_pricing_roles_data":[],"tiered_pricing_percentage_rules":[],"tiered_pricing_maximum_quantity":null,"tiered_pricing_quantity_step":null,"_links":{"self":[{"href":"https:\/\/englody.com\/ca\/wp-json\/wp\/v2\/product\/7843","targetHints":{"allow":["GET"]}}],"collection":[{"href":"https:\/\/englody.com\/ca\/wp-json\/wp\/v2\/product"}],"about":[{"href":"https:\/\/englody.com\/ca\/wp-json\/wp\/v2\/types\/product"}],"wp:featuredmedia":[{"embeddable":true,"href":"https:\/\/englody.com\/ca\/wp-json\/wp\/v2\/media\/6286"}],"wp:attachment":[{"href":"https:\/\/englody.com\/ca\/wp-json\/wp\/v2\/media?parent=7843"}],"wp:term":[{"taxonomy":"product_brand","embeddable":true,"href":"https:\/\/englody.com\/ca\/wp-json\/wp\/v2\/product_brand?post=7843"},{"taxonomy":"product_cat","embeddable":true,"href":"https:\/\/englody.com\/ca\/wp-json\/wp\/v2\/product_cat?post=7843"},{"taxonomy":"product_tag","embeddable":true,"href":"https:\/\/englody.com\/ca\/wp-json\/wp\/v2\/product_tag?post=7843"},{"taxonomy":"giftcard-category","embeddable":true,"href":"https:\/\/englody.com\/ca\/wp-json\/wp\/v2\/giftcard-category?post=7843"}],"curies":[{"name":"wp","href":"https:\/\/api.w.org\/{rel}","templated":true}]}}