{"id":7845,"date":"2023-12-22T09:19:28","date_gmt":"2023-12-22T08:19:28","guid":{"rendered":"https:\/\/englody.com\/producto\/disseny-i-desenvolupament-web-neteja-copia-el-text-ressalta-les-paraules-desconegudes-usa-les-formes-valencianes-tradueix-mentre-sescriu-permet-lus-del-text-de-manera-anonima-per-a-millorar-el-serve\/"},"modified":"2025-04-01T13:42:57","modified_gmt":"2025-04-01T11:42:57","slug":"disseny-i-desenvolupament-web-neteja-copia-el-text-ressalta-les-paraules-desconegudes-usa-les-formes-valencianes-tradueix-mentre-sescriu-permet-lus-del-text-de-manera-anonima-per-a-millorar-el-serve","status":"publish","type":"product","link":"https:\/\/englody.com\/ca\/producto\/disseny-i-desenvolupament-web-neteja-copia-el-text-ressalta-les-paraules-desconegudes-usa-les-formes-valencianes-tradueix-mentre-sescriu-permet-lus-del-text-de-manera-anonima-per-a-millorar-el-serve\/","title":{"rendered":"Disseny i Desenvolupament Web"},"content":{"rendered":"","protected":false},"excerpt":{"rendered":"<p>El nostre equip de dissenyadors i desenvolupadors web experts treballar\u00e0 bra\u00e7 a bra\u00e7 amb tu per a crear una P\u00e0gina Web per a la teva Acad\u00e8mia d&#8217;Ingl\u00e9s que sigui visualment atractiva, funcional i f\u00e0cil d&#8217;usar. Des del disseny de la interf\u00edcie d&#8217;usuari fins al desenvolupament en Wordpress, cada aspecte del teu lloc web estar\u00e0 acuradament dissenyat i desenvolupat per a complir amb els teus espectativas. A m\u00e9s, ens assegurem que el teu lloc web sigui totalment responsive, cosa que significa que es veur\u00e0 perfectament en m\u00f2bils, tauletes i ordinadors. Aix\u00f2 garanteix que els teus clients puguin accedir al teu lloc web en qualsevol moment i des de qualsevol lloc.<\/p>\n","protected":false},"featured_media":6282,"template":"","meta":{"_joinchat":[]},"product_brand":[],"product_cat":[122,118],"product_tag":[],"giftcard-category":[],"class_list":{"0":"post-7845","1":"product","2":"type-product","3":"status-publish","4":"has-post-thumbnail","6":"product_cat-disseny-web","7":"product_cat-tots","9":"first","10":"instock","11":"virtual","12":"taxable","13":"purchasable","14":"product-type-simple"},"yoast_head":"<!-- This site is optimized with the Yoast SEO plugin v27.4 - https:\/\/yoast.com\/product\/yoast-seo-wordpress\/ -->\n<title>Disseny i Desenvolupament Web - Englody | Software de gesti\u00f3n 360\u00ba para Academias de Ingl\u00e9s<\/title>\n<meta name=\"robots\" content=\"index, follow, max-snippet:-1, max-image-preview:large, max-video-preview:-1\" \/>\n<link rel=\"canonical\" href=\"https:\/\/englody.com\/ca\/producto\/disseny-i-desenvolupament-web-neteja-copia-el-text-ressalta-les-paraules-desconegudes-usa-les-formes-valencianes-tradueix-mentre-sescriu-permet-lus-del-text-de-manera-anonima-per-a-millorar-el-serve\/\" \/>\n<meta property=\"og:locale\" content=\"ca_ES\" \/>\n<meta property=\"og:type\" content=\"article\" \/>\n<meta property=\"og:title\" content=\"Disseny i Desenvolupament Web - Englody | Software de gesti\u00f3n 360\u00ba para Academias de Ingl\u00e9s\" \/>\n<meta property=\"og:description\" content=\"El nostre equip de dissenyadors i desenvolupadors web experts treballar\u00e0 bra\u00e7 a bra\u00e7 amb tu per a crear una P\u00e0gina Web per a la teva Acad\u00e8mia d&#039;Ingl\u00e9s que sigui visualment atractiva, funcional i f\u00e0cil d&#039;usar. Des del disseny de la interf\u00edcie d&#039;usuari fins al desenvolupament en Wordpress, cada aspecte del teu lloc web estar\u00e0 acuradament dissenyat i desenvolupat per a complir amb els teus espectativas. A m\u00e9s, ens assegurem que el teu lloc web sigui totalment responsive, cosa que significa que es veur\u00e0 perfectament en m\u00f2bils, tauletes i ordinadors. Aix\u00f2 garanteix que els teus clients puguin accedir al teu lloc web en qualsevol moment i des de qualsevol lloc.\" \/>\n<meta property=\"og:url\" content=\"https:\/\/englody.com\/ca\/producto\/disseny-i-desenvolupament-web-neteja-copia-el-text-ressalta-les-paraules-desconegudes-usa-les-formes-valencianes-tradueix-mentre-sescriu-permet-lus-del-text-de-manera-anonima-per-a-millorar-el-serve\/\" \/>\n<meta property=\"og:site_name\" content=\"Englody | Software de gesti\u00f3n 360\u00ba para Academias de Ingl\u00e9s\" \/>\n<meta property=\"article:modified_time\" content=\"2025-04-01T11:42:57+00:00\" \/>\n<meta property=\"og:image\" content=\"https:\/\/englody.com\/wp-content\/uploads\/2023\/12\/englody-web-basica-01.jpg\" \/>\n\t<meta property=\"og:image:width\" content=\"1080\" \/>\n\t<meta property=\"og:image:height\" content=\"1080\" \/>\n\t<meta property=\"og:image:type\" content=\"image\/jpeg\" \/>\n<meta name=\"twitter:card\" content=\"summary_large_image\" \/>\n<script type=\"application\/ld+json\" class=\"yoast-schema-graph\">{\"@context\":\"https:\\\/\\\/schema.org\",\"@graph\":[{\"@type\":\"WebPage\",\"@id\":\"https:\\\/\\\/englody.com\\\/ca\\\/producto\\\/disseny-i-desenvolupament-web-neteja-copia-el-text-ressalta-les-paraules-desconegudes-usa-les-formes-valencianes-tradueix-mentre-sescriu-permet-lus-del-text-de-manera-anonima-per-a-millorar-el-serve\\\/\",\"url\":\"https:\\\/\\\/englody.com\\\/ca\\\/producto\\\/disseny-i-desenvolupament-web-neteja-copia-el-text-ressalta-les-paraules-desconegudes-usa-les-formes-valencianes-tradueix-mentre-sescriu-permet-lus-del-text-de-manera-anonima-per-a-millorar-el-serve\\\/\",\"name\":\"Disseny i Desenvolupament Web - Englody | Software de gesti\u00f3n 360\u00ba para Academias de Ingl\u00e9s\",\"isPartOf\":{\"@id\":\"https:\\\/\\\/englody.com\\\/#website\"},\"primaryImageOfPage\":{\"@id\":\"https:\\\/\\\/englody.com\\\/ca\\\/producto\\\/disseny-i-desenvolupament-web-neteja-copia-el-text-ressalta-les-paraules-desconegudes-usa-les-formes-valencianes-tradueix-mentre-sescriu-permet-lus-del-text-de-manera-anonima-per-a-millorar-el-serve\\\/#primaryimage\"},\"image\":{\"@id\":\"https:\\\/\\\/englody.com\\\/ca\\\/producto\\\/disseny-i-desenvolupament-web-neteja-copia-el-text-ressalta-les-paraules-desconegudes-usa-les-formes-valencianes-tradueix-mentre-sescriu-permet-lus-del-text-de-manera-anonima-per-a-millorar-el-serve\\\/#primaryimage\"},\"thumbnailUrl\":\"https:\\\/\\\/englody.com\\\/wp-content\\\/uploads\\\/2023\\\/12\\\/englody-web-basica-01.jpg\",\"datePublished\":\"2023-12-22T08:19:28+00:00\",\"dateModified\":\"2025-04-01T11:42:57+00:00\",\"breadcrumb\":{\"@id\":\"https:\\\/\\\/englody.com\\\/ca\\\/producto\\\/disseny-i-desenvolupament-web-neteja-copia-el-text-ressalta-les-paraules-desconegudes-usa-les-formes-valencianes-tradueix-mentre-sescriu-permet-lus-del-text-de-manera-anonima-per-a-millorar-el-serve\\\/#breadcrumb\"},\"inLanguage\":\"ca\",\"potentialAction\":[{\"@type\":\"ReadAction\",\"target\":[\"https:\\\/\\\/englody.com\\\/ca\\\/producto\\\/disseny-i-desenvolupament-web-neteja-copia-el-text-ressalta-les-paraules-desconegudes-usa-les-formes-valencianes-tradueix-mentre-sescriu-permet-lus-del-text-de-manera-anonima-per-a-millorar-el-serve\\\/\"]}]},{\"@type\":\"ImageObject\",\"inLanguage\":\"ca\",\"@id\":\"https:\\\/\\\/englody.com\\\/ca\\\/producto\\\/disseny-i-desenvolupament-web-neteja-copia-el-text-ressalta-les-paraules-desconegudes-usa-les-formes-valencianes-tradueix-mentre-sescriu-permet-lus-del-text-de-manera-anonima-per-a-millorar-el-serve\\\/#primaryimage\",\"url\":\"https:\\\/\\\/englody.com\\\/wp-content\\\/uploads\\\/2023\\\/12\\\/englody-web-basica-01.jpg\",\"contentUrl\":\"https:\\\/\\\/englody.com\\\/wp-content\\\/uploads\\\/2023\\\/12\\\/englody-web-basica-01.jpg\",\"width\":1080,\"height\":1080},{\"@type\":\"BreadcrumbList\",\"@id\":\"https:\\\/\\\/englody.com\\\/ca\\\/producto\\\/disseny-i-desenvolupament-web-neteja-copia-el-text-ressalta-les-paraules-desconegudes-usa-les-formes-valencianes-tradueix-mentre-sescriu-permet-lus-del-text-de-manera-anonima-per-a-millorar-el-serve\\\/#breadcrumb\",\"itemListElement\":[{\"@type\":\"ListItem\",\"position\":1,\"name\":\"Portada\",\"item\":\"https:\\\/\\\/englody.com\\\/ca\\\/\"},{\"@type\":\"ListItem\",\"position\":2,\"name\":\"Englody Shop\",\"item\":\"https:\\\/\\\/englody.com\\\/tienda\\\/\"},{\"@type\":\"ListItem\",\"position\":3,\"name\":\"Disseny i Desenvolupament Web\"}]},{\"@type\":\"WebSite\",\"@id\":\"https:\\\/\\\/englody.com\\\/#website\",\"url\":\"https:\\\/\\\/englody.com\\\/\",\"name\":\"Englody | Software de gesti\u00f3n 360\u00ba para Academias de Ingl\u00e9s\",\"description\":\"\",\"potentialAction\":[{\"@type\":\"SearchAction\",\"target\":{\"@type\":\"EntryPoint\",\"urlTemplate\":\"https:\\\/\\\/englody.com\\\/?s={search_term_string}\"},\"query-input\":{\"@type\":\"PropertyValueSpecification\",\"valueRequired\":true,\"valueName\":\"search_term_string\"}}],\"inLanguage\":\"ca\"}]}<\/script>\n<!-- \/ Yoast SEO plugin. -->","yoast_head_json":{"title":"Disseny i Desenvolupament Web - Englody | Software de gesti\u00f3n 360\u00ba para Academias de Ingl\u00e9s","robots":{"index":"index","follow":"follow","max-snippet":"max-snippet:-1","max-image-preview":"max-image-preview:large","max-video-preview":"max-video-preview:-1"},"canonical":"https:\/\/englody.com\/ca\/producto\/disseny-i-desenvolupament-web-neteja-copia-el-text-ressalta-les-paraules-desconegudes-usa-les-formes-valencianes-tradueix-mentre-sescriu-permet-lus-del-text-de-manera-anonima-per-a-millorar-el-serve\/","og_locale":"ca_ES","og_type":"article","og_title":"Disseny i Desenvolupament Web - Englody | Software de gesti\u00f3n 360\u00ba para Academias de Ingl\u00e9s","og_description":"El nostre equip de dissenyadors i desenvolupadors web experts treballar\u00e0 bra\u00e7 a bra\u00e7 amb tu per a crear una P\u00e0gina Web per a la teva Acad\u00e8mia d'Ingl\u00e9s que sigui visualment atractiva, funcional i f\u00e0cil d'usar. Des del disseny de la interf\u00edcie d'usuari fins al desenvolupament en Wordpress, cada aspecte del teu lloc web estar\u00e0 acuradament dissenyat i desenvolupat per a complir amb els teus espectativas. A m\u00e9s, ens assegurem que el teu lloc web sigui totalment responsive, cosa que significa que es veur\u00e0 perfectament en m\u00f2bils, tauletes i ordinadors. Aix\u00f2 garanteix que els teus clients puguin accedir al teu lloc web en qualsevol moment i des de qualsevol lloc.","og_url":"https:\/\/englody.com\/ca\/producto\/disseny-i-desenvolupament-web-neteja-copia-el-text-ressalta-les-paraules-desconegudes-usa-les-formes-valencianes-tradueix-mentre-sescriu-permet-lus-del-text-de-manera-anonima-per-a-millorar-el-serve\/","og_site_name":"Englody | Software de gesti\u00f3n 360\u00ba para Academias de Ingl\u00e9s","article_modified_time":"2025-04-01T11:42:57+00:00","og_image":[{"width":1080,"height":1080,"url":"https:\/\/englody.com\/wp-content\/uploads\/2023\/12\/englody-web-basica-01.jpg","type":"image\/jpeg"}],"twitter_card":"summary_large_image","schema":{"@context":"https:\/\/schema.org","@graph":[{"@type":"WebPage","@id":"https:\/\/englody.com\/ca\/producto\/disseny-i-desenvolupament-web-neteja-copia-el-text-ressalta-les-paraules-desconegudes-usa-les-formes-valencianes-tradueix-mentre-sescriu-permet-lus-del-text-de-manera-anonima-per-a-millorar-el-serve\/","url":"https:\/\/englody.com\/ca\/producto\/disseny-i-desenvolupament-web-neteja-copia-el-text-ressalta-les-paraules-desconegudes-usa-les-formes-valencianes-tradueix-mentre-sescriu-permet-lus-del-text-de-manera-anonima-per-a-millorar-el-serve\/","name":"Disseny i Desenvolupament Web - Englody | Software de gesti\u00f3n 360\u00ba para Academias de Ingl\u00e9s","isPartOf":{"@id":"https:\/\/englody.com\/#website"},"primaryImageOfPage":{"@id":"https:\/\/englody.com\/ca\/producto\/disseny-i-desenvolupament-web-neteja-copia-el-text-ressalta-les-paraules-desconegudes-usa-les-formes-valencianes-tradueix-mentre-sescriu-permet-lus-del-text-de-manera-anonima-per-a-millorar-el-serve\/#primaryimage"},"image":{"@id":"https:\/\/englody.com\/ca\/producto\/disseny-i-desenvolupament-web-neteja-copia-el-text-ressalta-les-paraules-desconegudes-usa-les-formes-valencianes-tradueix-mentre-sescriu-permet-lus-del-text-de-manera-anonima-per-a-millorar-el-serve\/#primaryimage"},"thumbnailUrl":"https:\/\/englody.com\/wp-content\/uploads\/2023\/12\/englody-web-basica-01.jpg","datePublished":"2023-12-22T08:19:28+00:00","dateModified":"2025-04-01T11:42:57+00:00","breadcrumb":{"@id":"https:\/\/englody.com\/ca\/producto\/disseny-i-desenvolupament-web-neteja-copia-el-text-ressalta-les-paraules-desconegudes-usa-les-formes-valencianes-tradueix-mentre-sescriu-permet-lus-del-text-de-manera-anonima-per-a-millorar-el-serve\/#breadcrumb"},"inLanguage":"ca","potentialAction":[{"@type":"ReadAction","target":["https:\/\/englody.com\/ca\/producto\/disseny-i-desenvolupament-web-neteja-copia-el-text-ressalta-les-paraules-desconegudes-usa-les-formes-valencianes-tradueix-mentre-sescriu-permet-lus-del-text-de-manera-anonima-per-a-millorar-el-serve\/"]}]},{"@type":"ImageObject","inLanguage":"ca","@id":"https:\/\/englody.com\/ca\/producto\/disseny-i-desenvolupament-web-neteja-copia-el-text-ressalta-les-paraules-desconegudes-usa-les-formes-valencianes-tradueix-mentre-sescriu-permet-lus-del-text-de-manera-anonima-per-a-millorar-el-serve\/#primaryimage","url":"https:\/\/englody.com\/wp-content\/uploads\/2023\/12\/englody-web-basica-01.jpg","contentUrl":"https:\/\/englody.com\/wp-content\/uploads\/2023\/12\/englody-web-basica-01.jpg","width":1080,"height":1080},{"@type":"BreadcrumbList","@id":"https:\/\/englody.com\/ca\/producto\/disseny-i-desenvolupament-web-neteja-copia-el-text-ressalta-les-paraules-desconegudes-usa-les-formes-valencianes-tradueix-mentre-sescriu-permet-lus-del-text-de-manera-anonima-per-a-millorar-el-serve\/#breadcrumb","itemListElement":[{"@type":"ListItem","position":1,"name":"Portada","item":"https:\/\/englody.com\/ca\/"},{"@type":"ListItem","position":2,"name":"Englody Shop","item":"https:\/\/englody.com\/tienda\/"},{"@type":"ListItem","position":3,"name":"Disseny i Desenvolupament Web"}]},{"@type":"WebSite","@id":"https:\/\/englody.com\/#website","url":"https:\/\/englody.com\/","name":"Englody | Software de gesti\u00f3n 360\u00ba para Academias de Ingl\u00e9s","description":"","potentialAction":[{"@type":"SearchAction","target":{"@type":"EntryPoint","urlTemplate":"https:\/\/englody.com\/?s={search_term_string}"},"query-input":{"@type":"PropertyValueSpecification","valueRequired":true,"valueName":"search_term_string"}}],"inLanguage":"ca"}]}},"tiered_pricing_type":"fixed","tiered_pricing_fixed_rules":[],"tiered_pricing_product_settings":{"layout":"default","base_unit_name":{"singular":null,"plural":null},"default_variation":null},"tiered_pricing_minimum_quantity":null,"tiered_pricing_roles_data":[],"tiered_pricing_percentage_rules":[],"tiered_pricing_maximum_quantity":null,"tiered_pricing_quantity_step":null,"_links":{"self":[{"href":"https:\/\/englody.com\/ca\/wp-json\/wp\/v2\/product\/7845","targetHints":{"allow":["GET"]}}],"collection":[{"href":"https:\/\/englody.com\/ca\/wp-json\/wp\/v2\/product"}],"about":[{"href":"https:\/\/englody.com\/ca\/wp-json\/wp\/v2\/types\/product"}],"wp:featuredmedia":[{"embeddable":true,"href":"https:\/\/englody.com\/ca\/wp-json\/wp\/v2\/media\/6282"}],"wp:attachment":[{"href":"https:\/\/englody.com\/ca\/wp-json\/wp\/v2\/media?parent=7845"}],"wp:term":[{"taxonomy":"product_brand","embeddable":true,"href":"https:\/\/englody.com\/ca\/wp-json\/wp\/v2\/product_brand?post=7845"},{"taxonomy":"product_cat","embeddable":true,"href":"https:\/\/englody.com\/ca\/wp-json\/wp\/v2\/product_cat?post=7845"},{"taxonomy":"product_tag","embeddable":true,"href":"https:\/\/englody.com\/ca\/wp-json\/wp\/v2\/product_tag?post=7845"},{"taxonomy":"giftcard-category","embeddable":true,"href":"https:\/\/englody.com\/ca\/wp-json\/wp\/v2\/giftcard-category?post=7845"}],"curies":[{"name":"wp","href":"https:\/\/api.w.org\/{rel}","templated":true}]}}