{"id":7852,"date":"2023-12-22T09:15:45","date_gmt":"2023-12-22T08:15:45","guid":{"rendered":"https:\/\/englody.com\/producto\/consultoria-mitjana\/"},"modified":"2023-12-22T09:15:45","modified_gmt":"2023-12-22T08:15:45","slug":"consultoria-mitjana","status":"publish","type":"product","link":"https:\/\/englody.com\/ca\/producto\/consultoria-mitjana\/","title":{"rendered":"Consultoria Mitjana"},"content":{"rendered":"","protected":false},"excerpt":{"rendered":"<p>Experimenta una consultoria m\u00e9s profunda i personalitzada amb el nostre CEO David Canales, enfocada per a resoldre totes les teves preguntes i inquietuds, tant en la gesti\u00f3 empresarial com en l&#8217;\u00e0mbit comercial i de m\u00e0rqueting de la teva Acad\u00e8mia d&#8217;Ingl\u00e9s. En finalitzar, comptar\u00e0s amb les habilitats necess\u00e0ries per a aconseguir les teves metes, avan\u00e7ar i portar el teu centre d&#8217;idiomes al seg\u00fcent nivell.<\/p>\n<h2 style=\"font-size: 1.5em; line-height: 1.2em; font-weight: bold;\">Qu\u00e8 inclou el Pla Mitj\u00e0 de Consultoria per a Acad\u00e8mies d&#8217;angl\u00e8s?<\/h2>\n<p><i class=\"icon-tiny fa fa-check extra-color-1\" style=\"color: #f8ac17;\"><\/i>4 hores (inclou <a href=\"https:\/\/englody.com\/producto\/consultoria-basica\/\">Pla B\u00e0sic)<\/a><br \/>\n<i class=\"icon-tiny fa fa-check extra-color-1\" style=\"color: #f8ac17;\"><\/i> Auditoria de reputaci\u00f3 en l\u00ednia i posicionament en Google i Xarxes Socials.<br \/>\n<i class=\"icon-tiny fa fa-check extra-color-1\" style=\"color: #f8ac17;\"><\/i> An\u00e0lisi del br\u00e0nding i Univers de Marca de la teva Acad\u00e8mia.<br \/>\n<i class=\"icon-tiny fa fa-check extra-color-1\" style=\"color: #f8ac17;\"><\/i> Proposta d&#8217;un pla de m\u00e0rqueting en l\u00ednia i offline per a captar alumnat nou.<br \/>\n<i class=\"icon-tiny fa fa-check extra-color-1\" style=\"color: #f8ac17;\"><\/i> An\u00e0lisi de la proposta comercial, de vendes i propostes de millora.<\/p>\n<blockquote>\n<h4><strong>Una vegada realitzat el pagament, se&#8217;t redirigir\u00e0 autom\u00e0ticament a l&#8217;agenda de David perqu\u00e8 puguis reservar el dia i hora que millor et vingui.<\/strong><\/h4>\n<\/blockquote>\n","protected":false},"featured_media":9485,"template":"","meta":{"_joinchat":[]},"product_brand":[],"product_cat":[140,118],"product_tag":[],"giftcard-category":[],"class_list":{"0":"post-7852","1":"product","2":"type-product","3":"status-publish","4":"has-post-thumbnail","6":"product_cat-consultoria-ca","7":"product_cat-tots","9":"first","10":"instock","11":"virtual","12":"taxable","13":"purchasable","14":"product-type-simple"},"yoast_head":"<!-- This site is optimized with the Yoast SEO plugin v25.4 - https:\/\/yoast.com\/wordpress\/plugins\/seo\/ -->\n<title>Consultoria Mitjana per a Acad\u00e8mies d&#039;angl\u00e8s amb David Canales<\/title>\n<meta name=\"description\" content=\"Pla Mitj\u00e0 de Consultoria per a Acad\u00e8mies d&#039;angl\u00e8s amb David Canales, CEO de Englody, \u00fanica ag\u00e8ncia de m\u00e0rqueting especialitzada en el sector.\" \/>\n<meta name=\"robots\" content=\"index, follow, max-snippet:-1, max-image-preview:large, max-video-preview:-1\" \/>\n<link rel=\"canonical\" href=\"https:\/\/englody.com\/producto\/consultoria-media\/\" \/>\n<meta property=\"og:locale\" content=\"ca_ES\" \/>\n<meta property=\"og:type\" content=\"article\" \/>\n<meta property=\"og:title\" content=\"Consultoria Mitjana per a Acad\u00e8mies d&#039;angl\u00e8s amb David Canales\" \/>\n<meta property=\"og:description\" content=\"Pla Mitj\u00e0 de Consultoria per a Acad\u00e8mies d&#039;angl\u00e8s amb David Canales, CEO de Englody, \u00fanica ag\u00e8ncia de m\u00e0rqueting especialitzada en el sector.\" \/>\n<meta property=\"og:url\" content=\"https:\/\/englody.com\/producto\/consultoria-media\/\" \/>\n<meta property=\"og:site_name\" content=\"Englody | Software de gesti\u00f3n 360\u00ba para Academias de Ingl\u00e9s\" \/>\n<meta property=\"og:image\" content=\"https:\/\/englody.com\/wp-content\/uploads\/2023\/12\/englody-consultoria-media-1.jpg\" \/>\n\t<meta property=\"og:image:width\" content=\"1080\" \/>\n\t<meta property=\"og:image:height\" content=\"1080\" \/>\n\t<meta property=\"og:image:type\" content=\"image\/jpeg\" \/>\n<meta name=\"twitter:card\" content=\"summary_large_image\" \/>\n<script type=\"application\/ld+json\" class=\"yoast-schema-graph\">{\"@context\":\"https:\/\/schema.org\",\"@graph\":[{\"@type\":\"WebPage\",\"@id\":\"https:\/\/englody.com\/producto\/consultoria-media\/\",\"url\":\"https:\/\/englody.com\/producto\/consultoria-media\/\",\"name\":\"Consultoria Mitjana per a Acad\u00e8mies d'angl\u00e8s amb David Canales\",\"isPartOf\":{\"@id\":\"https:\/\/englody.com\/#website\"},\"primaryImageOfPage\":{\"@id\":\"https:\/\/englody.com\/producto\/consultoria-media\/#primaryimage\"},\"image\":{\"@id\":\"https:\/\/englody.com\/producto\/consultoria-media\/#primaryimage\"},\"thumbnailUrl\":\"https:\/\/englody.com\/wp-content\/uploads\/2025\/05\/englody-reel-secres01.jpg\",\"datePublished\":\"2023-12-22T08:15:45+00:00\",\"description\":\"Pla Mitj\u00e0 de Consultoria per a Acad\u00e8mies d'angl\u00e8s amb David Canales, CEO de Englody, \u00fanica ag\u00e8ncia de m\u00e0rqueting especialitzada en el sector.\",\"breadcrumb\":{\"@id\":\"https:\/\/englody.com\/producto\/consultoria-media\/#breadcrumb\"},\"inLanguage\":\"ca\",\"potentialAction\":[{\"@type\":\"ReadAction\",\"target\":[\"https:\/\/englody.com\/producto\/consultoria-media\/\"]}]},{\"@type\":\"ImageObject\",\"inLanguage\":\"ca\",\"@id\":\"https:\/\/englody.com\/producto\/consultoria-media\/#primaryimage\",\"url\":\"https:\/\/englody.com\/wp-content\/uploads\/2025\/05\/englody-reel-secres01.jpg\",\"contentUrl\":\"https:\/\/englody.com\/wp-content\/uploads\/2025\/05\/englody-reel-secres01.jpg\",\"width\":1080,\"height\":1920},{\"@type\":\"BreadcrumbList\",\"@id\":\"https:\/\/englody.com\/producto\/consultoria-media\/#breadcrumb\",\"itemListElement\":[{\"@type\":\"ListItem\",\"position\":1,\"name\":\"Portada\",\"item\":\"https:\/\/englody.com\/ca\/\"},{\"@type\":\"ListItem\",\"position\":2,\"name\":\"Englody Shop\",\"item\":\"https:\/\/englody.com\/tienda\/\"},{\"@type\":\"ListItem\",\"position\":3,\"name\":\"Consultoria Mitjana\"}]},{\"@type\":\"WebSite\",\"@id\":\"https:\/\/englody.com\/#website\",\"url\":\"https:\/\/englody.com\/\",\"name\":\"Englody | Software de gesti\u00f3n 360\u00ba para Academias de Ingl\u00e9s\",\"description\":\"\",\"potentialAction\":[{\"@type\":\"SearchAction\",\"target\":{\"@type\":\"EntryPoint\",\"urlTemplate\":\"https:\/\/englody.com\/?s={search_term_string}\"},\"query-input\":{\"@type\":\"PropertyValueSpecification\",\"valueRequired\":true,\"valueName\":\"search_term_string\"}}],\"inLanguage\":\"ca\"}]}<\/script>\n<!-- \/ Yoast SEO plugin. -->","yoast_head_json":{"title":"Consultoria Mitjana per a Acad\u00e8mies d'angl\u00e8s amb David Canales","description":"Pla Mitj\u00e0 de Consultoria per a Acad\u00e8mies d'angl\u00e8s amb David Canales, CEO de Englody, \u00fanica ag\u00e8ncia de m\u00e0rqueting especialitzada en el sector.","robots":{"index":"index","follow":"follow","max-snippet":"max-snippet:-1","max-image-preview":"max-image-preview:large","max-video-preview":"max-video-preview:-1"},"canonical":"https:\/\/englody.com\/producto\/consultoria-media\/","og_locale":"ca_ES","og_type":"article","og_title":"Consultoria Mitjana per a Acad\u00e8mies d'angl\u00e8s amb David Canales","og_description":"Pla Mitj\u00e0 de Consultoria per a Acad\u00e8mies d'angl\u00e8s amb David Canales, CEO de Englody, \u00fanica ag\u00e8ncia de m\u00e0rqueting especialitzada en el sector.","og_url":"https:\/\/englody.com\/producto\/consultoria-media\/","og_site_name":"Englody | Software de gesti\u00f3n 360\u00ba para Academias de Ingl\u00e9s","og_image":[{"width":1080,"height":1080,"url":"https:\/\/englody.com\/wp-content\/uploads\/2023\/12\/englody-consultoria-media-1.jpg","type":"image\/jpeg"}],"twitter_card":"summary_large_image","schema":{"@context":"https:\/\/schema.org","@graph":[{"@type":"WebPage","@id":"https:\/\/englody.com\/producto\/consultoria-media\/","url":"https:\/\/englody.com\/producto\/consultoria-media\/","name":"Consultoria Mitjana per a Acad\u00e8mies d'angl\u00e8s amb David Canales","isPartOf":{"@id":"https:\/\/englody.com\/#website"},"primaryImageOfPage":{"@id":"https:\/\/englody.com\/producto\/consultoria-media\/#primaryimage"},"image":{"@id":"https:\/\/englody.com\/producto\/consultoria-media\/#primaryimage"},"thumbnailUrl":"https:\/\/englody.com\/wp-content\/uploads\/2025\/05\/englody-reel-secres01.jpg","datePublished":"2023-12-22T08:15:45+00:00","description":"Pla Mitj\u00e0 de Consultoria per a Acad\u00e8mies d'angl\u00e8s amb David Canales, CEO de Englody, \u00fanica ag\u00e8ncia de m\u00e0rqueting especialitzada en el sector.","breadcrumb":{"@id":"https:\/\/englody.com\/producto\/consultoria-media\/#breadcrumb"},"inLanguage":"ca","potentialAction":[{"@type":"ReadAction","target":["https:\/\/englody.com\/producto\/consultoria-media\/"]}]},{"@type":"ImageObject","inLanguage":"ca","@id":"https:\/\/englody.com\/producto\/consultoria-media\/#primaryimage","url":"https:\/\/englody.com\/wp-content\/uploads\/2025\/05\/englody-reel-secres01.jpg","contentUrl":"https:\/\/englody.com\/wp-content\/uploads\/2025\/05\/englody-reel-secres01.jpg","width":1080,"height":1920},{"@type":"BreadcrumbList","@id":"https:\/\/englody.com\/producto\/consultoria-media\/#breadcrumb","itemListElement":[{"@type":"ListItem","position":1,"name":"Portada","item":"https:\/\/englody.com\/ca\/"},{"@type":"ListItem","position":2,"name":"Englody Shop","item":"https:\/\/englody.com\/tienda\/"},{"@type":"ListItem","position":3,"name":"Consultoria Mitjana"}]},{"@type":"WebSite","@id":"https:\/\/englody.com\/#website","url":"https:\/\/englody.com\/","name":"Englody | Software de gesti\u00f3n 360\u00ba para Academias de Ingl\u00e9s","description":"","potentialAction":[{"@type":"SearchAction","target":{"@type":"EntryPoint","urlTemplate":"https:\/\/englody.com\/?s={search_term_string}"},"query-input":{"@type":"PropertyValueSpecification","valueRequired":true,"valueName":"search_term_string"}}],"inLanguage":"ca"}]}},"tiered_pricing_type":"fixed","tiered_pricing_fixed_rules":[],"tiered_pricing_product_settings":{"layout":"default","base_unit_name":{"singular":null,"plural":null},"default_variation":null},"tiered_pricing_minimum_quantity":null,"tiered_pricing_roles_data":[],"tiered_pricing_percentage_rules":[],"tiered_pricing_maximum_quantity":null,"tiered_pricing_quantity_step":null,"_links":{"self":[{"href":"https:\/\/englody.com\/ca\/wp-json\/wp\/v2\/product\/7852","targetHints":{"allow":["GET"]}}],"collection":[{"href":"https:\/\/englody.com\/ca\/wp-json\/wp\/v2\/product"}],"about":[{"href":"https:\/\/englody.com\/ca\/wp-json\/wp\/v2\/types\/product"}],"wp:featuredmedia":[{"embeddable":true,"href":"https:\/\/englody.com\/ca\/wp-json\/wp\/v2\/media\/9485"}],"wp:attachment":[{"href":"https:\/\/englody.com\/ca\/wp-json\/wp\/v2\/media?parent=7852"}],"wp:term":[{"taxonomy":"product_brand","embeddable":true,"href":"https:\/\/englody.com\/ca\/wp-json\/wp\/v2\/product_brand?post=7852"},{"taxonomy":"product_cat","embeddable":true,"href":"https:\/\/englody.com\/ca\/wp-json\/wp\/v2\/product_cat?post=7852"},{"taxonomy":"product_tag","embeddable":true,"href":"https:\/\/englody.com\/ca\/wp-json\/wp\/v2\/product_tag?post=7852"},{"taxonomy":"giftcard-category","embeddable":true,"href":"https:\/\/englody.com\/ca\/wp-json\/wp\/v2\/giftcard-category?post=7852"}],"curies":[{"name":"wp","href":"https:\/\/api.w.org\/{rel}","templated":true}]}}