{"id":7855,"date":"2023-12-22T09:14:31","date_gmt":"2023-12-22T08:14:31","guid":{"rendered":"https:\/\/englody.com\/producto\/englody-software\/"},"modified":"2023-12-22T09:14:31","modified_gmt":"2023-12-22T08:14:31","slug":"englody-software","status":"publish","type":"product","link":"https:\/\/englody.com\/ca\/producto\/englody-software\/","title":{"rendered":"Englody Software"},"content":{"rendered":"","protected":false},"excerpt":{"rendered":"<h2 style=\"text-align: left;\"><span style=\"color: #ff9900;\">Sigui com sigui la teva <strong>Acad\u00e8mia d&#8217;Ingl\u00e9s<\/strong>, <em>tenim un pla perfecte per a tu!<\/em><\/span><\/h2>\n<div class=\"wp-block-uagb-advanced-heading uagb-block-23de98ea\">\n<p class=\"uagb-heading-text\"><strong>Englody Programari 360\u00e8<\/strong> t&#8217;ofereix diferents plans perqu\u00e8 puguis triar en funci\u00f3 de com sigui la teva acad\u00e8mia i\/o dels serveis que vols utilitzar i implantar en el teu centre.<\/p>\n<p>Oblida preus variables segons el nombre d&#8217;estudiants, factures&#8230; Els nostres packs de <strong>preus s\u00f3n tancats, sense sorpreses i <span style=\"text-decoration: underline;\">segons les funcions<\/span> que vagis a utilitzar<\/strong>.<\/p>\n<\/div>\n<div class=\"wp-block-uagb-advanced-heading uagb-block-14896eb8\">\n<p>Som <em>usuaris<\/em>, som <em>desenvolupadors<\/em>  i <em>venedors<\/em>  per\u00f2 sobretot&#8230; Els #1 en qu\u00e8 tot surti PERFECTE.<\/p>\n<\/div>\n<p>&nbsp;<\/p>\n","protected":false},"featured_media":11738,"template":"","meta":{"_joinchat":[]},"product_brand":[],"product_cat":[141,118],"product_tag":[],"giftcard-category":[],"class_list":{"0":"post-7855","1":"product","2":"type-product","3":"status-publish","4":"has-post-thumbnail","6":"product_cat-software-ca","7":"product_cat-tots","9":"first","10":"instock","11":"taxable","12":"shipping-taxable","13":"purchasable","14":"product-type-variable"},"yoast_head":"<!-- This site is optimized with the Yoast SEO plugin v25.4 - https:\/\/yoast.com\/wordpress\/plugins\/seo\/ -->\n<title>Englody Est\u00e0ndard - Programari de Gesti\u00f3 per a Acad\u00e8mies d&#039;Angl\u00e8s<\/title>\n<meta name=\"description\" content=\"Estalvia milers d&#039;euros en la gesti\u00f3 de la teva Acad\u00e8mia d&#039;Ingl\u00e9s gr\u00e0cies a Englody Est\u00e0ndard, el programari de Gesti\u00f3 360\u00e8 exclusiu per a Acad\u00e8mies.\" \/>\n<meta name=\"robots\" content=\"index, follow, max-snippet:-1, max-image-preview:large, max-video-preview:-1\" \/>\n<link rel=\"canonical\" href=\"https:\/\/englody.com\/producto\/contratacion-software\/\" \/>\n<meta property=\"og:locale\" content=\"ca_ES\" \/>\n<meta property=\"og:type\" content=\"article\" \/>\n<meta property=\"og:title\" content=\"Englody Est\u00e0ndard - Programari de Gesti\u00f3 per a Acad\u00e8mies d&#039;Angl\u00e8s\" \/>\n<meta property=\"og:description\" content=\"Estalvia milers d&#039;euros en la gesti\u00f3 de la teva Acad\u00e8mia d&#039;Ingl\u00e9s gr\u00e0cies a Englody Est\u00e0ndard, el programari de Gesti\u00f3 360\u00e8 exclusiu per a Acad\u00e8mies.\" \/>\n<meta property=\"og:url\" content=\"https:\/\/englody.com\/producto\/contratacion-software\/\" \/>\n<meta property=\"og:site_name\" content=\"Englody | Software de gesti\u00f3n 360\u00ba para Academias de Ingl\u00e9s\" \/>\n<meta property=\"og:image\" content=\"https:\/\/englody.com\/wp-content\/uploads\/2024\/09\/tabla-precios-englody-software.png\" \/>\n\t<meta property=\"og:image:width\" content=\"2297\" \/>\n\t<meta property=\"og:image:height\" content=\"1654\" \/>\n\t<meta property=\"og:image:type\" content=\"image\/png\" \/>\n<meta name=\"twitter:card\" content=\"summary_large_image\" \/>\n<script type=\"application\/ld+json\" class=\"yoast-schema-graph\">{\"@context\":\"https:\/\/schema.org\",\"@graph\":[{\"@type\":\"WebPage\",\"@id\":\"https:\/\/englody.com\/producto\/contratacion-software\/\",\"url\":\"https:\/\/englody.com\/producto\/contratacion-software\/\",\"name\":\"Englody Est\u00e0ndard - Programari de Gesti\u00f3 per a Acad\u00e8mies d'Angl\u00e8s\",\"isPartOf\":{\"@id\":\"https:\/\/englody.com\/#website\"},\"primaryImageOfPage\":{\"@id\":\"https:\/\/englody.com\/producto\/contratacion-software\/#primaryimage\"},\"image\":{\"@id\":\"https:\/\/englody.com\/producto\/contratacion-software\/#primaryimage\"},\"thumbnailUrl\":\"https:\/\/englody.com\/wp-content\/uploads\/2023\/12\/tabla-precios-englody-2026.png\",\"datePublished\":\"2023-12-22T08:14:31+00:00\",\"description\":\"Estalvia milers d'euros en la gesti\u00f3 de la teva Acad\u00e8mia d'Ingl\u00e9s gr\u00e0cies a Englody Est\u00e0ndard, el programari de Gesti\u00f3 360\u00e8 exclusiu per a Acad\u00e8mies.\",\"breadcrumb\":{\"@id\":\"https:\/\/englody.com\/producto\/contratacion-software\/#breadcrumb\"},\"inLanguage\":\"ca\",\"potentialAction\":[{\"@type\":\"ReadAction\",\"target\":[\"https:\/\/englody.com\/producto\/contratacion-software\/\"]}]},{\"@type\":\"ImageObject\",\"inLanguage\":\"ca\",\"@id\":\"https:\/\/englody.com\/producto\/contratacion-software\/#primaryimage\",\"url\":\"https:\/\/englody.com\/wp-content\/uploads\/2023\/12\/tabla-precios-englody-2026.png\",\"contentUrl\":\"https:\/\/englody.com\/wp-content\/uploads\/2023\/12\/tabla-precios-englody-2026.png\",\"width\":2134,\"height\":1624},{\"@type\":\"BreadcrumbList\",\"@id\":\"https:\/\/englody.com\/producto\/contratacion-software\/#breadcrumb\",\"itemListElement\":[{\"@type\":\"ListItem\",\"position\":1,\"name\":\"Portada\",\"item\":\"https:\/\/englody.com\/ca\/\"},{\"@type\":\"ListItem\",\"position\":2,\"name\":\"Englody Shop\",\"item\":\"https:\/\/englody.com\/tienda\/\"},{\"@type\":\"ListItem\",\"position\":3,\"name\":\"Englody Software\"}]},{\"@type\":\"WebSite\",\"@id\":\"https:\/\/englody.com\/#website\",\"url\":\"https:\/\/englody.com\/\",\"name\":\"Englody | Software de gesti\u00f3n 360\u00ba para Academias de Ingl\u00e9s\",\"description\":\"\",\"potentialAction\":[{\"@type\":\"SearchAction\",\"target\":{\"@type\":\"EntryPoint\",\"urlTemplate\":\"https:\/\/englody.com\/?s={search_term_string}\"},\"query-input\":{\"@type\":\"PropertyValueSpecification\",\"valueRequired\":true,\"valueName\":\"search_term_string\"}}],\"inLanguage\":\"ca\"}]}<\/script>\n<!-- \/ Yoast SEO plugin. -->","yoast_head_json":{"title":"Englody Est\u00e0ndard - Programari de Gesti\u00f3 per a Acad\u00e8mies d'Angl\u00e8s","description":"Estalvia milers d'euros en la gesti\u00f3 de la teva Acad\u00e8mia d'Ingl\u00e9s gr\u00e0cies a Englody Est\u00e0ndard, el programari de Gesti\u00f3 360\u00e8 exclusiu per a Acad\u00e8mies.","robots":{"index":"index","follow":"follow","max-snippet":"max-snippet:-1","max-image-preview":"max-image-preview:large","max-video-preview":"max-video-preview:-1"},"canonical":"https:\/\/englody.com\/producto\/contratacion-software\/","og_locale":"ca_ES","og_type":"article","og_title":"Englody Est\u00e0ndard - Programari de Gesti\u00f3 per a Acad\u00e8mies d'Angl\u00e8s","og_description":"Estalvia milers d'euros en la gesti\u00f3 de la teva Acad\u00e8mia d'Ingl\u00e9s gr\u00e0cies a Englody Est\u00e0ndard, el programari de Gesti\u00f3 360\u00e8 exclusiu per a Acad\u00e8mies.","og_url":"https:\/\/englody.com\/producto\/contratacion-software\/","og_site_name":"Englody | Software de gesti\u00f3n 360\u00ba para Academias de Ingl\u00e9s","og_image":[{"width":2297,"height":1654,"url":"https:\/\/englody.com\/wp-content\/uploads\/2024\/09\/tabla-precios-englody-software.png","type":"image\/png"}],"twitter_card":"summary_large_image","schema":{"@context":"https:\/\/schema.org","@graph":[{"@type":"WebPage","@id":"https:\/\/englody.com\/producto\/contratacion-software\/","url":"https:\/\/englody.com\/producto\/contratacion-software\/","name":"Englody Est\u00e0ndard - Programari de Gesti\u00f3 per a Acad\u00e8mies d'Angl\u00e8s","isPartOf":{"@id":"https:\/\/englody.com\/#website"},"primaryImageOfPage":{"@id":"https:\/\/englody.com\/producto\/contratacion-software\/#primaryimage"},"image":{"@id":"https:\/\/englody.com\/producto\/contratacion-software\/#primaryimage"},"thumbnailUrl":"https:\/\/englody.com\/wp-content\/uploads\/2023\/12\/tabla-precios-englody-2026.png","datePublished":"2023-12-22T08:14:31+00:00","description":"Estalvia milers d'euros en la gesti\u00f3 de la teva Acad\u00e8mia d'Ingl\u00e9s gr\u00e0cies a Englody Est\u00e0ndard, el programari de Gesti\u00f3 360\u00e8 exclusiu per a Acad\u00e8mies.","breadcrumb":{"@id":"https:\/\/englody.com\/producto\/contratacion-software\/#breadcrumb"},"inLanguage":"ca","potentialAction":[{"@type":"ReadAction","target":["https:\/\/englody.com\/producto\/contratacion-software\/"]}]},{"@type":"ImageObject","inLanguage":"ca","@id":"https:\/\/englody.com\/producto\/contratacion-software\/#primaryimage","url":"https:\/\/englody.com\/wp-content\/uploads\/2023\/12\/tabla-precios-englody-2026.png","contentUrl":"https:\/\/englody.com\/wp-content\/uploads\/2023\/12\/tabla-precios-englody-2026.png","width":2134,"height":1624},{"@type":"BreadcrumbList","@id":"https:\/\/englody.com\/producto\/contratacion-software\/#breadcrumb","itemListElement":[{"@type":"ListItem","position":1,"name":"Portada","item":"https:\/\/englody.com\/ca\/"},{"@type":"ListItem","position":2,"name":"Englody Shop","item":"https:\/\/englody.com\/tienda\/"},{"@type":"ListItem","position":3,"name":"Englody Software"}]},{"@type":"WebSite","@id":"https:\/\/englody.com\/#website","url":"https:\/\/englody.com\/","name":"Englody | Software de gesti\u00f3n 360\u00ba para Academias de Ingl\u00e9s","description":"","potentialAction":[{"@type":"SearchAction","target":{"@type":"EntryPoint","urlTemplate":"https:\/\/englody.com\/?s={search_term_string}"},"query-input":{"@type":"PropertyValueSpecification","valueRequired":true,"valueName":"search_term_string"}}],"inLanguage":"ca"}]}},"tiered_pricing_type":"fixed","tiered_pricing_fixed_rules":[],"tiered_pricing_product_settings":{"layout":"default","base_unit_name":{"singular":null,"plural":null},"default_variation":null},"tiered_pricing_minimum_quantity":null,"tiered_pricing_roles_data":[],"tiered_pricing_percentage_rules":[],"tiered_pricing_maximum_quantity":null,"tiered_pricing_quantity_step":null,"_links":{"self":[{"href":"https:\/\/englody.com\/ca\/wp-json\/wp\/v2\/product\/7855","targetHints":{"allow":["GET"]}}],"collection":[{"href":"https:\/\/englody.com\/ca\/wp-json\/wp\/v2\/product"}],"about":[{"href":"https:\/\/englody.com\/ca\/wp-json\/wp\/v2\/types\/product"}],"wp:featuredmedia":[{"embeddable":true,"href":"https:\/\/englody.com\/ca\/wp-json\/wp\/v2\/media\/11738"}],"wp:attachment":[{"href":"https:\/\/englody.com\/ca\/wp-json\/wp\/v2\/media?parent=7855"}],"wp:term":[{"taxonomy":"product_brand","embeddable":true,"href":"https:\/\/englody.com\/ca\/wp-json\/wp\/v2\/product_brand?post=7855"},{"taxonomy":"product_cat","embeddable":true,"href":"https:\/\/englody.com\/ca\/wp-json\/wp\/v2\/product_cat?post=7855"},{"taxonomy":"product_tag","embeddable":true,"href":"https:\/\/englody.com\/ca\/wp-json\/wp\/v2\/product_tag?post=7855"},{"taxonomy":"giftcard-category","embeddable":true,"href":"https:\/\/englody.com\/ca\/wp-json\/wp\/v2\/giftcard-category?post=7855"}],"curies":[{"name":"wp","href":"https:\/\/api.w.org\/{rel}","templated":true}]}}