{"id":12741,"date":"2026-03-06T09:42:00","date_gmt":"2026-03-06T08:42:00","guid":{"rendered":"https:\/\/englody.com\/?post_type=product&#038;p=12741"},"modified":"2026-03-30T10:58:46","modified_gmt":"2026-03-30T08:58:46","slug":"mochila-d807","status":"publish","type":"product","link":"https:\/\/englody.com\/eu\/producto\/mochila-d807\/","title":{"rendered":"Mochila D807"},"content":{"rendered":"","protected":false},"excerpt":{"rendered":"<p>A continuaci\u00f3n, te mostramos los diferentes colores disponibles de este modelo de mochila personalizada.<\/p>\n<p><strong>IMPORTANTE:<\/strong> <span style=\"text-decoration: underline; color: #ff9900;\"><strong>El<\/strong> <strong>pedido m\u00ednimo de mochilas es de 100 unidades<\/strong><\/span>.<br \/>\nEs posible pedir 40 mochilas de este modelo y\/o color, junto con otras mochilas de otro modelo\/color diferente, pero el m\u00ednimo establecido es de 40 unidades por cada modelo hasta alcanzar las 100 unidades.<\/p>\n<p>Recordad que cada mochila se podr\u00e1 personalizar con el logotipo de tu academia, el enlace a tu web, un c\u00f3digo QR&#8230; \u00a1a tu gusto!<\/p>\n<p>El pedido m\u00ednimo son 100 unidades.<\/p>\n<p><strong>ATENCI\u00d3N:<\/strong> Cuantas m\u00e1s mochilas pidas, mayor descuento obtendr\u00e1s. <strong>Podr\u00e1s ver el descuento en el carrito<\/strong> de la compra una vez a\u00f1adida la cantidad que deseas comprar.<\/p>\n<p><strong>\u00daLTIMO D\u00cdA PARA REALIZAR EL PEDIDO:<\/strong> <strong><span style=\"color: #ff0000;\">Viernes 27 de marzo<\/span>.<\/strong><\/p>\n<p><strong>PASOS A SEGUIR:<\/strong><\/p>\n<ol>\n<li>Escoge el color que m\u00e1s te guste, la cantidad que quieres y a\u00f1\u00e1delo al carrito.<\/li>\n<li>Completa el formulario con los datos de facturaci\u00f3n y datos de env\u00edo.<\/li>\n<li>Realiza el pago con tarjeta a trav\u00e9s de la pasarela de pago.<\/li>\n<li>Env\u00edanos por correo electr\u00f3nico a <span style=\"text-decoration: underline; color: #3366ff;\">mochilas@englody.com<\/span> con tu logotipo y expl\u00edcanos c\u00f3mo deseas la personalizaci\u00f3n. Te ayudaremos a conseguir que la mochila quede a tu gusto.<\/li>\n<li>Nos pondremos a trabajar y te enviaremos un mockup con el dise\u00f1o para que nos confirmes.<\/li>\n<li>Una vez confirmado, lo mandaremos a producci\u00f3n junto con todos los pedidos de clientes a partir del 27 de marzo.<\/li>\n<li>Recibir\u00e1s el pedido en la direcci\u00f3n que nos indiques al finalizar la compra durante los meses de julio y agosto.<\/li>\n<\/ol>\n<table class=\"table__CBWOJ tableMargin__PMmD9\">\n<thead>\n<tr>\n<th class=\"cell__momkv cellNowrap__yMMm8\" scope=\"col\">\n<div>\n<div>\n<div>\n<div style=\"text-align: center;\"><b>1-199 Unidades<\/b><\/div>\n<\/div>\n<\/div>\n<\/div>\n<\/th>\n<th class=\"cell__momkv cellNowrap__yMMm8\" style=\"text-align: center;\" scope=\"col\">\n<div>\n<div>\n<div>\n<div><b>200-399 Unidades<\/b><\/div>\n<\/div>\n<\/div>\n<\/div>\n<\/th>\n<th class=\"cell__momkv cellNowrap__yMMm8\" style=\"text-align: center;\" scope=\"col\">\n<div>\n<div>\n<div>\n<div><b>400 &#8211; 599 Unidades<\/b><\/div>\n<\/div>\n<\/div>\n<\/div>\n<\/th>\n<th class=\"cell__momkv cellNowrap__yMMm8\" style=\"text-align: center;\" scope=\"col\">\n<div>\n<div>\n<div>\n<div><b>600 &#8211; 799 Unidades<\/b><\/div>\n<\/div>\n<\/div>\n<\/div>\n<\/th>\n<th class=\"cell__momkv cellNowrap__yMMm8\" style=\"text-align: center;\" scope=\"col\">\n<div>\n<div>\n<div>\n<div><b>800 &#8211; 999 Unidades<\/b><\/div>\n<\/div>\n<\/div>\n<\/div>\n<\/th>\n<th class=\"cell__momkv cellNowrap__yMMm8\" style=\"text-align: center;\" scope=\"col\">\n<div>\n<div>\n<div>\n<div><b>+1000 Unidades<\/b><\/div>\n<\/div>\n<\/div>\n<\/div>\n<\/th>\n<\/tr>\n<\/thead>\n<tbody>\n<tr>\n<td class=\"cell__momkv cellNowrap__yMMm8\" style=\"text-align: center;\">SIN descuento<\/td>\n<td class=\"cell__momkv cellNowrap__yMMm8\" style=\"text-align: center;\">10 cts. dto.<\/td>\n<td class=\"cell__momkv cellNowrap__yMMm8\" style=\"text-align: center;\">20 cts. dto.<\/td>\n<td class=\"cell__momkv cellNowrap__yMMm8\" style=\"text-align: center;\">30 cts. dto.<\/td>\n<td class=\"cell__momkv cellNowrap__yMMm8\" style=\"text-align: center;\">40 cts. dto.<\/td>\n<td class=\"cell__momkv cellNowrap__yMMm8\" style=\"text-align: center;\">50 cts. dto.<\/td>\n<\/tr>\n<\/tbody>\n<\/table>\n","protected":false},"featured_media":12877,"template":"","meta":{"_joinchat":[]},"product_brand":[],"product_cat":[19,32],"product_tag":[],"giftcard-category":[],"class_list":{"0":"post-12741","1":"product","2":"type-product","3":"status-publish","4":"has-post-thumbnail","6":"product_cat-todos-los-productos","7":"product_cat-merchandising","9":"first","10":"outofstock","11":"taxable","12":"shipping-taxable","13":"purchasable","14":"product-type-variable"},"yoast_head":"<!-- This site is optimized with the Yoast SEO plugin v25.4 - https:\/\/yoast.com\/wordpress\/plugins\/seo\/ -->\n<title>Mochila D807 - Englody | Software de gesti\u00f3n 360\u00ba para Academias de Ingl\u00e9s<\/title>\n<meta name=\"robots\" content=\"index, follow, max-snippet:-1, max-image-preview:large, max-video-preview:-1\" \/>\n<link rel=\"canonical\" href=\"https:\/\/englody.com\/producto\/mochila-d807\/\" \/>\n<meta property=\"og:locale\" content=\"eu_ES\" \/>\n<meta property=\"og:type\" content=\"article\" \/>\n<meta property=\"og:title\" content=\"Mochila D807 - Englody | Software de gesti\u00f3n 360\u00ba para Academias de Ingl\u00e9s\" \/>\n<meta property=\"og:description\" content=\"A continuaci\u00f3n, te mostramos los diferentes colores disponibles de este modelo de mochila personalizada.  IMPORTANTE: El pedido m\u00ednimo de mochilas es de 100 unidades. Es posible pedir 40 mochilas de este modelo y\/o color, junto con otras mochilas de otro modelo\/color diferente, pero el m\u00ednimo establecido es de 40 unidades por cada modelo hasta alcanzar las 100 unidades.  Recordad que cada mochila se podr\u00e1 personalizar con el logotipo de tu academia, el enlace a tu web, un c\u00f3digo QR... \u00a1a tu gusto!  El pedido m\u00ednimo son 100 unidades.  ATENCI\u00d3N: Cuantas m\u00e1s mochilas pidas, mayor descuento obtendr\u00e1s. Podr\u00e1s ver el descuento en el carrito de la compra una vez a\u00f1adida la cantidad que deseas comprar.  \u00daLTIMO D\u00cdA PARA REALIZAR EL PEDIDO: Viernes 27 de marzo.  PASOS A SEGUIR:   Escoge el color que m\u00e1s te guste, la cantidad que quieres y a\u00f1\u00e1delo al carrito.  Completa el formulario con los datos de facturaci\u00f3n y datos de env\u00edo.  Realiza el pago con tarjeta a trav\u00e9s de la pasarela de pago.  Env\u00edanos por correo electr\u00f3nico a mochilas@englody.com con tu logotipo y expl\u00edcanos c\u00f3mo deseas la personalizaci\u00f3n. Te ayudaremos a conseguir que la mochila quede a tu gusto.  Nos pondremos a trabajar y te enviaremos un mockup con el dise\u00f1o para que nos confirmes.  Una vez confirmado, lo mandaremos a producci\u00f3n junto con todos los pedidos de clientes a partir del 27 de marzo.  Recibir\u00e1s el pedido en la direcci\u00f3n que nos indiques al finalizar la compra durante los meses de julio y agosto.         1-199 Unidades        200-399 Unidades        400 - 599 Unidades        600 - 799 Unidades        800 - 999 Unidades        +1000 Unidades        SIN descuento 10 cts. dto. 20 cts. dto. 30 cts. dto. 40 cts. dto. 50 cts. dto.\" \/>\n<meta property=\"og:url\" content=\"https:\/\/englody.com\/producto\/mochila-d807\/\" \/>\n<meta property=\"og:site_name\" content=\"Englody | Software de gesti\u00f3n 360\u00ba para Academias de Ingl\u00e9s\" \/>\n<meta property=\"article:modified_time\" content=\"2026-03-30T08:58:46+00:00\" \/>\n<meta property=\"og:image\" content=\"https:\/\/englody.com\/wp-content\/uploads\/2026\/03\/Mochila-personalizada-englody-codigo-d807.jpg\" \/>\n\t<meta property=\"og:image:width\" content=\"800\" \/>\n\t<meta property=\"og:image:height\" content=\"800\" \/>\n\t<meta property=\"og:image:type\" content=\"image\/jpeg\" \/>\n<meta name=\"twitter:card\" content=\"summary_large_image\" \/>\n<meta name=\"twitter:label1\" content=\"Est. reading time\" \/>\n\t<meta name=\"twitter:data1\" content=\"1 minute\" \/>\n<script type=\"application\/ld+json\" class=\"yoast-schema-graph\">{\"@context\":\"https:\/\/schema.org\",\"@graph\":[{\"@type\":\"WebPage\",\"@id\":\"https:\/\/englody.com\/producto\/mochila-d807\/\",\"url\":\"https:\/\/englody.com\/producto\/mochila-d807\/\",\"name\":\"Mochila D807 - Englody | Software de gesti\u00f3n 360\u00ba para Academias de Ingl\u00e9s\",\"isPartOf\":{\"@id\":\"https:\/\/englody.com\/#website\"},\"primaryImageOfPage\":{\"@id\":\"https:\/\/englody.com\/producto\/mochila-d807\/#primaryimage\"},\"image\":{\"@id\":\"https:\/\/englody.com\/producto\/mochila-d807\/#primaryimage\"},\"thumbnailUrl\":\"https:\/\/englody.com\/wp-content\/uploads\/2026\/03\/Mochila-personalizada-englody-codigo-d807.jpg\",\"datePublished\":\"2026-03-06T08:42:00+00:00\",\"dateModified\":\"2026-03-30T08:58:46+00:00\",\"breadcrumb\":{\"@id\":\"https:\/\/englody.com\/producto\/mochila-d807\/#breadcrumb\"},\"inLanguage\":\"eu-ES\",\"potentialAction\":[{\"@type\":\"ReadAction\",\"target\":[\"https:\/\/englody.com\/producto\/mochila-d807\/\"]}]},{\"@type\":\"ImageObject\",\"inLanguage\":\"eu-ES\",\"@id\":\"https:\/\/englody.com\/producto\/mochila-d807\/#primaryimage\",\"url\":\"https:\/\/englody.com\/wp-content\/uploads\/2026\/03\/Mochila-personalizada-englody-codigo-d807.jpg\",\"contentUrl\":\"https:\/\/englody.com\/wp-content\/uploads\/2026\/03\/Mochila-personalizada-englody-codigo-d807.jpg\",\"width\":800,\"height\":800},{\"@type\":\"BreadcrumbList\",\"@id\":\"https:\/\/englody.com\/producto\/mochila-d807\/#breadcrumb\",\"itemListElement\":[{\"@type\":\"ListItem\",\"position\":1,\"name\":\"Portada\",\"item\":\"https:\/\/englody.com\/\"},{\"@type\":\"ListItem\",\"position\":2,\"name\":\"Shop\",\"item\":\"https:\/\/englody.com\/eu\/shop\/\"},{\"@type\":\"ListItem\",\"position\":3,\"name\":\"Mochila D807\"}]},{\"@type\":\"WebSite\",\"@id\":\"https:\/\/englody.com\/#website\",\"url\":\"https:\/\/englody.com\/\",\"name\":\"Englody | Software de gesti\u00f3n 360\u00ba para Academias de Ingl\u00e9s\",\"description\":\"\",\"potentialAction\":[{\"@type\":\"SearchAction\",\"target\":{\"@type\":\"EntryPoint\",\"urlTemplate\":\"https:\/\/englody.com\/?s={search_term_string}\"},\"query-input\":{\"@type\":\"PropertyValueSpecification\",\"valueRequired\":true,\"valueName\":\"search_term_string\"}}],\"inLanguage\":\"eu-ES\"}]}<\/script>\n<!-- \/ Yoast SEO plugin. -->","yoast_head_json":{"title":"Mochila D807 - Englody | Software de gesti\u00f3n 360\u00ba para Academias de Ingl\u00e9s","robots":{"index":"index","follow":"follow","max-snippet":"max-snippet:-1","max-image-preview":"max-image-preview:large","max-video-preview":"max-video-preview:-1"},"canonical":"https:\/\/englody.com\/producto\/mochila-d807\/","og_locale":"eu_ES","og_type":"article","og_title":"Mochila D807 - Englody | Software de gesti\u00f3n 360\u00ba para Academias de Ingl\u00e9s","og_description":"A continuaci\u00f3n, te mostramos los diferentes colores disponibles de este modelo de mochila personalizada.  IMPORTANTE: El pedido m\u00ednimo de mochilas es de 100 unidades. Es posible pedir 40 mochilas de este modelo y\/o color, junto con otras mochilas de otro modelo\/color diferente, pero el m\u00ednimo establecido es de 40 unidades por cada modelo hasta alcanzar las 100 unidades.  Recordad que cada mochila se podr\u00e1 personalizar con el logotipo de tu academia, el enlace a tu web, un c\u00f3digo QR... \u00a1a tu gusto!  El pedido m\u00ednimo son 100 unidades.  ATENCI\u00d3N: Cuantas m\u00e1s mochilas pidas, mayor descuento obtendr\u00e1s. Podr\u00e1s ver el descuento en el carrito de la compra una vez a\u00f1adida la cantidad que deseas comprar.  \u00daLTIMO D\u00cdA PARA REALIZAR EL PEDIDO: Viernes 27 de marzo.  PASOS A SEGUIR:   Escoge el color que m\u00e1s te guste, la cantidad que quieres y a\u00f1\u00e1delo al carrito.  Completa el formulario con los datos de facturaci\u00f3n y datos de env\u00edo.  Realiza el pago con tarjeta a trav\u00e9s de la pasarela de pago.  Env\u00edanos por correo electr\u00f3nico a mochilas@englody.com con tu logotipo y expl\u00edcanos c\u00f3mo deseas la personalizaci\u00f3n. Te ayudaremos a conseguir que la mochila quede a tu gusto.  Nos pondremos a trabajar y te enviaremos un mockup con el dise\u00f1o para que nos confirmes.  Una vez confirmado, lo mandaremos a producci\u00f3n junto con todos los pedidos de clientes a partir del 27 de marzo.  Recibir\u00e1s el pedido en la direcci\u00f3n que nos indiques al finalizar la compra durante los meses de julio y agosto.         1-199 Unidades        200-399 Unidades        400 - 599 Unidades        600 - 799 Unidades        800 - 999 Unidades        +1000 Unidades        SIN descuento 10 cts. dto. 20 cts. dto. 30 cts. dto. 40 cts. dto. 50 cts. dto.","og_url":"https:\/\/englody.com\/producto\/mochila-d807\/","og_site_name":"Englody | Software de gesti\u00f3n 360\u00ba para Academias de Ingl\u00e9s","article_modified_time":"2026-03-30T08:58:46+00:00","og_image":[{"width":800,"height":800,"url":"https:\/\/englody.com\/wp-content\/uploads\/2026\/03\/Mochila-personalizada-englody-codigo-d807.jpg","type":"image\/jpeg"}],"twitter_card":"summary_large_image","twitter_misc":{"Est. reading time":"1 minute"},"schema":{"@context":"https:\/\/schema.org","@graph":[{"@type":"WebPage","@id":"https:\/\/englody.com\/producto\/mochila-d807\/","url":"https:\/\/englody.com\/producto\/mochila-d807\/","name":"Mochila D807 - Englody | Software de gesti\u00f3n 360\u00ba para Academias de Ingl\u00e9s","isPartOf":{"@id":"https:\/\/englody.com\/#website"},"primaryImageOfPage":{"@id":"https:\/\/englody.com\/producto\/mochila-d807\/#primaryimage"},"image":{"@id":"https:\/\/englody.com\/producto\/mochila-d807\/#primaryimage"},"thumbnailUrl":"https:\/\/englody.com\/wp-content\/uploads\/2026\/03\/Mochila-personalizada-englody-codigo-d807.jpg","datePublished":"2026-03-06T08:42:00+00:00","dateModified":"2026-03-30T08:58:46+00:00","breadcrumb":{"@id":"https:\/\/englody.com\/producto\/mochila-d807\/#breadcrumb"},"inLanguage":"eu-ES","potentialAction":[{"@type":"ReadAction","target":["https:\/\/englody.com\/producto\/mochila-d807\/"]}]},{"@type":"ImageObject","inLanguage":"eu-ES","@id":"https:\/\/englody.com\/producto\/mochila-d807\/#primaryimage","url":"https:\/\/englody.com\/wp-content\/uploads\/2026\/03\/Mochila-personalizada-englody-codigo-d807.jpg","contentUrl":"https:\/\/englody.com\/wp-content\/uploads\/2026\/03\/Mochila-personalizada-englody-codigo-d807.jpg","width":800,"height":800},{"@type":"BreadcrumbList","@id":"https:\/\/englody.com\/producto\/mochila-d807\/#breadcrumb","itemListElement":[{"@type":"ListItem","position":1,"name":"Portada","item":"https:\/\/englody.com\/"},{"@type":"ListItem","position":2,"name":"Shop","item":"https:\/\/englody.com\/eu\/shop\/"},{"@type":"ListItem","position":3,"name":"Mochila D807"}]},{"@type":"WebSite","@id":"https:\/\/englody.com\/#website","url":"https:\/\/englody.com\/","name":"Englody | Software de gesti\u00f3n 360\u00ba para Academias de Ingl\u00e9s","description":"","potentialAction":[{"@type":"SearchAction","target":{"@type":"EntryPoint","urlTemplate":"https:\/\/englody.com\/?s={search_term_string}"},"query-input":{"@type":"PropertyValueSpecification","valueRequired":true,"valueName":"search_term_string"}}],"inLanguage":"eu-ES"}]}},"tiered_pricing_type":"fixed","tiered_pricing_fixed_rules":[],"tiered_pricing_product_settings":{"layout":"default","base_unit_name":{"singular":null,"plural":null},"default_variation":null},"tiered_pricing_minimum_quantity":40,"tiered_pricing_roles_data":[],"tiered_pricing_percentage_rules":[],"tiered_pricing_maximum_quantity":null,"tiered_pricing_quantity_step":"40","_links":{"self":[{"href":"https:\/\/englody.com\/eu\/wp-json\/wp\/v2\/product\/12741","targetHints":{"allow":["GET"]}}],"collection":[{"href":"https:\/\/englody.com\/eu\/wp-json\/wp\/v2\/product"}],"about":[{"href":"https:\/\/englody.com\/eu\/wp-json\/wp\/v2\/types\/product"}],"wp:featuredmedia":[{"embeddable":true,"href":"https:\/\/englody.com\/eu\/wp-json\/wp\/v2\/media\/12877"}],"wp:attachment":[{"href":"https:\/\/englody.com\/eu\/wp-json\/wp\/v2\/media?parent=12741"}],"wp:term":[{"taxonomy":"product_brand","embeddable":true,"href":"https:\/\/englody.com\/eu\/wp-json\/wp\/v2\/product_brand?post=12741"},{"taxonomy":"product_cat","embeddable":true,"href":"https:\/\/englody.com\/eu\/wp-json\/wp\/v2\/product_cat?post=12741"},{"taxonomy":"product_tag","embeddable":true,"href":"https:\/\/englody.com\/eu\/wp-json\/wp\/v2\/product_tag?post=12741"},{"taxonomy":"giftcard-category","embeddable":true,"href":"https:\/\/englody.com\/eu\/wp-json\/wp\/v2\/giftcard-category?post=12741"}],"curies":[{"name":"wp","href":"https:\/\/api.w.org\/{rel}","templated":true}]}}