{"id":8547,"date":"2024-02-06T09:38:52","date_gmt":"2024-02-06T09:38:52","guid":{"rendered":"https:\/\/englody.com\/contactar-servicios-marketing\/"},"modified":"2025-04-07T11:53:42","modified_gmt":"2025-04-07T09:53:42","slug":"contactar-servizos-marketing","status":"publish","type":"page","link":"https:\/\/englody.com\/gl\/contactar-servizos-marketing\/","title":{"rendered":"Contactar Marketing"},"content":{"rendered":"[vc_row type=&#8221;full_width_background&#8221; full_screen_row_position=&#8221;middle&#8221; column_margin=&#8221;default&#8221; column_direction=&#8221;default&#8221; column_direction_tablet=&#8221;default&#8221; column_direction_phone=&#8221;default&#8221; bg_color=&#8221;#f0f2f6&#8243; scene_position=&#8221;center&#8221; text_color=&#8221;dark&#8221; text_align=&#8221;left&#8221; row_border_radius=&#8221;none&#8221; row_border_radius_applies=&#8221;bg&#8221; overflow=&#8221;visible&#8221; overlay_strength=&#8221;0.3&#8243; gradient_direction=&#8221;left_to_right&#8221; shape_divider_position=&#8221;bottom&#8221; bg_image_animation=&#8221;none&#8221; gradient_type=&#8221;default&#8221; shape_type=&#8221;&#8221;][vc_column top_padding_desktop=&#8221;15%&#8221; constrain_group_100=&#8221;yes&#8221; bottom_padding_desktop=&#8221;15%&#8221; right_padding_desktop=&#8221;5%&#8221; top_padding_tablet=&#8221;8%&#8221; bottom_padding_tablet=&#8221;1%&#8221; column_element_direction_desktop=&#8221;default&#8221; column_element_spacing=&#8221;default&#8221; desktop_text_alignment=&#8221;default&#8221; tablet_text_alignment=&#8221;default&#8221; phone_text_alignment=&#8221;default&#8221; background_color_opacity=&#8221;1&#8243; background_hover_color_opacity=&#8221;1&#8243; column_backdrop_filter=&#8221;none&#8221; column_shadow=&#8221;none&#8221; column_border_radius=&#8221;none&#8221; column_link_target=&#8221;_self&#8221; column_position=&#8221;default&#8221; gradient_direction=&#8221;left_to_right&#8221; overlay_strength=&#8221;0.3&#8243; width=&#8221;1\/2&#8243; tablet_width_inherit=&#8221;default&#8221; animation_type=&#8221;default&#8221; bg_image_animation=&#8221;none&#8221; border_type=&#8221;simple&#8221; column_border_width=&#8221;none&#8221; column_border_style=&#8221;solid&#8221; column_padding_type=&#8221;advanced&#8221; gradient_type=&#8221;default&#8221;][nectar_highlighted_text color_type=&#8221;regular&#8221; highlight_color=&#8221;#f8ac17&#8243; style=&#8221;full_text&#8221; highlight_expansion=&#8221;default&#8221; custom_font_size=&#8221;3.5em&#8221; text_direction=&#8221;default&#8221;]\r\n<h1>Queremos ser a <em>axencia de m\u00e1rketing<\/em> para a t\u00faa Academia de Ingl\u00e9s<\/h1>\r\n[\/nectar_highlighted_text][nectar_responsive_text inherited_font_style=&#8221;default&#8221; font_size_desktop=&#8221;1.2em&#8221; text_direction=&#8221;default&#8221;]\r\n<p>Solicita m\u00e1is informaci\u00f3n sen compromiso, estudaremos o teu caso e ofrecer\u00e9mosche <strong>soluci\u00f3ns de m\u00e1rketing a medida<\/strong> que che axudar\u00e1n a potenciar e promocionar a t\u00faa Academia de Ingl\u00e9s.<\/p>\r\n[\/nectar_responsive_text][nectar_icon_list color=&#8221;Extra-Color-1&#8243; direction=&#8221;horizontal&#8221; columns=&#8221;1&#8243; icon_size=&#8221;small&#8221; icon_style=&#8221;no-border&#8221;][nectar_icon_list_item icon_type=&#8221;icon&#8221; text_full_html=&#8221;simple&#8221; title=&#8221;List Item&#8221; id=&#8221;1744019313829-1&#8243; icon_fontawesome=&#8221;fa fa-hand-peace-o&#8221; text=&#8221;Non somos unha axencia de m\u00e1rketing ao uso, queremos ser <b>o teu departamento de m\u00e1rketing externalizado.<\/b>&#8221; tab_id=&#8221;1744019313830-7&#8243;][\/nectar_icon_list_item][nectar_icon_list_item icon_type=&#8221;icon&#8221; text_full_html=&#8221;simple&#8221; title=&#8221;List Item&#8221; id=&#8221;1744019313847-3&#8243; icon_fontawesome=&#8221;fa fa-handshake-o&#8221; text=&#8221;Realizamos <b>planes de marketing personalizados<\/b>, por lo que necesitamos de la colaboraci\u00f3n de tu academia de ingl\u00e9s. No te preocupes, te guiaremos.&#8221; tab_id=&#8221;1744019313848-0&#8243;][\/nectar_icon_list_item][nectar_icon_list_item icon_type=&#8221;icon&#8221; text_full_html=&#8221;simple&#8221; title=&#8221;List Item&#8221; id=&#8221;1744019313863-3&#8243; icon_fontawesome=&#8221;fa fa-question-circle&#8221; text=&#8221;Es posible que est\u00e9s pagando ya un servicio de marketing pero, <b>\u00bfson especialistas en academias de ingl\u00e9s?<\/b>&#8221; tab_id=&#8221;1744019313863-4&#8243;][\/nectar_icon_list_item][nectar_icon_list_item icon_type=&#8221;icon&#8221; text_full_html=&#8221;simple&#8221; title=&#8221;List Item&#8221; id=&#8221;1744019313876-3&#8243; icon_fontawesome=&#8221;fa fa-book&#8221; text=&#8221;Somos una agencia de marketing pero sobre todo somos una academia de ingl\u00e9s, <b>tus preocupaciones son las nuestras.<\/b>&#8221; tab_id=&#8221;1744019313877-7&#8243;][\/nectar_icon_list_item][\/nectar_icon_list][\/vc_column][vc_column top_padding_desktop=&#8221;5%&#8221; constrain_group_100=&#8221;yes&#8221; bottom_padding_desktop=&#8221;5%&#8221; left_padding_desktop=&#8221;8%&#8221; constrain_group_101=&#8221;yes&#8221; right_padding_desktop=&#8221;8%&#8221; top_margin=&#8221;0&#8243; bottom_margin=&#8221;50px&#8221; constrain_group_2=&#8221;yes&#8221; left_margin_tablet=&#8221;0&#8243; column_element_direction_desktop=&#8221;default&#8221; column_element_spacing=&#8221;default&#8221; desktop_text_alignment=&#8221;default&#8221; tablet_text_alignment=&#8221;default&#8221; phone_text_alignment=&#8221;default&#8221; sticky_content=&#8221;true&#8221; sticky_content_functionality=&#8221;css&#8221; sticky_content_alignment=&#8221;default&#8221; background_color=&#8221;#ffffff&#8221; background_color_opacity=&#8221;1&#8243; background_hover_color_opacity=&#8221;1&#8243; column_backdrop_filter=&#8221;none&#8221; column_shadow=&#8221;none&#8221; column_border_radius=&#8221;20px&#8221; column_link_target=&#8221;_self&#8221; column_position=&#8221;default&#8221; gradient_direction=&#8221;left_to_right&#8221; overlay_strength=&#8221;0.3&#8243; width=&#8221;1\/2&#8243; tablet_width_inherit=&#8221;default&#8221; animation_type=&#8221;default&#8221; bg_image_animation=&#8221;none&#8221; border_type=&#8221;simple&#8221; column_border_width=&#8221;none&#8221; column_border_style=&#8221;solid&#8221; column_padding_type=&#8221;advanced&#8221; gradient_type=&#8221;default&#8221;][nectar_responsive_text inherited_font_style=&#8221;default&#8221; font_size_desktop=&#8221;1.2em&#8221; text_direction=&#8221;default&#8221;]\r\n<p style=\"text-align: center;\">D\u00e9ixanos os teus datos para que contactemos contigo. Unha vez completado o formulario, se o desexas, <strong>poder\u00e1s agendar unha videollamada co noso especialista<\/strong> en Marketing para Academias de Ingl\u00e9s.<\/p>\r\n[\/nectar_responsive_text][vc_column_text]\r\n<div class=\"forminator-guttenberg\"><div class=\"forminator-ui forminator-custom-form forminator-custom-form-1918 forminator-design--material  forminator_ajax\" data-forminator-render=\"0\" data-form=\"forminator-module-1918\" data-uid=\"69f263c32a18b\"><br\/><\/div><form\n\t\t\t\tid=\"forminator-module-1918\"\n\t\t\t\tclass=\"forminator-ui forminator-custom-form forminator-custom-form-1918 forminator-design--material  forminator_ajax\"\n\t\t\t\tmethod=\"post\"\n\t\t\t\tdata-forminator-render=\"0\"\n\t\t\t\tdata-form-id=\"1918\"\n\t\t\t\t data-color-option=\"default\" data-design=\"material\" data-grid=\"open\" style=\"display: none;\"\n\t\t\t\tdata-uid=\"69f263c32a18b\"\n\t\t\t><div role=\"alert\" aria-live=\"polite\" class=\"forminator-response-message forminator-error\" aria-hidden=\"true\"><\/div><div class=\"forminator-row\"><div id=\"name-1\" class=\"forminator-field-name forminator-col forminator-col-12 \"><div class=\"forminator-row forminator-no-margin\" data-multiple=\"true\"><div class=\"forminator-col forminator-col-md-6\"><div class=\"forminator-field\"><label for=\"forminator-field-first-name-1_69f263c32a18b\" id=\"forminator-field-first-name-1_69f263c32a18b-label\" class=\"forminator-label\">Nombre <span class=\"forminator-required\">*<\/span><\/label><input type=\"text\" name=\"name-1-first-name\" placeholder=\"Ejemplo: Juan\" id=\"forminator-field-first-name-1_69f263c32a18b\" class=\"forminator-input\" aria-required=\"true\" data-multi=\"1\" autocomplete=\"given-name\" value=\"\" \/><\/div><\/div><div class=\"forminator-col forminator-col-md-6\"><div class=\"forminator-field\"><label for=\"forminator-field-last-name-1_69f263c32a18b\" id=\"forminator-field-last-name-1_69f263c32a18b-label\" class=\"forminator-label\">Apellidos <span class=\"forminator-required\">*<\/span><\/label><input type=\"text\" name=\"name-1-last-name\" placeholder=\"Ejemplo: P\u00e9rez\" id=\"forminator-field-last-name-1_69f263c32a18b\" class=\"forminator-input\" aria-required=\"true\" data-multi=\"1\" autocomplete=\"family-name\" value=\"\" \/><\/div><\/div><\/div><\/div><\/div><div class=\"forminator-row\"><div id=\"email-1\" class=\"forminator-field-email forminator-col forminator-col-6 \"><div class=\"forminator-field\"><label for=\"forminator-field-email-1_69f263c32a18b\" id=\"forminator-field-email-1_69f263c32a18b-label\" class=\"forminator-label\">Correo electr\u00f3nico <span class=\"forminator-required\">*<\/span><\/label><input type=\"email\" name=\"email-1\" value=\"\" placeholder=\"Ejemplo: info@englody.com\" id=\"forminator-field-email-1_69f263c32a18b\" class=\"forminator-input forminator-email--field\" data-required=\"1\" aria-required=\"true\" autocomplete=\"email\" \/><\/div><\/div><div id=\"phone-1\" class=\"forminator-field-phone forminator-col forminator-col-6 \"><div class=\"forminator-field\"><label for=\"forminator-field-phone-1_69f263c32a18b\" id=\"forminator-field-phone-1_69f263c32a18b-label\" class=\"forminator-label\">Tel\u00e9fono <span class=\"forminator-required\">*<\/span><\/label><input type=\"text\" name=\"phone-1\" value=\"\" placeholder=\"Ejemplo: 966061809\" id=\"forminator-field-phone-1_69f263c32a18b\" class=\"forminator-input forminator-field--phone\" data-required=\"1\" aria-required=\"true\" autocomplete=\"off\" \/><\/div><\/div><\/div><div class=\"forminator-row\"><div id=\"text-1\" class=\"forminator-field-text forminator-col forminator-col-12 \"><div class=\"forminator-field\"><label for=\"forminator-field-text-1_69f263c32a18b\" id=\"forminator-field-text-1_69f263c32a18b-label\" class=\"forminator-label\">Nombre de la Academia <span class=\"forminator-required\">*<\/span><\/label><input type=\"text\" name=\"text-1\" value=\"\" placeholder=\"Ejemplo: English Factory\" id=\"forminator-field-text-1_69f263c32a18b\" class=\"forminator-input forminator-name--field\" data-required=\"1\" \/><\/div><\/div><\/div><div class=\"forminator-row\"><div id=\"textarea-1\" class=\"forminator-field-textarea forminator-col forminator-col-12 \"><div class=\"forminator-field\"><label for=\"forminator-field-textarea-1_69f263c32a18b\" id=\"forminator-field-textarea-1_69f263c32a18b-label\" class=\"forminator-label\">\u00bfAlg\u00fan comentario?<\/label><textarea name=\"textarea-1\" placeholder=\"\" id=\"forminator-field-textarea-1_69f263c32a18b\" class=\"forminator-textarea\" rows=\"6\" style=\"--forminator-textarea-min-height:140px;\" ><\/textarea><\/div><\/div><\/div><div class=\"forminator-row\"><div id=\"captcha-1\" class=\"forminator-field-captcha forminator-col forminator-col-12 \"><div class=\"forminator-captcha-left forminator-g-recaptcha recaptcha-invisible\" data-theme=\"light\" data-badge=\"inline\" data-sitekey=\"6Lfc6hEpAAAAABRUc9NqM5zhZN5lsNZ19tHdv1R8\" data-size=\"invisible\"><\/div> <\/div><\/div><div class=\"forminator-row\"><div id=\"consent-1\" class=\"forminator-field-consent forminator-col forminator-col-12 \"><div class=\"forminator-field\"><label for=\"forminator-field-consent-1_69f263c32a18b\" id=\"forminator-field-consent-1_69f263c32a18b-label\" class=\"forminator-label\">Consentimiento <span class=\"forminator-required\">*<\/span><\/label><div class=\"forminator-checkbox__wrapper\"><label id=\"forminator-field-consent-1_69f263c32a18b__label\" class=\"forminator-checkbox forminator-consent\"><input type=\"checkbox\" name=\"consent-1\" id=\"forminator-field-consent-1_69f263c32a18b\" value=\"checked\" aria-labelledby=\"forminator-field-consent-1_69f263c32a18b-label\" aria-describedby=\"forminator-field-consent-1_69f263c32a18b__description\" data-required=\"true\" aria-required=\"true\" \/><span class=\"forminator-checkbox-box\" aria-hidden=\"true\"><\/span><\/label><div id=\"forminator-field-consent-1_69f263c32a18b__description\" class=\"forminator-checkbox__label forminator-consent__label\"><p>S\u00ed, acepto la <a rel=\"noopener\" target=\"_blank\" href=\"https:\/\/englody.com\/politica-privacidad\/\">pol\u00edtica de privacidad<\/a> y los <a rel=\"noopener\" target=\"_blank\" href=\"https:\/\/englody.com\/aviso-legal\/\">t\u00e9rminos y condiciones<\/a>.<\/p><\/div><\/div><\/div><\/div><\/div><input type=\"hidden\" name=\"referer_url\" value=\"\" \/><div class=\"forminator-row forminator-row-last\"><div class=\"forminator-col\"><div class=\"forminator-field\"><button class=\"forminator-button forminator-button-submit\"><span>Enviar mensaje<\/span><span aria-hidden=\"true\"><\/span><\/button><\/div><\/div><\/div><input type=\"hidden\" id=\"forminator_nonce\" name=\"forminator_nonce\" value=\"6f35697ca8\" \/><input type=\"hidden\" name=\"_wp_http_referer\" value=\"\/gl\/wp-json\/wp\/v2\/pages\/8547\" \/><input type=\"hidden\" name=\"form_id\" value=\"1918\"><input type=\"hidden\" name=\"page_id\" value=\"8547\"><input type=\"hidden\" name=\"form_type\" value=\"default\"><input type=\"hidden\" name=\"current_url\" value=\"https:\/\/englody.com\/gl\/contactar-servizos-marketing\/\"><input type=\"hidden\" name=\"render_id\" value=\"0\"><input type=\"hidden\" name=\"action\" value=\"forminator_submit_form_custom-forms\"><\/form><\/div>\r\n[\/vc_column_text][\/vc_column][\/vc_row][vc_row type=&#8221;in_container&#8221; full_screen_row_position=&#8221;middle&#8221; column_margin=&#8221;default&#8221; column_direction=&#8221;default&#8221; column_direction_tablet=&#8221;default&#8221; column_direction_phone=&#8221;default&#8221; scene_position=&#8221;center&#8221; text_color=&#8221;dark&#8221; text_align=&#8221;left&#8221; row_border_radius=&#8221;none&#8221; row_border_radius_applies=&#8221;bg&#8221; overflow=&#8221;visible&#8221; overlay_strength=&#8221;0.3&#8243; gradient_direction=&#8221;left_to_right&#8221; shape_divider_position=&#8221;bottom&#8221; bg_image_animation=&#8221;none&#8221;][vc_column column_padding=&#8221;no-extra-padding&#8221; column_padding_tablet=&#8221;inherit&#8221; column_padding_phone=&#8221;inherit&#8221; column_padding_position=&#8221;all&#8221; column_element_direction_desktop=&#8221;default&#8221; column_element_spacing=&#8221;default&#8221; desktop_text_alignment=&#8221;default&#8221; tablet_text_alignment=&#8221;default&#8221; phone_text_alignment=&#8221;default&#8221; background_color_opacity=&#8221;1&#8243; background_hover_color_opacity=&#8221;1&#8243; column_backdrop_filter=&#8221;none&#8221; column_shadow=&#8221;none&#8221; column_border_radius=&#8221;none&#8221; column_link_target=&#8221;_self&#8221; column_position=&#8221;default&#8221; gradient_direction=&#8221;left_to_right&#8221; overlay_strength=&#8221;0.3&#8243; width=&#8221;1\/1&#8243; tablet_width_inherit=&#8221;default&#8221; animation_type=&#8221;default&#8221; bg_image_animation=&#8221;none&#8221; border_type=&#8221;simple&#8221; column_border_width=&#8221;none&#8221; column_border_style=&#8221;solid&#8221;][vc_raw_html css=&#8221;&#8221;]JTNDc2NyaXB0JTIwdHlwZSUzRCUyMnRleHQlMkZqYXZhc2NyaXB0JTIyJTIwc3JjJTNEJTIyaHR0cHMlM0ElMkYlMkZhcGkuY2xpZW50aWZ5Lm5ldCUyRndlYi1tYXJrZXRpbmclMkZ3ZWJmb3JtcyUyRmV4dGVybmFsJTJGc2NyaXB0JTJGMjEyNDE0LmpzJTIyJTNFJTNDJTJGc2NyaXB0JTNF[\/vc_raw_html][\/vc_column][\/vc_row]","protected":false},"excerpt":{"rendered":"<p>[vc_row type=&#8221;full_width_background&#8221; full_screen_row_position=&#8221;middle&#8221; column_margin=&#8221;default&#8221; column_direction=&#8221;default&#8221; column_direction_tablet=&#8221;default&#8221; column_direction_phone=&#8221;default&#8221; bg_color=&#8221;#f0f2f6&#8243; scene_position=&#8221;center&#8221; text_color=&#8221;dark&#8221; text_align=&#8221;left&#8221; row_border_radius=&#8221;none&#8221; row_border_radius_applies=&#8221;bg&#8221; overflow=&#8221;visible&#8221; overlay_strength=&#8221;0.3&#8243; gradient_direction=&#8221;left_to_right&#8221; shape_divider_position=&#8221;bottom&#8221; bg_image_animation=&#8221;none&#8221; gradient_type=&#8221;default&#8221; shape_type=&#8221;&#8221;][vc_column top_padding_desktop=&#8221;15%&#8221; constrain_group_100=&#8221;yes&#8221; bottom_padding_desktop=&#8221;15%&#8221; right_padding_desktop=&#8221;5%&#8221; top_padding_tablet=&#8221;8%&#8221; bottom_padding_tablet=&#8221;1%&#8221; column_element_direction_desktop=&#8221;default&#8221; column_element_spacing=&#8221;default&#8221; desktop_text_alignment=&#8221;default&#8221; tablet_text_alignment=&#8221;default&#8221;&#8230;<\/p>\n","protected":false},"author":4,"featured_media":0,"parent":0,"menu_order":0,"comment_status":"closed","ping_status":"closed","template":"","meta":{"_joinchat":[],"footnotes":""},"class_list":["post-8547","page","type-page","status-publish"],"yoast_head":"<!-- This site is optimized with the Yoast SEO plugin v27.4 - https:\/\/yoast.com\/product\/yoast-seo-wordpress\/ -->\n<title>Inf\u00f3rmache sobre os nosos Servizos de Marketing - Englody | Software de gesti\u00f3n 360\u00ba para Academias de Ingl\u00e9s<\/title>\n<meta name=\"description\" content=\"Solicita m\u00e1is informaci\u00f3n sen compromiso sobre os nosos servizos de m\u00e1rketing a medida para a t\u00faa academia de ingl\u00e9s.\" \/>\n<meta name=\"robots\" content=\"index, follow, max-snippet:-1, max-image-preview:large, max-video-preview:-1\" \/>\n<link rel=\"canonical\" href=\"https:\/\/englody.com\/contactar-servicios-marketing\/\" \/>\n<meta property=\"og:locale\" content=\"gl_ES\" \/>\n<meta property=\"og:type\" content=\"article\" \/>\n<meta property=\"og:title\" content=\"Inf\u00f3rmache sobre os nosos Servizos de Marketing - Englody | Software de gesti\u00f3n 360\u00ba para Academias de Ingl\u00e9s\" \/>\n<meta property=\"og:description\" content=\"Solicita m\u00e1is informaci\u00f3n sen compromiso sobre os nosos servizos de m\u00e1rketing a medida para a t\u00faa academia de ingl\u00e9s.\" \/>\n<meta property=\"og:url\" content=\"https:\/\/englody.com\/contactar-servicios-marketing\/\" \/>\n<meta property=\"og:site_name\" content=\"Englody | Software de gesti\u00f3n 360\u00ba para Academias de Ingl\u00e9s\" \/>\n<meta property=\"article:modified_time\" content=\"2025-04-07T09:53:42+00:00\" \/>\n<meta name=\"twitter:card\" content=\"summary_large_image\" \/>\n<meta name=\"twitter:label1\" content=\"Tempo de lectura\" \/>\n\t<meta name=\"twitter:data1\" content=\"1 minuto\" \/>\n<script type=\"application\/ld+json\" class=\"yoast-schema-graph\">{\"@context\":\"https:\\\/\\\/schema.org\",\"@graph\":[{\"@type\":\"WebPage\",\"@id\":\"https:\\\/\\\/englody.com\\\/contactar-servicios-marketing\\\/\",\"url\":\"https:\\\/\\\/englody.com\\\/contactar-servicios-marketing\\\/\",\"name\":\"Inf\u00f3rmache sobre os nosos Servizos de Marketing - Englody | Software de gesti\u00f3n 360\u00ba para Academias de Ingl\u00e9s\",\"isPartOf\":{\"@id\":\"https:\\\/\\\/englody.com\\\/#website\"},\"datePublished\":\"2024-02-06T09:38:52+00:00\",\"dateModified\":\"2025-04-07T09:53:42+00:00\",\"description\":\"Solicita m\u00e1is informaci\u00f3n sen compromiso sobre os nosos servizos de m\u00e1rketing a medida para a t\u00faa academia de ingl\u00e9s.\",\"breadcrumb\":{\"@id\":\"https:\\\/\\\/englody.com\\\/contactar-servicios-marketing\\\/#breadcrumb\"},\"inLanguage\":\"gl-ES\",\"potentialAction\":[{\"@type\":\"ReadAction\",\"target\":[\"https:\\\/\\\/englody.com\\\/contactar-servicios-marketing\\\/\"]}]},{\"@type\":\"BreadcrumbList\",\"@id\":\"https:\\\/\\\/englody.com\\\/contactar-servicios-marketing\\\/#breadcrumb\",\"itemListElement\":[{\"@type\":\"ListItem\",\"position\":1,\"name\":\"Portada\",\"item\":\"https:\\\/\\\/englody.com\\\/gl\\\/\"},{\"@type\":\"ListItem\",\"position\":2,\"name\":\"Contactar Marketing\"}]},{\"@type\":\"WebSite\",\"@id\":\"https:\\\/\\\/englody.com\\\/#website\",\"url\":\"https:\\\/\\\/englody.com\\\/\",\"name\":\"Englody | Software de gesti\u00f3n 360\u00ba para Academias de Ingl\u00e9s\",\"description\":\"\",\"potentialAction\":[{\"@type\":\"SearchAction\",\"target\":{\"@type\":\"EntryPoint\",\"urlTemplate\":\"https:\\\/\\\/englody.com\\\/?s={search_term_string}\"},\"query-input\":{\"@type\":\"PropertyValueSpecification\",\"valueRequired\":true,\"valueName\":\"search_term_string\"}}],\"inLanguage\":\"gl-ES\"}]}<\/script>\n<!-- \/ Yoast SEO plugin. -->","yoast_head_json":{"title":"Inf\u00f3rmache sobre os nosos Servizos de Marketing - Englody | Software de gesti\u00f3n 360\u00ba para Academias de Ingl\u00e9s","description":"Solicita m\u00e1is informaci\u00f3n sen compromiso sobre os nosos servizos de m\u00e1rketing a medida para a t\u00faa academia de ingl\u00e9s.","robots":{"index":"index","follow":"follow","max-snippet":"max-snippet:-1","max-image-preview":"max-image-preview:large","max-video-preview":"max-video-preview:-1"},"canonical":"https:\/\/englody.com\/contactar-servicios-marketing\/","og_locale":"gl_ES","og_type":"article","og_title":"Inf\u00f3rmache sobre os nosos Servizos de Marketing - Englody | Software de gesti\u00f3n 360\u00ba para Academias de Ingl\u00e9s","og_description":"Solicita m\u00e1is informaci\u00f3n sen compromiso sobre os nosos servizos de m\u00e1rketing a medida para a t\u00faa academia de ingl\u00e9s.","og_url":"https:\/\/englody.com\/contactar-servicios-marketing\/","og_site_name":"Englody | Software de gesti\u00f3n 360\u00ba para Academias de Ingl\u00e9s","article_modified_time":"2025-04-07T09:53:42+00:00","twitter_card":"summary_large_image","twitter_misc":{"Tempo de lectura":"1 minuto"},"schema":{"@context":"https:\/\/schema.org","@graph":[{"@type":"WebPage","@id":"https:\/\/englody.com\/contactar-servicios-marketing\/","url":"https:\/\/englody.com\/contactar-servicios-marketing\/","name":"Inf\u00f3rmache sobre os nosos Servizos de Marketing - Englody | Software de gesti\u00f3n 360\u00ba para Academias de Ingl\u00e9s","isPartOf":{"@id":"https:\/\/englody.com\/#website"},"datePublished":"2024-02-06T09:38:52+00:00","dateModified":"2025-04-07T09:53:42+00:00","description":"Solicita m\u00e1is informaci\u00f3n sen compromiso sobre os nosos servizos de m\u00e1rketing a medida para a t\u00faa academia de ingl\u00e9s.","breadcrumb":{"@id":"https:\/\/englody.com\/contactar-servicios-marketing\/#breadcrumb"},"inLanguage":"gl-ES","potentialAction":[{"@type":"ReadAction","target":["https:\/\/englody.com\/contactar-servicios-marketing\/"]}]},{"@type":"BreadcrumbList","@id":"https:\/\/englody.com\/contactar-servicios-marketing\/#breadcrumb","itemListElement":[{"@type":"ListItem","position":1,"name":"Portada","item":"https:\/\/englody.com\/gl\/"},{"@type":"ListItem","position":2,"name":"Contactar Marketing"}]},{"@type":"WebSite","@id":"https:\/\/englody.com\/#website","url":"https:\/\/englody.com\/","name":"Englody | Software de gesti\u00f3n 360\u00ba para Academias de Ingl\u00e9s","description":"","potentialAction":[{"@type":"SearchAction","target":{"@type":"EntryPoint","urlTemplate":"https:\/\/englody.com\/?s={search_term_string}"},"query-input":{"@type":"PropertyValueSpecification","valueRequired":true,"valueName":"search_term_string"}}],"inLanguage":"gl-ES"}]}},"_links":{"self":[{"href":"https:\/\/englody.com\/gl\/wp-json\/wp\/v2\/pages\/8547","targetHints":{"allow":["GET"]}}],"collection":[{"href":"https:\/\/englody.com\/gl\/wp-json\/wp\/v2\/pages"}],"about":[{"href":"https:\/\/englody.com\/gl\/wp-json\/wp\/v2\/types\/page"}],"author":[{"embeddable":true,"href":"https:\/\/englody.com\/gl\/wp-json\/wp\/v2\/users\/4"}],"replies":[{"embeddable":true,"href":"https:\/\/englody.com\/gl\/wp-json\/wp\/v2\/comments?post=8547"}],"version-history":[{"count":2,"href":"https:\/\/englody.com\/gl\/wp-json\/wp\/v2\/pages\/8547\/revisions"}],"predecessor-version":[{"id":8549,"href":"https:\/\/englody.com\/gl\/wp-json\/wp\/v2\/pages\/8547\/revisions\/8549"}],"wp:attachment":[{"href":"https:\/\/englody.com\/gl\/wp-json\/wp\/v2\/media?parent=8547"}],"curies":[{"name":"wp","href":"https:\/\/api.w.org\/{rel}","templated":true}]}}