{"id":8625,"date":"2023-11-27T16:11:46","date_gmt":"2023-11-27T16:11:46","guid":{"rendered":"https:\/\/englody.com\/aviso-legal\/"},"modified":"2025-04-08T12:01:15","modified_gmt":"2025-04-08T10:01:15","slug":"aviso-legal","status":"publish","type":"page","link":"https:\/\/englody.com\/gl\/aviso-legal\/","title":{"rendered":"Aviso Legal"},"content":{"rendered":"[vc_row type=&#8221;in_container&#8221; full_screen_row_position=&#8221;middle&#8221; column_margin=&#8221;default&#8221; column_direction=&#8221;default&#8221; column_direction_tablet=&#8221;default&#8221; column_direction_phone=&#8221;default&#8221; scene_position=&#8221;center&#8221; text_color=&#8221;dark&#8221; text_align=&#8221;left&#8221; row_border_radius=&#8221;none&#8221; row_border_radius_applies=&#8221;bg&#8221; overflow=&#8221;visible&#8221; overlay_strength=&#8221;0.3&#8243; gradient_direction=&#8221;left_to_right&#8221; shape_divider_position=&#8221;bottom&#8221; bg_image_animation=&#8221;none&#8221;][vc_column column_padding=&#8221;no-extra-padding&#8221; column_padding_tablet=&#8221;inherit&#8221; column_padding_phone=&#8221;inherit&#8221; column_padding_position=&#8221;all&#8221; column_element_direction_desktop=&#8221;default&#8221; column_element_spacing=&#8221;default&#8221; desktop_text_alignment=&#8221;default&#8221; tablet_text_alignment=&#8221;default&#8221; phone_text_alignment=&#8221;default&#8221; background_color_opacity=&#8221;1&#8243; background_hover_color_opacity=&#8221;1&#8243; column_backdrop_filter=&#8221;none&#8221; column_shadow=&#8221;none&#8221; column_border_radius=&#8221;none&#8221; column_link_target=&#8221;_self&#8221; column_position=&#8221;default&#8221; gradient_direction=&#8221;left_to_right&#8221; overlay_strength=&#8221;0.3&#8243; width=&#8221;1\/1&#8243; tablet_width_inherit=&#8221;default&#8221; animation_type=&#8221;default&#8221; bg_image_animation=&#8221;none&#8221; border_type=&#8221;simple&#8221; column_border_width=&#8221;none&#8221; column_border_style=&#8221;solid&#8221;][vc_column_text css=&#8221;&#8221; text_direction=&#8221;default&#8221;]\r\n<h2 class=\"wp-block-heading\">1. Obxecto<\/h2>\r\n\r\n<p>O presente aviso legal regula o uso e utilizaci\u00f3n do sitio web www.englody.com, do que \u00e9 titular ELEVADORA DE IDEAS, SL (en diante, O PROPIETARIO DA WEB).<\/p>\r\n\r\n<p>A navegaci\u00f3n polo sitio web do PROPIETARIO DA WEB atrib\u00faelle a condici\u00f3n de USUARIO do mesmo e conleva a s\u00faa aceptaci\u00f3n plena e sen reservas de todas e cada unha das condici\u00f3ns publicadas neste aviso legal, advertindo de que ditas condici\u00f3ns poder\u00e1n ser modificadas sen notificaci\u00f3n previa por parte do PROPIETARIO DA WEB, nese caso procederase \u00e1 s\u00faa publicaci\u00f3n e aviso coa m\u00e1xima antelaci\u00f3n posible.<\/p>\r\n\r\n<p>Por iso \u00e9 recomendable ler atentamente o seu contido en caso de desexar acceder e facer uso da informaci\u00f3n e dos servizos ofrecidos desde este sitio web.<\/p>\r\n\r\n<p>O usuario, ademais, obr\u00edgase a facer un uso correcto do sitio web de conformidade coas leis, a boa fe, a orde p\u00fablica, os usos do tr\u00e1fico e o presente Aviso Legal, e responder\u00e1 fronte ao PROPIETARIO DA WEB ou fronte a terceiros, de calquera danos e prexu\u00edzos que puidesen causarse como consecuencia do incumprimento da devandita obrigaci\u00f3n.<\/p>\r\n\r\n<p>Calquera utilizaci\u00f3n distinta \u00e1 autorizada est\u00e1 expresamente prohibida, podendo O PROPIETARIO DA WEB denegar ou retirar o acceso e o seu uso en calquera momento.<\/p>\r\n\r\n<p>&nbsp;<\/p>\r\n\r\n<h2 class=\"wp-block-heading\">2. Identificaci\u00f3n<\/h2>\r\n\r\n<p>O PROPIETARIO DA WEB, en cumprimento da Lei 34\/2002, do 11 de xullo, de Servizos da Sociedade da Informaci\u00f3n e de Comercio Electr\u00f3nico, inf\u00f3rmalle de que:<\/p>\r\n\r\n<p>&nbsp;<\/p>\r\n\r\n<ul class=\"wp-block-list\">\r\n<li style=\"list-style-type: none;\">\r\n<ul class=\"wp-block-list\">\r\n<li>A s\u00faa denominaci\u00f3n social \u00e9: ELEVADORA DE IDEAS, SL<\/li>\r\n\r\n\r\n\r\n<li>O seu CIF \u00e9: B54568829<\/li>\r\n\r\n\r\n\r\n<li>O seu domicilio social est\u00e1 en: R\u00daA TORRES QUEVEDO, 92 \u2013 03204 \u2013 ELXE \u2013 ALACANTE<\/li>\r\n\r\n\r\n\r\n<li>Rexistrada no Rexistro Mercantil de Alacante, tomo 3.532, folio 47, folla n\u00famero A-125.802.<\/li>\r\n<\/ul>\r\n<\/li>\r\n<\/ul>\r\n\r\n<p>&nbsp;<\/p>\r\n\r\n<h2 class=\"wp-block-heading\">3. Comunicaci\u00f3ns<\/h2>\r\n\r\n<p>Para comunicarse connosco, po\u00f1emos \u00e1 s\u00faa disposici\u00f3n diferentes medios de contacto que detallamos a continuaci\u00f3n:<\/p>\r\n\r\n<p>&nbsp;<\/p>\r\n\r\n<ul class=\"wp-block-list\">\r\n<li style=\"list-style-type: none;\">\r\n<ul class=\"wp-block-list\">\r\n<li>Tfno.: 966 061 809<\/li>\r\n\r\n\r\n\r\n<li>Email: info@englody.com<\/li>\r\n<\/ul>\r\n<\/li>\r\n<\/ul>\r\n\r\n<p>Todas as notificaci\u00f3ns e comunicaci\u00f3ns entre os usuarios e PROPIETARIO DA WEB consideraranse eficaces, para todos os efectos, cando se realicen a trav\u00e9s de calquera medio dos detallados anteriormente.<\/p>\r\n\r\n<p>&nbsp;<\/p>\r\n\r\n<h2 class=\"wp-block-heading\">4. Condiciones de acceso y utilizaci\u00f3n<\/h2>\r\n\r\n<p>Todas as notificaci\u00f3ns e comunicaci\u00f3ns entre os usuarios e PROPIETARIO DA WEB consideraranse eficaces, para todos os efectos, cando se realicen a trav\u00e9s de calquera medio dos detallados anteriormente.<\/p>\r\n\r\n<p>O usuario garante a autenticidade e actualidade de todos aqueles datos que comunique a PROPIETARIO DA WEB e ser\u00e1 o \u00fanico responsable das manifestaci\u00f3ns falsas ou inexactas que realice.<\/p>\r\n\r\n<p>O usuario comprom\u00e9tese expresamente a facer un uso adecuado dos contidos e servizos de PROPIETARIO DA WEB e a non empregalos para, entre outros:<\/p>\r\n\r\n<p>&nbsp;<\/p>\r\n\r\n<ol class=\"wp-block-list\" style=\"list-style-type: lower-alpha;\">\r\n<li style=\"list-style-type: none;\">\r\n<ol class=\"wp-block-list\" style=\"list-style-type: lower-alpha;\">\r\n<li>Difundir contidos delituosos, violentos, pornogr\u00e1ficos, racistas, xen\u00f3fobos, ofensivos, de apolox\u00eda do terrorismo ou, en xeral, contrarios \u00e1 lei ou \u00e1 orde p\u00fablica.<\/li>\r\n\r\n\r\n\r\n<li>Introducir na rede virus inform\u00e1ticos ou realizar actuaci\u00f3ns susceptibles de alterar, estragar, interromper ou xerar erros ou danos nos documentos electr\u00f3nicos, datos ou sistemas f\u00edsicos e l\u00f3xicos de PROPIETARIO DA WEB ou de terceiras persoas; as\u00ed como obstaculizar o acceso doutros usuarios ao sitio web e aos seus servizos mediante o consumo masivo dos recursos inform\u00e1ticos a trav\u00e9s dos cales PROPIETARIO DA WEB presta os seus servizos.<\/li>\r\n\r\n\r\n\r\n<li>Tentar acceder \u00e1s contas de correo electr\u00f3nico doutros usuarios ou a \u00e1reas restrinxidas dos sistemas inform\u00e1ticos de PROPIETARIO DA WEB ou de terceiros e, no seu caso, extraer informaci\u00f3n.<\/li>\r\n\r\n\r\n\r\n<li>Vulnerar os dereitos de propiedade intelectual ou industrial, as\u00ed como violar a confidencialidade da informaci\u00f3n de PROPIETARIO DA WEB ou de terceiros.<\/li>\r\n\r\n\r\n\r\n<li>Suplantar a identidade de calquera outro usuario.<\/li>\r\n\r\n\r\n\r\n<li>Reproducir, copiar, distribu\u00edr, po\u00f1er ao dispor de, ou calquera outra forma de comunicaci\u00f3n p\u00fablica, transformar ou modificar os contidos, a menos que se conte coa autorizaci\u00f3n do titular dos correspondentes dereitos ou iso resulte legalmente permitido.<\/li>\r\n\r\n\r\n\r\n<li>Solicitar datos con finalidade publicitaria e de remitir publicidade de calquera clase e comunicaci\u00f3ns con fins de venda ou outras de natureza comercial sen que medie a s\u00faa previa solicitude ou consentimento.<br \/>\r\n<ul class=\"wp-block-list\">\r\n<li style=\"list-style-type: none;\">\r\n<ul class=\"wp-block-list\">\r\n<li>\u00a0<\/li>\r\n<\/ul>\r\n<\/li>\r\n<\/ul>\r\n<p><\/p>\r\n<\/li>\r\n<\/ol>\r\n<\/li>\r\n<\/ol>\r\n<!-- \/wp:post-content -->\r\n<p><!-- wp:paragraph -->Todos os contidos do sitio web, como textos, fotograf\u00edas, gr\u00e1ficos, imaxes, iconas, tecnolox\u00eda, software, as\u00ed como o seu dese\u00f1o gr\u00e1fico e c\u00f3digos fonte, constit\u00faen unha obra cuxa propiedade pertence a PROPIETARIO DA WEB, sen que poidan entenderse cedidos ao usuario ning\u00fan dos dereitos de explotaci\u00f3n sobre os mesmos m\u00e1is al\u00f3 do estritamente necesario para o correcto uso da web.<\/p>\r\n<!-- \/wp:paragraph -->\r\n<p><!-- wp:paragraph -->En definitiva, os usuarios que accedan a este sitio web poden visualizar os contidos e efectuar, no seu caso, copias privadas autorizadas sempre que os elementos reproducidos non sexan cedidos posteriormente a terceiros, nin se instalen a servidores conectados a redes, nin sexan obxecto de ning\u00fan tipo de explotaci\u00f3n.<\/p>\r\n<!-- \/wp:paragraph -->\r\n<p><!-- wp:paragraph -->As\u00ed mesmo, todas as marcas, nomes comerciais ou signos distintivos de calquera clase que aparecen no sitio web son propiedade de PROPIETARIO DA WEB, sen que poida entenderse que o uso ou acceso ao mesmo atrib\u00faa ao usuario dereito alg\u00fan sobre os mesmos.<\/p>\r\n<!-- \/wp:paragraph -->\r\n<p><!-- wp:paragraph -->A distribuci\u00f3n, modificaci\u00f3n, cesi\u00f3n ou comunicaci\u00f3n p\u00fablica dos contidos e calquera outro acto que non fose expresamente autorizado polo titular dos dereitos de explotaci\u00f3n quedan prohibidos.<\/p>\r\n<!-- \/wp:paragraph -->\r\n<p><!-- wp:paragraph -->O establecemento dun hiperenlace non implica en ning\u00fan caso a existencia de relaci\u00f3ns entre PROPIETARIO DA WEB e o propietario do sitio web na que se estableza, nin a aceptaci\u00f3n e aprobaci\u00f3n por parte de PROPIETARIO DA WEB dos seus contidos ou servizos.<\/p>\r\n<!-- \/wp:paragraph -->\r\n<p><!-- wp:paragraph -->PROPIETARIO DA WEB non se responsabiliza do uso que cada usuario d\u00e9alles aos materiais postos ao dispor neste sitio web nin das actuaci\u00f3ns que realice en base aos mesmos.<\/p>\r\n<!-- \/wp:paragraph -->\r\n<p>&nbsp;<\/p>\r\n<!-- wp:heading {\"level\":3} -->\r\n<h3 class=\"wp-block-heading\">4.1 Exclusi\u00f3n de garant\u00edas e de responsabilidade no acceso e a utilizaci\u00f3n<\/h3>\r\n<!-- \/wp:heading -->\r\n<p><!-- wp:paragraph -->O contido do presente sitio web \u00e9 de car\u00e1cter xeral e ten unha finalidade meramente informativa, sen que se garanta plenamente o acceso a todos os contidos, nin o seu exhaustividad, correcci\u00f3n, vixencia ou actualidade, nin a s\u00faa idoneidade ou utilidade para un obxectivo espec\u00edfico.<\/p>\r\n<!-- \/wp:paragraph -->\r\n<p><!-- wp:paragraph -->PROPIETARIO DA WEB excl\u00fae, ata onde permite o ordenamento xur\u00eddico, calquera responsabilidade polos danos e prexu\u00edzos de toda natureza derivados de:<\/p>\r\n<!-- \/wp:paragraph -->\r\n<p>&nbsp;<\/p>\r\n<!-- wp:list {\"ordered\":true,\"type\":\"lower-alpha\"} -->\r\n<ol class=\"wp-block-list\" style=\"list-style-type: lower-alpha;\">\r\n<li style=\"list-style-type: none;\">\r\n<ol class=\"wp-block-list\" style=\"list-style-type: lower-alpha;\"><!-- wp:list-item -->\r\n<li>A imposibilidade de acceso ao sitio web ou a falta de veracidade, exactitude, exhaustividad e\/o actualidade d\u00faas contidos, as\u00ed como a existencia de vicios e defectos de toda clase d\u00faas contidos transmitidos, difundidos, almacenados, postos ao dispor, aos que se accedeu a trav\u00e9s do sitio web ou dous servizos que se ofrecen.<\/li>\r\n<!-- \/wp:list-item -->\r\n\r\n<!-- wp:list-item -->\r\n<li>A presenza de virus ou doutros elementos nos contidos que poidan producir alteraci\u00f3ns nos sistemas inform\u00e1ticos, documentos electr\u00f3nicos ou datos dos usuarios.<\/li>\r\n<!-- \/wp:list-item -->\r\n\r\n<!-- wp:list-item -->\r\n<li>O incumprimento das leis, a boa fe, a orde p\u00fablica, os usos do tr\u00e1fico e o presente aviso legal como consecuencia do uso incorrecto do sitio web. En particular, e a modo ejemplificativo, PROPIETARIO DA WEB non se fai responsable das actuaci\u00f3ns de terceiros que vulneren dereitos de propiedade intelectual e industrial, segredos empresariais, dereitos \u00e1 honra, \u00e1 intimidade persoal e familiar e \u00e1 propia imaxe, as\u00ed como a normativa en materia de competencia desleal e publicidade il\u00edcita.<\/li>\r\n<\/ol>\r\n<\/li>\r\n<\/ol>\r\n<!-- \/wp:list-item --><!-- \/wp:list -->\r\n<p><!-- wp:paragraph -->As\u00ed mesmo, PROPIETARIO DA WEB declina calquera responsabilidade respecto a a informaci\u00f3n que se ache fose desta web e non sexa xestionada directamente polo noso webmaster. A funci\u00f3n dos links que aparecen nesta web \u00e9 exclusivamente a de informar o usuario sobre a existencia doutras fontes susceptibles de ampliar os contidos que ofrece este sitio web. PROPIETARIO DA WEB non garante nin se responsabiliza do funcionamento ou accesibilidade dos sitios enlazados; nin suxire, convida ou recomenda a visita aos mesmos, polo que tampouco ser\u00e1 responsable do resultado obtido. PROPIETARIO DA WEB non se responsabiliza do establecemento de hiperv\u00ednculos por parte de terceiros.<\/p>\r\n<!-- \/wp:paragraph -->\r\n<p>&nbsp;<\/p>\r\n<!-- wp:heading {\"level\":3} -->\r\n<h3 class=\"wp-block-heading\">4.2 Procedemento en caso de realizaci\u00f3n de actividades de car\u00e1cter il\u00edcito.<\/h3>\r\n<!-- \/wp:heading -->\r\n<p><!-- wp:paragraph -->No caso de que calquera usuario ou un terceiro considere que existen feitos ou circunstancias que revelen o car\u00e1cter il\u00edcito da utilizaci\u00f3n de calquera contido e\/o da realizaci\u00f3n de calquera actividade nas p\u00e1xinas web inclu\u00eddas ou accesibles a trav\u00e9s do sitio web, deber\u00e1 enviar unha notificaci\u00f3n a PROPIETARIO DA WEB identific\u00e1ndose debidamente e especificando as supostas infracci\u00f3ns.<\/p>\r\n<!-- \/wp:paragraph -->\r\n<p>&nbsp;<\/p>\r\n<!-- wp:heading {\"level\":3} -->\r\n<h3 class=\"wp-block-heading\">4.3 Publicaci\u00f3ns.<\/h3>\r\n<!-- \/wp:heading -->\r\n<p><!-- wp:paragraph -->A informaci\u00f3n administrativa facilitada a trav\u00e9s do sitio web non substit\u00fae a publicidade legal das leis, normativas, plans, disposici\u00f3ns xerais e actos que te\u00f1an que ser publicados formalmente aos diarios oficiais das administraci\u00f3ns p\u00fablicas, que constit\u00faen o \u00fanico instrumento que d\u00e1 fe da s\u00faa autenticidade e contido. A informaci\u00f3n dispo\u00f1ible neste sitio web debe entenderse como unha gu\u00eda sen prop\u00f3sito de validez legal.<\/p>\r\n<!-- \/wp:paragraph -->\r\n<p>&nbsp;<\/p>\r\n<!-- wp:heading -->\r\n<h2 class=\"wp-block-heading\">5. Lexislaci\u00f3n Aplicable.<\/h2>\r\n<!-- \/wp:heading -->\r\n<p><!-- wp:paragraph -->As condici\u00f3ns presentes rexeranse pola lexislaci\u00f3n espa\u00f1ola vixente.<\/p>\r\n<!-- \/wp:paragraph -->\r\n<p><!-- wp:paragraph -->A lingua utilizada ser\u00e1 o Castel\u00e1n.<\/p>\r\n<!-- \/wp:paragraph -->\r\n<p>&nbsp;<\/p>\r\n[\/vc_column_text][\/vc_column][\/vc_row]","protected":false},"excerpt":{"rendered":"<p>[vc_row type=&#8221;in_container&#8221; full_screen_row_position=&#8221;middle&#8221; column_margin=&#8221;default&#8221; column_direction=&#8221;default&#8221; column_direction_tablet=&#8221;default&#8221; column_direction_phone=&#8221;default&#8221; scene_position=&#8221;center&#8221; text_color=&#8221;dark&#8221; text_align=&#8221;left&#8221; row_border_radius=&#8221;none&#8221; row_border_radius_applies=&#8221;bg&#8221; overflow=&#8221;visible&#8221; overlay_strength=&#8221;0.3&#8243; gradient_direction=&#8221;left_to_right&#8221; shape_divider_position=&#8221;bottom&#8221; bg_image_animation=&#8221;none&#8221;][vc_column column_padding=&#8221;no-extra-padding&#8221; column_padding_tablet=&#8221;inherit&#8221; column_padding_phone=&#8221;inherit&#8221; column_padding_position=&#8221;all&#8221; column_element_direction_desktop=&#8221;default&#8221; column_element_spacing=&#8221;default&#8221; desktop_text_alignment=&#8221;default&#8221; tablet_text_alignment=&#8221;default&#8221; phone_text_alignment=&#8221;default&#8221; background_color_opacity=&#8221;1&#8243; background_hover_color_opacity=&#8221;1&#8243; column_backdrop_filter=&#8221;none&#8221; column_shadow=&#8221;none&#8221;&#8230;<\/p>\n","protected":false},"author":1,"featured_media":0,"parent":0,"menu_order":0,"comment_status":"closed","ping_status":"closed","template":"","meta":{"_joinchat":[],"footnotes":""},"class_list":["post-8625","page","type-page","status-publish"],"yoast_head":"<!-- This site is optimized with the Yoast SEO plugin v27.4 - https:\/\/yoast.com\/product\/yoast-seo-wordpress\/ -->\n<title>Aviso Legal - Englody | Software de gesti\u00f3n 360\u00ba para Academias de Ingl\u00e9s<\/title>\n<meta name=\"robots\" content=\"noindex, follow\" \/>\n<meta property=\"og:locale\" content=\"gl_ES\" \/>\n<meta property=\"og:type\" content=\"article\" \/>\n<meta property=\"og:title\" content=\"Aviso Legal - Englody | Software de gesti\u00f3n 360\u00ba para Academias de Ingl\u00e9s\" \/>\n<meta property=\"og:description\" content=\"[vc_row type=&#8221;in_container&#8221; full_screen_row_position=&#8221;middle&#8221; column_margin=&#8221;default&#8221; column_direction=&#8221;default&#8221; column_direction_tablet=&#8221;default&#8221; column_direction_phone=&#8221;default&#8221; scene_position=&#8221;center&#8221; text_color=&#8221;dark&#8221; text_align=&#8221;left&#8221; row_border_radius=&#8221;none&#8221; row_border_radius_applies=&#8221;bg&#8221; overflow=&#8221;visible&#8221; overlay_strength=&#8221;0.3&#8243; gradient_direction=&#8221;left_to_right&#8221; shape_divider_position=&#8221;bottom&#8221; bg_image_animation=&#8221;none&#8221;][vc_column column_padding=&#8221;no-extra-padding&#8221; column_padding_tablet=&#8221;inherit&#8221; column_padding_phone=&#8221;inherit&#8221; column_padding_position=&#8221;all&#8221; column_element_direction_desktop=&#8221;default&#8221; column_element_spacing=&#8221;default&#8221; desktop_text_alignment=&#8221;default&#8221; tablet_text_alignment=&#8221;default&#8221; phone_text_alignment=&#8221;default&#8221; background_color_opacity=&#8221;1&#8243; background_hover_color_opacity=&#8221;1&#8243; column_backdrop_filter=&#8221;none&#8221; column_shadow=&#8221;none&#8221;...\" \/>\n<meta property=\"og:url\" content=\"https:\/\/englody.com\/aviso-legal\/\" \/>\n<meta property=\"og:site_name\" content=\"Englody | Software de gesti\u00f3n 360\u00ba para Academias de Ingl\u00e9s\" \/>\n<meta property=\"article:modified_time\" content=\"2025-04-08T10:01:15+00:00\" \/>\n<meta name=\"twitter:card\" content=\"summary_large_image\" \/>\n<meta name=\"twitter:label1\" content=\"Tempo de lectura\" \/>\n\t<meta name=\"twitter:data1\" content=\"7 minutos\" \/>\n<script type=\"application\/ld+json\" class=\"yoast-schema-graph\">{\"@context\":\"https:\\\/\\\/schema.org\",\"@graph\":[{\"@type\":\"WebPage\",\"@id\":\"https:\\\/\\\/englody.com\\\/aviso-legal\\\/\",\"url\":\"https:\\\/\\\/englody.com\\\/aviso-legal\\\/\",\"name\":\"Aviso Legal - Englody | Software de gesti\u00f3n 360\u00ba para Academias de Ingl\u00e9s\",\"isPartOf\":{\"@id\":\"https:\\\/\\\/englody.com\\\/#website\"},\"datePublished\":\"2023-11-27T16:11:46+00:00\",\"dateModified\":\"2025-04-08T10:01:15+00:00\",\"breadcrumb\":{\"@id\":\"https:\\\/\\\/englody.com\\\/aviso-legal\\\/#breadcrumb\"},\"inLanguage\":\"gl-ES\",\"potentialAction\":[{\"@type\":\"ReadAction\",\"target\":[\"https:\\\/\\\/englody.com\\\/aviso-legal\\\/\"]}]},{\"@type\":\"BreadcrumbList\",\"@id\":\"https:\\\/\\\/englody.com\\\/aviso-legal\\\/#breadcrumb\",\"itemListElement\":[{\"@type\":\"ListItem\",\"position\":1,\"name\":\"Portada\",\"item\":\"https:\\\/\\\/englody.com\\\/gl\\\/\"},{\"@type\":\"ListItem\",\"position\":2,\"name\":\"Aviso Legal\"}]},{\"@type\":\"WebSite\",\"@id\":\"https:\\\/\\\/englody.com\\\/#website\",\"url\":\"https:\\\/\\\/englody.com\\\/\",\"name\":\"Englody | Software de gesti\u00f3n 360\u00ba para Academias de Ingl\u00e9s\",\"description\":\"\",\"potentialAction\":[{\"@type\":\"SearchAction\",\"target\":{\"@type\":\"EntryPoint\",\"urlTemplate\":\"https:\\\/\\\/englody.com\\\/?s={search_term_string}\"},\"query-input\":{\"@type\":\"PropertyValueSpecification\",\"valueRequired\":true,\"valueName\":\"search_term_string\"}}],\"inLanguage\":\"gl-ES\"}]}<\/script>\n<!-- \/ Yoast SEO plugin. -->","yoast_head_json":{"title":"Aviso Legal - Englody | Software de gesti\u00f3n 360\u00ba para Academias de Ingl\u00e9s","robots":{"index":"noindex","follow":"follow"},"og_locale":"gl_ES","og_type":"article","og_title":"Aviso Legal - Englody | Software de gesti\u00f3n 360\u00ba para Academias de Ingl\u00e9s","og_description":"[vc_row type=&#8221;in_container&#8221; full_screen_row_position=&#8221;middle&#8221; column_margin=&#8221;default&#8221; column_direction=&#8221;default&#8221; column_direction_tablet=&#8221;default&#8221; column_direction_phone=&#8221;default&#8221; scene_position=&#8221;center&#8221; text_color=&#8221;dark&#8221; text_align=&#8221;left&#8221; row_border_radius=&#8221;none&#8221; row_border_radius_applies=&#8221;bg&#8221; overflow=&#8221;visible&#8221; overlay_strength=&#8221;0.3&#8243; gradient_direction=&#8221;left_to_right&#8221; shape_divider_position=&#8221;bottom&#8221; bg_image_animation=&#8221;none&#8221;][vc_column column_padding=&#8221;no-extra-padding&#8221; column_padding_tablet=&#8221;inherit&#8221; column_padding_phone=&#8221;inherit&#8221; column_padding_position=&#8221;all&#8221; column_element_direction_desktop=&#8221;default&#8221; column_element_spacing=&#8221;default&#8221; desktop_text_alignment=&#8221;default&#8221; tablet_text_alignment=&#8221;default&#8221; phone_text_alignment=&#8221;default&#8221; background_color_opacity=&#8221;1&#8243; background_hover_color_opacity=&#8221;1&#8243; column_backdrop_filter=&#8221;none&#8221; column_shadow=&#8221;none&#8221;...","og_url":"https:\/\/englody.com\/aviso-legal\/","og_site_name":"Englody | Software de gesti\u00f3n 360\u00ba para Academias de Ingl\u00e9s","article_modified_time":"2025-04-08T10:01:15+00:00","twitter_card":"summary_large_image","twitter_misc":{"Tempo de lectura":"7 minutos"},"schema":{"@context":"https:\/\/schema.org","@graph":[{"@type":"WebPage","@id":"https:\/\/englody.com\/aviso-legal\/","url":"https:\/\/englody.com\/aviso-legal\/","name":"Aviso Legal - Englody | Software de gesti\u00f3n 360\u00ba para Academias de Ingl\u00e9s","isPartOf":{"@id":"https:\/\/englody.com\/#website"},"datePublished":"2023-11-27T16:11:46+00:00","dateModified":"2025-04-08T10:01:15+00:00","breadcrumb":{"@id":"https:\/\/englody.com\/aviso-legal\/#breadcrumb"},"inLanguage":"gl-ES","potentialAction":[{"@type":"ReadAction","target":["https:\/\/englody.com\/aviso-legal\/"]}]},{"@type":"BreadcrumbList","@id":"https:\/\/englody.com\/aviso-legal\/#breadcrumb","itemListElement":[{"@type":"ListItem","position":1,"name":"Portada","item":"https:\/\/englody.com\/gl\/"},{"@type":"ListItem","position":2,"name":"Aviso Legal"}]},{"@type":"WebSite","@id":"https:\/\/englody.com\/#website","url":"https:\/\/englody.com\/","name":"Englody | Software de gesti\u00f3n 360\u00ba para Academias de Ingl\u00e9s","description":"","potentialAction":[{"@type":"SearchAction","target":{"@type":"EntryPoint","urlTemplate":"https:\/\/englody.com\/?s={search_term_string}"},"query-input":{"@type":"PropertyValueSpecification","valueRequired":true,"valueName":"search_term_string"}}],"inLanguage":"gl-ES"}]}},"_links":{"self":[{"href":"https:\/\/englody.com\/gl\/wp-json\/wp\/v2\/pages\/8625","targetHints":{"allow":["GET"]}}],"collection":[{"href":"https:\/\/englody.com\/gl\/wp-json\/wp\/v2\/pages"}],"about":[{"href":"https:\/\/englody.com\/gl\/wp-json\/wp\/v2\/types\/page"}],"author":[{"embeddable":true,"href":"https:\/\/englody.com\/gl\/wp-json\/wp\/v2\/users\/1"}],"replies":[{"embeddable":true,"href":"https:\/\/englody.com\/gl\/wp-json\/wp\/v2\/comments?post=8625"}],"version-history":[{"count":2,"href":"https:\/\/englody.com\/gl\/wp-json\/wp\/v2\/pages\/8625\/revisions"}],"predecessor-version":[{"id":8628,"href":"https:\/\/englody.com\/gl\/wp-json\/wp\/v2\/pages\/8625\/revisions\/8628"}],"wp:attachment":[{"href":"https:\/\/englody.com\/gl\/wp-json\/wp\/v2\/media?parent=8625"}],"curies":[{"name":"wp","href":"https:\/\/api.w.org\/{rel}","templated":true}]}}