{"id":8718,"date":"2023-12-18T09:37:26","date_gmt":"2023-12-18T09:37:26","guid":{"rendered":"https:\/\/englody.com\/politica-de-privacidad-y-proteccion-de-datos\/"},"modified":"2025-04-09T12:01:53","modified_gmt":"2025-04-09T10:01:53","slug":"politica-de-privacidade-e-proteccion-de-datos","status":"publish","type":"page","link":"https:\/\/englody.com\/gl\/politica-de-privacidade-e-proteccion-de-datos\/","title":{"rendered":"Pol\u00edtica de Privacidade e Protecci\u00f3n de Datos"},"content":{"rendered":"[vc_row type=&#8221;in_container&#8221; full_screen_row_position=&#8221;middle&#8221; column_margin=&#8221;default&#8221; column_direction=&#8221;default&#8221; column_direction_tablet=&#8221;default&#8221; column_direction_phone=&#8221;default&#8221; scene_position=&#8221;center&#8221; text_color=&#8221;dark&#8221; text_align=&#8221;left&#8221; row_border_radius=&#8221;none&#8221; row_border_radius_applies=&#8221;bg&#8221; overflow=&#8221;visible&#8221; overlay_strength=&#8221;0.3&#8243; gradient_direction=&#8221;left_to_right&#8221; shape_divider_position=&#8221;bottom&#8221; bg_image_animation=&#8221;none&#8221;][vc_column column_padding=&#8221;no-extra-padding&#8221; column_padding_tablet=&#8221;inherit&#8221; column_padding_phone=&#8221;inherit&#8221; column_padding_position=&#8221;all&#8221; column_element_direction_desktop=&#8221;default&#8221; column_element_spacing=&#8221;default&#8221; desktop_text_alignment=&#8221;default&#8221; tablet_text_alignment=&#8221;default&#8221; phone_text_alignment=&#8221;default&#8221; background_color_opacity=&#8221;1&#8243; background_hover_color_opacity=&#8221;1&#8243; column_backdrop_filter=&#8221;none&#8221; column_shadow=&#8221;none&#8221; column_border_radius=&#8221;none&#8221; column_link_target=&#8221;_self&#8221; column_position=&#8221;default&#8221; gradient_direction=&#8221;left_to_right&#8221; overlay_strength=&#8221;0.3&#8243; width=&#8221;1\/1&#8243; tablet_width_inherit=&#8221;default&#8221; animation_type=&#8221;default&#8221; bg_image_animation=&#8221;none&#8221; border_type=&#8221;simple&#8221; column_border_width=&#8221;none&#8221; column_border_style=&#8221;solid&#8221;][vc_column_text css=&#8221;&#8221; text_direction=&#8221;default&#8221;]\r\n<hr class=\"wp-block-separator has-alpha-channel-opacity is-style-wide\" \/>\r\n<p>&nbsp;<\/p>\r\n\r\n<h2 class=\"wp-block-heading\">Pol\u00edtica de cookies<\/h2>\r\n\r\n<p>&nbsp;<\/p>\r\n\r\n<h3 class=\"wp-block-heading\">1. Que son as cookies e para que serven?<\/h3>\r\n\r\n<p>Unha cookie \u00e9 unha pequena cantidade de informaci\u00f3n que se almacena nun dispositivo (xa sexa ordenador, tableta ou Smartphone) co fin de identificar o navegador mentres interacciona cos nosos sitios web.<\/p>\r\n\r\n<p>Grazas \u00e1 cookie, lembramos as t\u00faas preferencias para que cando nos visites de novo, obte\u00f1as unha mellor experiencia en li\u00f1a.<\/p>\r\n\r\n<p>Ti decides se permites ou non as cookies, pero se decides non permitilas, debes bloquealas no teu navegador.<\/p>\r\n\r\n<p>&nbsp;<\/p>\r\n\r\n<h3 class=\"wp-block-heading\">2. Tipos de cookies:<\/h3>\r\n\r\n<p>Esta web utiliza tanto &#8216;cookies&#8217; temporais de sesi\u00f3n como &#8216;cookies&#8217; permanentes. As &#8216;cookies&#8217; de sesi\u00f3n almacenan datos unicamente mentres o usuario accede \u00e1 web e as &#8216;cookies&#8217; permanentes almacenan os datos no terminal para que sexan accedidos e utilizados en m\u00e1is dunha sesi\u00f3n.<\/p>\r\n\r\n<p>Segundo a finalidade para a que se traten os datos obtidos a trav\u00e9s das &#8216;cookies&#8217;, a web pode utilizar:<\/p>\r\n\r\n<p>&nbsp;<\/p>\r\n\r\n<ul class=\"wp-block-list\">\r\n<li style=\"list-style-type: none;\">\r\n<ul>\r\n<li><strong>&#8216;Cookies&#8217; t\u00e9cnicas<\/strong>: Son aquelas que permiten ao usuario a navegaci\u00f3n a trav\u00e9s da p\u00e1xina web ou aplicaci\u00f3n e a utilizaci\u00f3n das diferentes opci\u00f3ns ou servizos que nela existen.<\/li>\r\n\r\n\r\n\r\n<li><strong>&#8216;Cookies&#8217; de personalizaci\u00f3n<\/strong>: Son aquelas que permiten ao usuario acceder ao servizo con algunhas caracter\u00edsticas de car\u00e1cter xeral predefinidas no seu terminal ou que o propio usuario defina.<\/li>\r\n\r\n\r\n\r\n<li><strong>&#8216;Cookies&#8217; publicitarias.<\/strong>: Son aquelas que permiten a xesti\u00f3n eficaz dos espazos publicitarios que se inclu\u00edron na p\u00e1xina web ou aplicaci\u00f3n desde a que se presta o servizo. Permiten adecuar o contido da publicidade para que esta sexa relevante para o usuario e para evitar mostrar anuncios que o usuario xa vise.<\/li>\r\n\r\n\r\n\r\n<li><strong>&#8216;Cookies&#8217; de an\u00e1lise estat\u00edstica<\/strong>: Son aquelas que permiten realizar o seguimento e an\u00e1lise do comportamento dos usuarios nos sitios web. A informaci\u00f3n recollida mediante este tipo de &#8216;cookies&#8217; util\u00edzase na medici\u00f3n da actividade dos sitios web, aplicaci\u00f3n ou plataforma e para a elaboraci\u00f3n de perf\u00eds de navegaci\u00f3n dos usuarios dos devanditos sitios, co fin de introducir melloras no servizo en funci\u00f3n dos datos de uso que fan os usuarios.<\/li>\r\n\r\n\r\n\r\n<li><strong>&#8216;Cookies&#8217; de terceiros<\/strong>: Nalgunhas p\u00e1xinas web p\u00f3dense instalar &#8216;cookies&#8217; de terceiros que permiten xestionar e mellorar os servizos ofrecidos.<\/li>\r\n<\/ul>\r\n<\/li>\r\n<\/ul>\r\n\r\n<p>&nbsp;<\/p>\r\n\r\n<p>&nbsp;<\/p>\r\n\r\n<div class=\"wp-block-spacer\" style=\"height: 10px;\" aria-hidden=\"true\">\u00a0<\/div>\r\n\r\n<p>&nbsp;<\/p>\r\n\r\n<h3 class=\"wp-block-heading\">3. Como podo bloquear ou permitir as cookies?<\/h3>\r\n\r\n<p>A maior\u00eda dos navegadores est\u00e1n configurados de forma predeterminada para aceptar cookies, pero podes cambiar a configuraci\u00f3n para bloquear algunhas ou todas as cookies, se o prefires. Podes volver activalas no momento que desexes.<\/p>\r\n\r\n<p>&nbsp;<\/p>\r\n\r\n<div class=\"wp-block-columns is-layout-flex wp-container-core-columns-is-layout-9d6595d7 wp-block-columns-is-layout-flex\">\r\n<div class=\"wp-block-column is-layout-flow wp-block-column-is-layout-flow\">\r\n<h5 class=\"wp-block-heading has-text-align-center\">Navegadores PC<\/h5>\r\n\r\n<p>Microsoft Internet Explorer (Windows XP\/Vista)<\/p>\r\n\r\n\r\n\r\n<ol class=\"wp-block-list\">\r\n<li style=\"list-style-type: none;\">\r\n<ol>\r\n<li>Seleccione Ferramentas no men\u00fa, e logo Opci\u00f3ns da internet.<\/li>\r\n\r\n\r\n\r\n<li>Faga clic na pestana de Privacidade.<\/li>\r\n\r\n\r\n\r\n<li>Elixa os axustes que desexa.<\/li>\r\n\r\n\r\n\r\n<li>Faga clic en OK.<\/li>\r\n<\/ol>\r\n<\/li>\r\n<\/ol>\r\n \r\n<p>Microsoft Internet Explorer (Windows 7)<\/p>\r\n\r\n\r\n\r\n<ol class=\"wp-block-list\">\r\n<li style=\"list-style-type: none;\">\r\n<ol>\r\n<li>Faga clic no icona Configuraci\u00f3n (arriba \u00e1 dereita)<\/li>\r\n\r\n\r\n\r\n<li>Faga clic en Opci\u00f3ns da internet.<\/li>\r\n\r\n\r\n\r\n<li>Faga clic en Privacidade e seleccione as s\u00faas opci\u00f3ns.<\/li>\r\n\r\n\r\n\r\n<li>Faga clic en Aplicar e logo en OK.<\/li>\r\n<\/ol>\r\n<\/li>\r\n<\/ol>\r\n \r\n<p>Mozilla Firefox<\/p>\r\n\r\n\r\n\r\n<ol class=\"wp-block-list\">\r\n<li style=\"list-style-type: none;\">\r\n<ol>\r\n<li>Seleccione Ferramentas no men\u00fa, e logo Opci\u00f3ns.<\/li>\r\n\r\n\r\n\r\n<li>Faga clic na pestana de Privacidade.<\/li>\r\n\r\n\r\n\r\n<li>Elixa os axustes que desexa.<\/li>\r\n\r\n\r\n\r\n<li>Faga clic en OK.<\/li>\r\n<\/ol>\r\n<\/li>\r\n<\/ol>\r\n \r\n<p>Google Chrome<\/p>\r\n\r\n\r\n\r\n<ol class=\"wp-block-list\">\r\n<li style=\"list-style-type: none;\">\r\n<ol>\r\n<li>Faga clic no men\u00fa de Chrome situado na barra de ferramentas do navegador.<\/li>\r\n\r\n\r\n\r\n<li>Selecciona Configuraci\u00f3n.<\/li>\r\n\r\n\r\n\r\n<li>Faga clic en Mostrar opci\u00f3ns avanzadas.<\/li>\r\n\r\n\r\n\r\n<li>Na secci\u00f3n Privacidade, fai clic no bot\u00f3n Configuraci\u00f3n de contido.<\/li>\r\n\r\n\r\n\r\n<li>Elixa os axustes que desexa.<\/li>\r\n\r\n\r\n\r\n<li>Faga clic en X parar pechar.<\/li>\r\n<\/ol>\r\n<\/li>\r\n<\/ol>\r\n \r\n<p>Apple Safari<\/p>\r\n\r\n\r\n\r\n<ol class=\"wp-block-list\">\r\n<li style=\"list-style-type: none;\">\r\n<ol>\r\n<li>Seleccione Safari no men\u00fa, a continuaci\u00f3n, Preferencias.<\/li>\r\n\r\n\r\n\r\n<li>Faga clic no panel Privacidade.<\/li>\r\n\r\n\r\n\r\n<li>Elixa os axustes que desexa.<\/li>\r\n\r\n\r\n\r\n<li>Faga clic en X parar pechar.<\/li>\r\n<\/ol>\r\n<\/li>\r\n<\/ol>\r\n <\/div>\r\n\r\n\r\n\r\n<div class=\"wp-block-column is-layout-flow wp-block-column-is-layout-flow\">\r\n<h5 class=\"wp-block-heading has-text-align-center\">Smartphone<\/h5>\r\n\r\n<p>iOS<\/p>\r\n\r\n\r\n\r\n<ol class=\"wp-block-list\">\r\n<li style=\"list-style-type: none;\">\r\n<ol>\r\n<li>Desde a pantalla de inicio, seleccione Configuraci\u00f3n.<\/li>\r\n\r\n\r\n\r\n<li>Seleccione Safari.<\/li>\r\n\r\n\r\n\r\n<li>Faga clic en Aceptar Cookies.<\/li>\r\n\r\n\r\n\r\n<li>Elixa a configuraci\u00f3n que prefira.<\/li>\r\n<\/ol>\r\n<\/li>\r\n<\/ol>\r\n \r\n<p>Android<\/p>\r\n\r\n\r\n\r\n<ol class=\"wp-block-list\">\r\n<li style=\"list-style-type: none;\">\r\n<ol>\r\n<li>Inicie a aplicaci\u00f3n de navegador.<\/li>\r\n\r\n\r\n\r\n<li>Faga clic no bot\u00f3n Men\u00fa.<\/li>\r\n\r\n\r\n\r\n<li>Seleccione a opci\u00f3n M\u00e1s, a continuaci\u00f3n, en Configuraci\u00f3n.<\/li>\r\n\r\n\r\n\r\n<li>Marque ou desmarque Aceptar cookies.<\/li>\r\n<\/ol>\r\n<\/li>\r\n<\/ol>\r\n \r\n<p>Windows phone 7<\/p>\r\n\r\n\r\n\r\n<ol class=\"wp-block-list\">\r\n<li style=\"list-style-type: none;\">\r\n<ol>\r\n<li>Desde a pantalla de inicio, faga clic na frecha dereita.<\/li>\r\n\r\n\r\n\r\n<li>Vaia a Configuraci\u00f3n<\/li>\r\n\r\n\r\n\r\n<li>Seleccione Internet Explorer.<\/li>\r\n\r\n\r\n\r\n<li>Marque ou desmarque Aceptar cookies.<\/li>\r\n<\/ol>\r\n<\/li>\r\n<\/ol>\r\n <\/div>\r\n<\/div>\r\n\r\n<p>&nbsp;<\/p>\r\n<hr class=\"wp-block-separator has-alpha-channel-opacity is-style-wide\" \/>\r\n<p>&nbsp;<\/p>\r\n\r\n<h2 class=\"wp-block-heading\">Informaci\u00f3n completa sobre Protecci\u00f3n de Datos<\/h2>\r\n\r\n<p>&nbsp;<\/p>\r\n\r\n<h3 class=\"wp-block-heading\">1. Quen \u00e9 o responsable do tratamento dos seus datos?<\/h3>\r\n\r\n<p>&nbsp;<\/p>\r\n\r\n<ul class=\"wp-block-list\">\r\n<li style=\"list-style-type: none;\">\r\n<ul>\r\n<li style=\"list-style-type: none;\">\r\n<ul>\r\n<li style=\"list-style-type: none;\">\r\n<ul>\r\n<li>A s\u00faa denominaci\u00f3n social \u00e9: EDUCATION FACTORY 1983, SL<\/li>\r\n\r\n\r\n\r\n<li>O seu CIF \u00e9: B54933445<\/li>\r\n<\/ul>\r\n<\/li>\r\n<\/ul>\r\n<p>O seu domicilio social est\u00e1 en: AVENIDA DA UNIVERSIDADE, 24 \u2013 03204 \u2013 ELXE \u2013 ALACANTE<\/p>\r\n<\/li>\r\n<\/ul>\r\n<ul>\r\n\r\n\r\n<li>Rexistrada no Rexistro Mercantil de Alacante, tomo 3.945, folio 219, folla n\u00famero A-150.009.<\/li>\r\n\r\n\r\n\r\n<li>Tfno.: 966 061 809<\/li>\r\n\r\n\r\n\r\n<li>Email: info@englody.com<\/li>\r\n<\/ul>\r\n<\/li>\r\n<\/ul>\r\n\r\n<p>&nbsp;<\/p>\r\n\r\n<p>\u00a0<\/p>\r\n\r\n<p>&nbsp;<\/p>\r\n\r\n<h3 class=\"wp-block-heading\">2. Con que finalidade tratamos os seus datos persoais?<\/h3>\r\n\r\n<p>En EDUCATION FACTORY 1983, SL tratamos a informaci\u00f3n que nos facilitan as persoas interesadas co fin de realizar a xesti\u00f3n administrativa, contable e fiscal dos servizos solicitados, as\u00ed como enviar comunicaci\u00f3ns promocionais sobre os nosos produtos e servizos. No caso de que non facilite os seus datos persoais, non poderemos cumprir coas finalidades descritas.<\/p>\r\n\r\n<p>Non se van a tomar decisi\u00f3ns automatizadas en base aos datos proporcionados.<\/p>\r\n\r\n<p>&nbsp;<\/p>\r\n\r\n<h3 class=\"wp-block-heading\">3. Por canto tempo conservaremos os seus datos?<\/h3>\r\n\r\n<p>Os datos conservaranse mentres o interesado non solicite a s\u00faa supresi\u00f3n, e no seu caso, durante os anos necesarios para cumprir coas obrigaci\u00f3ns legais.<\/p>\r\n\r\n<p>&nbsp;<\/p>\r\n\r\n<h3 class=\"wp-block-heading\">4. Cal \u00e9 a lexitimaci\u00f3n para o tratamento dos seus datos?<\/h3>\r\n\r\n<p>Indic\u00e1moslle a base legal para o tratamento dos seus datos:<\/p>\r\n\r\n<p>&nbsp;<\/p>\r\n\r\n<ul class=\"wp-block-list\">\r\n<li style=\"list-style-type: none;\">\r\n<ul>\r\n<li>Execuci\u00f3n dun contrato: Xesti\u00f3n fiscal, contable e administrativa de clientes. (RGPD art. 6.1.b).<\/li>\r\n\r\n\r\n\r\n<li>Interese lex\u00edtimo do Responsable: Env\u00edo de comunicaci\u00f3ns promocionais mesmo por v\u00eda electr\u00f3nica. (RGPD Considerando 47, LSSICE art. 21.2).<\/li>\r\n<\/ul>\r\n<\/li>\r\n<\/ul>\r\n\r\n<p>&nbsp;<\/p>\r\n\r\n<p>&nbsp;<\/p>\r\n\r\n<div class=\"wp-block-spacer\" style=\"height: 10px;\" aria-hidden=\"true\">\u00a0<\/div>\r\n\r\n<p>&nbsp;<\/p>\r\n\r\n<h3 class=\"wp-block-heading\">5. A que destinatarios comunicaranse os seus datos?<\/h3>\r\n\r\n<p>&nbsp;<\/p>\r\n\r\n<p>&nbsp;<\/p>\r\n\r\n<p>&nbsp;<\/p>\r\n\r\n<ul class=\"wp-block-list\">\r\n<li style=\"list-style-type: none;\">\r\n<ul>\r\n<li>Administraci\u00f3n Tributaria, coa finalidade de cumprir coas obrigaci\u00f3ns legais (requisito legal).<\/li>\r\n\r\n\r\n\r\n<li>Entidades financeiras, coa finalidade de virar os recibos correspondentes (requisito contractual).<\/li>\r\n<\/ul>\r\n<\/li>\r\n<\/ul>\r\n\r\n<p>&nbsp;<\/p>\r\n\r\n<p>&nbsp;<\/p>\r\n\r\n<p>&nbsp;<\/p>\r\n\r\n<h3 class=\"wp-block-heading\">6. Transferencias de datos a terceiros pa\u00edses.<\/h3>\r\n\r\n<p>Non est\u00e1n previstas transferencias de datos a terceiros pa\u00edses.<\/p>\r\n\r\n<p>&nbsp;<\/p>\r\n\r\n<h3 class=\"wp-block-heading\">7. Cales son os seus dereitos cando nos facilita os seus datos?<\/h3>\r\n\r\n<p>Calquera persoa ten dereito a obter confirmaci\u00f3n sobre se en EDUCATION FACTORY 1983, SL estamos a tratar, ou non, datos persoais que lles conciernan.<\/p>\r\n\r\n<p>As persoas interesadas te\u00f1en dereito a acceder aos seus datos persoais, as\u00ed como a solicitar a rectificaci\u00f3n dos datos inexactos ou, no seu caso, solicitar a s\u00faa supresi\u00f3n cando, entre outros motivos, os datos xa non sexan necesarios para os fins que foron recollidos. Igualmente ten dereito \u00e1 portabilidad dos seus datos.<\/p>\r\n\r\n<p>En determinadas circunstancias, os interesados poder\u00e1n solicitar a limitaci\u00f3n do tratamento dos seus datos, nese caso unicamente conservar\u00e9molos para o exercicio ou a defensa de reclamaci\u00f3ns.<\/p>\r\n\r\n<p>En determinadas circunstancias e por motivos relacionados coa s\u00faa situaci\u00f3n particular, os interesados poder\u00e1n opo\u00f1erse ao tratamento dos seus datos. Neste caso, EDUCATION FACTORY 1983, SL deixar\u00e1 de tratar os datos, salvo por motivos lex\u00edtimos imperiosos, ou o exercicio ou a defensa de posibles reclamaci\u00f3ns.<\/p>\r\n\r\n<p>Poder\u00e1 exercitar materialmente os seus dereitos da seguinte forma: dirix\u00edndose \u00e1 direcci\u00f3n do responsable do tratamento<\/p>\r\n\r\n<p>Cando se realice o env\u00edo de comunicaci\u00f3ns comerciais utilizando como base xur\u00eddica o interese lex\u00edtimo do responsable, o interesado poder\u00e1 opo\u00f1erse ao tratamento dos seus datos con ese fin.<\/p>\r\n\r\n<p>No caso de que senta vulnerados os seus dereitos no concernente \u00e1 protecci\u00f3n dos seus datos persoais, especialmente cando non obtivese satisfacci\u00f3n no exercicio dos seus dereitos, pode presentar unha reclamaci\u00f3n #ante a Autoridade de Control en materia de Protecci\u00f3n de Datos competente a trav\u00e9s do seu sitio web: www.aepd.es.<\/p>\r\n\r\n<p>&nbsp;<\/p>\r\n\r\n<h3 class=\"wp-block-heading\">8. Como obtivemos os seus datos?<\/h3>\r\n\r\n<p>Os datos persoais que tratamos en EDUCATION FACTORY 1983, SL proceden de: O propio interesado.<\/p>\r\n\r\n<p>&nbsp;<\/p>\r\n[\/vc_column_text][\/vc_column][\/vc_row]","protected":false},"excerpt":{"rendered":"<p>[vc_row type=&#8221;in_container&#8221; full_screen_row_position=&#8221;middle&#8221; column_margin=&#8221;default&#8221; column_direction=&#8221;default&#8221; column_direction_tablet=&#8221;default&#8221; column_direction_phone=&#8221;default&#8221; scene_position=&#8221;center&#8221; text_color=&#8221;dark&#8221; text_align=&#8221;left&#8221; row_border_radius=&#8221;none&#8221; row_border_radius_applies=&#8221;bg&#8221; overflow=&#8221;visible&#8221; overlay_strength=&#8221;0.3&#8243; gradient_direction=&#8221;left_to_right&#8221; shape_divider_position=&#8221;bottom&#8221; bg_image_animation=&#8221;none&#8221;][vc_column column_padding=&#8221;no-extra-padding&#8221; column_padding_tablet=&#8221;inherit&#8221; column_padding_phone=&#8221;inherit&#8221; column_padding_position=&#8221;all&#8221; column_element_direction_desktop=&#8221;default&#8221; column_element_spacing=&#8221;default&#8221; desktop_text_alignment=&#8221;default&#8221; tablet_text_alignment=&#8221;default&#8221; phone_text_alignment=&#8221;default&#8221; background_color_opacity=&#8221;1&#8243; background_hover_color_opacity=&#8221;1&#8243; column_backdrop_filter=&#8221;none&#8221; column_shadow=&#8221;none&#8221;&#8230;<\/p>\n","protected":false},"author":1,"featured_media":0,"parent":0,"menu_order":0,"comment_status":"closed","ping_status":"closed","template":"","meta":{"_joinchat":[],"footnotes":""},"class_list":["post-8718","page","type-page","status-publish"],"yoast_head":"<!-- This site is optimized with the Yoast SEO plugin v27.4 - https:\/\/yoast.com\/product\/yoast-seo-wordpress\/ -->\n<title>Pol\u00edtica de Privacidade e Protecci\u00f3n de Datos - Englody | Software de gesti\u00f3n 360\u00ba para Academias de Ingl\u00e9s<\/title>\n<meta name=\"robots\" content=\"noindex, follow\" \/>\n<meta property=\"og:locale\" content=\"gl_ES\" \/>\n<meta property=\"og:type\" content=\"article\" \/>\n<meta property=\"og:title\" content=\"Pol\u00edtica de Privacidade e Protecci\u00f3n de Datos - Englody | Software de gesti\u00f3n 360\u00ba para Academias de Ingl\u00e9s\" \/>\n<meta property=\"og:description\" content=\"[vc_row type=&#8221;in_container&#8221; full_screen_row_position=&#8221;middle&#8221; column_margin=&#8221;default&#8221; column_direction=&#8221;default&#8221; column_direction_tablet=&#8221;default&#8221; column_direction_phone=&#8221;default&#8221; scene_position=&#8221;center&#8221; text_color=&#8221;dark&#8221; text_align=&#8221;left&#8221; row_border_radius=&#8221;none&#8221; row_border_radius_applies=&#8221;bg&#8221; overflow=&#8221;visible&#8221; overlay_strength=&#8221;0.3&#8243; gradient_direction=&#8221;left_to_right&#8221; shape_divider_position=&#8221;bottom&#8221; bg_image_animation=&#8221;none&#8221;][vc_column column_padding=&#8221;no-extra-padding&#8221; column_padding_tablet=&#8221;inherit&#8221; column_padding_phone=&#8221;inherit&#8221; column_padding_position=&#8221;all&#8221; column_element_direction_desktop=&#8221;default&#8221; column_element_spacing=&#8221;default&#8221; desktop_text_alignment=&#8221;default&#8221; tablet_text_alignment=&#8221;default&#8221; phone_text_alignment=&#8221;default&#8221; background_color_opacity=&#8221;1&#8243; background_hover_color_opacity=&#8221;1&#8243; column_backdrop_filter=&#8221;none&#8221; column_shadow=&#8221;none&#8221;...\" \/>\n<meta property=\"og:url\" content=\"https:\/\/englody.com\/politica-de-privacidad-y-proteccion-de-datos\/\" \/>\n<meta property=\"og:site_name\" content=\"Englody | Software de gesti\u00f3n 360\u00ba para Academias de Ingl\u00e9s\" \/>\n<meta property=\"article:modified_time\" content=\"2025-04-09T10:01:53+00:00\" \/>\n<meta name=\"twitter:card\" content=\"summary_large_image\" \/>\n<meta name=\"twitter:label1\" content=\"Tempo de lectura\" \/>\n\t<meta name=\"twitter:data1\" content=\"6 minutos\" \/>\n<script type=\"application\/ld+json\" class=\"yoast-schema-graph\">{\"@context\":\"https:\\\/\\\/schema.org\",\"@graph\":[{\"@type\":\"WebPage\",\"@id\":\"https:\\\/\\\/englody.com\\\/politica-de-privacidad-y-proteccion-de-datos\\\/\",\"url\":\"https:\\\/\\\/englody.com\\\/politica-de-privacidad-y-proteccion-de-datos\\\/\",\"name\":\"Pol\u00edtica de Privacidade e Protecci\u00f3n de Datos - Englody | Software de gesti\u00f3n 360\u00ba para Academias de Ingl\u00e9s\",\"isPartOf\":{\"@id\":\"https:\\\/\\\/englody.com\\\/#website\"},\"datePublished\":\"2023-12-18T09:37:26+00:00\",\"dateModified\":\"2025-04-09T10:01:53+00:00\",\"breadcrumb\":{\"@id\":\"https:\\\/\\\/englody.com\\\/politica-de-privacidad-y-proteccion-de-datos\\\/#breadcrumb\"},\"inLanguage\":\"gl-ES\",\"potentialAction\":[{\"@type\":\"ReadAction\",\"target\":[\"https:\\\/\\\/englody.com\\\/politica-de-privacidad-y-proteccion-de-datos\\\/\"]}]},{\"@type\":\"BreadcrumbList\",\"@id\":\"https:\\\/\\\/englody.com\\\/politica-de-privacidad-y-proteccion-de-datos\\\/#breadcrumb\",\"itemListElement\":[{\"@type\":\"ListItem\",\"position\":1,\"name\":\"Portada\",\"item\":\"https:\\\/\\\/englody.com\\\/gl\\\/\"},{\"@type\":\"ListItem\",\"position\":2,\"name\":\"Pol\u00edtica de Privacidade e Protecci\u00f3n de Datos\"}]},{\"@type\":\"WebSite\",\"@id\":\"https:\\\/\\\/englody.com\\\/#website\",\"url\":\"https:\\\/\\\/englody.com\\\/\",\"name\":\"Englody | Software de gesti\u00f3n 360\u00ba para Academias de Ingl\u00e9s\",\"description\":\"\",\"potentialAction\":[{\"@type\":\"SearchAction\",\"target\":{\"@type\":\"EntryPoint\",\"urlTemplate\":\"https:\\\/\\\/englody.com\\\/?s={search_term_string}\"},\"query-input\":{\"@type\":\"PropertyValueSpecification\",\"valueRequired\":true,\"valueName\":\"search_term_string\"}}],\"inLanguage\":\"gl-ES\"}]}<\/script>\n<!-- \/ Yoast SEO plugin. -->","yoast_head_json":{"title":"Pol\u00edtica de Privacidade e Protecci\u00f3n de Datos - Englody | Software de gesti\u00f3n 360\u00ba para Academias de Ingl\u00e9s","robots":{"index":"noindex","follow":"follow"},"og_locale":"gl_ES","og_type":"article","og_title":"Pol\u00edtica de Privacidade e Protecci\u00f3n de Datos - Englody | Software de gesti\u00f3n 360\u00ba para Academias de Ingl\u00e9s","og_description":"[vc_row type=&#8221;in_container&#8221; full_screen_row_position=&#8221;middle&#8221; column_margin=&#8221;default&#8221; column_direction=&#8221;default&#8221; column_direction_tablet=&#8221;default&#8221; column_direction_phone=&#8221;default&#8221; scene_position=&#8221;center&#8221; text_color=&#8221;dark&#8221; text_align=&#8221;left&#8221; row_border_radius=&#8221;none&#8221; row_border_radius_applies=&#8221;bg&#8221; overflow=&#8221;visible&#8221; overlay_strength=&#8221;0.3&#8243; gradient_direction=&#8221;left_to_right&#8221; shape_divider_position=&#8221;bottom&#8221; bg_image_animation=&#8221;none&#8221;][vc_column column_padding=&#8221;no-extra-padding&#8221; column_padding_tablet=&#8221;inherit&#8221; column_padding_phone=&#8221;inherit&#8221; column_padding_position=&#8221;all&#8221; column_element_direction_desktop=&#8221;default&#8221; column_element_spacing=&#8221;default&#8221; desktop_text_alignment=&#8221;default&#8221; tablet_text_alignment=&#8221;default&#8221; phone_text_alignment=&#8221;default&#8221; background_color_opacity=&#8221;1&#8243; background_hover_color_opacity=&#8221;1&#8243; column_backdrop_filter=&#8221;none&#8221; column_shadow=&#8221;none&#8221;...","og_url":"https:\/\/englody.com\/politica-de-privacidad-y-proteccion-de-datos\/","og_site_name":"Englody | Software de gesti\u00f3n 360\u00ba para Academias de Ingl\u00e9s","article_modified_time":"2025-04-09T10:01:53+00:00","twitter_card":"summary_large_image","twitter_misc":{"Tempo de lectura":"6 minutos"},"schema":{"@context":"https:\/\/schema.org","@graph":[{"@type":"WebPage","@id":"https:\/\/englody.com\/politica-de-privacidad-y-proteccion-de-datos\/","url":"https:\/\/englody.com\/politica-de-privacidad-y-proteccion-de-datos\/","name":"Pol\u00edtica de Privacidade e Protecci\u00f3n de Datos - Englody | Software de gesti\u00f3n 360\u00ba para Academias de Ingl\u00e9s","isPartOf":{"@id":"https:\/\/englody.com\/#website"},"datePublished":"2023-12-18T09:37:26+00:00","dateModified":"2025-04-09T10:01:53+00:00","breadcrumb":{"@id":"https:\/\/englody.com\/politica-de-privacidad-y-proteccion-de-datos\/#breadcrumb"},"inLanguage":"gl-ES","potentialAction":[{"@type":"ReadAction","target":["https:\/\/englody.com\/politica-de-privacidad-y-proteccion-de-datos\/"]}]},{"@type":"BreadcrumbList","@id":"https:\/\/englody.com\/politica-de-privacidad-y-proteccion-de-datos\/#breadcrumb","itemListElement":[{"@type":"ListItem","position":1,"name":"Portada","item":"https:\/\/englody.com\/gl\/"},{"@type":"ListItem","position":2,"name":"Pol\u00edtica de Privacidade e Protecci\u00f3n de Datos"}]},{"@type":"WebSite","@id":"https:\/\/englody.com\/#website","url":"https:\/\/englody.com\/","name":"Englody | Software de gesti\u00f3n 360\u00ba para Academias de Ingl\u00e9s","description":"","potentialAction":[{"@type":"SearchAction","target":{"@type":"EntryPoint","urlTemplate":"https:\/\/englody.com\/?s={search_term_string}"},"query-input":{"@type":"PropertyValueSpecification","valueRequired":true,"valueName":"search_term_string"}}],"inLanguage":"gl-ES"}]}},"_links":{"self":[{"href":"https:\/\/englody.com\/gl\/wp-json\/wp\/v2\/pages\/8718","targetHints":{"allow":["GET"]}}],"collection":[{"href":"https:\/\/englody.com\/gl\/wp-json\/wp\/v2\/pages"}],"about":[{"href":"https:\/\/englody.com\/gl\/wp-json\/wp\/v2\/types\/page"}],"author":[{"embeddable":true,"href":"https:\/\/englody.com\/gl\/wp-json\/wp\/v2\/users\/1"}],"replies":[{"embeddable":true,"href":"https:\/\/englody.com\/gl\/wp-json\/wp\/v2\/comments?post=8718"}],"version-history":[{"count":2,"href":"https:\/\/englody.com\/gl\/wp-json\/wp\/v2\/pages\/8718\/revisions"}],"predecessor-version":[{"id":8720,"href":"https:\/\/englody.com\/gl\/wp-json\/wp\/v2\/pages\/8718\/revisions\/8720"}],"wp:attachment":[{"href":"https:\/\/englody.com\/gl\/wp-json\/wp\/v2\/media?parent=8718"}],"curies":[{"name":"wp","href":"https:\/\/api.w.org\/{rel}","templated":true}]}}