{"id":11932,"date":"2026-01-30T15:51:15","date_gmt":"2026-01-30T14:51:15","guid":{"rendered":"https:\/\/englody.com\/?post_type=product&#038;p=11932"},"modified":"2026-01-30T16:04:07","modified_gmt":"2026-01-30T15:04:07","slug":"preparacion-para-el-examen-360lpt-3-meses","status":"publish","type":"product","link":"https:\/\/englody.com\/gl\/producto\/preparacion-para-el-examen-360lpt-3-meses\/","title":{"rendered":"Preparaci\u00f3n para el examen 360\u00baLPT &#8211; 3 MESES"},"content":{"rendered":"<h2><span style=\"color: #339966;\">Informaci\u00f3n General<\/span><\/h2>\n<h3><span style=\"color: #339966;\"><br \/>\n<\/span>Plataforma de formaci\u00f3n especializada en 360\u00baLPT\u00a0 para estudiar ingl\u00e9s y prepararte para el examen.<\/h3>\n<ul style=\"font-weight: 400;\">\n<li><b><strong>Acceso online<\/strong><\/b>\u00a0siempre que quieras.<\/li>\n<li>Contenidos para practicar\u00a0las 4 habilidades:<b><strong>\u00a0<\/strong><\/b><b><strong>Listening, Reading, Speaking y Writing.<\/strong><\/b><\/li>\n<li>Incluye m\u00e1s de 2.500 ejercicios de gram\u00e1tica, vocabulario y\u00a0\u00a0ejercicios espec\u00edficos para 360\u00baLPT<\/li>\n<li><b><strong>3\u00a0<\/strong><\/b><b><strong>\u00a0Mock Tests\u00a0360\u00baLPT\u00a0<\/strong><\/b>completos\u00a0<b><strong><i><em>\u00a0(ex\u00e1menes de prueba)<\/em><\/i><\/strong><\/b><b><strong>\u00a0<\/strong><\/b>para practicar como si estuvieses en la prueba real.\u00a0<i><em>El contenido de los 3 simulacros de examen de esta formaci\u00f3n, se corresponde con los mismos simulacros de examen que se encuentran en la formaci\u00f3n\u00a0 360\u00baLPT Exam Simulation.<\/em><\/i><\/li>\n<li><b><strong>Recomendaciones de ejercicios y asesoramiento\u00a0<\/strong><\/b>del Training Coach de la plataforma y\u00a0<b><strong>tutor\u00edas individuales por email.<\/strong><\/b><\/li>\n<li>Correcciones de examen Speaking &amp; Writing por nuestro tutor.\u00a0*<\/li>\n<\/ul>\n<p style=\"font-weight: 400;\"><span style=\"font-weight: 400;\"><b><strong>Te enviaremos por email los c\u00f3digos de acceso a la plataforma en un plazo m\u00e1ximo de 72h* para que puedas comenzar cuando quieras.<\/strong><\/b>\u00a0<i><em>(Exceptuando festivos, donde el plazo puede verse\u00a0ligeramente\u00a0afectado).<\/em><\/i><\/span><\/p>\n<p style=\"font-weight: 400;\"><span style=\"font-weight: 400;\">Se recomienda acceder a esta formaci\u00f3n desde un nivel A2.<\/span><\/p>\n<table style=\"font-weight: 400;\">\n<tbody>\n<tr>\n<td>*Las correcciones por parte del tutor son para los ex\u00e1menes\u00a0Speaking and Writing y\u00a0<b><strong>p<\/strong><\/b><b><strong>odr\u00e1s solicitar una correcci\u00f3n por examen.<\/strong><\/b><b><strong>\u00a0<\/strong><\/b><\/td>\n<\/tr>\n<\/tbody>\n<\/table>\n<h2 style=\"font-weight: 400;\"><strong><span style=\"color: #339966;\">Listening &amp; Reading<br \/>\n<\/span><\/strong><\/h2>\n<p><img loading=\"lazy\" decoding=\"async\" src=\"https:\/\/capman.es\/sites\/default\/files\/images\/products\/exams\/check-mark%20%283%29.png\" alt=\"\" width=\"32\" height=\"32\" data-entity-type=\"file\" data-entity-uuid=\"69ba1bae-944b-42f8-9af5-930da000032e\" \/><strong>Ejercicios espec\u00edficos del examen 360\u00baLPT, gram\u00e1tica y vocabulario:<\/strong><\/p>\n<p>Podr\u00e1s realizar\u00a0m\u00faltiples ejercicios en ingl\u00e9s, que te ayudar\u00e1n a mejorar cada una de las partes del examen \u2013\u00a0<em>Basic English Verbs, Nouns, Adjectives &amp; Adverbs, Word relation exercises, Synonyms, prepositions and sentence practice, vocabulary and Business phrases, phrasal verbs, Business jargon, English idioms, Specific 360\u00baLPT exercises y\u00a0 Core Skills<\/em>.<\/p>\n<p>Te recomendamos bases tu estudio diario en practicar y realizar cada uno de estos ejercicios.<\/p>\n<ul>\n<li>En todos los ejercicios de esta secci\u00f3n la plataforma te indicar\u00e1\u00a0si tu resultado es\u00a0<strong>correcto o incorrecto\u00a0y podr\u00e1s ver un resumen de tu evoluci\u00f3n para conocer tus \u00e1reas fuertes y tus puntos a mejorar.<\/strong><\/li>\n<li>Adem\u00e1s tambi\u00e9n dispondr\u00e1s de<strong>\u00a0Tips &amp; cosejos<\/strong>\u00a0para ayudarte a mejorar tus habilidades y a\u00a0la preparaci\u00f3n de tu examen.<\/li>\n<\/ul>\n<p><img loading=\"lazy\" decoding=\"async\" src=\"https:\/\/capman.es\/sites\/default\/files\/images\/products\/exams\/check-mark%20%283%29.png\" alt=\"\" width=\"32\" height=\"32\" data-entity-type=\"file\" data-entity-uuid=\"69ba1bae-944b-42f8-9af5-930da000032e\" \/><strong>Mock Test\u00a0<em>(Ex\u00e1menes de prueba)<\/em>:<\/strong><\/p>\n<p>A trav\u00e9s de esta plataforma tendr\u00e1s acceso a realizar\u00a0<strong>3 Mock tests<\/strong><em>\u00a0(ex\u00e1menes de prueba)\u00a0<\/em>\u00a0<strong>360\u00ba Language Proficiency Test 4 skills<\/strong>\u00a0<strong>completos<\/strong>,\u00a0<strong>y un Test inicial<\/strong><em>\u00a0(Entry Test)<\/em>\u00a0 que te permitir\u00e1n conocer c\u00f3mo es una situaci\u00f3n real de esta evaluaci\u00f3n, c\u00f3mo es cada secci\u00f3n del examen y aprender a consultar el temporizador para distribuir el tiempo dentro de cada secci\u00f3n de manera \u00f3ptima en el d\u00eda de la prueba.<\/p>\n<p>Podr\u00e1s consultar tus resultados de los Mock tests, as\u00ed como ver las preguntas correctas e incorrectas.<\/p>\n<p>&nbsp;<\/p>\n<p>360\u00ba LPT\u00a0 Study\u00a0 es la\u00a0<strong>\u00fanica plataforma de simulaci\u00f3n y preparaci\u00f3n<\/strong> de la evaluaci\u00f3n 360\u00ba LPT, desarrollada con preguntas creadas por los propios correctores del examen, y que siguen la misma estructura que las versiones que har\u00e1s el d\u00eda de tu convocatoria.<\/p>\n<h2 style=\"font-weight: 400;\"><strong><span style=\"color: #339966;\">Speaking &amp; Writing<br \/>\n<\/span><\/strong><\/h2>\n<p><img loading=\"lazy\" decoding=\"async\" src=\"https:\/\/capman.es\/sites\/default\/files\/images\/products\/exams\/check-mark%20%283%29.png\" alt=\"\" width=\"32\" height=\"32\" data-entity-type=\"file\" data-entity-uuid=\"69ba1bae-944b-42f8-9af5-930da000032e\" \/><strong>Ejercicios 360\u00baLPT Speaking &amp; Writing:<\/strong><\/p>\n<p>Practica las habilidades de\u00a0<strong>Speaking and Writing en el\u00a0formato de las preguntas del examen 360\u00baLPT.<\/strong><\/p>\n<p>Estos ejercicios te ayudar\u00e1n a practicar tus habilidades y mejorar, entre otras cosas, tu agilidad en las respuestas, tu capacidad de imaginaci\u00f3n e improvisaci\u00f3n, perfeccionar tu entonaci\u00f3n, ampliar tu vocabulario y gestionar el tiempo para el d\u00eda del examen.<\/p>\n<p>Todos los ejercicios que realices en esta secci\u00f3n proporcionan<strong>\u00a0tips y consejos<\/strong>\u00a0para que tengas en cuenta c\u00f3mo realizarlo adecuadamente, pero<strong>\u00a0no proporcionan feedback ni correcci\u00f3n autom\u00e1tica,\u00a0<\/strong>debido a que las respuestas no est\u00e1n preconfiguradas en el sistema.<\/p>\n<p><img loading=\"lazy\" decoding=\"async\" src=\"https:\/\/capman.es\/sites\/default\/files\/images\/products\/exams\/check-mark%20%283%29.png\" alt=\"\" width=\"32\" height=\"32\" data-entity-type=\"file\" data-entity-uuid=\"69ba1bae-944b-42f8-9af5-930da000032e\" \/><strong>Mock Tests Speaking &amp; Writing<em>\u00a0(ex\u00e1menes de prueba)<\/em>:<\/strong><\/p>\n<p><strong>La plataforma incluye 3 ex\u00e1menes completos de Speaking &amp; writing con el mismo formato de preguntas que la prueba real.\u00a0<\/strong><\/p>\n<p>Cuando termines un Mock Test\u00a0tendr\u00e1s la opci\u00f3n de enviar tu examen \u00a0<strong>Speaking and Writing\u00a0\u00a0<\/strong>para que\u00a0<strong>uno de nuestros examinadores te corrija el test personalmente,<\/strong>\u00a0proporcion\u00e1ndote informaci\u00f3n sobre tu resultado en cada secci\u00f3n de la prueba.<\/p>\n<p><strong><u>Podr\u00e1s solicitar solo una correcci\u00f3n Speaking &amp; Writing por examen.<\/u><\/strong><\/p>\n","protected":false},"excerpt":{"rendered":"<p>La plataforma online que necesitas para estudiar ingl\u00e9s y prepararte y obtener tu mejor puntuaci\u00f3n en el examen oficial de ingl\u00e9s 360\u00baLPT.<\/p>\n<p>\u2705 Multinivel desde A2 hasta C1 y para las cuatro habilidades: Listening, Reading, Speaking &amp; Writing.<\/p>\n<p>\u2705 3 Mock Tests completos para practicar como si fuese la prueba real.<\/p>\n<p>&nbsp;<\/p>\n<h3>Selecciona el n\u00famero de unidades que deseas tener, con un m\u00ednimo de 10 unidades:<\/h3>\n","protected":false},"featured_media":9631,"template":"","meta":{"_joinchat":[]},"product_brand":[],"product_cat":[19,214],"product_tag":[],"giftcard-category":[],"class_list":{"0":"post-11932","1":"product","2":"type-product","3":"status-publish","4":"has-post-thumbnail","6":"product_cat-todos-los-productos","7":"product_cat-360-lpt","9":"first","10":"instock","11":"taxable","12":"shipping-taxable","13":"purchasable","14":"product-type-variable"},"yoast_head":"<!-- This site is optimized with the Yoast SEO plugin v25.4 - https:\/\/yoast.com\/wordpress\/plugins\/seo\/ -->\n<title>Preparaci\u00f3n para el examen 360\u00baLPT - 3 MESES - Englody | Software de gesti\u00f3n 360\u00ba para Academias de Ingl\u00e9s<\/title>\n<meta name=\"robots\" content=\"index, follow, max-snippet:-1, max-image-preview:large, max-video-preview:-1\" \/>\n<link rel=\"canonical\" href=\"https:\/\/englody.com\/producto\/preparacion-para-el-examen-360lpt-3-meses\/\" \/>\n<meta property=\"og:locale\" content=\"gl_ES\" \/>\n<meta property=\"og:type\" content=\"article\" \/>\n<meta property=\"og:title\" content=\"Preparaci\u00f3n para el examen 360\u00baLPT - 3 MESES - Englody | Software de gesti\u00f3n 360\u00ba para Academias de Ingl\u00e9s\" \/>\n<meta property=\"og:description\" content=\"La plataforma online que necesitas para estudiar ingl\u00e9s y prepararte y obtener tu mejor puntuaci\u00f3n en el examen oficial de ingl\u00e9s 360\u00baLPT.  \u2705 Multinivel desde A2 hasta C1 y para las cuatro habilidades: Listening, Reading, Speaking &amp; Writing.  \u2705 3 Mock Tests completos para practicar como si fuese la prueba real.  &nbsp; Selecciona el n\u00famero de unidades que deseas tener, con un m\u00ednimo de 10 unidades:\" \/>\n<meta property=\"og:url\" content=\"https:\/\/englody.com\/producto\/preparacion-para-el-examen-360lpt-3-meses\/\" \/>\n<meta property=\"og:site_name\" content=\"Englody | Software de gesti\u00f3n 360\u00ba para Academias de Ingl\u00e9s\" \/>\n<meta property=\"article:modified_time\" content=\"2026-01-30T15:04:07+00:00\" \/>\n<meta property=\"og:image\" content=\"https:\/\/englody.com\/wp-content\/uploads\/2025\/05\/4SS-Study-for-360LPT-v3-1024x768.png\" \/>\n\t<meta property=\"og:image:width\" content=\"1024\" \/>\n\t<meta property=\"og:image:height\" content=\"768\" \/>\n\t<meta property=\"og:image:type\" content=\"image\/png\" \/>\n<meta name=\"twitter:card\" content=\"summary_large_image\" \/>\n<meta name=\"twitter:label1\" content=\"Tempo de lectura\" \/>\n\t<meta name=\"twitter:data1\" content=\"4 minutos\" \/>\n<script type=\"application\/ld+json\" class=\"yoast-schema-graph\">{\"@context\":\"https:\/\/schema.org\",\"@graph\":[{\"@type\":\"WebPage\",\"@id\":\"https:\/\/englody.com\/producto\/preparacion-para-el-examen-360lpt-3-meses\/\",\"url\":\"https:\/\/englody.com\/producto\/preparacion-para-el-examen-360lpt-3-meses\/\",\"name\":\"Preparaci\u00f3n para el examen 360\u00baLPT - 3 MESES - Englody | Software de gesti\u00f3n 360\u00ba para Academias de Ingl\u00e9s\",\"isPartOf\":{\"@id\":\"https:\/\/englody.com\/#website\"},\"primaryImageOfPage\":{\"@id\":\"https:\/\/englody.com\/producto\/preparacion-para-el-examen-360lpt-3-meses\/#primaryimage\"},\"image\":{\"@id\":\"https:\/\/englody.com\/producto\/preparacion-para-el-examen-360lpt-3-meses\/#primaryimage\"},\"thumbnailUrl\":\"https:\/\/englody.com\/wp-content\/uploads\/2025\/05\/4SS-Study-for-360LPT-v3.png\",\"datePublished\":\"2026-01-30T14:51:15+00:00\",\"dateModified\":\"2026-01-30T15:04:07+00:00\",\"breadcrumb\":{\"@id\":\"https:\/\/englody.com\/producto\/preparacion-para-el-examen-360lpt-3-meses\/#breadcrumb\"},\"inLanguage\":\"gl-ES\",\"potentialAction\":[{\"@type\":\"ReadAction\",\"target\":[\"https:\/\/englody.com\/producto\/preparacion-para-el-examen-360lpt-3-meses\/\"]}]},{\"@type\":\"ImageObject\",\"inLanguage\":\"gl-ES\",\"@id\":\"https:\/\/englody.com\/producto\/preparacion-para-el-examen-360lpt-3-meses\/#primaryimage\",\"url\":\"https:\/\/englody.com\/wp-content\/uploads\/2025\/05\/4SS-Study-for-360LPT-v3.png\",\"contentUrl\":\"https:\/\/englody.com\/wp-content\/uploads\/2025\/05\/4SS-Study-for-360LPT-v3.png\",\"width\":1200,\"height\":900},{\"@type\":\"BreadcrumbList\",\"@id\":\"https:\/\/englody.com\/producto\/preparacion-para-el-examen-360lpt-3-meses\/#breadcrumb\",\"itemListElement\":[{\"@type\":\"ListItem\",\"position\":1,\"name\":\"Portada\",\"item\":\"https:\/\/englody.com\/gl\/\"},{\"@type\":\"ListItem\",\"position\":2,\"name\":\"Shop\",\"item\":\"https:\/\/englody.com\/gl\/shop\/\"},{\"@type\":\"ListItem\",\"position\":3,\"name\":\"Preparaci\u00f3n para el examen 360\u00baLPT &#8211; 3 MESES\"}]},{\"@type\":\"WebSite\",\"@id\":\"https:\/\/englody.com\/#website\",\"url\":\"https:\/\/englody.com\/\",\"name\":\"Englody | Software de gesti\u00f3n 360\u00ba para Academias de Ingl\u00e9s\",\"description\":\"\",\"potentialAction\":[{\"@type\":\"SearchAction\",\"target\":{\"@type\":\"EntryPoint\",\"urlTemplate\":\"https:\/\/englody.com\/?s={search_term_string}\"},\"query-input\":{\"@type\":\"PropertyValueSpecification\",\"valueRequired\":true,\"valueName\":\"search_term_string\"}}],\"inLanguage\":\"gl-ES\"}]}<\/script>\n<!-- \/ Yoast SEO plugin. -->","yoast_head_json":{"title":"Preparaci\u00f3n para el examen 360\u00baLPT - 3 MESES - Englody | Software de gesti\u00f3n 360\u00ba para Academias de Ingl\u00e9s","robots":{"index":"index","follow":"follow","max-snippet":"max-snippet:-1","max-image-preview":"max-image-preview:large","max-video-preview":"max-video-preview:-1"},"canonical":"https:\/\/englody.com\/producto\/preparacion-para-el-examen-360lpt-3-meses\/","og_locale":"gl_ES","og_type":"article","og_title":"Preparaci\u00f3n para el examen 360\u00baLPT - 3 MESES - Englody | Software de gesti\u00f3n 360\u00ba para Academias de Ingl\u00e9s","og_description":"La plataforma online que necesitas para estudiar ingl\u00e9s y prepararte y obtener tu mejor puntuaci\u00f3n en el examen oficial de ingl\u00e9s 360\u00baLPT.  \u2705 Multinivel desde A2 hasta C1 y para las cuatro habilidades: Listening, Reading, Speaking &amp; Writing.  \u2705 3 Mock Tests completos para practicar como si fuese la prueba real.  &nbsp; Selecciona el n\u00famero de unidades que deseas tener, con un m\u00ednimo de 10 unidades:","og_url":"https:\/\/englody.com\/producto\/preparacion-para-el-examen-360lpt-3-meses\/","og_site_name":"Englody | Software de gesti\u00f3n 360\u00ba para Academias de Ingl\u00e9s","article_modified_time":"2026-01-30T15:04:07+00:00","og_image":[{"width":1024,"height":768,"url":"https:\/\/englody.com\/wp-content\/uploads\/2025\/05\/4SS-Study-for-360LPT-v3-1024x768.png","type":"image\/png"}],"twitter_card":"summary_large_image","twitter_misc":{"Tempo de lectura":"4 minutos"},"schema":{"@context":"https:\/\/schema.org","@graph":[{"@type":"WebPage","@id":"https:\/\/englody.com\/producto\/preparacion-para-el-examen-360lpt-3-meses\/","url":"https:\/\/englody.com\/producto\/preparacion-para-el-examen-360lpt-3-meses\/","name":"Preparaci\u00f3n para el examen 360\u00baLPT - 3 MESES - Englody | Software de gesti\u00f3n 360\u00ba para Academias de Ingl\u00e9s","isPartOf":{"@id":"https:\/\/englody.com\/#website"},"primaryImageOfPage":{"@id":"https:\/\/englody.com\/producto\/preparacion-para-el-examen-360lpt-3-meses\/#primaryimage"},"image":{"@id":"https:\/\/englody.com\/producto\/preparacion-para-el-examen-360lpt-3-meses\/#primaryimage"},"thumbnailUrl":"https:\/\/englody.com\/wp-content\/uploads\/2025\/05\/4SS-Study-for-360LPT-v3.png","datePublished":"2026-01-30T14:51:15+00:00","dateModified":"2026-01-30T15:04:07+00:00","breadcrumb":{"@id":"https:\/\/englody.com\/producto\/preparacion-para-el-examen-360lpt-3-meses\/#breadcrumb"},"inLanguage":"gl-ES","potentialAction":[{"@type":"ReadAction","target":["https:\/\/englody.com\/producto\/preparacion-para-el-examen-360lpt-3-meses\/"]}]},{"@type":"ImageObject","inLanguage":"gl-ES","@id":"https:\/\/englody.com\/producto\/preparacion-para-el-examen-360lpt-3-meses\/#primaryimage","url":"https:\/\/englody.com\/wp-content\/uploads\/2025\/05\/4SS-Study-for-360LPT-v3.png","contentUrl":"https:\/\/englody.com\/wp-content\/uploads\/2025\/05\/4SS-Study-for-360LPT-v3.png","width":1200,"height":900},{"@type":"BreadcrumbList","@id":"https:\/\/englody.com\/producto\/preparacion-para-el-examen-360lpt-3-meses\/#breadcrumb","itemListElement":[{"@type":"ListItem","position":1,"name":"Portada","item":"https:\/\/englody.com\/gl\/"},{"@type":"ListItem","position":2,"name":"Shop","item":"https:\/\/englody.com\/gl\/shop\/"},{"@type":"ListItem","position":3,"name":"Preparaci\u00f3n para el examen 360\u00baLPT &#8211; 3 MESES"}]},{"@type":"WebSite","@id":"https:\/\/englody.com\/#website","url":"https:\/\/englody.com\/","name":"Englody | Software de gesti\u00f3n 360\u00ba para Academias de Ingl\u00e9s","description":"","potentialAction":[{"@type":"SearchAction","target":{"@type":"EntryPoint","urlTemplate":"https:\/\/englody.com\/?s={search_term_string}"},"query-input":{"@type":"PropertyValueSpecification","valueRequired":true,"valueName":"search_term_string"}}],"inLanguage":"gl-ES"}]}},"tiered_pricing_type":"fixed","tiered_pricing_fixed_rules":[],"tiered_pricing_product_settings":{"layout":"default","base_unit_name":{"singular":null,"plural":null},"default_variation":null},"tiered_pricing_minimum_quantity":null,"tiered_pricing_roles_data":[],"tiered_pricing_percentage_rules":[],"tiered_pricing_maximum_quantity":null,"tiered_pricing_quantity_step":null,"_links":{"self":[{"href":"https:\/\/englody.com\/gl\/wp-json\/wp\/v2\/product\/11932","targetHints":{"allow":["GET"]}}],"collection":[{"href":"https:\/\/englody.com\/gl\/wp-json\/wp\/v2\/product"}],"about":[{"href":"https:\/\/englody.com\/gl\/wp-json\/wp\/v2\/types\/product"}],"wp:featuredmedia":[{"embeddable":true,"href":"https:\/\/englody.com\/gl\/wp-json\/wp\/v2\/media\/9631"}],"wp:attachment":[{"href":"https:\/\/englody.com\/gl\/wp-json\/wp\/v2\/media?parent=11932"}],"wp:term":[{"taxonomy":"product_brand","embeddable":true,"href":"https:\/\/englody.com\/gl\/wp-json\/wp\/v2\/product_brand?post=11932"},{"taxonomy":"product_cat","embeddable":true,"href":"https:\/\/englody.com\/gl\/wp-json\/wp\/v2\/product_cat?post=11932"},{"taxonomy":"product_tag","embeddable":true,"href":"https:\/\/englody.com\/gl\/wp-json\/wp\/v2\/product_tag?post=11932"},{"taxonomy":"giftcard-category","embeddable":true,"href":"https:\/\/englody.com\/gl\/wp-json\/wp\/v2\/giftcard-category?post=11932"}],"curies":[{"name":"wp","href":"https:\/\/api.w.org\/{rel}","templated":true}]}}