{"id":8765,"date":"2024-12-13T12:11:50","date_gmt":"2024-12-13T11:11:50","guid":{"rendered":"https:\/\/englody.com\/producto\/taboleiro-dixital-interactivo-de-75\/"},"modified":"2024-12-13T12:11:50","modified_gmt":"2024-12-13T11:11:50","slug":"taboleiro-dixital-interactivo-de-75","status":"publish","type":"product","link":"https:\/\/englody.com\/gl\/producto\/taboleiro-dixital-interactivo-de-75\/","title":{"rendered":"Taboleiro dixital Interactivo de 75&#8243;"},"content":{"rendered":"","protected":false},"excerpt":{"rendered":"<p>Non ser\u00e1s das que a\u00ednda te\u00f1en nas aulas da academia lousas brancas tipo \u201cvileda\u201d ou desas lousas antigas interactivas co proxector no teito, verdade?<\/p>\n<p>O mundo tecnol\u00f3xico avanza a un ritmo vertixinoso e a forma de ensinar non pode quedar atr\u00e1s. Desde Englody ofrecemos a posibilidade de dar un salto ao teu \u201cteaching\u201d e cambiar a forma na que os alumnos perciben a informaci\u00f3n e interact\u00faan con ela.<\/p>\n<p>Coas nosas pantallas dixitais interactivas de alta calidade, o profesorado poder\u00e1 expo\u00f1er e mostrar de forma moi atractiva os contidos did\u00e1cticos tanto propios como de editoriais, os cales, se as\u00ed est\u00e1n configurados, o alumnado poder\u00e1 interactuar con eles, mellorando as\u00ed a experiencia de usuario.<\/p>\n<p>Ademais, o sistema de altofalantes integrado fai que cunha \u00fanica instalaci\u00f3n, te\u00f1as todos os recursos dixitais necesarios para que as t\u00faas clases sexan todo un \u00e9xito.<\/p>\n<p>Dita pantalla requirir\u00e1 o uso dun computador non inclu\u00eddo, xa que a pantalla dixital que n\u00f3s propo\u00f1emos non conta con procesador interno, para evitar as\u00ed a r\u00e1pida obsolescencia e as posibles custosas reparaci\u00f3ns deste tipo de equipos e sistemas.<\/p>\n[video width=\"1440\" height=\"1440\" mp4=\"https:\/\/englody.com\/wp-content\/uploads\/2024\/12\/DAVID-PIZARRA-TACTIL.mp4\"][\/video]\n<h4><strong>Caracter\u00edsticas principais:<\/strong><\/h4>\n<ul>\n<li><strong>Pantalla<\/strong>: Resoluci\u00f3n 4K UHD (3840x2160p) cun brillo de 350 cd\/m\u00b2, ideal para unha visualizaci\u00f3n n\u00edtida e clara.<\/li>\n<li><strong>Tecnolox\u00eda t\u00e1ctil<\/strong>: Infravermellos con soporte para ata 20 puntos t\u00e1ctiles simult\u00e1neos, perfecta para colaboraci\u00f3ns en grupo e experiencias interactivas.<\/li>\n<li><strong>Conectividade<\/strong>: Entrada HDMI e porto USB para a funcionalidade t\u00e1ctil.<\/li>\n<li><strong>Montaxe<\/strong>: Dese\u00f1ada para instalarse en parede, optimizando o espazo.<\/li>\n<li><strong>Sistema<\/strong>: Non incl\u00fae sistema operativo, funciona como monitor independente.<\/li>\n<\/ul>\n<p>Ideal para contornas educativas, oficinas e salas de reuni\u00f3ns que requiran unha soluci\u00f3n interactiva sen sistema integrado.<\/p>\n<h4><strong>ATENCI\u00d3N: Env\u00edo NON INCLU\u00cdDO<\/strong><\/h4>\n<p>(xa que polas caracter\u00edsticas do produto o custo do env\u00edo depender\u00e1 do n\u00famero de unidades pedidas e calcularase de forma individual antes de formalizalo).<\/p>\n<p>&nbsp;<\/p>\n","protected":false},"featured_media":7223,"template":"","meta":{"_joinchat":[]},"product_brand":[],"product_cat":[168,166],"product_tag":[],"giftcard-category":[],"class_list":{"0":"post-8765","1":"product","2":"type-product","3":"status-publish","4":"has-post-thumbnail","6":"product_cat-hardware-gl","7":"product_cat-todos","9":"first","10":"outofstock","11":"taxable","12":"shipping-taxable","13":"purchasable","14":"product-type-simple"},"yoast_head":"<!-- This site is optimized with the Yoast SEO plugin v25.4 - https:\/\/yoast.com\/wordpress\/plugins\/seo\/ -->\n<title>Taboleiro dixital Interactivo de 75&quot; - Englody | Software de gesti\u00f3n 360\u00ba para Academias de Ingl\u00e9s<\/title>\n<meta name=\"robots\" content=\"index, follow, max-snippet:-1, max-image-preview:large, max-video-preview:-1\" \/>\n<link rel=\"canonical\" href=\"https:\/\/englody.com\/producto\/pizarra-tactil\/\" \/>\n<meta property=\"og:locale\" content=\"gl_ES\" \/>\n<meta property=\"og:type\" content=\"article\" \/>\n<meta property=\"og:title\" content=\"Taboleiro dixital Interactivo de 75&quot; - Englody | Software de gesti\u00f3n 360\u00ba para Academias de Ingl\u00e9s\" \/>\n<meta property=\"og:description\" content=\"Non ser\u00e1s das que a\u00ednda te\u00f1en nas aulas da academia lousas brancas tipo \u201cvileda\u201d ou desas lousas antigas interactivas co proxector no teito, verdade?  O mundo tecnol\u00f3xico avanza a un ritmo vertixinoso e a forma de ensinar non pode quedar atr\u00e1s. Desde Englody ofrecemos a posibilidade de dar un salto ao teu \u201cteaching\u201d e cambiar a forma na que os alumnos perciben a informaci\u00f3n e interact\u00faan con ela.  Coas nosas pantallas dixitais interactivas de alta calidade, o profesorado poder\u00e1 expo\u00f1er e mostrar de forma moi atractiva os contidos did\u00e1cticos tanto propios como de editoriais, os cales, se as\u00ed est\u00e1n configurados, o alumnado poder\u00e1 interactuar con eles, mellorando as\u00ed a experiencia de usuario.  Ademais, o sistema de altofalantes integrado fai que cunha \u00fanica instalaci\u00f3n, te\u00f1as todos os recursos dixitais necesarios para que as t\u00faas clases sexan todo un \u00e9xito.  Dita pantalla requirir\u00e1 o uso dun computador non inclu\u00eddo, xa que a pantalla dixital que n\u00f3s propo\u00f1emos non conta con procesador interno, para evitar as\u00ed a r\u00e1pida obsolescencia e as posibles custosas reparaci\u00f3ns deste tipo de equipos e sistemas.   Caracter\u00edsticas principais:   Pantalla: Resoluci\u00f3n 4K UHD (3840x2160p) cun brillo de 350 cd\/m\u00b2, ideal para unha visualizaci\u00f3n n\u00edtida e clara.  Tecnolox\u00eda t\u00e1ctil: Infravermellos con soporte para ata 20 puntos t\u00e1ctiles simult\u00e1neos, perfecta para colaboraci\u00f3ns en grupo e experiencias interactivas.  Conectividade: Entrada HDMI e porto USB para a funcionalidade t\u00e1ctil.  Montaxe: Dese\u00f1ada para instalarse en parede, optimizando o espazo.  Sistema: Non incl\u00fae sistema operativo, funciona como monitor independente.  Ideal para contornas educativas, oficinas e salas de reuni\u00f3ns que requiran unha soluci\u00f3n interactiva sen sistema integrado. ATENCI\u00d3N: Env\u00edo NON INCLU\u00cdDO (xa que polas caracter\u00edsticas do produto o custo do env\u00edo depender\u00e1 do n\u00famero de unidades pedidas e calcularase de forma individual antes de formalizalo).  &nbsp;\" \/>\n<meta property=\"og:url\" content=\"https:\/\/englody.com\/producto\/pizarra-tactil\/\" \/>\n<meta property=\"og:site_name\" content=\"Englody | Software de gesti\u00f3n 360\u00ba para Academias de Ingl\u00e9s\" \/>\n<meta property=\"og:image\" content=\"https:\/\/englody.com\/wp-content\/uploads\/2024\/12\/englody-hardware-pizarra-03.jpg\" \/>\n\t<meta property=\"og:image:width\" content=\"1080\" \/>\n\t<meta property=\"og:image:height\" content=\"1080\" \/>\n\t<meta property=\"og:image:type\" content=\"image\/jpeg\" \/>\n<meta name=\"twitter:card\" content=\"summary_large_image\" \/>\n<script type=\"application\/ld+json\" class=\"yoast-schema-graph\">{\"@context\":\"https:\/\/schema.org\",\"@graph\":[{\"@type\":\"WebPage\",\"@id\":\"https:\/\/englody.com\/producto\/pizarra-tactil\/\",\"url\":\"https:\/\/englody.com\/producto\/pizarra-tactil\/\",\"name\":\"Taboleiro dixital Interactivo de 75\\\" - Englody | Software de gesti\u00f3n 360\u00ba para Academias de Ingl\u00e9s\",\"isPartOf\":{\"@id\":\"https:\/\/englody.com\/#website\"},\"primaryImageOfPage\":{\"@id\":\"https:\/\/englody.com\/producto\/pizarra-tactil\/#primaryimage\"},\"image\":{\"@id\":\"https:\/\/englody.com\/producto\/pizarra-tactil\/#primaryimage\"},\"thumbnailUrl\":\"https:\/\/englody.com\/wp-content\/uploads\/2024\/12\/englody-hardware-pizarra-03.jpg\",\"datePublished\":\"2024-12-13T11:11:50+00:00\",\"breadcrumb\":{\"@id\":\"https:\/\/englody.com\/producto\/pizarra-tactil\/#breadcrumb\"},\"inLanguage\":\"gl-ES\",\"potentialAction\":[{\"@type\":\"ReadAction\",\"target\":[\"https:\/\/englody.com\/producto\/pizarra-tactil\/\"]}]},{\"@type\":\"ImageObject\",\"inLanguage\":\"gl-ES\",\"@id\":\"https:\/\/englody.com\/producto\/pizarra-tactil\/#primaryimage\",\"url\":\"https:\/\/englody.com\/wp-content\/uploads\/2024\/12\/englody-hardware-pizarra-03.jpg\",\"contentUrl\":\"https:\/\/englody.com\/wp-content\/uploads\/2024\/12\/englody-hardware-pizarra-03.jpg\",\"width\":1080,\"height\":1080},{\"@type\":\"BreadcrumbList\",\"@id\":\"https:\/\/englody.com\/producto\/pizarra-tactil\/#breadcrumb\",\"itemListElement\":[{\"@type\":\"ListItem\",\"position\":1,\"name\":\"Portada\",\"item\":\"https:\/\/englody.com\/gl\/\"},{\"@type\":\"ListItem\",\"position\":2,\"name\":\"Shop\",\"item\":\"https:\/\/englody.com\/gl\/shop\/\"},{\"@type\":\"ListItem\",\"position\":3,\"name\":\"Taboleiro dixital Interactivo de 75&#8243;\"}]},{\"@type\":\"WebSite\",\"@id\":\"https:\/\/englody.com\/#website\",\"url\":\"https:\/\/englody.com\/\",\"name\":\"Englody | Software de gesti\u00f3n 360\u00ba para Academias de Ingl\u00e9s\",\"description\":\"\",\"potentialAction\":[{\"@type\":\"SearchAction\",\"target\":{\"@type\":\"EntryPoint\",\"urlTemplate\":\"https:\/\/englody.com\/?s={search_term_string}\"},\"query-input\":{\"@type\":\"PropertyValueSpecification\",\"valueRequired\":true,\"valueName\":\"search_term_string\"}}],\"inLanguage\":\"gl-ES\"}]}<\/script>\n<!-- \/ Yoast SEO plugin. -->","yoast_head_json":{"title":"Taboleiro dixital Interactivo de 75\" - Englody | Software de gesti\u00f3n 360\u00ba para Academias de Ingl\u00e9s","robots":{"index":"index","follow":"follow","max-snippet":"max-snippet:-1","max-image-preview":"max-image-preview:large","max-video-preview":"max-video-preview:-1"},"canonical":"https:\/\/englody.com\/producto\/pizarra-tactil\/","og_locale":"gl_ES","og_type":"article","og_title":"Taboleiro dixital Interactivo de 75\" - Englody | Software de gesti\u00f3n 360\u00ba para Academias de Ingl\u00e9s","og_description":"Non ser\u00e1s das que a\u00ednda te\u00f1en nas aulas da academia lousas brancas tipo \u201cvileda\u201d ou desas lousas antigas interactivas co proxector no teito, verdade?  O mundo tecnol\u00f3xico avanza a un ritmo vertixinoso e a forma de ensinar non pode quedar atr\u00e1s. Desde Englody ofrecemos a posibilidade de dar un salto ao teu \u201cteaching\u201d e cambiar a forma na que os alumnos perciben a informaci\u00f3n e interact\u00faan con ela.  Coas nosas pantallas dixitais interactivas de alta calidade, o profesorado poder\u00e1 expo\u00f1er e mostrar de forma moi atractiva os contidos did\u00e1cticos tanto propios como de editoriais, os cales, se as\u00ed est\u00e1n configurados, o alumnado poder\u00e1 interactuar con eles, mellorando as\u00ed a experiencia de usuario.  Ademais, o sistema de altofalantes integrado fai que cunha \u00fanica instalaci\u00f3n, te\u00f1as todos os recursos dixitais necesarios para que as t\u00faas clases sexan todo un \u00e9xito.  Dita pantalla requirir\u00e1 o uso dun computador non inclu\u00eddo, xa que a pantalla dixital que n\u00f3s propo\u00f1emos non conta con procesador interno, para evitar as\u00ed a r\u00e1pida obsolescencia e as posibles custosas reparaci\u00f3ns deste tipo de equipos e sistemas.   Caracter\u00edsticas principais:   Pantalla: Resoluci\u00f3n 4K UHD (3840x2160p) cun brillo de 350 cd\/m\u00b2, ideal para unha visualizaci\u00f3n n\u00edtida e clara.  Tecnolox\u00eda t\u00e1ctil: Infravermellos con soporte para ata 20 puntos t\u00e1ctiles simult\u00e1neos, perfecta para colaboraci\u00f3ns en grupo e experiencias interactivas.  Conectividade: Entrada HDMI e porto USB para a funcionalidade t\u00e1ctil.  Montaxe: Dese\u00f1ada para instalarse en parede, optimizando o espazo.  Sistema: Non incl\u00fae sistema operativo, funciona como monitor independente.  Ideal para contornas educativas, oficinas e salas de reuni\u00f3ns que requiran unha soluci\u00f3n interactiva sen sistema integrado. ATENCI\u00d3N: Env\u00edo NON INCLU\u00cdDO (xa que polas caracter\u00edsticas do produto o custo do env\u00edo depender\u00e1 do n\u00famero de unidades pedidas e calcularase de forma individual antes de formalizalo).  &nbsp;","og_url":"https:\/\/englody.com\/producto\/pizarra-tactil\/","og_site_name":"Englody | Software de gesti\u00f3n 360\u00ba para Academias de Ingl\u00e9s","og_image":[{"width":1080,"height":1080,"url":"https:\/\/englody.com\/wp-content\/uploads\/2024\/12\/englody-hardware-pizarra-03.jpg","type":"image\/jpeg"}],"twitter_card":"summary_large_image","schema":{"@context":"https:\/\/schema.org","@graph":[{"@type":"WebPage","@id":"https:\/\/englody.com\/producto\/pizarra-tactil\/","url":"https:\/\/englody.com\/producto\/pizarra-tactil\/","name":"Taboleiro dixital Interactivo de 75\" - Englody | Software de gesti\u00f3n 360\u00ba para Academias de Ingl\u00e9s","isPartOf":{"@id":"https:\/\/englody.com\/#website"},"primaryImageOfPage":{"@id":"https:\/\/englody.com\/producto\/pizarra-tactil\/#primaryimage"},"image":{"@id":"https:\/\/englody.com\/producto\/pizarra-tactil\/#primaryimage"},"thumbnailUrl":"https:\/\/englody.com\/wp-content\/uploads\/2024\/12\/englody-hardware-pizarra-03.jpg","datePublished":"2024-12-13T11:11:50+00:00","breadcrumb":{"@id":"https:\/\/englody.com\/producto\/pizarra-tactil\/#breadcrumb"},"inLanguage":"gl-ES","potentialAction":[{"@type":"ReadAction","target":["https:\/\/englody.com\/producto\/pizarra-tactil\/"]}]},{"@type":"ImageObject","inLanguage":"gl-ES","@id":"https:\/\/englody.com\/producto\/pizarra-tactil\/#primaryimage","url":"https:\/\/englody.com\/wp-content\/uploads\/2024\/12\/englody-hardware-pizarra-03.jpg","contentUrl":"https:\/\/englody.com\/wp-content\/uploads\/2024\/12\/englody-hardware-pizarra-03.jpg","width":1080,"height":1080},{"@type":"BreadcrumbList","@id":"https:\/\/englody.com\/producto\/pizarra-tactil\/#breadcrumb","itemListElement":[{"@type":"ListItem","position":1,"name":"Portada","item":"https:\/\/englody.com\/gl\/"},{"@type":"ListItem","position":2,"name":"Shop","item":"https:\/\/englody.com\/gl\/shop\/"},{"@type":"ListItem","position":3,"name":"Taboleiro dixital Interactivo de 75&#8243;"}]},{"@type":"WebSite","@id":"https:\/\/englody.com\/#website","url":"https:\/\/englody.com\/","name":"Englody | Software de gesti\u00f3n 360\u00ba para Academias de Ingl\u00e9s","description":"","potentialAction":[{"@type":"SearchAction","target":{"@type":"EntryPoint","urlTemplate":"https:\/\/englody.com\/?s={search_term_string}"},"query-input":{"@type":"PropertyValueSpecification","valueRequired":true,"valueName":"search_term_string"}}],"inLanguage":"gl-ES"}]}},"tiered_pricing_type":"fixed","tiered_pricing_fixed_rules":[],"tiered_pricing_product_settings":{"layout":"default","base_unit_name":{"singular":null,"plural":null},"default_variation":null},"tiered_pricing_minimum_quantity":null,"tiered_pricing_roles_data":[],"tiered_pricing_percentage_rules":[],"tiered_pricing_maximum_quantity":null,"tiered_pricing_quantity_step":null,"_links":{"self":[{"href":"https:\/\/englody.com\/gl\/wp-json\/wp\/v2\/product\/8765","targetHints":{"allow":["GET"]}}],"collection":[{"href":"https:\/\/englody.com\/gl\/wp-json\/wp\/v2\/product"}],"about":[{"href":"https:\/\/englody.com\/gl\/wp-json\/wp\/v2\/types\/product"}],"wp:featuredmedia":[{"embeddable":true,"href":"https:\/\/englody.com\/gl\/wp-json\/wp\/v2\/media\/7223"}],"wp:attachment":[{"href":"https:\/\/englody.com\/gl\/wp-json\/wp\/v2\/media?parent=8765"}],"wp:term":[{"taxonomy":"product_brand","embeddable":true,"href":"https:\/\/englody.com\/gl\/wp-json\/wp\/v2\/product_brand?post=8765"},{"taxonomy":"product_cat","embeddable":true,"href":"https:\/\/englody.com\/gl\/wp-json\/wp\/v2\/product_cat?post=8765"},{"taxonomy":"product_tag","embeddable":true,"href":"https:\/\/englody.com\/gl\/wp-json\/wp\/v2\/product_tag?post=8765"},{"taxonomy":"giftcard-category","embeddable":true,"href":"https:\/\/englody.com\/gl\/wp-json\/wp\/v2\/giftcard-category?post=8765"}],"curies":[{"name":"wp","href":"https:\/\/api.w.org\/{rel}","templated":true}]}}