{"id":8766,"date":"2024-12-11T18:00:48","date_gmt":"2024-12-11T17:00:48","guid":{"rendered":"https:\/\/englody.com\/producto\/pantalla-tactil\/"},"modified":"2024-12-11T18:00:48","modified_gmt":"2024-12-11T17:00:48","slug":"pantalla-tactil","status":"publish","type":"product","link":"https:\/\/englody.com\/gl\/producto\/pantalla-tactil\/","title":{"rendered":"Pantalla T\u00e1ctil"},"content":{"rendered":"","protected":false},"excerpt":{"rendered":"<p>Esta pantalla t\u00e1ctil e interactiva, co seu sistema operativo propio, de tremenda calidade e funcionalidade e dese\u00f1ada por Englody especificamente para o noso uso, veu para revolucionar a experiencia do usuario da nosa Academias de Ingl\u00e9s.<\/p>\n<p>Un dispositivo interactivo que cumpre unha dobre funcionalidade:<\/p>\n<ol>\n<li>Ter publicidade rechamante e impactante de forma constante, nunha pantalla que chama a atenci\u00f3n de todos os estudantes e familias que acoden cada d\u00eda ao noso Centro, onde ademais, poderemos establecer procesos de venda e interacci\u00f3n na mesma.<\/li>\n<li>Grazas ao <a href=\"https:\/\/englody.com\/software-academias-de-\u00ednguas\/\">Software de Englody<\/a>, cambiamos a experiencia do usuario, podendo realizar a matriculaci\u00f3n de forma totalmente en li\u00f1a, onde o futuro cliente poder\u00e1 encher el mesmo a matriculaci\u00f3n e tras a validaci\u00f3n por parte da administraci\u00f3n do Centro dos datos, o usuario asinar\u00e1 a matr\u00edcula de forma dixital e recibir\u00e1 no acto a s\u00faa copia da matr\u00edcula e as s\u00faas clases de acceso \u00e1 plataforma.<\/li>\n<\/ol>\n[video width=\"600\" height=\"600\" mp4=\"https:\/\/englody.com\/wp-content\/uploads\/2024\/12\/DAVID-PANTALLA-TACTIL.mp4\"][\/video]\n<h4><strong>Caracter\u00edsticas T\u00e9cnicas:<\/strong><\/h4>\n<p>\u00b7 Resoluci\u00f3n: Full HD (1920x1080p) para imaxes n\u00edtidas e detalladas.<br \/>\n\u00b7 Interactividade avanzada: Tecnolox\u00eda t\u00e1ctil IR con 10 puntos de toque simult\u00e1neo, perfecta para presentaci\u00f3ns din\u00e1micas ou colaboraci\u00f3n en tempo real.<br \/>\n\u00b7 Brillo: 300 cd\/m\u00b2, asegurando unha visibilidade \u00f3ptima en interiores.<\/p>\n<p>Configuraci\u00f3n interna:<br \/>\n\u00b7 Sistema operativo Windows 10 Prol.<br \/>\n\u00b7 Procesador Intel i5 (4\u00aa xeraci\u00f3n).<br \/>\n\u00b7 Memoria RAM de 4 GB e almacenamento de 128 GB.<\/p>\n<p>Conectividade completa:<br \/>\n\u00b7 Portos USB, LAN, VGA, AUDIO, HDMI, MIC e RECOVERY.<br \/>\n\u00b7 Incl\u00fae Wifi para unha conectividade inal\u00e1mbrica c\u00f3moda.<br \/>\n\u00b7 Dese\u00f1o elegante: Cor branca, moderno e profesional.<\/p>\n<h4><strong><u>Elixe entre estes 3 tama\u00f1os distintos:<\/u><\/strong><\/h4>\n<p>Mesma calidade e mesma funcionalidade pero dispo\u00f1ible en 3 tama\u00f1os distintos, para as\u00ed poder elixir o tama\u00f1o m\u00e1is adecuado en funci\u00f3n do espazo que dispo\u00f1a a t\u00faa Academia de Ingl\u00e9s.<\/p>\n<h4><strong>ATENCI\u00d3N: Env\u00edo NON INCLU\u00cdDO<\/strong><\/h4>\n<p>(xa que polas caracter\u00edsticas do produto o custo do env\u00edo depender\u00e1 do n\u00famero de unidades pedidas e calcularase de forma individual antes de formalizalo).<\/p>\n","protected":false},"featured_media":7203,"template":"","meta":{"_joinchat":[]},"product_brand":[],"product_cat":[168,166],"product_tag":[],"giftcard-category":[],"class_list":{"0":"post-8766","1":"product","2":"type-product","3":"status-publish","4":"has-post-thumbnail","6":"product_cat-hardware-gl","7":"product_cat-todos","9":"first","10":"instock","11":"taxable","12":"shipping-taxable","13":"purchasable","14":"product-type-variable"},"yoast_head":"<!-- This site is optimized with the Yoast SEO plugin v25.4 - https:\/\/yoast.com\/wordpress\/plugins\/seo\/ -->\n<title>Pantalla T\u00e1ctil - Englody | Software de gesti\u00f3n 360\u00ba para Academias de Ingl\u00e9s<\/title>\n<meta name=\"robots\" content=\"index, follow, max-snippet:-1, max-image-preview:large, max-video-preview:-1\" \/>\n<link rel=\"canonical\" href=\"https:\/\/englody.com\/producto\/pantalla-tactil\/\" \/>\n<meta property=\"og:locale\" content=\"gl_ES\" \/>\n<meta property=\"og:type\" content=\"article\" \/>\n<meta property=\"og:title\" content=\"Pantalla T\u00e1ctil - Englody | Software de gesti\u00f3n 360\u00ba para Academias de Ingl\u00e9s\" \/>\n<meta property=\"og:description\" content=\"Esta pantalla t\u00e1ctil e interactiva, co seu sistema operativo propio, de tremenda calidade e funcionalidade e dese\u00f1ada por Englody especificamente para o noso uso, veu para revolucionar a experiencia do usuario da nosa Academias de Ingl\u00e9s.  Un dispositivo interactivo que cumpre unha dobre funcionalidade:   Ter publicidade rechamante e impactante de forma constante, nunha pantalla que chama a atenci\u00f3n de todos os estudantes e familias que acoden cada d\u00eda ao noso Centro, onde ademais, poderemos establecer procesos de venda e interacci\u00f3n na mesma.  Grazas ao Software de Englody, cambiamos a experiencia do usuario, podendo realizar a matriculaci\u00f3n de forma totalmente en li\u00f1a, onde o futuro cliente poder\u00e1 encher el mesmo a matriculaci\u00f3n e tras a validaci\u00f3n por parte da administraci\u00f3n do Centro dos datos, o usuario asinar\u00e1 a matr\u00edcula de forma dixital e recibir\u00e1 no acto a s\u00faa copia da matr\u00edcula e as s\u00faas clases de acceso \u00e1 plataforma.   Caracter\u00edsticas T\u00e9cnicas: \u00b7 Resoluci\u00f3n: Full HD (1920x1080p) para imaxes n\u00edtidas e detalladas. \u00b7 Interactividade avanzada: Tecnolox\u00eda t\u00e1ctil IR con 10 puntos de toque simult\u00e1neo, perfecta para presentaci\u00f3ns din\u00e1micas ou colaboraci\u00f3n en tempo real. \u00b7 Brillo: 300 cd\/m\u00b2, asegurando unha visibilidade \u00f3ptima en interiores.  Configuraci\u00f3n interna: \u00b7 Sistema operativo Windows 10 Prol. \u00b7 Procesador Intel i5 (4\u00aa xeraci\u00f3n). \u00b7 Memoria RAM de 4 GB e almacenamento de 128 GB.  Conectividade completa: \u00b7 Portos USB, LAN, VGA, AUDIO, HDMI, MIC e RECOVERY. \u00b7 Incl\u00fae Wifi para unha conectividade inal\u00e1mbrica c\u00f3moda. \u00b7 Dese\u00f1o elegante: Cor branca, moderno e profesional. Elixe entre estes 3 tama\u00f1os distintos: Mesma calidade e mesma funcionalidade pero dispo\u00f1ible en 3 tama\u00f1os distintos, para as\u00ed poder elixir o tama\u00f1o m\u00e1is adecuado en funci\u00f3n do espazo que dispo\u00f1a a t\u00faa Academia de Ingl\u00e9s. ATENCI\u00d3N: Env\u00edo NON INCLU\u00cdDO (xa que polas caracter\u00edsticas do produto o custo do env\u00edo depender\u00e1 do n\u00famero de unidades pedidas e calcularase de forma individual antes de formalizalo).\" \/>\n<meta property=\"og:url\" content=\"https:\/\/englody.com\/producto\/pantalla-tactil\/\" \/>\n<meta property=\"og:site_name\" content=\"Englody | Software de gesti\u00f3n 360\u00ba para Academias de Ingl\u00e9s\" \/>\n<meta property=\"og:image\" content=\"https:\/\/englody.com\/wp-content\/uploads\/2024\/12\/englody-hardware-totem-01.jpg\" \/>\n\t<meta property=\"og:image:width\" content=\"1080\" \/>\n\t<meta property=\"og:image:height\" content=\"1080\" \/>\n\t<meta property=\"og:image:type\" content=\"image\/jpeg\" \/>\n<meta name=\"twitter:card\" content=\"summary_large_image\" \/>\n<script type=\"application\/ld+json\" class=\"yoast-schema-graph\">{\"@context\":\"https:\/\/schema.org\",\"@graph\":[{\"@type\":\"WebPage\",\"@id\":\"https:\/\/englody.com\/producto\/pantalla-tactil\/\",\"url\":\"https:\/\/englody.com\/producto\/pantalla-tactil\/\",\"name\":\"Pantalla T\u00e1ctil - Englody | Software de gesti\u00f3n 360\u00ba para Academias de Ingl\u00e9s\",\"isPartOf\":{\"@id\":\"https:\/\/englody.com\/#website\"},\"primaryImageOfPage\":{\"@id\":\"https:\/\/englody.com\/producto\/pantalla-tactil\/#primaryimage\"},\"image\":{\"@id\":\"https:\/\/englody.com\/producto\/pantalla-tactil\/#primaryimage\"},\"thumbnailUrl\":\"https:\/\/englody.com\/wp-content\/uploads\/2024\/12\/englody-hardware-totem-01.jpg\",\"datePublished\":\"2024-12-11T17:00:48+00:00\",\"breadcrumb\":{\"@id\":\"https:\/\/englody.com\/producto\/pantalla-tactil\/#breadcrumb\"},\"inLanguage\":\"gl-ES\",\"potentialAction\":[{\"@type\":\"ReadAction\",\"target\":[\"https:\/\/englody.com\/producto\/pantalla-tactil\/\"]}]},{\"@type\":\"ImageObject\",\"inLanguage\":\"gl-ES\",\"@id\":\"https:\/\/englody.com\/producto\/pantalla-tactil\/#primaryimage\",\"url\":\"https:\/\/englody.com\/wp-content\/uploads\/2024\/12\/englody-hardware-totem-01.jpg\",\"contentUrl\":\"https:\/\/englody.com\/wp-content\/uploads\/2024\/12\/englody-hardware-totem-01.jpg\",\"width\":1080,\"height\":1080},{\"@type\":\"BreadcrumbList\",\"@id\":\"https:\/\/englody.com\/producto\/pantalla-tactil\/#breadcrumb\",\"itemListElement\":[{\"@type\":\"ListItem\",\"position\":1,\"name\":\"Portada\",\"item\":\"https:\/\/englody.com\/gl\/\"},{\"@type\":\"ListItem\",\"position\":2,\"name\":\"Shop\",\"item\":\"https:\/\/englody.com\/gl\/shop\/\"},{\"@type\":\"ListItem\",\"position\":3,\"name\":\"Pantalla T\u00e1ctil\"}]},{\"@type\":\"WebSite\",\"@id\":\"https:\/\/englody.com\/#website\",\"url\":\"https:\/\/englody.com\/\",\"name\":\"Englody | Software de gesti\u00f3n 360\u00ba para Academias de Ingl\u00e9s\",\"description\":\"\",\"potentialAction\":[{\"@type\":\"SearchAction\",\"target\":{\"@type\":\"EntryPoint\",\"urlTemplate\":\"https:\/\/englody.com\/?s={search_term_string}\"},\"query-input\":{\"@type\":\"PropertyValueSpecification\",\"valueRequired\":true,\"valueName\":\"search_term_string\"}}],\"inLanguage\":\"gl-ES\"}]}<\/script>\n<!-- \/ Yoast SEO plugin. -->","yoast_head_json":{"title":"Pantalla T\u00e1ctil - Englody | Software de gesti\u00f3n 360\u00ba para Academias de Ingl\u00e9s","robots":{"index":"index","follow":"follow","max-snippet":"max-snippet:-1","max-image-preview":"max-image-preview:large","max-video-preview":"max-video-preview:-1"},"canonical":"https:\/\/englody.com\/producto\/pantalla-tactil\/","og_locale":"gl_ES","og_type":"article","og_title":"Pantalla T\u00e1ctil - Englody | Software de gesti\u00f3n 360\u00ba para Academias de Ingl\u00e9s","og_description":"Esta pantalla t\u00e1ctil e interactiva, co seu sistema operativo propio, de tremenda calidade e funcionalidade e dese\u00f1ada por Englody especificamente para o noso uso, veu para revolucionar a experiencia do usuario da nosa Academias de Ingl\u00e9s.  Un dispositivo interactivo que cumpre unha dobre funcionalidade:   Ter publicidade rechamante e impactante de forma constante, nunha pantalla que chama a atenci\u00f3n de todos os estudantes e familias que acoden cada d\u00eda ao noso Centro, onde ademais, poderemos establecer procesos de venda e interacci\u00f3n na mesma.  Grazas ao Software de Englody, cambiamos a experiencia do usuario, podendo realizar a matriculaci\u00f3n de forma totalmente en li\u00f1a, onde o futuro cliente poder\u00e1 encher el mesmo a matriculaci\u00f3n e tras a validaci\u00f3n por parte da administraci\u00f3n do Centro dos datos, o usuario asinar\u00e1 a matr\u00edcula de forma dixital e recibir\u00e1 no acto a s\u00faa copia da matr\u00edcula e as s\u00faas clases de acceso \u00e1 plataforma.   Caracter\u00edsticas T\u00e9cnicas: \u00b7 Resoluci\u00f3n: Full HD (1920x1080p) para imaxes n\u00edtidas e detalladas. \u00b7 Interactividade avanzada: Tecnolox\u00eda t\u00e1ctil IR con 10 puntos de toque simult\u00e1neo, perfecta para presentaci\u00f3ns din\u00e1micas ou colaboraci\u00f3n en tempo real. \u00b7 Brillo: 300 cd\/m\u00b2, asegurando unha visibilidade \u00f3ptima en interiores.  Configuraci\u00f3n interna: \u00b7 Sistema operativo Windows 10 Prol. \u00b7 Procesador Intel i5 (4\u00aa xeraci\u00f3n). \u00b7 Memoria RAM de 4 GB e almacenamento de 128 GB.  Conectividade completa: \u00b7 Portos USB, LAN, VGA, AUDIO, HDMI, MIC e RECOVERY. \u00b7 Incl\u00fae Wifi para unha conectividade inal\u00e1mbrica c\u00f3moda. \u00b7 Dese\u00f1o elegante: Cor branca, moderno e profesional. Elixe entre estes 3 tama\u00f1os distintos: Mesma calidade e mesma funcionalidade pero dispo\u00f1ible en 3 tama\u00f1os distintos, para as\u00ed poder elixir o tama\u00f1o m\u00e1is adecuado en funci\u00f3n do espazo que dispo\u00f1a a t\u00faa Academia de Ingl\u00e9s. ATENCI\u00d3N: Env\u00edo NON INCLU\u00cdDO (xa que polas caracter\u00edsticas do produto o custo do env\u00edo depender\u00e1 do n\u00famero de unidades pedidas e calcularase de forma individual antes de formalizalo).","og_url":"https:\/\/englody.com\/producto\/pantalla-tactil\/","og_site_name":"Englody | Software de gesti\u00f3n 360\u00ba para Academias de Ingl\u00e9s","og_image":[{"width":1080,"height":1080,"url":"https:\/\/englody.com\/wp-content\/uploads\/2024\/12\/englody-hardware-totem-01.jpg","type":"image\/jpeg"}],"twitter_card":"summary_large_image","schema":{"@context":"https:\/\/schema.org","@graph":[{"@type":"WebPage","@id":"https:\/\/englody.com\/producto\/pantalla-tactil\/","url":"https:\/\/englody.com\/producto\/pantalla-tactil\/","name":"Pantalla T\u00e1ctil - Englody | Software de gesti\u00f3n 360\u00ba para Academias de Ingl\u00e9s","isPartOf":{"@id":"https:\/\/englody.com\/#website"},"primaryImageOfPage":{"@id":"https:\/\/englody.com\/producto\/pantalla-tactil\/#primaryimage"},"image":{"@id":"https:\/\/englody.com\/producto\/pantalla-tactil\/#primaryimage"},"thumbnailUrl":"https:\/\/englody.com\/wp-content\/uploads\/2024\/12\/englody-hardware-totem-01.jpg","datePublished":"2024-12-11T17:00:48+00:00","breadcrumb":{"@id":"https:\/\/englody.com\/producto\/pantalla-tactil\/#breadcrumb"},"inLanguage":"gl-ES","potentialAction":[{"@type":"ReadAction","target":["https:\/\/englody.com\/producto\/pantalla-tactil\/"]}]},{"@type":"ImageObject","inLanguage":"gl-ES","@id":"https:\/\/englody.com\/producto\/pantalla-tactil\/#primaryimage","url":"https:\/\/englody.com\/wp-content\/uploads\/2024\/12\/englody-hardware-totem-01.jpg","contentUrl":"https:\/\/englody.com\/wp-content\/uploads\/2024\/12\/englody-hardware-totem-01.jpg","width":1080,"height":1080},{"@type":"BreadcrumbList","@id":"https:\/\/englody.com\/producto\/pantalla-tactil\/#breadcrumb","itemListElement":[{"@type":"ListItem","position":1,"name":"Portada","item":"https:\/\/englody.com\/gl\/"},{"@type":"ListItem","position":2,"name":"Shop","item":"https:\/\/englody.com\/gl\/shop\/"},{"@type":"ListItem","position":3,"name":"Pantalla T\u00e1ctil"}]},{"@type":"WebSite","@id":"https:\/\/englody.com\/#website","url":"https:\/\/englody.com\/","name":"Englody | Software de gesti\u00f3n 360\u00ba para Academias de Ingl\u00e9s","description":"","potentialAction":[{"@type":"SearchAction","target":{"@type":"EntryPoint","urlTemplate":"https:\/\/englody.com\/?s={search_term_string}"},"query-input":{"@type":"PropertyValueSpecification","valueRequired":true,"valueName":"search_term_string"}}],"inLanguage":"gl-ES"}]}},"tiered_pricing_type":"fixed","tiered_pricing_fixed_rules":[],"tiered_pricing_product_settings":{"layout":"default","base_unit_name":{"singular":null,"plural":null},"default_variation":null},"tiered_pricing_minimum_quantity":null,"tiered_pricing_roles_data":[],"tiered_pricing_percentage_rules":[],"tiered_pricing_maximum_quantity":null,"tiered_pricing_quantity_step":null,"_links":{"self":[{"href":"https:\/\/englody.com\/gl\/wp-json\/wp\/v2\/product\/8766","targetHints":{"allow":["GET"]}}],"collection":[{"href":"https:\/\/englody.com\/gl\/wp-json\/wp\/v2\/product"}],"about":[{"href":"https:\/\/englody.com\/gl\/wp-json\/wp\/v2\/types\/product"}],"wp:featuredmedia":[{"embeddable":true,"href":"https:\/\/englody.com\/gl\/wp-json\/wp\/v2\/media\/7203"}],"wp:attachment":[{"href":"https:\/\/englody.com\/gl\/wp-json\/wp\/v2\/media?parent=8766"}],"wp:term":[{"taxonomy":"product_brand","embeddable":true,"href":"https:\/\/englody.com\/gl\/wp-json\/wp\/v2\/product_brand?post=8766"},{"taxonomy":"product_cat","embeddable":true,"href":"https:\/\/englody.com\/gl\/wp-json\/wp\/v2\/product_cat?post=8766"},{"taxonomy":"product_tag","embeddable":true,"href":"https:\/\/englody.com\/gl\/wp-json\/wp\/v2\/product_tag?post=8766"},{"taxonomy":"giftcard-category","embeddable":true,"href":"https:\/\/englody.com\/gl\/wp-json\/wp\/v2\/giftcard-category?post=8766"}],"curies":[{"name":"wp","href":"https:\/\/api.w.org\/{rel}","templated":true}]}}