{"id":8777,"date":"2024-10-17T17:55:53","date_gmt":"2024-10-17T15:55:53","guid":{"rendered":"https:\/\/englody.com\/producto\/paquete-de-1-hora-de-traballo\/"},"modified":"2024-10-17T17:55:53","modified_gmt":"2024-10-17T15:55:53","slug":"paquete-de-1-hora-de-traballo","status":"publish","type":"product","link":"https:\/\/englody.com\/gl\/producto\/paquete-de-1-hora-de-traballo\/","title":{"rendered":"Paquete de 1 Hora de Traballo"},"content":{"rendered":"","protected":false},"excerpt":{"rendered":"<p>A t\u00faa web necesita unha mellora r\u00e1pida ou tiveches unha emerxencia? Co noso paquete de 1 hora de traballo, ofrec\u00e9mosche soporte inmediato para resolver problemas puntuais ou realizar pequenos axustes sen complicaci\u00f3ns. Este servizo \u00e9 ideal para academias que non te\u00f1en contratado o aloxamento nin o mantemento web connosco.<\/p>\n<p><strong>Que podemos facer nunha hora?<\/strong><\/p>\n<ul>\n<li><strong>Mantemento web<\/strong>: Solucionamos problemas t\u00e9cnicos, optimizamos o rendemento e asegur\u00e1monos de que todo funcione correctamente.<\/li>\n<li><strong>Actualizaci\u00f3n de contidos<\/strong>: Necesitas cambiar textos, imaxes ou engadir novos cursos na t\u00faa web? Encarg\u00e1monos de que estea sempre ao d\u00eda.<\/li>\n<li><strong>Cambios de dese\u00f1o<\/strong>: Modificaci\u00f3ns r\u00e1pidas da aparencia da t\u00faa web para darlle un toque fresco e moderno.<\/li>\n<li><strong>Emerxencias ou hackeos<\/strong>: Se a t\u00faa web foi comprometida, actuamos rapidamente para restaurala e protexela.<\/li>\n<li><strong>Tarefas espec\u00edficas<\/strong>: Tes unha solicitude especial? C\u00f3ntanos que necesitas, e po\u00f1\u00e9monos ao choio.<\/li>\n<\/ul>\n<p>Este paquete \u00e9 ideal para resolver problemas urxentes ou realizar melloras puntuais que manter\u00e1n a t\u00faa web en perfecto estado. Non te quedes atascado por problemas t\u00e9cnicos, res\u00f3lveos nunha hora!<\/p>\n","protected":false},"featured_media":7053,"template":"","meta":{"_joinchat":[]},"product_brand":[],"product_cat":[171,170,166],"product_tag":[],"giftcard-category":[],"class_list":{"0":"post-8777","1":"product","2":"type-product","3":"status-publish","4":"has-post-thumbnail","6":"product_cat-deseno-grafico","7":"product_cat-deseno-web","8":"product_cat-todos","10":"first","11":"instock","12":"virtual","13":"taxable","14":"purchasable","15":"product-type-simple"},"yoast_head":"<!-- This site is optimized with the Yoast SEO plugin v27.4 - https:\/\/yoast.com\/product\/yoast-seo-wordpress\/ -->\n<title>Paquete de 1 Hora de Traballo - Englody | Software de gesti\u00f3n 360\u00ba para Academias de Ingl\u00e9s<\/title>\n<meta name=\"robots\" content=\"index, follow, max-snippet:-1, max-image-preview:large, max-video-preview:-1\" \/>\n<link rel=\"canonical\" href=\"https:\/\/englody.com\/producto\/paquete-de-1-hora-de-trabajo\/\" \/>\n<meta property=\"og:locale\" content=\"gl_ES\" \/>\n<meta property=\"og:type\" content=\"article\" \/>\n<meta property=\"og:title\" content=\"Paquete de 1 Hora de Traballo - Englody | Software de gesti\u00f3n 360\u00ba para Academias de Ingl\u00e9s\" \/>\n<meta property=\"og:description\" content=\"A t\u00faa web necesita unha mellora r\u00e1pida ou tiveches unha emerxencia? Co noso paquete de 1 hora de traballo, ofrec\u00e9mosche soporte inmediato para resolver problemas puntuais ou realizar pequenos axustes sen complicaci\u00f3ns. Este servizo \u00e9 ideal para academias que non te\u00f1en contratado o aloxamento nin o mantemento web connosco. Que podemos facer nunha hora?  Mantemento web: Solucionamos problemas t\u00e9cnicos, optimizamos o rendemento e asegur\u00e1monos de que todo funcione correctamente. Actualizaci\u00f3n de contidos: Necesitas cambiar textos, imaxes ou engadir novos cursos na t\u00faa web? Encarg\u00e1monos de que estea sempre ao d\u00eda. Cambios de dese\u00f1o: Modificaci\u00f3ns r\u00e1pidas da aparencia da t\u00faa web para darlle un toque fresco e moderno. Emerxencias ou hackeos: Se a t\u00faa web foi comprometida, actuamos rapidamente para restaurala e protexela. Tarefas espec\u00edficas: Tes unha solicitude especial? C\u00f3ntanos que necesitas, e po\u00f1\u00e9monos ao choio.  Este paquete \u00e9 ideal para resolver problemas urxentes ou realizar melloras puntuais que manter\u00e1n a t\u00faa web en perfecto estado. Non te quedes atascado por problemas t\u00e9cnicos, res\u00f3lveos nunha hora!\" \/>\n<meta property=\"og:url\" content=\"https:\/\/englody.com\/producto\/paquete-de-1-hora-de-trabajo\/\" \/>\n<meta property=\"og:site_name\" content=\"Englody | Software de gesti\u00f3n 360\u00ba para Academias de Ingl\u00e9s\" \/>\n<meta property=\"og:image\" content=\"https:\/\/englody.com\/wp-content\/uploads\/2024\/10\/englody-1-hora-trabajo.jpg\" \/>\n\t<meta property=\"og:image:width\" content=\"1080\" \/>\n\t<meta property=\"og:image:height\" content=\"1080\" \/>\n\t<meta property=\"og:image:type\" content=\"image\/jpeg\" \/>\n<meta name=\"twitter:card\" content=\"summary_large_image\" \/>\n<script type=\"application\/ld+json\" class=\"yoast-schema-graph\">{\"@context\":\"https:\\\/\\\/schema.org\",\"@graph\":[{\"@type\":\"WebPage\",\"@id\":\"https:\\\/\\\/englody.com\\\/producto\\\/paquete-de-1-hora-de-trabajo\\\/\",\"url\":\"https:\\\/\\\/englody.com\\\/producto\\\/paquete-de-1-hora-de-trabajo\\\/\",\"name\":\"Paquete de 1 Hora de Traballo - Englody | Software de gesti\u00f3n 360\u00ba para Academias de Ingl\u00e9s\",\"isPartOf\":{\"@id\":\"https:\\\/\\\/englody.com\\\/#website\"},\"primaryImageOfPage\":{\"@id\":\"https:\\\/\\\/englody.com\\\/producto\\\/paquete-de-1-hora-de-trabajo\\\/#primaryimage\"},\"image\":{\"@id\":\"https:\\\/\\\/englody.com\\\/producto\\\/paquete-de-1-hora-de-trabajo\\\/#primaryimage\"},\"thumbnailUrl\":\"https:\\\/\\\/englody.com\\\/wp-content\\\/uploads\\\/2024\\\/10\\\/englody-1-hora-trabajo.jpg\",\"datePublished\":\"2024-10-17T15:55:53+00:00\",\"breadcrumb\":{\"@id\":\"https:\\\/\\\/englody.com\\\/producto\\\/paquete-de-1-hora-de-trabajo\\\/#breadcrumb\"},\"inLanguage\":\"gl-ES\",\"potentialAction\":[{\"@type\":\"ReadAction\",\"target\":[\"https:\\\/\\\/englody.com\\\/producto\\\/paquete-de-1-hora-de-trabajo\\\/\"]}]},{\"@type\":\"ImageObject\",\"inLanguage\":\"gl-ES\",\"@id\":\"https:\\\/\\\/englody.com\\\/producto\\\/paquete-de-1-hora-de-trabajo\\\/#primaryimage\",\"url\":\"https:\\\/\\\/englody.com\\\/wp-content\\\/uploads\\\/2024\\\/10\\\/englody-1-hora-trabajo.jpg\",\"contentUrl\":\"https:\\\/\\\/englody.com\\\/wp-content\\\/uploads\\\/2024\\\/10\\\/englody-1-hora-trabajo.jpg\",\"width\":1080,\"height\":1080},{\"@type\":\"BreadcrumbList\",\"@id\":\"https:\\\/\\\/englody.com\\\/producto\\\/paquete-de-1-hora-de-trabajo\\\/#breadcrumb\",\"itemListElement\":[{\"@type\":\"ListItem\",\"position\":1,\"name\":\"Portada\",\"item\":\"https:\\\/\\\/englody.com\\\/gl\\\/\"},{\"@type\":\"ListItem\",\"position\":2,\"name\":\"Shop\",\"item\":\"https:\\\/\\\/englody.com\\\/gl\\\/shop\\\/\"},{\"@type\":\"ListItem\",\"position\":3,\"name\":\"Paquete de 1 Hora de Traballo\"}]},{\"@type\":\"WebSite\",\"@id\":\"https:\\\/\\\/englody.com\\\/#website\",\"url\":\"https:\\\/\\\/englody.com\\\/\",\"name\":\"Englody | Software de gesti\u00f3n 360\u00ba para Academias de Ingl\u00e9s\",\"description\":\"\",\"potentialAction\":[{\"@type\":\"SearchAction\",\"target\":{\"@type\":\"EntryPoint\",\"urlTemplate\":\"https:\\\/\\\/englody.com\\\/?s={search_term_string}\"},\"query-input\":{\"@type\":\"PropertyValueSpecification\",\"valueRequired\":true,\"valueName\":\"search_term_string\"}}],\"inLanguage\":\"gl-ES\"}]}<\/script>\n<!-- \/ Yoast SEO plugin. -->","yoast_head_json":{"title":"Paquete de 1 Hora de Traballo - Englody | Software de gesti\u00f3n 360\u00ba para Academias de Ingl\u00e9s","robots":{"index":"index","follow":"follow","max-snippet":"max-snippet:-1","max-image-preview":"max-image-preview:large","max-video-preview":"max-video-preview:-1"},"canonical":"https:\/\/englody.com\/producto\/paquete-de-1-hora-de-trabajo\/","og_locale":"gl_ES","og_type":"article","og_title":"Paquete de 1 Hora de Traballo - Englody | Software de gesti\u00f3n 360\u00ba para Academias de Ingl\u00e9s","og_description":"A t\u00faa web necesita unha mellora r\u00e1pida ou tiveches unha emerxencia? Co noso paquete de 1 hora de traballo, ofrec\u00e9mosche soporte inmediato para resolver problemas puntuais ou realizar pequenos axustes sen complicaci\u00f3ns. Este servizo \u00e9 ideal para academias que non te\u00f1en contratado o aloxamento nin o mantemento web connosco. Que podemos facer nunha hora?  Mantemento web: Solucionamos problemas t\u00e9cnicos, optimizamos o rendemento e asegur\u00e1monos de que todo funcione correctamente. Actualizaci\u00f3n de contidos: Necesitas cambiar textos, imaxes ou engadir novos cursos na t\u00faa web? Encarg\u00e1monos de que estea sempre ao d\u00eda. Cambios de dese\u00f1o: Modificaci\u00f3ns r\u00e1pidas da aparencia da t\u00faa web para darlle un toque fresco e moderno. Emerxencias ou hackeos: Se a t\u00faa web foi comprometida, actuamos rapidamente para restaurala e protexela. Tarefas espec\u00edficas: Tes unha solicitude especial? C\u00f3ntanos que necesitas, e po\u00f1\u00e9monos ao choio.  Este paquete \u00e9 ideal para resolver problemas urxentes ou realizar melloras puntuais que manter\u00e1n a t\u00faa web en perfecto estado. Non te quedes atascado por problemas t\u00e9cnicos, res\u00f3lveos nunha hora!","og_url":"https:\/\/englody.com\/producto\/paquete-de-1-hora-de-trabajo\/","og_site_name":"Englody | Software de gesti\u00f3n 360\u00ba para Academias de Ingl\u00e9s","og_image":[{"width":1080,"height":1080,"url":"https:\/\/englody.com\/wp-content\/uploads\/2024\/10\/englody-1-hora-trabajo.jpg","type":"image\/jpeg"}],"twitter_card":"summary_large_image","schema":{"@context":"https:\/\/schema.org","@graph":[{"@type":"WebPage","@id":"https:\/\/englody.com\/producto\/paquete-de-1-hora-de-trabajo\/","url":"https:\/\/englody.com\/producto\/paquete-de-1-hora-de-trabajo\/","name":"Paquete de 1 Hora de Traballo - Englody | Software de gesti\u00f3n 360\u00ba para Academias de Ingl\u00e9s","isPartOf":{"@id":"https:\/\/englody.com\/#website"},"primaryImageOfPage":{"@id":"https:\/\/englody.com\/producto\/paquete-de-1-hora-de-trabajo\/#primaryimage"},"image":{"@id":"https:\/\/englody.com\/producto\/paquete-de-1-hora-de-trabajo\/#primaryimage"},"thumbnailUrl":"https:\/\/englody.com\/wp-content\/uploads\/2024\/10\/englody-1-hora-trabajo.jpg","datePublished":"2024-10-17T15:55:53+00:00","breadcrumb":{"@id":"https:\/\/englody.com\/producto\/paquete-de-1-hora-de-trabajo\/#breadcrumb"},"inLanguage":"gl-ES","potentialAction":[{"@type":"ReadAction","target":["https:\/\/englody.com\/producto\/paquete-de-1-hora-de-trabajo\/"]}]},{"@type":"ImageObject","inLanguage":"gl-ES","@id":"https:\/\/englody.com\/producto\/paquete-de-1-hora-de-trabajo\/#primaryimage","url":"https:\/\/englody.com\/wp-content\/uploads\/2024\/10\/englody-1-hora-trabajo.jpg","contentUrl":"https:\/\/englody.com\/wp-content\/uploads\/2024\/10\/englody-1-hora-trabajo.jpg","width":1080,"height":1080},{"@type":"BreadcrumbList","@id":"https:\/\/englody.com\/producto\/paquete-de-1-hora-de-trabajo\/#breadcrumb","itemListElement":[{"@type":"ListItem","position":1,"name":"Portada","item":"https:\/\/englody.com\/gl\/"},{"@type":"ListItem","position":2,"name":"Shop","item":"https:\/\/englody.com\/gl\/shop\/"},{"@type":"ListItem","position":3,"name":"Paquete de 1 Hora de Traballo"}]},{"@type":"WebSite","@id":"https:\/\/englody.com\/#website","url":"https:\/\/englody.com\/","name":"Englody | Software de gesti\u00f3n 360\u00ba para Academias de Ingl\u00e9s","description":"","potentialAction":[{"@type":"SearchAction","target":{"@type":"EntryPoint","urlTemplate":"https:\/\/englody.com\/?s={search_term_string}"},"query-input":{"@type":"PropertyValueSpecification","valueRequired":true,"valueName":"search_term_string"}}],"inLanguage":"gl-ES"}]}},"tiered_pricing_type":"fixed","tiered_pricing_fixed_rules":[],"tiered_pricing_product_settings":{"layout":"default","base_unit_name":{"singular":null,"plural":null},"default_variation":null},"tiered_pricing_minimum_quantity":null,"tiered_pricing_roles_data":[],"tiered_pricing_percentage_rules":[],"tiered_pricing_maximum_quantity":null,"tiered_pricing_quantity_step":null,"_links":{"self":[{"href":"https:\/\/englody.com\/gl\/wp-json\/wp\/v2\/product\/8777","targetHints":{"allow":["GET"]}}],"collection":[{"href":"https:\/\/englody.com\/gl\/wp-json\/wp\/v2\/product"}],"about":[{"href":"https:\/\/englody.com\/gl\/wp-json\/wp\/v2\/types\/product"}],"wp:featuredmedia":[{"embeddable":true,"href":"https:\/\/englody.com\/gl\/wp-json\/wp\/v2\/media\/7053"}],"wp:attachment":[{"href":"https:\/\/englody.com\/gl\/wp-json\/wp\/v2\/media?parent=8777"}],"wp:term":[{"taxonomy":"product_brand","embeddable":true,"href":"https:\/\/englody.com\/gl\/wp-json\/wp\/v2\/product_brand?post=8777"},{"taxonomy":"product_cat","embeddable":true,"href":"https:\/\/englody.com\/gl\/wp-json\/wp\/v2\/product_cat?post=8777"},{"taxonomy":"product_tag","embeddable":true,"href":"https:\/\/englody.com\/gl\/wp-json\/wp\/v2\/product_tag?post=8777"},{"taxonomy":"giftcard-category","embeddable":true,"href":"https:\/\/englody.com\/gl\/wp-json\/wp\/v2\/giftcard-category?post=8777"}],"curies":[{"name":"wp","href":"https:\/\/api.w.org\/{rel}","templated":true}]}}