{"id":8781,"date":"2024-04-22T09:48:16","date_gmt":"2024-04-22T07:48:16","guid":{"rendered":"https:\/\/englody.com\/producto\/deseno-de-rotulos-e-fachadas\/"},"modified":"2024-04-22T09:48:16","modified_gmt":"2024-04-22T07:48:16","slug":"deseno-de-rotulos-e-fachadas","status":"publish","type":"product","link":"https:\/\/englody.com\/gl\/producto\/deseno-de-rotulos-e-fachadas\/","title":{"rendered":"Dese\u00f1o de R\u00f3tulos e Fachadas"},"content":{"rendered":"","protected":false},"excerpt":{"rendered":"<p>Dese\u00f1amos o r\u00f3tulo para a fachada da t\u00faa Academia de Ingl\u00e9s, respectando as gu\u00edas do teu manual de marca. Se queres que che pasemos unha proposta visual e unha estimaci\u00f3n de prezo, necesitamos que respondas a un cuestionario e enviar\u00e9mosche un orzamento detallado.<\/p>\n<p>Unha vez aceptado o orzamento, traballaremos no dese\u00f1o da t\u00faa proposta ata que nos digas &#8220;I love it!&#8221;. Far\u00e9mosche entrega dos arquivos en arte final listos para a t\u00faa empresa de rotulaci\u00f3n de confianza. Recomendamos contratar un servizo de rotulaci\u00f3n pola t\u00faa zona para que poidas aforrar ao m\u00e1ximo os custos de transporte e instalaci\u00f3n.<\/p>\n<p><strong>C\u00f3ntanos:<\/strong><\/p>\n[forminator_form id=\"2496\"]\n","protected":false},"featured_media":6396,"template":"","meta":{"_joinchat":[]},"product_brand":[],"product_cat":[171,166],"product_tag":[],"giftcard-category":[],"class_list":{"0":"post-8781","1":"product","2":"type-product","3":"status-publish","4":"has-post-thumbnail","6":"product_cat-deseno-grafico","7":"product_cat-todos","9":"first","10":"instock","11":"taxable","12":"shipping-taxable","13":"purchasable","14":"product-type-simple"},"yoast_head":"<!-- This site is optimized with the Yoast SEO plugin v25.4 - https:\/\/yoast.com\/wordpress\/plugins\/seo\/ -->\n<title>Dese\u00f1o de R\u00f3tulos e Fachadas - Englody | Software de gesti\u00f3n 360\u00ba para Academias de Ingl\u00e9s<\/title>\n<meta name=\"robots\" content=\"index, follow, max-snippet:-1, max-image-preview:large, max-video-preview:-1\" \/>\n<link rel=\"canonical\" href=\"https:\/\/englody.com\/producto\/diseno-de-rotulos\/\" \/>\n<meta property=\"og:locale\" content=\"gl_ES\" \/>\n<meta property=\"og:type\" content=\"article\" \/>\n<meta property=\"og:title\" content=\"Dese\u00f1o de R\u00f3tulos e Fachadas - Englody | Software de gesti\u00f3n 360\u00ba para Academias de Ingl\u00e9s\" \/>\n<meta property=\"og:description\" content=\"Dese\u00f1amos o r\u00f3tulo para a fachada da t\u00faa Academia de Ingl\u00e9s, respectando as gu\u00edas do teu manual de marca. Se queres que che pasemos unha proposta visual e unha estimaci\u00f3n de prezo, necesitamos que respondas a un cuestionario e enviar\u00e9mosche un orzamento detallado.  Unha vez aceptado o orzamento, traballaremos no dese\u00f1o da t\u00faa proposta ata que nos digas &quot;I love it!&quot;. Far\u00e9mosche entrega dos arquivos en arte final listos para a t\u00faa empresa de rotulaci\u00f3n de confianza. Recomendamos contratar un servizo de rotulaci\u00f3n pola t\u00faa zona para que poidas aforrar ao m\u00e1ximo os custos de transporte e instalaci\u00f3n.  C\u00f3ntanos:\" \/>\n<meta property=\"og:url\" content=\"https:\/\/englody.com\/producto\/diseno-de-rotulos\/\" \/>\n<meta property=\"og:site_name\" content=\"Englody | Software de gesti\u00f3n 360\u00ba para Academias de Ingl\u00e9s\" \/>\n<meta property=\"og:image\" content=\"https:\/\/englody.com\/wp-content\/uploads\/2024\/04\/englody-grafico-rotulo.jpg\" \/>\n\t<meta property=\"og:image:width\" content=\"1080\" \/>\n\t<meta property=\"og:image:height\" content=\"1080\" \/>\n\t<meta property=\"og:image:type\" content=\"image\/jpeg\" \/>\n<meta name=\"twitter:card\" content=\"summary_large_image\" \/>\n<script type=\"application\/ld+json\" class=\"yoast-schema-graph\">{\"@context\":\"https:\/\/schema.org\",\"@graph\":[{\"@type\":\"WebPage\",\"@id\":\"https:\/\/englody.com\/producto\/diseno-de-rotulos\/\",\"url\":\"https:\/\/englody.com\/producto\/diseno-de-rotulos\/\",\"name\":\"Dese\u00f1o de R\u00f3tulos e Fachadas - Englody | Software de gesti\u00f3n 360\u00ba para Academias de Ingl\u00e9s\",\"isPartOf\":{\"@id\":\"https:\/\/englody.com\/#website\"},\"primaryImageOfPage\":{\"@id\":\"https:\/\/englody.com\/producto\/diseno-de-rotulos\/#primaryimage\"},\"image\":{\"@id\":\"https:\/\/englody.com\/producto\/diseno-de-rotulos\/#primaryimage\"},\"thumbnailUrl\":\"https:\/\/englody.com\/wp-content\/uploads\/2024\/04\/englody-grafico-rotulo.jpg\",\"datePublished\":\"2024-04-22T07:48:16+00:00\",\"breadcrumb\":{\"@id\":\"https:\/\/englody.com\/producto\/diseno-de-rotulos\/#breadcrumb\"},\"inLanguage\":\"gl-ES\",\"potentialAction\":[{\"@type\":\"ReadAction\",\"target\":[\"https:\/\/englody.com\/producto\/diseno-de-rotulos\/\"]}]},{\"@type\":\"ImageObject\",\"inLanguage\":\"gl-ES\",\"@id\":\"https:\/\/englody.com\/producto\/diseno-de-rotulos\/#primaryimage\",\"url\":\"https:\/\/englody.com\/wp-content\/uploads\/2024\/04\/englody-grafico-rotulo.jpg\",\"contentUrl\":\"https:\/\/englody.com\/wp-content\/uploads\/2024\/04\/englody-grafico-rotulo.jpg\",\"width\":1080,\"height\":1080},{\"@type\":\"BreadcrumbList\",\"@id\":\"https:\/\/englody.com\/producto\/diseno-de-rotulos\/#breadcrumb\",\"itemListElement\":[{\"@type\":\"ListItem\",\"position\":1,\"name\":\"Portada\",\"item\":\"https:\/\/englody.com\/gl\/\"},{\"@type\":\"ListItem\",\"position\":2,\"name\":\"Shop\",\"item\":\"https:\/\/englody.com\/gl\/shop\/\"},{\"@type\":\"ListItem\",\"position\":3,\"name\":\"Dese\u00f1o de R\u00f3tulos e Fachadas\"}]},{\"@type\":\"WebSite\",\"@id\":\"https:\/\/englody.com\/#website\",\"url\":\"https:\/\/englody.com\/\",\"name\":\"Englody | Software de gesti\u00f3n 360\u00ba para Academias de Ingl\u00e9s\",\"description\":\"\",\"potentialAction\":[{\"@type\":\"SearchAction\",\"target\":{\"@type\":\"EntryPoint\",\"urlTemplate\":\"https:\/\/englody.com\/?s={search_term_string}\"},\"query-input\":{\"@type\":\"PropertyValueSpecification\",\"valueRequired\":true,\"valueName\":\"search_term_string\"}}],\"inLanguage\":\"gl-ES\"}]}<\/script>\n<!-- \/ Yoast SEO plugin. -->","yoast_head_json":{"title":"Dese\u00f1o de R\u00f3tulos e Fachadas - Englody | Software de gesti\u00f3n 360\u00ba para Academias de Ingl\u00e9s","robots":{"index":"index","follow":"follow","max-snippet":"max-snippet:-1","max-image-preview":"max-image-preview:large","max-video-preview":"max-video-preview:-1"},"canonical":"https:\/\/englody.com\/producto\/diseno-de-rotulos\/","og_locale":"gl_ES","og_type":"article","og_title":"Dese\u00f1o de R\u00f3tulos e Fachadas - Englody | Software de gesti\u00f3n 360\u00ba para Academias de Ingl\u00e9s","og_description":"Dese\u00f1amos o r\u00f3tulo para a fachada da t\u00faa Academia de Ingl\u00e9s, respectando as gu\u00edas do teu manual de marca. Se queres que che pasemos unha proposta visual e unha estimaci\u00f3n de prezo, necesitamos que respondas a un cuestionario e enviar\u00e9mosche un orzamento detallado.  Unha vez aceptado o orzamento, traballaremos no dese\u00f1o da t\u00faa proposta ata que nos digas \"I love it!\". Far\u00e9mosche entrega dos arquivos en arte final listos para a t\u00faa empresa de rotulaci\u00f3n de confianza. Recomendamos contratar un servizo de rotulaci\u00f3n pola t\u00faa zona para que poidas aforrar ao m\u00e1ximo os custos de transporte e instalaci\u00f3n.  C\u00f3ntanos:","og_url":"https:\/\/englody.com\/producto\/diseno-de-rotulos\/","og_site_name":"Englody | Software de gesti\u00f3n 360\u00ba para Academias de Ingl\u00e9s","og_image":[{"width":1080,"height":1080,"url":"https:\/\/englody.com\/wp-content\/uploads\/2024\/04\/englody-grafico-rotulo.jpg","type":"image\/jpeg"}],"twitter_card":"summary_large_image","schema":{"@context":"https:\/\/schema.org","@graph":[{"@type":"WebPage","@id":"https:\/\/englody.com\/producto\/diseno-de-rotulos\/","url":"https:\/\/englody.com\/producto\/diseno-de-rotulos\/","name":"Dese\u00f1o de R\u00f3tulos e Fachadas - Englody | Software de gesti\u00f3n 360\u00ba para Academias de Ingl\u00e9s","isPartOf":{"@id":"https:\/\/englody.com\/#website"},"primaryImageOfPage":{"@id":"https:\/\/englody.com\/producto\/diseno-de-rotulos\/#primaryimage"},"image":{"@id":"https:\/\/englody.com\/producto\/diseno-de-rotulos\/#primaryimage"},"thumbnailUrl":"https:\/\/englody.com\/wp-content\/uploads\/2024\/04\/englody-grafico-rotulo.jpg","datePublished":"2024-04-22T07:48:16+00:00","breadcrumb":{"@id":"https:\/\/englody.com\/producto\/diseno-de-rotulos\/#breadcrumb"},"inLanguage":"gl-ES","potentialAction":[{"@type":"ReadAction","target":["https:\/\/englody.com\/producto\/diseno-de-rotulos\/"]}]},{"@type":"ImageObject","inLanguage":"gl-ES","@id":"https:\/\/englody.com\/producto\/diseno-de-rotulos\/#primaryimage","url":"https:\/\/englody.com\/wp-content\/uploads\/2024\/04\/englody-grafico-rotulo.jpg","contentUrl":"https:\/\/englody.com\/wp-content\/uploads\/2024\/04\/englody-grafico-rotulo.jpg","width":1080,"height":1080},{"@type":"BreadcrumbList","@id":"https:\/\/englody.com\/producto\/diseno-de-rotulos\/#breadcrumb","itemListElement":[{"@type":"ListItem","position":1,"name":"Portada","item":"https:\/\/englody.com\/gl\/"},{"@type":"ListItem","position":2,"name":"Shop","item":"https:\/\/englody.com\/gl\/shop\/"},{"@type":"ListItem","position":3,"name":"Dese\u00f1o de R\u00f3tulos e Fachadas"}]},{"@type":"WebSite","@id":"https:\/\/englody.com\/#website","url":"https:\/\/englody.com\/","name":"Englody | Software de gesti\u00f3n 360\u00ba para Academias de Ingl\u00e9s","description":"","potentialAction":[{"@type":"SearchAction","target":{"@type":"EntryPoint","urlTemplate":"https:\/\/englody.com\/?s={search_term_string}"},"query-input":{"@type":"PropertyValueSpecification","valueRequired":true,"valueName":"search_term_string"}}],"inLanguage":"gl-ES"}]}},"tiered_pricing_type":"fixed","tiered_pricing_fixed_rules":[],"tiered_pricing_product_settings":{"layout":"default","base_unit_name":{"singular":null,"plural":null},"default_variation":null},"tiered_pricing_minimum_quantity":null,"tiered_pricing_roles_data":[],"tiered_pricing_percentage_rules":[],"tiered_pricing_maximum_quantity":null,"tiered_pricing_quantity_step":null,"_links":{"self":[{"href":"https:\/\/englody.com\/gl\/wp-json\/wp\/v2\/product\/8781","targetHints":{"allow":["GET"]}}],"collection":[{"href":"https:\/\/englody.com\/gl\/wp-json\/wp\/v2\/product"}],"about":[{"href":"https:\/\/englody.com\/gl\/wp-json\/wp\/v2\/types\/product"}],"wp:featuredmedia":[{"embeddable":true,"href":"https:\/\/englody.com\/gl\/wp-json\/wp\/v2\/media\/6396"}],"wp:attachment":[{"href":"https:\/\/englody.com\/gl\/wp-json\/wp\/v2\/media?parent=8781"}],"wp:term":[{"taxonomy":"product_brand","embeddable":true,"href":"https:\/\/englody.com\/gl\/wp-json\/wp\/v2\/product_brand?post=8781"},{"taxonomy":"product_cat","embeddable":true,"href":"https:\/\/englody.com\/gl\/wp-json\/wp\/v2\/product_cat?post=8781"},{"taxonomy":"product_tag","embeddable":true,"href":"https:\/\/englody.com\/gl\/wp-json\/wp\/v2\/product_tag?post=8781"},{"taxonomy":"giftcard-category","embeddable":true,"href":"https:\/\/englody.com\/gl\/wp-json\/wp\/v2\/giftcard-category?post=8781"}],"curies":[{"name":"wp","href":"https:\/\/api.w.org\/{rel}","templated":true}]}}