{"id":8782,"date":"2024-04-19T11:32:56","date_gmt":"2024-04-19T09:32:56","guid":{"rendered":"https:\/\/englody.com\/producto\/branding-e-pack-identidade-corporativa\/"},"modified":"2024-04-19T11:32:56","modified_gmt":"2024-04-19T09:32:56","slug":"branding-e-pack-identidade-corporativa","status":"publish","type":"product","link":"https:\/\/englody.com\/gl\/producto\/branding-e-pack-identidade-corporativa\/","title":{"rendered":"Branding e Pack Identidade Corporativa"},"content":{"rendered":"","protected":false},"excerpt":{"rendered":"<p>Dese\u00f1o de Branding e Pack de Identidade Corporativa para Academias de Ingl\u00e9s, que incl\u00fae:<\/p>\n<p><strong>Estudo e dese\u00f1o de Branding para a t\u00faa Academia de Ingl\u00e9s<\/strong><\/p>\n<ul>\n<li>Definimos a Misi\u00f3n \/ visi\u00f3n da t\u00faa marca, para transmitir unha forma de comunicaci\u00f3n coherente.<\/li>\n<li>Establecemos o Tono de voz da t\u00faa marca, fundamental que a marca te\u00f1a unha voz propia. Para iso, identificamos o teu buyer persoa e definimos o ton co que conectar\u00e1s m\u00e1is co teu p\u00fablico.<\/li>\n<li>Dese\u00f1amos o logotipo da t\u00faa Academia, co obxectivo de transmitir a mis\u00f3n\/visi\u00f3n e os valores da t\u00faa marca.<\/li>\n<li>Fac\u00e9mosche entrega do teu logotipo en diferentes formatos para a s\u00faa adaptaci\u00f3n en diferentes medios.<\/li>\n<li>Dese\u00f1amos e entreg\u00e1mosche o Manual de Identidade Corporativa, con instruci\u00f3ns detalladas para utilizar o teu logotipo de maneira coherente (versi\u00f3ns, aplicaci\u00f3ns, gama crom\u00e1tica, tipograf\u00edas, usos incorrectos&#8230;).<\/li>\n<li>E por suposto, entreg\u00e1mosche o copyright absoluto do teu logotipo.<\/li>\n<\/ul>\n<p><strong>Papeler\u00eda corporativa coa nova imaxe da t\u00faa Academia de Ingl\u00e9s<\/strong><\/p>\n<p>No pack, inclu\u00edmos o dese\u00f1o dos elementos corporativos que consideramos b\u00e1sicos en toda Academia:<\/p>\n<ul>\n<li>Tarxetas de visita (85x50mm).<\/li>\n<li>Cartafoles corporativos A4+<\/li>\n<li>Folios A4 corporativos.<\/li>\n<li>Tarxetas informativas A6.<\/li>\n<\/ul>\n<p>Enviar\u00e9mosche as artes finais de todos estes elementos, listos para que poidas envialos \u00e1 t\u00faa imprenta de confianza. Se prefires que chos imprimamos n\u00f3s, cont\u00e1ctar e pasar\u00e9mosche un orzamento de impresi\u00f3n detallado.<\/p>\n","protected":false},"featured_media":6392,"template":"","meta":{"_joinchat":[]},"product_brand":[],"product_cat":[171,166],"product_tag":[],"giftcard-category":[],"class_list":{"0":"post-8782","1":"product","2":"type-product","3":"status-publish","4":"has-post-thumbnail","6":"product_cat-deseno-grafico","7":"product_cat-todos","9":"first","10":"instock","11":"taxable","12":"shipping-taxable","13":"purchasable","14":"product-type-simple"},"yoast_head":"<!-- This site is optimized with the Yoast SEO plugin v27.4 - https:\/\/yoast.com\/product\/yoast-seo-wordpress\/ -->\n<title>Branding e Pack Identidade Corporativa - Englody | Software de gesti\u00f3n 360\u00ba para Academias de Ingl\u00e9s<\/title>\n<meta name=\"robots\" content=\"index, follow, max-snippet:-1, max-image-preview:large, max-video-preview:-1\" \/>\n<link rel=\"canonical\" href=\"https:\/\/englody.com\/producto\/pack-identidad-corporativa\/\" \/>\n<meta property=\"og:locale\" content=\"gl_ES\" \/>\n<meta property=\"og:type\" content=\"article\" \/>\n<meta property=\"og:title\" content=\"Branding e Pack Identidade Corporativa - Englody | Software de gesti\u00f3n 360\u00ba para Academias de Ingl\u00e9s\" \/>\n<meta property=\"og:description\" content=\"Dese\u00f1o de Branding e Pack de Identidade Corporativa para Academias de Ingl\u00e9s, que incl\u00fae:  Estudo e dese\u00f1o de Branding para a t\u00faa Academia de Ingl\u00e9s   Definimos a Misi\u00f3n \/ visi\u00f3n da t\u00faa marca, para transmitir unha forma de comunicaci\u00f3n coherente.  Establecemos o Tono de voz da t\u00faa marca, fundamental que a marca te\u00f1a unha voz propia. Para iso, identificamos o teu buyer persoa e definimos o ton co que conectar\u00e1s m\u00e1is co teu p\u00fablico.  Dese\u00f1amos o logotipo da t\u00faa Academia, co obxectivo de transmitir a mis\u00f3n\/visi\u00f3n e os valores da t\u00faa marca.  Fac\u00e9mosche entrega do teu logotipo en diferentes formatos para a s\u00faa adaptaci\u00f3n en diferentes medios.  Dese\u00f1amos e entreg\u00e1mosche o Manual de Identidade Corporativa, con instruci\u00f3ns detalladas para utilizar o teu logotipo de maneira coherente (versi\u00f3ns, aplicaci\u00f3ns, gama crom\u00e1tica, tipograf\u00edas, usos incorrectos...).  E por suposto, entreg\u00e1mosche o copyright absoluto do teu logotipo.  Papeler\u00eda corporativa coa nova imaxe da t\u00faa Academia de Ingl\u00e9s  No pack, inclu\u00edmos o dese\u00f1o dos elementos corporativos que consideramos b\u00e1sicos en toda Academia:   Tarxetas de visita (85x50mm).  Cartafoles corporativos A4+  Folios A4 corporativos.  Tarxetas informativas A6.  Enviar\u00e9mosche as artes finais de todos estes elementos, listos para que poidas envialos \u00e1 t\u00faa imprenta de confianza. Se prefires que chos imprimamos n\u00f3s, cont\u00e1ctar e pasar\u00e9mosche un orzamento de impresi\u00f3n detallado.\" \/>\n<meta property=\"og:url\" content=\"https:\/\/englody.com\/producto\/pack-identidad-corporativa\/\" \/>\n<meta property=\"og:site_name\" content=\"Englody | Software de gesti\u00f3n 360\u00ba para Academias de Ingl\u00e9s\" \/>\n<meta property=\"og:image\" content=\"https:\/\/englody.com\/wp-content\/uploads\/2024\/04\/englody-grafico-pack-1.jpg\" \/>\n\t<meta property=\"og:image:width\" content=\"1080\" \/>\n\t<meta property=\"og:image:height\" content=\"1080\" \/>\n\t<meta property=\"og:image:type\" content=\"image\/jpeg\" \/>\n<meta name=\"twitter:card\" content=\"summary_large_image\" \/>\n<script type=\"application\/ld+json\" class=\"yoast-schema-graph\">{\"@context\":\"https:\\\/\\\/schema.org\",\"@graph\":[{\"@type\":\"WebPage\",\"@id\":\"https:\\\/\\\/englody.com\\\/producto\\\/pack-identidad-corporativa\\\/\",\"url\":\"https:\\\/\\\/englody.com\\\/producto\\\/pack-identidad-corporativa\\\/\",\"name\":\"Branding e Pack Identidade Corporativa - Englody | Software de gesti\u00f3n 360\u00ba para Academias de Ingl\u00e9s\",\"isPartOf\":{\"@id\":\"https:\\\/\\\/englody.com\\\/#website\"},\"primaryImageOfPage\":{\"@id\":\"https:\\\/\\\/englody.com\\\/producto\\\/pack-identidad-corporativa\\\/#primaryimage\"},\"image\":{\"@id\":\"https:\\\/\\\/englody.com\\\/producto\\\/pack-identidad-corporativa\\\/#primaryimage\"},\"thumbnailUrl\":\"https:\\\/\\\/englody.com\\\/wp-content\\\/uploads\\\/2024\\\/04\\\/englody-grafico-pack-1.jpg\",\"datePublished\":\"2024-04-19T09:32:56+00:00\",\"breadcrumb\":{\"@id\":\"https:\\\/\\\/englody.com\\\/producto\\\/pack-identidad-corporativa\\\/#breadcrumb\"},\"inLanguage\":\"gl-ES\",\"potentialAction\":[{\"@type\":\"ReadAction\",\"target\":[\"https:\\\/\\\/englody.com\\\/producto\\\/pack-identidad-corporativa\\\/\"]}]},{\"@type\":\"ImageObject\",\"inLanguage\":\"gl-ES\",\"@id\":\"https:\\\/\\\/englody.com\\\/producto\\\/pack-identidad-corporativa\\\/#primaryimage\",\"url\":\"https:\\\/\\\/englody.com\\\/wp-content\\\/uploads\\\/2024\\\/04\\\/englody-grafico-pack-1.jpg\",\"contentUrl\":\"https:\\\/\\\/englody.com\\\/wp-content\\\/uploads\\\/2024\\\/04\\\/englody-grafico-pack-1.jpg\",\"width\":1080,\"height\":1080},{\"@type\":\"BreadcrumbList\",\"@id\":\"https:\\\/\\\/englody.com\\\/producto\\\/pack-identidad-corporativa\\\/#breadcrumb\",\"itemListElement\":[{\"@type\":\"ListItem\",\"position\":1,\"name\":\"Portada\",\"item\":\"https:\\\/\\\/englody.com\\\/gl\\\/\"},{\"@type\":\"ListItem\",\"position\":2,\"name\":\"Shop\",\"item\":\"https:\\\/\\\/englody.com\\\/gl\\\/shop\\\/\"},{\"@type\":\"ListItem\",\"position\":3,\"name\":\"Branding e Pack Identidade Corporativa\"}]},{\"@type\":\"WebSite\",\"@id\":\"https:\\\/\\\/englody.com\\\/#website\",\"url\":\"https:\\\/\\\/englody.com\\\/\",\"name\":\"Englody | Software de gesti\u00f3n 360\u00ba para Academias de Ingl\u00e9s\",\"description\":\"\",\"potentialAction\":[{\"@type\":\"SearchAction\",\"target\":{\"@type\":\"EntryPoint\",\"urlTemplate\":\"https:\\\/\\\/englody.com\\\/?s={search_term_string}\"},\"query-input\":{\"@type\":\"PropertyValueSpecification\",\"valueRequired\":true,\"valueName\":\"search_term_string\"}}],\"inLanguage\":\"gl-ES\"}]}<\/script>\n<!-- \/ Yoast SEO plugin. -->","yoast_head_json":{"title":"Branding e Pack Identidade Corporativa - Englody | Software de gesti\u00f3n 360\u00ba para Academias de Ingl\u00e9s","robots":{"index":"index","follow":"follow","max-snippet":"max-snippet:-1","max-image-preview":"max-image-preview:large","max-video-preview":"max-video-preview:-1"},"canonical":"https:\/\/englody.com\/producto\/pack-identidad-corporativa\/","og_locale":"gl_ES","og_type":"article","og_title":"Branding e Pack Identidade Corporativa - Englody | Software de gesti\u00f3n 360\u00ba para Academias de Ingl\u00e9s","og_description":"Dese\u00f1o de Branding e Pack de Identidade Corporativa para Academias de Ingl\u00e9s, que incl\u00fae:  Estudo e dese\u00f1o de Branding para a t\u00faa Academia de Ingl\u00e9s   Definimos a Misi\u00f3n \/ visi\u00f3n da t\u00faa marca, para transmitir unha forma de comunicaci\u00f3n coherente.  Establecemos o Tono de voz da t\u00faa marca, fundamental que a marca te\u00f1a unha voz propia. Para iso, identificamos o teu buyer persoa e definimos o ton co que conectar\u00e1s m\u00e1is co teu p\u00fablico.  Dese\u00f1amos o logotipo da t\u00faa Academia, co obxectivo de transmitir a mis\u00f3n\/visi\u00f3n e os valores da t\u00faa marca.  Fac\u00e9mosche entrega do teu logotipo en diferentes formatos para a s\u00faa adaptaci\u00f3n en diferentes medios.  Dese\u00f1amos e entreg\u00e1mosche o Manual de Identidade Corporativa, con instruci\u00f3ns detalladas para utilizar o teu logotipo de maneira coherente (versi\u00f3ns, aplicaci\u00f3ns, gama crom\u00e1tica, tipograf\u00edas, usos incorrectos...).  E por suposto, entreg\u00e1mosche o copyright absoluto do teu logotipo.  Papeler\u00eda corporativa coa nova imaxe da t\u00faa Academia de Ingl\u00e9s  No pack, inclu\u00edmos o dese\u00f1o dos elementos corporativos que consideramos b\u00e1sicos en toda Academia:   Tarxetas de visita (85x50mm).  Cartafoles corporativos A4+  Folios A4 corporativos.  Tarxetas informativas A6.  Enviar\u00e9mosche as artes finais de todos estes elementos, listos para que poidas envialos \u00e1 t\u00faa imprenta de confianza. Se prefires que chos imprimamos n\u00f3s, cont\u00e1ctar e pasar\u00e9mosche un orzamento de impresi\u00f3n detallado.","og_url":"https:\/\/englody.com\/producto\/pack-identidad-corporativa\/","og_site_name":"Englody | Software de gesti\u00f3n 360\u00ba para Academias de Ingl\u00e9s","og_image":[{"width":1080,"height":1080,"url":"https:\/\/englody.com\/wp-content\/uploads\/2024\/04\/englody-grafico-pack-1.jpg","type":"image\/jpeg"}],"twitter_card":"summary_large_image","schema":{"@context":"https:\/\/schema.org","@graph":[{"@type":"WebPage","@id":"https:\/\/englody.com\/producto\/pack-identidad-corporativa\/","url":"https:\/\/englody.com\/producto\/pack-identidad-corporativa\/","name":"Branding e Pack Identidade Corporativa - Englody | Software de gesti\u00f3n 360\u00ba para Academias de Ingl\u00e9s","isPartOf":{"@id":"https:\/\/englody.com\/#website"},"primaryImageOfPage":{"@id":"https:\/\/englody.com\/producto\/pack-identidad-corporativa\/#primaryimage"},"image":{"@id":"https:\/\/englody.com\/producto\/pack-identidad-corporativa\/#primaryimage"},"thumbnailUrl":"https:\/\/englody.com\/wp-content\/uploads\/2024\/04\/englody-grafico-pack-1.jpg","datePublished":"2024-04-19T09:32:56+00:00","breadcrumb":{"@id":"https:\/\/englody.com\/producto\/pack-identidad-corporativa\/#breadcrumb"},"inLanguage":"gl-ES","potentialAction":[{"@type":"ReadAction","target":["https:\/\/englody.com\/producto\/pack-identidad-corporativa\/"]}]},{"@type":"ImageObject","inLanguage":"gl-ES","@id":"https:\/\/englody.com\/producto\/pack-identidad-corporativa\/#primaryimage","url":"https:\/\/englody.com\/wp-content\/uploads\/2024\/04\/englody-grafico-pack-1.jpg","contentUrl":"https:\/\/englody.com\/wp-content\/uploads\/2024\/04\/englody-grafico-pack-1.jpg","width":1080,"height":1080},{"@type":"BreadcrumbList","@id":"https:\/\/englody.com\/producto\/pack-identidad-corporativa\/#breadcrumb","itemListElement":[{"@type":"ListItem","position":1,"name":"Portada","item":"https:\/\/englody.com\/gl\/"},{"@type":"ListItem","position":2,"name":"Shop","item":"https:\/\/englody.com\/gl\/shop\/"},{"@type":"ListItem","position":3,"name":"Branding e Pack Identidade Corporativa"}]},{"@type":"WebSite","@id":"https:\/\/englody.com\/#website","url":"https:\/\/englody.com\/","name":"Englody | Software de gesti\u00f3n 360\u00ba para Academias de Ingl\u00e9s","description":"","potentialAction":[{"@type":"SearchAction","target":{"@type":"EntryPoint","urlTemplate":"https:\/\/englody.com\/?s={search_term_string}"},"query-input":{"@type":"PropertyValueSpecification","valueRequired":true,"valueName":"search_term_string"}}],"inLanguage":"gl-ES"}]}},"tiered_pricing_type":"fixed","tiered_pricing_fixed_rules":[],"tiered_pricing_product_settings":{"layout":"default","base_unit_name":{"singular":null,"plural":null},"default_variation":null},"tiered_pricing_minimum_quantity":null,"tiered_pricing_roles_data":[],"tiered_pricing_percentage_rules":[],"tiered_pricing_maximum_quantity":null,"tiered_pricing_quantity_step":null,"_links":{"self":[{"href":"https:\/\/englody.com\/gl\/wp-json\/wp\/v2\/product\/8782","targetHints":{"allow":["GET"]}}],"collection":[{"href":"https:\/\/englody.com\/gl\/wp-json\/wp\/v2\/product"}],"about":[{"href":"https:\/\/englody.com\/gl\/wp-json\/wp\/v2\/types\/product"}],"wp:featuredmedia":[{"embeddable":true,"href":"https:\/\/englody.com\/gl\/wp-json\/wp\/v2\/media\/6392"}],"wp:attachment":[{"href":"https:\/\/englody.com\/gl\/wp-json\/wp\/v2\/media?parent=8782"}],"wp:term":[{"taxonomy":"product_brand","embeddable":true,"href":"https:\/\/englody.com\/gl\/wp-json\/wp\/v2\/product_brand?post=8782"},{"taxonomy":"product_cat","embeddable":true,"href":"https:\/\/englody.com\/gl\/wp-json\/wp\/v2\/product_cat?post=8782"},{"taxonomy":"product_tag","embeddable":true,"href":"https:\/\/englody.com\/gl\/wp-json\/wp\/v2\/product_tag?post=8782"},{"taxonomy":"giftcard-category","embeddable":true,"href":"https:\/\/englody.com\/gl\/wp-json\/wp\/v2\/giftcard-category?post=8782"}],"curies":[{"name":"wp","href":"https:\/\/api.w.org\/{rel}","templated":true}]}}