{"id":8788,"date":"2024-04-18T09:30:38","date_gmt":"2024-04-18T07:30:38","guid":{"rendered":"https:\/\/englody.com\/producto\/deseno-de-diptico-a4\/"},"modified":"2024-04-18T09:30:38","modified_gmt":"2024-04-18T07:30:38","slug":"deseno-de-diptico-a4","status":"publish","type":"product","link":"https:\/\/englody.com\/gl\/producto\/deseno-de-diptico-a4\/","title":{"rendered":"Dese\u00f1o de D\u00edptico A4"},"content":{"rendered":"","protected":false},"excerpt":{"rendered":"<p>Dese\u00f1o, maquetaci\u00f3n e artefinalizado dun d\u00edptico tama\u00f1o A5 pechado (148 x 210 mm), aberto ten un tama\u00f1o A4 (210 x 297 mm). Este formato \u00e9 ideal para informar aos teus futuros alumnos sobre o programa educativo e caracter\u00edsticas particulares da t\u00faa Academia de Ingl\u00e9s.<\/p>\n<p>Traballaremos xuntos no concepto e no dese\u00f1o ata lograr o resultado desexado. Pasar\u00e9mosche as artes finais listas para enviar \u00e1 t\u00faa imprenta de confianza. Queres que cho imprimamos n\u00f3s? Contacta connosco e pasar\u00e9mosche orzamento detallado.<\/p>\n","protected":false},"featured_media":6364,"template":"","meta":{"_joinchat":[]},"product_brand":[],"product_cat":[171,166],"product_tag":[],"giftcard-category":[],"class_list":{"0":"post-8788","1":"product","2":"type-product","3":"status-publish","4":"has-post-thumbnail","6":"product_cat-deseno-grafico","7":"product_cat-todos","9":"first","10":"instock","11":"taxable","12":"shipping-taxable","13":"purchasable","14":"product-type-simple"},"yoast_head":"<!-- This site is optimized with the Yoast SEO plugin v25.4 - https:\/\/yoast.com\/wordpress\/plugins\/seo\/ -->\n<title>Dese\u00f1o de D\u00edptico A4 - Englody | Software de gesti\u00f3n 360\u00ba para Academias de Ingl\u00e9s<\/title>\n<meta name=\"robots\" content=\"index, follow, max-snippet:-1, max-image-preview:large, max-video-preview:-1\" \/>\n<link rel=\"canonical\" href=\"https:\/\/englody.com\/producto\/diseno-de-diptico-a4\/\" \/>\n<meta property=\"og:locale\" content=\"gl_ES\" \/>\n<meta property=\"og:type\" content=\"article\" \/>\n<meta property=\"og:title\" content=\"Dese\u00f1o de D\u00edptico A4 - Englody | Software de gesti\u00f3n 360\u00ba para Academias de Ingl\u00e9s\" \/>\n<meta property=\"og:description\" content=\"Dese\u00f1o, maquetaci\u00f3n e artefinalizado dun d\u00edptico tama\u00f1o A5 pechado (148 x 210 mm), aberto ten un tama\u00f1o A4 (210 x 297 mm). Este formato \u00e9 ideal para informar aos teus futuros alumnos sobre o programa educativo e caracter\u00edsticas particulares da t\u00faa Academia de Ingl\u00e9s.  Traballaremos xuntos no concepto e no dese\u00f1o ata lograr o resultado desexado. Pasar\u00e9mosche as artes finais listas para enviar \u00e1 t\u00faa imprenta de confianza. Queres que cho imprimamos n\u00f3s? Contacta connosco e pasar\u00e9mosche orzamento detallado.\" \/>\n<meta property=\"og:url\" content=\"https:\/\/englody.com\/producto\/diseno-de-diptico-a4\/\" \/>\n<meta property=\"og:site_name\" content=\"Englody | Software de gesti\u00f3n 360\u00ba para Academias de Ingl\u00e9s\" \/>\n<meta property=\"og:image\" content=\"https:\/\/englody.com\/wp-content\/uploads\/2024\/04\/englody-grafico-flyer-englishfactory.jpg\" \/>\n\t<meta property=\"og:image:width\" content=\"1080\" \/>\n\t<meta property=\"og:image:height\" content=\"1080\" \/>\n\t<meta property=\"og:image:type\" content=\"image\/jpeg\" \/>\n<meta name=\"twitter:card\" content=\"summary_large_image\" \/>\n<script type=\"application\/ld+json\" class=\"yoast-schema-graph\">{\"@context\":\"https:\/\/schema.org\",\"@graph\":[{\"@type\":\"WebPage\",\"@id\":\"https:\/\/englody.com\/producto\/diseno-de-diptico-a4\/\",\"url\":\"https:\/\/englody.com\/producto\/diseno-de-diptico-a4\/\",\"name\":\"Dese\u00f1o de D\u00edptico A4 - Englody | Software de gesti\u00f3n 360\u00ba para Academias de Ingl\u00e9s\",\"isPartOf\":{\"@id\":\"https:\/\/englody.com\/#website\"},\"primaryImageOfPage\":{\"@id\":\"https:\/\/englody.com\/producto\/diseno-de-diptico-a4\/#primaryimage\"},\"image\":{\"@id\":\"https:\/\/englody.com\/producto\/diseno-de-diptico-a4\/#primaryimage\"},\"thumbnailUrl\":\"https:\/\/englody.com\/wp-content\/uploads\/2024\/04\/englody-grafico-flyer-englishfactory.jpg\",\"datePublished\":\"2024-04-18T07:30:38+00:00\",\"breadcrumb\":{\"@id\":\"https:\/\/englody.com\/producto\/diseno-de-diptico-a4\/#breadcrumb\"},\"inLanguage\":\"gl-ES\",\"potentialAction\":[{\"@type\":\"ReadAction\",\"target\":[\"https:\/\/englody.com\/producto\/diseno-de-diptico-a4\/\"]}]},{\"@type\":\"ImageObject\",\"inLanguage\":\"gl-ES\",\"@id\":\"https:\/\/englody.com\/producto\/diseno-de-diptico-a4\/#primaryimage\",\"url\":\"https:\/\/englody.com\/wp-content\/uploads\/2024\/04\/englody-grafico-flyer-englishfactory.jpg\",\"contentUrl\":\"https:\/\/englody.com\/wp-content\/uploads\/2024\/04\/englody-grafico-flyer-englishfactory.jpg\",\"width\":1080,\"height\":1080},{\"@type\":\"BreadcrumbList\",\"@id\":\"https:\/\/englody.com\/producto\/diseno-de-diptico-a4\/#breadcrumb\",\"itemListElement\":[{\"@type\":\"ListItem\",\"position\":1,\"name\":\"Portada\",\"item\":\"https:\/\/englody.com\/gl\/\"},{\"@type\":\"ListItem\",\"position\":2,\"name\":\"Shop\",\"item\":\"https:\/\/englody.com\/gl\/shop\/\"},{\"@type\":\"ListItem\",\"position\":3,\"name\":\"Dese\u00f1o de D\u00edptico A4\"}]},{\"@type\":\"WebSite\",\"@id\":\"https:\/\/englody.com\/#website\",\"url\":\"https:\/\/englody.com\/\",\"name\":\"Englody | Software de gesti\u00f3n 360\u00ba para Academias de Ingl\u00e9s\",\"description\":\"\",\"potentialAction\":[{\"@type\":\"SearchAction\",\"target\":{\"@type\":\"EntryPoint\",\"urlTemplate\":\"https:\/\/englody.com\/?s={search_term_string}\"},\"query-input\":{\"@type\":\"PropertyValueSpecification\",\"valueRequired\":true,\"valueName\":\"search_term_string\"}}],\"inLanguage\":\"gl-ES\"}]}<\/script>\n<!-- \/ Yoast SEO plugin. -->","yoast_head_json":{"title":"Dese\u00f1o de D\u00edptico A4 - Englody | Software de gesti\u00f3n 360\u00ba para Academias de Ingl\u00e9s","robots":{"index":"index","follow":"follow","max-snippet":"max-snippet:-1","max-image-preview":"max-image-preview:large","max-video-preview":"max-video-preview:-1"},"canonical":"https:\/\/englody.com\/producto\/diseno-de-diptico-a4\/","og_locale":"gl_ES","og_type":"article","og_title":"Dese\u00f1o de D\u00edptico A4 - Englody | Software de gesti\u00f3n 360\u00ba para Academias de Ingl\u00e9s","og_description":"Dese\u00f1o, maquetaci\u00f3n e artefinalizado dun d\u00edptico tama\u00f1o A5 pechado (148 x 210 mm), aberto ten un tama\u00f1o A4 (210 x 297 mm). Este formato \u00e9 ideal para informar aos teus futuros alumnos sobre o programa educativo e caracter\u00edsticas particulares da t\u00faa Academia de Ingl\u00e9s.  Traballaremos xuntos no concepto e no dese\u00f1o ata lograr o resultado desexado. Pasar\u00e9mosche as artes finais listas para enviar \u00e1 t\u00faa imprenta de confianza. Queres que cho imprimamos n\u00f3s? Contacta connosco e pasar\u00e9mosche orzamento detallado.","og_url":"https:\/\/englody.com\/producto\/diseno-de-diptico-a4\/","og_site_name":"Englody | Software de gesti\u00f3n 360\u00ba para Academias de Ingl\u00e9s","og_image":[{"width":1080,"height":1080,"url":"https:\/\/englody.com\/wp-content\/uploads\/2024\/04\/englody-grafico-flyer-englishfactory.jpg","type":"image\/jpeg"}],"twitter_card":"summary_large_image","schema":{"@context":"https:\/\/schema.org","@graph":[{"@type":"WebPage","@id":"https:\/\/englody.com\/producto\/diseno-de-diptico-a4\/","url":"https:\/\/englody.com\/producto\/diseno-de-diptico-a4\/","name":"Dese\u00f1o de D\u00edptico A4 - Englody | Software de gesti\u00f3n 360\u00ba para Academias de Ingl\u00e9s","isPartOf":{"@id":"https:\/\/englody.com\/#website"},"primaryImageOfPage":{"@id":"https:\/\/englody.com\/producto\/diseno-de-diptico-a4\/#primaryimage"},"image":{"@id":"https:\/\/englody.com\/producto\/diseno-de-diptico-a4\/#primaryimage"},"thumbnailUrl":"https:\/\/englody.com\/wp-content\/uploads\/2024\/04\/englody-grafico-flyer-englishfactory.jpg","datePublished":"2024-04-18T07:30:38+00:00","breadcrumb":{"@id":"https:\/\/englody.com\/producto\/diseno-de-diptico-a4\/#breadcrumb"},"inLanguage":"gl-ES","potentialAction":[{"@type":"ReadAction","target":["https:\/\/englody.com\/producto\/diseno-de-diptico-a4\/"]}]},{"@type":"ImageObject","inLanguage":"gl-ES","@id":"https:\/\/englody.com\/producto\/diseno-de-diptico-a4\/#primaryimage","url":"https:\/\/englody.com\/wp-content\/uploads\/2024\/04\/englody-grafico-flyer-englishfactory.jpg","contentUrl":"https:\/\/englody.com\/wp-content\/uploads\/2024\/04\/englody-grafico-flyer-englishfactory.jpg","width":1080,"height":1080},{"@type":"BreadcrumbList","@id":"https:\/\/englody.com\/producto\/diseno-de-diptico-a4\/#breadcrumb","itemListElement":[{"@type":"ListItem","position":1,"name":"Portada","item":"https:\/\/englody.com\/gl\/"},{"@type":"ListItem","position":2,"name":"Shop","item":"https:\/\/englody.com\/gl\/shop\/"},{"@type":"ListItem","position":3,"name":"Dese\u00f1o de D\u00edptico A4"}]},{"@type":"WebSite","@id":"https:\/\/englody.com\/#website","url":"https:\/\/englody.com\/","name":"Englody | Software de gesti\u00f3n 360\u00ba para Academias de Ingl\u00e9s","description":"","potentialAction":[{"@type":"SearchAction","target":{"@type":"EntryPoint","urlTemplate":"https:\/\/englody.com\/?s={search_term_string}"},"query-input":{"@type":"PropertyValueSpecification","valueRequired":true,"valueName":"search_term_string"}}],"inLanguage":"gl-ES"}]}},"tiered_pricing_type":"fixed","tiered_pricing_fixed_rules":[],"tiered_pricing_product_settings":{"layout":"default","base_unit_name":{"singular":null,"plural":null},"default_variation":null},"tiered_pricing_minimum_quantity":null,"tiered_pricing_roles_data":[],"tiered_pricing_percentage_rules":[],"tiered_pricing_maximum_quantity":null,"tiered_pricing_quantity_step":null,"_links":{"self":[{"href":"https:\/\/englody.com\/gl\/wp-json\/wp\/v2\/product\/8788","targetHints":{"allow":["GET"]}}],"collection":[{"href":"https:\/\/englody.com\/gl\/wp-json\/wp\/v2\/product"}],"about":[{"href":"https:\/\/englody.com\/gl\/wp-json\/wp\/v2\/types\/product"}],"wp:featuredmedia":[{"embeddable":true,"href":"https:\/\/englody.com\/gl\/wp-json\/wp\/v2\/media\/6364"}],"wp:attachment":[{"href":"https:\/\/englody.com\/gl\/wp-json\/wp\/v2\/media?parent=8788"}],"wp:term":[{"taxonomy":"product_brand","embeddable":true,"href":"https:\/\/englody.com\/gl\/wp-json\/wp\/v2\/product_brand?post=8788"},{"taxonomy":"product_cat","embeddable":true,"href":"https:\/\/englody.com\/gl\/wp-json\/wp\/v2\/product_cat?post=8788"},{"taxonomy":"product_tag","embeddable":true,"href":"https:\/\/englody.com\/gl\/wp-json\/wp\/v2\/product_tag?post=8788"},{"taxonomy":"giftcard-category","embeddable":true,"href":"https:\/\/englody.com\/gl\/wp-json\/wp\/v2\/giftcard-category?post=8788"}],"curies":[{"name":"wp","href":"https:\/\/api.w.org\/{rel}","templated":true}]}}