{"id":8795,"date":"2023-12-22T09:34:15","date_gmt":"2023-12-22T08:34:15","guid":{"rendered":"https:\/\/englody.com\/producto\/anuncia-a-tua-academia-de-ingles\/"},"modified":"2023-12-22T09:34:15","modified_gmt":"2023-12-22T08:34:15","slug":"anuncia-a-tua-academia-de-ingles","status":"publish","type":"product","link":"https:\/\/englody.com\/gl\/producto\/anuncia-a-tua-academia-de-ingles\/","title":{"rendered":"Anuncia a t\u00faa Academia de Ingl\u00e9s"},"content":{"rendered":"","protected":false},"excerpt":{"rendered":"<p>Necesitas vender a t\u00faa Academia de Ingl\u00e9s? En Englody contamos coa maior rede de contactos e investidores do sector para facilitarche a tarefa. Ofrecemos un servizo integral de venda de Academias ou Escolas de Idiomas, de principio a fin, co \u00fanico obxectivo de garantir un proceso transparente e legal, sen perder tempo nin compradores nin vendedores.<\/p>\n<h2 style=\"font-size: 1.5em; line-height: 1.2em; font-weight: bold;\">Anuncia a t\u00faa Academia de Ingl\u00e9s en Englody e goza destas vantaxes:<\/h2>\n<p><i class=\"icon-tiny fa fa-check extra-color-1\" style=\"color: #f8ac17;\"><\/i>\u00a0Publicaci\u00f3n da t\u00faa Academia de Ingl\u00e9s na nosa href=&#8221;https:\/\/englody.com\/compra-venda-de-academias\/vender-academia-de-\u00ednguas\/&#8221;>plataforma de compra-venda<\/a> (o maior portal especializado en Espa\u00f1a).<br \/>\n<i class=\"icon-tiny fa fa-check extra-color-1\" style=\"color: #f8ac17;\"><\/i>\u00a0Asesoramento experto para tomar as decisi\u00f3ns correctas unha vez informado.<br \/>\n<i class=\"icon-tiny fa fa-check extra-color-1\" style=\"color: #f8ac17;\"><\/i>\u00a0Acceso a contactos, investidores e persoas interesadas.<br \/>\n<i class=\"icon-tiny fa fa-check extra-color-1\" style=\"color: #f8ac17;\"><\/i>\u00a0Transparencia absoluta en todo o proceso.<br \/>\n<i class=\"icon-tiny fa fa-check extra-color-1\" style=\"color: #f8ac17;\"><\/i>\u00a0Asesoramento xur\u00eddico especializado na venda de sociedades.<br \/>\n<i class=\"icon-tiny fa fa-check extra-color-1\" style=\"color: #f8ac17;\"><\/i>\u00a0Mediador especializado no sector das Academias de Ingl\u00e9s que buscar\u00e1 o punto de equilibrio para que ambas as partes saian ga\u00f1ando.<\/p>\n","protected":false},"featured_media":6100,"template":"","meta":{"_joinchat":[]},"product_brand":[],"product_cat":[185,166],"product_tag":[],"giftcard-category":[],"class_list":{"0":"post-8795","1":"product","2":"type-product","3":"status-publish","4":"has-post-thumbnail","6":"product_cat-compra-venda","7":"product_cat-todos","9":"first","10":"instock","11":"virtual","12":"taxable","13":"purchasable","14":"product-type-simple"},"yoast_head":"<!-- This site is optimized with the Yoast SEO plugin v27.4 - https:\/\/yoast.com\/product\/yoast-seo-wordpress\/ -->\n<title>Anuncia a t\u00faa Academia de Ingl\u00e9s - Vende a t\u00faa Academia con Englody<\/title>\n<meta name=\"description\" content=\"Necesitas vender a t\u00faa Academia de Ingl\u00e9s? Anuncia a t\u00faa Academia de Ingl\u00e9s na nosa plataforma de compra-venda, o maior portal especializado en Espa\u00f1a).\" \/>\n<meta name=\"robots\" content=\"index, follow, max-snippet:-1, max-image-preview:large, max-video-preview:-1\" \/>\n<link rel=\"canonical\" href=\"https:\/\/englody.com\/producto\/anuncia-tu-academia-de-ingles\/\" \/>\n<meta property=\"og:locale\" content=\"gl_ES\" \/>\n<meta property=\"og:type\" content=\"article\" \/>\n<meta property=\"og:title\" content=\"Anuncia a t\u00faa Academia de Ingl\u00e9s - Vende a t\u00faa Academia con Englody\" \/>\n<meta property=\"og:description\" content=\"Necesitas vender a t\u00faa Academia de Ingl\u00e9s? Anuncia a t\u00faa Academia de Ingl\u00e9s na nosa plataforma de compra-venda, o maior portal especializado en Espa\u00f1a).\" \/>\n<meta property=\"og:url\" content=\"https:\/\/englody.com\/producto\/anuncia-tu-academia-de-ingles\/\" \/>\n<meta property=\"og:site_name\" content=\"Englody | Software de gesti\u00f3n 360\u00ba para Academias de Ingl\u00e9s\" \/>\n<meta property=\"og:image\" content=\"https:\/\/englody.com\/wp-content\/uploads\/2023\/12\/englody-compraventa-academias-ingles.jpg\" \/>\n\t<meta property=\"og:image:width\" content=\"1080\" \/>\n\t<meta property=\"og:image:height\" content=\"1080\" \/>\n\t<meta property=\"og:image:type\" content=\"image\/jpeg\" \/>\n<meta name=\"twitter:card\" content=\"summary_large_image\" \/>\n<script type=\"application\/ld+json\" class=\"yoast-schema-graph\">{\"@context\":\"https:\\\/\\\/schema.org\",\"@graph\":[{\"@type\":\"WebPage\",\"@id\":\"https:\\\/\\\/englody.com\\\/producto\\\/anuncia-tu-academia-de-ingles\\\/\",\"url\":\"https:\\\/\\\/englody.com\\\/producto\\\/anuncia-tu-academia-de-ingles\\\/\",\"name\":\"Anuncia a t\u00faa Academia de Ingl\u00e9s - Vende a t\u00faa Academia con Englody\",\"isPartOf\":{\"@id\":\"https:\\\/\\\/englody.com\\\/#website\"},\"primaryImageOfPage\":{\"@id\":\"https:\\\/\\\/englody.com\\\/producto\\\/anuncia-tu-academia-de-ingles\\\/#primaryimage\"},\"image\":{\"@id\":\"https:\\\/\\\/englody.com\\\/producto\\\/anuncia-tu-academia-de-ingles\\\/#primaryimage\"},\"thumbnailUrl\":\"https:\\\/\\\/englody.com\\\/wp-content\\\/uploads\\\/2023\\\/12\\\/englody-compraventa-academias-ingles.jpg\",\"datePublished\":\"2023-12-22T08:34:15+00:00\",\"description\":\"Necesitas vender a t\u00faa Academia de Ingl\u00e9s? Anuncia a t\u00faa Academia de Ingl\u00e9s na nosa plataforma de compra-venda, o maior portal especializado en Espa\u00f1a).\",\"breadcrumb\":{\"@id\":\"https:\\\/\\\/englody.com\\\/producto\\\/anuncia-tu-academia-de-ingles\\\/#breadcrumb\"},\"inLanguage\":\"gl-ES\",\"potentialAction\":[{\"@type\":\"ReadAction\",\"target\":[\"https:\\\/\\\/englody.com\\\/producto\\\/anuncia-tu-academia-de-ingles\\\/\"]}]},{\"@type\":\"ImageObject\",\"inLanguage\":\"gl-ES\",\"@id\":\"https:\\\/\\\/englody.com\\\/producto\\\/anuncia-tu-academia-de-ingles\\\/#primaryimage\",\"url\":\"https:\\\/\\\/englody.com\\\/wp-content\\\/uploads\\\/2023\\\/12\\\/englody-compraventa-academias-ingles.jpg\",\"contentUrl\":\"https:\\\/\\\/englody.com\\\/wp-content\\\/uploads\\\/2023\\\/12\\\/englody-compraventa-academias-ingles.jpg\",\"width\":1080,\"height\":1080,\"caption\":\"Compra venda de academias de ingl\u00e9s\"},{\"@type\":\"BreadcrumbList\",\"@id\":\"https:\\\/\\\/englody.com\\\/producto\\\/anuncia-tu-academia-de-ingles\\\/#breadcrumb\",\"itemListElement\":[{\"@type\":\"ListItem\",\"position\":1,\"name\":\"Portada\",\"item\":\"https:\\\/\\\/englody.com\\\/gl\\\/\"},{\"@type\":\"ListItem\",\"position\":2,\"name\":\"Shop\",\"item\":\"https:\\\/\\\/englody.com\\\/gl\\\/shop\\\/\"},{\"@type\":\"ListItem\",\"position\":3,\"name\":\"Anuncia a t\u00faa Academia de Ingl\u00e9s\"}]},{\"@type\":\"WebSite\",\"@id\":\"https:\\\/\\\/englody.com\\\/#website\",\"url\":\"https:\\\/\\\/englody.com\\\/\",\"name\":\"Englody | Software de gesti\u00f3n 360\u00ba para Academias de Ingl\u00e9s\",\"description\":\"\",\"potentialAction\":[{\"@type\":\"SearchAction\",\"target\":{\"@type\":\"EntryPoint\",\"urlTemplate\":\"https:\\\/\\\/englody.com\\\/?s={search_term_string}\"},\"query-input\":{\"@type\":\"PropertyValueSpecification\",\"valueRequired\":true,\"valueName\":\"search_term_string\"}}],\"inLanguage\":\"gl-ES\"}]}<\/script>\n<!-- \/ Yoast SEO plugin. -->","yoast_head_json":{"title":"Anuncia a t\u00faa Academia de Ingl\u00e9s - Vende a t\u00faa Academia con Englody","description":"Necesitas vender a t\u00faa Academia de Ingl\u00e9s? Anuncia a t\u00faa Academia de Ingl\u00e9s na nosa plataforma de compra-venda, o maior portal especializado en Espa\u00f1a).","robots":{"index":"index","follow":"follow","max-snippet":"max-snippet:-1","max-image-preview":"max-image-preview:large","max-video-preview":"max-video-preview:-1"},"canonical":"https:\/\/englody.com\/producto\/anuncia-tu-academia-de-ingles\/","og_locale":"gl_ES","og_type":"article","og_title":"Anuncia a t\u00faa Academia de Ingl\u00e9s - Vende a t\u00faa Academia con Englody","og_description":"Necesitas vender a t\u00faa Academia de Ingl\u00e9s? Anuncia a t\u00faa Academia de Ingl\u00e9s na nosa plataforma de compra-venda, o maior portal especializado en Espa\u00f1a).","og_url":"https:\/\/englody.com\/producto\/anuncia-tu-academia-de-ingles\/","og_site_name":"Englody | Software de gesti\u00f3n 360\u00ba para Academias de Ingl\u00e9s","og_image":[{"width":1080,"height":1080,"url":"https:\/\/englody.com\/wp-content\/uploads\/2023\/12\/englody-compraventa-academias-ingles.jpg","type":"image\/jpeg"}],"twitter_card":"summary_large_image","schema":{"@context":"https:\/\/schema.org","@graph":[{"@type":"WebPage","@id":"https:\/\/englody.com\/producto\/anuncia-tu-academia-de-ingles\/","url":"https:\/\/englody.com\/producto\/anuncia-tu-academia-de-ingles\/","name":"Anuncia a t\u00faa Academia de Ingl\u00e9s - Vende a t\u00faa Academia con Englody","isPartOf":{"@id":"https:\/\/englody.com\/#website"},"primaryImageOfPage":{"@id":"https:\/\/englody.com\/producto\/anuncia-tu-academia-de-ingles\/#primaryimage"},"image":{"@id":"https:\/\/englody.com\/producto\/anuncia-tu-academia-de-ingles\/#primaryimage"},"thumbnailUrl":"https:\/\/englody.com\/wp-content\/uploads\/2023\/12\/englody-compraventa-academias-ingles.jpg","datePublished":"2023-12-22T08:34:15+00:00","description":"Necesitas vender a t\u00faa Academia de Ingl\u00e9s? Anuncia a t\u00faa Academia de Ingl\u00e9s na nosa plataforma de compra-venda, o maior portal especializado en Espa\u00f1a).","breadcrumb":{"@id":"https:\/\/englody.com\/producto\/anuncia-tu-academia-de-ingles\/#breadcrumb"},"inLanguage":"gl-ES","potentialAction":[{"@type":"ReadAction","target":["https:\/\/englody.com\/producto\/anuncia-tu-academia-de-ingles\/"]}]},{"@type":"ImageObject","inLanguage":"gl-ES","@id":"https:\/\/englody.com\/producto\/anuncia-tu-academia-de-ingles\/#primaryimage","url":"https:\/\/englody.com\/wp-content\/uploads\/2023\/12\/englody-compraventa-academias-ingles.jpg","contentUrl":"https:\/\/englody.com\/wp-content\/uploads\/2023\/12\/englody-compraventa-academias-ingles.jpg","width":1080,"height":1080,"caption":"Compra venda de academias de ingl\u00e9s"},{"@type":"BreadcrumbList","@id":"https:\/\/englody.com\/producto\/anuncia-tu-academia-de-ingles\/#breadcrumb","itemListElement":[{"@type":"ListItem","position":1,"name":"Portada","item":"https:\/\/englody.com\/gl\/"},{"@type":"ListItem","position":2,"name":"Shop","item":"https:\/\/englody.com\/gl\/shop\/"},{"@type":"ListItem","position":3,"name":"Anuncia a t\u00faa Academia de Ingl\u00e9s"}]},{"@type":"WebSite","@id":"https:\/\/englody.com\/#website","url":"https:\/\/englody.com\/","name":"Englody | Software de gesti\u00f3n 360\u00ba para Academias de Ingl\u00e9s","description":"","potentialAction":[{"@type":"SearchAction","target":{"@type":"EntryPoint","urlTemplate":"https:\/\/englody.com\/?s={search_term_string}"},"query-input":{"@type":"PropertyValueSpecification","valueRequired":true,"valueName":"search_term_string"}}],"inLanguage":"gl-ES"}]}},"tiered_pricing_type":"fixed","tiered_pricing_fixed_rules":[],"tiered_pricing_product_settings":{"layout":"default","base_unit_name":{"singular":null,"plural":null},"default_variation":null},"tiered_pricing_minimum_quantity":null,"tiered_pricing_roles_data":[],"tiered_pricing_percentage_rules":[],"tiered_pricing_maximum_quantity":null,"tiered_pricing_quantity_step":null,"_links":{"self":[{"href":"https:\/\/englody.com\/gl\/wp-json\/wp\/v2\/product\/8795","targetHints":{"allow":["GET"]}}],"collection":[{"href":"https:\/\/englody.com\/gl\/wp-json\/wp\/v2\/product"}],"about":[{"href":"https:\/\/englody.com\/gl\/wp-json\/wp\/v2\/types\/product"}],"wp:featuredmedia":[{"embeddable":true,"href":"https:\/\/englody.com\/gl\/wp-json\/wp\/v2\/media\/6100"}],"wp:attachment":[{"href":"https:\/\/englody.com\/gl\/wp-json\/wp\/v2\/media?parent=8795"}],"wp:term":[{"taxonomy":"product_brand","embeddable":true,"href":"https:\/\/englody.com\/gl\/wp-json\/wp\/v2\/product_brand?post=8795"},{"taxonomy":"product_cat","embeddable":true,"href":"https:\/\/englody.com\/gl\/wp-json\/wp\/v2\/product_cat?post=8795"},{"taxonomy":"product_tag","embeddable":true,"href":"https:\/\/englody.com\/gl\/wp-json\/wp\/v2\/product_tag?post=8795"},{"taxonomy":"giftcard-category","embeddable":true,"href":"https:\/\/englody.com\/gl\/wp-json\/wp\/v2\/giftcard-category?post=8795"}],"curies":[{"name":"wp","href":"https:\/\/api.w.org\/{rel}","templated":true}]}}