{"id":8829,"date":"2023-12-22T09:23:46","date_gmt":"2023-12-22T08:23:46","guid":{"rendered":"https:\/\/englody.com\/producto\/ads-sem-campaign\/"},"modified":"2023-12-22T09:23:46","modified_gmt":"2023-12-22T08:23:46","slug":"ads-sem-campaign","status":"publish","type":"product","link":"https:\/\/englody.com\/gl\/producto\/ads-sem-campaign\/","title":{"rendered":"Ads + SEM Campaign"},"content":{"rendered":"","protected":false},"excerpt":{"rendered":"<p>Anunciarse en Meta (Facebook e Instagram) e Google \u00e9 clave para impulsar o seu negocio. Coa nosa experiencia en dese\u00f1o e xesti\u00f3n de campa\u00f1as, transformamos a s\u00faa presenza en li\u00f1a nun potente im\u00e1n para estudantes, axud\u00e1ndolle a atraer tr\u00e1fico cualificado e aumentar a s\u00faa matr\u00edcula.<\/p>\n<p><strong>Que ofrecemos?<\/strong><br \/>\n\u2705 <strong>Dese\u00f1o personalizado<\/strong>: Creamos anuncios adaptados a cada plataforma, garantindo que a s\u00faa mensaxe ecoe en todos os recunchos da internet.<br \/>\n\u2705 <strong>Xesti\u00f3n Integral<\/strong>: Desde a configuraci\u00f3n ata a optimizaci\u00f3n, encarg\u00e1monos de cada paso para maximizar os seus resultados en ambas as plataformas.<br \/>\n\u2705 <strong>Vixilancia detallada<\/strong>: Monitoreamos o rendemento das campa\u00f1as e envi\u00e1moslle informes mensuais con informaci\u00f3n valiosa.<br \/>\n\u2705 <strong>Englody Leads Gratis<\/strong>: Implementaci\u00f3n e optimizaci\u00f3n do noso exclusivo sistema Englody Leads, valorado en 750 \u20ac, para a xesti\u00f3n de leads nas diferentes etapas do embude de vendas. *Servizo gratu\u00edto durante a vixencia do servizo Englody.<\/p>\n<p><strong>A campa\u00f1a incl\u00fae:<\/strong><\/p>\n<ul>\n<li><strong>Grupo de anuncios en Meta<\/strong>: 2 imaxes e 1 v\u00eddeo, dese\u00f1ados para captar a atenci\u00f3n do teu p\u00fablico obxectivo.<\/li>\n<li><strong>Ad group on Google<\/strong>: Anuncios optimizados para aumentar a t\u00faa visibilidade e atraer tr\u00e1fico cualificado ao teu sitio web.<\/li>\n<\/ul>\n<p><strong>Todo por s\u00f3 500\u20ac + IVE ao mes.<\/strong><br \/>\nIsto non incl\u00fae o investimento publicitario, que o cliente abonar\u00e1 directamente a Meta e Google. O investimento acordarase entre o cliente e Englody, cun investimento m\u00ednimo recomendado de entre 300 e 500 \u20ac para META e de 150 ou 300 \u20ac para Google, segundo a cidade e os obxectivos para alcanzar.<\/p>\n<p>Aproveita o poder combinado das redes sociais e Google como o teu escaparate dixital. Aumenta a visibilidade da t\u00faa marca, atrae tr\u00e1fico cualificado ao teu sitio web e aumenta os teus rexistros. Non deixes pasar esta oportunidade!<\/p>\n","protected":false},"featured_media":5543,"template":"","meta":{"_joinchat":[]},"product_brand":[],"product_cat":[186,166],"product_tag":[],"giftcard-category":[],"class_list":{"0":"post-8829","1":"product","2":"type-product","3":"status-publish","4":"has-post-thumbnail","6":"product_cat-marketing-gl","7":"product_cat-todos","9":"first","10":"instock","11":"virtual","12":"taxable","13":"purchasable","14":"product-type-subscription"},"yoast_head":"<!-- This site is optimized with the Yoast SEO plugin v27.4 - https:\/\/yoast.com\/product\/yoast-seo-wordpress\/ -->\n<title>Ads + SEM Campaign - Englody | Software de gesti\u00f3n 360\u00ba para Academias de Ingl\u00e9s<\/title>\n<meta name=\"robots\" content=\"index, follow, max-snippet:-1, max-image-preview:large, max-video-preview:-1\" \/>\n<link rel=\"canonical\" href=\"https:\/\/englody.com\/producto\/campana-de-ads-sem\/\" \/>\n<meta property=\"og:locale\" content=\"gl_ES\" \/>\n<meta property=\"og:type\" content=\"article\" \/>\n<meta property=\"og:title\" content=\"Ads + SEM Campaign - Englody | Software de gesti\u00f3n 360\u00ba para Academias de Ingl\u00e9s\" \/>\n<meta property=\"og:description\" content=\"Anunciarse en Meta (Facebook e Instagram) e Google \u00e9 clave para impulsar o seu negocio. Coa nosa experiencia en dese\u00f1o e xesti\u00f3n de campa\u00f1as, transformamos a s\u00faa presenza en li\u00f1a nun potente im\u00e1n para estudantes, axud\u00e1ndolle a atraer tr\u00e1fico cualificado e aumentar a s\u00faa matr\u00edcula.  Que ofrecemos? \u2705 Dese\u00f1o personalizado: Creamos anuncios adaptados a cada plataforma, garantindo que a s\u00faa mensaxe ecoe en todos os recunchos da internet. \u2705 Xesti\u00f3n Integral: Desde a configuraci\u00f3n ata a optimizaci\u00f3n, encarg\u00e1monos de cada paso para maximizar os seus resultados en ambas as plataformas. \u2705 Vixilancia detallada: Monitoreamos o rendemento das campa\u00f1as e envi\u00e1moslle informes mensuais con informaci\u00f3n valiosa. \u2705 Englody Leads Gratis: Implementaci\u00f3n e optimizaci\u00f3n do noso exclusivo sistema Englody Leads, valorado en 750 \u20ac, para a xesti\u00f3n de leads nas diferentes etapas do embude de vendas. *Servizo gratu\u00edto durante a vixencia do servizo Englody.  A campa\u00f1a incl\u00fae:   Grupo de anuncios en Meta: 2 imaxes e 1 v\u00eddeo, dese\u00f1ados para captar a atenci\u00f3n do teu p\u00fablico obxectivo.  Ad group on Google: Anuncios optimizados para aumentar a t\u00faa visibilidade e atraer tr\u00e1fico cualificado ao teu sitio web.  Todo por s\u00f3 500\u20ac + IVE ao mes. Isto non incl\u00fae o investimento publicitario, que o cliente abonar\u00e1 directamente a Meta e Google. O investimento acordarase entre o cliente e Englody, cun investimento m\u00ednimo recomendado de entre 300 e 500 \u20ac para META e de 150 ou 300 \u20ac para Google, segundo a cidade e os obxectivos para alcanzar.  Aproveita o poder combinado das redes sociais e Google como o teu escaparate dixital. Aumenta a visibilidade da t\u00faa marca, atrae tr\u00e1fico cualificado ao teu sitio web e aumenta os teus rexistros. Non deixes pasar esta oportunidade!\" \/>\n<meta property=\"og:url\" content=\"https:\/\/englody.com\/producto\/campana-de-ads-sem\/\" \/>\n<meta property=\"og:site_name\" content=\"Englody | Software de gesti\u00f3n 360\u00ba para Academias de Ingl\u00e9s\" \/>\n<meta property=\"og:image\" content=\"https:\/\/englody.com\/wp-content\/uploads\/2023\/12\/ads-sem.png\" \/>\n\t<meta property=\"og:image:width\" content=\"1080\" \/>\n\t<meta property=\"og:image:height\" content=\"1080\" \/>\n\t<meta property=\"og:image:type\" content=\"image\/png\" \/>\n<meta name=\"twitter:card\" content=\"summary_large_image\" \/>\n<script type=\"application\/ld+json\" class=\"yoast-schema-graph\">{\"@context\":\"https:\\\/\\\/schema.org\",\"@graph\":[{\"@type\":\"WebPage\",\"@id\":\"https:\\\/\\\/englody.com\\\/producto\\\/campana-de-ads-sem\\\/\",\"url\":\"https:\\\/\\\/englody.com\\\/producto\\\/campana-de-ads-sem\\\/\",\"name\":\"Ads + SEM Campaign - Englody | Software de gesti\u00f3n 360\u00ba para Academias de Ingl\u00e9s\",\"isPartOf\":{\"@id\":\"https:\\\/\\\/englody.com\\\/#website\"},\"primaryImageOfPage\":{\"@id\":\"https:\\\/\\\/englody.com\\\/producto\\\/campana-de-ads-sem\\\/#primaryimage\"},\"image\":{\"@id\":\"https:\\\/\\\/englody.com\\\/producto\\\/campana-de-ads-sem\\\/#primaryimage\"},\"thumbnailUrl\":\"https:\\\/\\\/englody.com\\\/wp-content\\\/uploads\\\/2023\\\/12\\\/ads-sem.png\",\"datePublished\":\"2023-12-22T08:23:46+00:00\",\"breadcrumb\":{\"@id\":\"https:\\\/\\\/englody.com\\\/producto\\\/campana-de-ads-sem\\\/#breadcrumb\"},\"inLanguage\":\"gl-ES\",\"potentialAction\":[{\"@type\":\"ReadAction\",\"target\":[\"https:\\\/\\\/englody.com\\\/producto\\\/campana-de-ads-sem\\\/\"]}]},{\"@type\":\"ImageObject\",\"inLanguage\":\"gl-ES\",\"@id\":\"https:\\\/\\\/englody.com\\\/producto\\\/campana-de-ads-sem\\\/#primaryimage\",\"url\":\"https:\\\/\\\/englody.com\\\/wp-content\\\/uploads\\\/2023\\\/12\\\/ads-sem.png\",\"contentUrl\":\"https:\\\/\\\/englody.com\\\/wp-content\\\/uploads\\\/2023\\\/12\\\/ads-sem.png\",\"width\":1080,\"height\":1080},{\"@type\":\"BreadcrumbList\",\"@id\":\"https:\\\/\\\/englody.com\\\/producto\\\/campana-de-ads-sem\\\/#breadcrumb\",\"itemListElement\":[{\"@type\":\"ListItem\",\"position\":1,\"name\":\"Portada\",\"item\":\"https:\\\/\\\/englody.com\\\/gl\\\/\"},{\"@type\":\"ListItem\",\"position\":2,\"name\":\"Shop\",\"item\":\"https:\\\/\\\/englody.com\\\/gl\\\/shop\\\/\"},{\"@type\":\"ListItem\",\"position\":3,\"name\":\"Ads + SEM Campaign\"}]},{\"@type\":\"WebSite\",\"@id\":\"https:\\\/\\\/englody.com\\\/#website\",\"url\":\"https:\\\/\\\/englody.com\\\/\",\"name\":\"Englody | Software de gesti\u00f3n 360\u00ba para Academias de Ingl\u00e9s\",\"description\":\"\",\"potentialAction\":[{\"@type\":\"SearchAction\",\"target\":{\"@type\":\"EntryPoint\",\"urlTemplate\":\"https:\\\/\\\/englody.com\\\/?s={search_term_string}\"},\"query-input\":{\"@type\":\"PropertyValueSpecification\",\"valueRequired\":true,\"valueName\":\"search_term_string\"}}],\"inLanguage\":\"gl-ES\"}]}<\/script>\n<!-- \/ Yoast SEO plugin. -->","yoast_head_json":{"title":"Ads + SEM Campaign - Englody | Software de gesti\u00f3n 360\u00ba para Academias de Ingl\u00e9s","robots":{"index":"index","follow":"follow","max-snippet":"max-snippet:-1","max-image-preview":"max-image-preview:large","max-video-preview":"max-video-preview:-1"},"canonical":"https:\/\/englody.com\/producto\/campana-de-ads-sem\/","og_locale":"gl_ES","og_type":"article","og_title":"Ads + SEM Campaign - Englody | Software de gesti\u00f3n 360\u00ba para Academias de Ingl\u00e9s","og_description":"Anunciarse en Meta (Facebook e Instagram) e Google \u00e9 clave para impulsar o seu negocio. Coa nosa experiencia en dese\u00f1o e xesti\u00f3n de campa\u00f1as, transformamos a s\u00faa presenza en li\u00f1a nun potente im\u00e1n para estudantes, axud\u00e1ndolle a atraer tr\u00e1fico cualificado e aumentar a s\u00faa matr\u00edcula.  Que ofrecemos? \u2705 Dese\u00f1o personalizado: Creamos anuncios adaptados a cada plataforma, garantindo que a s\u00faa mensaxe ecoe en todos os recunchos da internet. \u2705 Xesti\u00f3n Integral: Desde a configuraci\u00f3n ata a optimizaci\u00f3n, encarg\u00e1monos de cada paso para maximizar os seus resultados en ambas as plataformas. \u2705 Vixilancia detallada: Monitoreamos o rendemento das campa\u00f1as e envi\u00e1moslle informes mensuais con informaci\u00f3n valiosa. \u2705 Englody Leads Gratis: Implementaci\u00f3n e optimizaci\u00f3n do noso exclusivo sistema Englody Leads, valorado en 750 \u20ac, para a xesti\u00f3n de leads nas diferentes etapas do embude de vendas. *Servizo gratu\u00edto durante a vixencia do servizo Englody.  A campa\u00f1a incl\u00fae:   Grupo de anuncios en Meta: 2 imaxes e 1 v\u00eddeo, dese\u00f1ados para captar a atenci\u00f3n do teu p\u00fablico obxectivo.  Ad group on Google: Anuncios optimizados para aumentar a t\u00faa visibilidade e atraer tr\u00e1fico cualificado ao teu sitio web.  Todo por s\u00f3 500\u20ac + IVE ao mes. Isto non incl\u00fae o investimento publicitario, que o cliente abonar\u00e1 directamente a Meta e Google. O investimento acordarase entre o cliente e Englody, cun investimento m\u00ednimo recomendado de entre 300 e 500 \u20ac para META e de 150 ou 300 \u20ac para Google, segundo a cidade e os obxectivos para alcanzar.  Aproveita o poder combinado das redes sociais e Google como o teu escaparate dixital. Aumenta a visibilidade da t\u00faa marca, atrae tr\u00e1fico cualificado ao teu sitio web e aumenta os teus rexistros. Non deixes pasar esta oportunidade!","og_url":"https:\/\/englody.com\/producto\/campana-de-ads-sem\/","og_site_name":"Englody | Software de gesti\u00f3n 360\u00ba para Academias de Ingl\u00e9s","og_image":[{"width":1080,"height":1080,"url":"https:\/\/englody.com\/wp-content\/uploads\/2023\/12\/ads-sem.png","type":"image\/png"}],"twitter_card":"summary_large_image","schema":{"@context":"https:\/\/schema.org","@graph":[{"@type":"WebPage","@id":"https:\/\/englody.com\/producto\/campana-de-ads-sem\/","url":"https:\/\/englody.com\/producto\/campana-de-ads-sem\/","name":"Ads + SEM Campaign - Englody | Software de gesti\u00f3n 360\u00ba para Academias de Ingl\u00e9s","isPartOf":{"@id":"https:\/\/englody.com\/#website"},"primaryImageOfPage":{"@id":"https:\/\/englody.com\/producto\/campana-de-ads-sem\/#primaryimage"},"image":{"@id":"https:\/\/englody.com\/producto\/campana-de-ads-sem\/#primaryimage"},"thumbnailUrl":"https:\/\/englody.com\/wp-content\/uploads\/2023\/12\/ads-sem.png","datePublished":"2023-12-22T08:23:46+00:00","breadcrumb":{"@id":"https:\/\/englody.com\/producto\/campana-de-ads-sem\/#breadcrumb"},"inLanguage":"gl-ES","potentialAction":[{"@type":"ReadAction","target":["https:\/\/englody.com\/producto\/campana-de-ads-sem\/"]}]},{"@type":"ImageObject","inLanguage":"gl-ES","@id":"https:\/\/englody.com\/producto\/campana-de-ads-sem\/#primaryimage","url":"https:\/\/englody.com\/wp-content\/uploads\/2023\/12\/ads-sem.png","contentUrl":"https:\/\/englody.com\/wp-content\/uploads\/2023\/12\/ads-sem.png","width":1080,"height":1080},{"@type":"BreadcrumbList","@id":"https:\/\/englody.com\/producto\/campana-de-ads-sem\/#breadcrumb","itemListElement":[{"@type":"ListItem","position":1,"name":"Portada","item":"https:\/\/englody.com\/gl\/"},{"@type":"ListItem","position":2,"name":"Shop","item":"https:\/\/englody.com\/gl\/shop\/"},{"@type":"ListItem","position":3,"name":"Ads + SEM Campaign"}]},{"@type":"WebSite","@id":"https:\/\/englody.com\/#website","url":"https:\/\/englody.com\/","name":"Englody | Software de gesti\u00f3n 360\u00ba para Academias de Ingl\u00e9s","description":"","potentialAction":[{"@type":"SearchAction","target":{"@type":"EntryPoint","urlTemplate":"https:\/\/englody.com\/?s={search_term_string}"},"query-input":{"@type":"PropertyValueSpecification","valueRequired":true,"valueName":"search_term_string"}}],"inLanguage":"gl-ES"}]}},"tiered_pricing_type":"fixed","tiered_pricing_fixed_rules":[],"tiered_pricing_product_settings":{"layout":"default","base_unit_name":{"singular":null,"plural":null},"default_variation":null},"tiered_pricing_minimum_quantity":null,"tiered_pricing_roles_data":[],"tiered_pricing_percentage_rules":[],"tiered_pricing_maximum_quantity":null,"tiered_pricing_quantity_step":null,"_links":{"self":[{"href":"https:\/\/englody.com\/gl\/wp-json\/wp\/v2\/product\/8829","targetHints":{"allow":["GET"]}}],"collection":[{"href":"https:\/\/englody.com\/gl\/wp-json\/wp\/v2\/product"}],"about":[{"href":"https:\/\/englody.com\/gl\/wp-json\/wp\/v2\/types\/product"}],"wp:featuredmedia":[{"embeddable":true,"href":"https:\/\/englody.com\/gl\/wp-json\/wp\/v2\/media\/5543"}],"wp:attachment":[{"href":"https:\/\/englody.com\/gl\/wp-json\/wp\/v2\/media?parent=8829"}],"wp:term":[{"taxonomy":"product_brand","embeddable":true,"href":"https:\/\/englody.com\/gl\/wp-json\/wp\/v2\/product_brand?post=8829"},{"taxonomy":"product_cat","embeddable":true,"href":"https:\/\/englody.com\/gl\/wp-json\/wp\/v2\/product_cat?post=8829"},{"taxonomy":"product_tag","embeddable":true,"href":"https:\/\/englody.com\/gl\/wp-json\/wp\/v2\/product_tag?post=8829"},{"taxonomy":"giftcard-category","embeddable":true,"href":"https:\/\/englody.com\/gl\/wp-json\/wp\/v2\/giftcard-category?post=8829"}],"curies":[{"name":"wp","href":"https:\/\/api.w.org\/{rel}","templated":true}]}}