{"id":8830,"date":"2023-12-22T09:23:00","date_gmt":"2023-12-22T08:23:00","guid":{"rendered":"https:\/\/englody.com\/producto\/campana-de-sem\/"},"modified":"2023-12-22T09:23:00","modified_gmt":"2023-12-22T08:23:00","slug":"campana-de-sem","status":"publish","type":"product","link":"https:\/\/englody.com\/gl\/producto\/campana-de-sem\/","title":{"rendered":"Campa\u00f1a de SEM"},"content":{"rendered":"","protected":false},"excerpt":{"rendered":"<p>Xa te\u00f1as unha Academia de Ingl\u00e9s cunha gran traxectoria ou esteas a dar os teus primeiros pasos, a publicidade en Google \u00e9 o teu mellor aliada para impulsar o teu negocio. Coa nosa experiencia en dese\u00f1o e xesti\u00f3n de campa\u00f1as, transformamos a t\u00faa presenza en li\u00f1a nun im\u00e1n de clientes.<\/p>\n<p><strong>Que ofrecemos?<\/strong><br \/>\n\u2705 <strong>Dese\u00f1o Personalizado<\/strong>: Creamos anuncios espec\u00edficos cunha selecci\u00f3n previa de keywords que atraen ao teu p\u00fablico obxectivo.<br \/>\n\u2705 <strong>Xesti\u00f3n Integral<\/strong>: Desde a configuraci\u00f3n inicial ata a optimizaci\u00f3n continua, ocup\u00e1monos de cada detalle para maximizar os teus resultados.<br \/>\n\u2705\u00a0<strong>Seguimento Detallado<\/strong>: Monitorizamos o rendemento da campa\u00f1a e envi\u00e1mosche informes mensuais con an\u00e1lises valiosas.<\/p>\n<p><strong>A campa\u00f1a incl\u00fae un grupo de anuncios optimizados<\/strong>, dese\u00f1ados para captar a atenci\u00f3n de potenciais estudantes e maximizar a t\u00faa visibilidade nos resultados de procura.<\/p>\n<p><strong>Non incl\u00fae<\/strong>: o investimento en publicidade, que ser\u00e1 de pago directo a Google por parte do cliente. O investimento acordarase entre o cliente e Englody, cun investimento m\u00ednimo recomendado de entre 150 e 300\u20ac, dependendo da cidade e dos obxectivos que se pretendan conseguir.<\/p>\n<p>Aproveita o poder de Google como o teu escaparate dixital. Aumenta a visibilidade da t\u00faa marca, atrae tr\u00e1fico cualificado \u00e1 t\u00faa web e eleva as t\u00faas inscrici\u00f3ns. Non deixes pasar esta oportunidade!<\/p>\n","protected":false},"featured_media":6152,"template":"","meta":{"_joinchat":[]},"product_brand":[],"product_cat":[186,166],"product_tag":[],"giftcard-category":[],"class_list":{"0":"post-8830","1":"product","2":"type-product","3":"status-publish","4":"has-post-thumbnail","6":"product_cat-marketing-gl","7":"product_cat-todos","9":"first","10":"instock","11":"virtual","12":"taxable","13":"purchasable","14":"product-type-subscription"},"yoast_head":"<!-- This site is optimized with the Yoast SEO plugin v27.4 - https:\/\/yoast.com\/product\/yoast-seo-wordpress\/ -->\n<title>Campa\u00f1a de SEM - Englody | Software de gesti\u00f3n 360\u00ba para Academias de Ingl\u00e9s<\/title>\n<meta name=\"robots\" content=\"index, follow, max-snippet:-1, max-image-preview:large, max-video-preview:-1\" \/>\n<link rel=\"canonical\" href=\"https:\/\/englody.com\/producto\/campana-de-sem\/\" \/>\n<meta property=\"og:locale\" content=\"gl_ES\" \/>\n<meta property=\"og:type\" content=\"article\" \/>\n<meta property=\"og:title\" content=\"Campa\u00f1a de SEM - Englody | Software de gesti\u00f3n 360\u00ba para Academias de Ingl\u00e9s\" \/>\n<meta property=\"og:description\" content=\"Xa te\u00f1as unha Academia de Ingl\u00e9s cunha gran traxectoria ou esteas a dar os teus primeiros pasos, a publicidade en Google \u00e9 o teu mellor aliada para impulsar o teu negocio. Coa nosa experiencia en dese\u00f1o e xesti\u00f3n de campa\u00f1as, transformamos a t\u00faa presenza en li\u00f1a nun im\u00e1n de clientes.  Que ofrecemos? \u2705 Dese\u00f1o Personalizado: Creamos anuncios espec\u00edficos cunha selecci\u00f3n previa de keywords que atraen ao teu p\u00fablico obxectivo. \u2705 Xesti\u00f3n Integral: Desde a configuraci\u00f3n inicial ata a optimizaci\u00f3n continua, ocup\u00e1monos de cada detalle para maximizar os teus resultados. \u2705\u00a0Seguimento Detallado: Monitorizamos o rendemento da campa\u00f1a e envi\u00e1mosche informes mensuais con an\u00e1lises valiosas.  A campa\u00f1a incl\u00fae un grupo de anuncios optimizados, dese\u00f1ados para captar a atenci\u00f3n de potenciais estudantes e maximizar a t\u00faa visibilidade nos resultados de procura.  Non incl\u00fae: o investimento en publicidade, que ser\u00e1 de pago directo a Google por parte do cliente. O investimento acordarase entre o cliente e Englody, cun investimento m\u00ednimo recomendado de entre 150 e 300\u20ac, dependendo da cidade e dos obxectivos que se pretendan conseguir.  Aproveita o poder de Google como o teu escaparate dixital. Aumenta a visibilidade da t\u00faa marca, atrae tr\u00e1fico cualificado \u00e1 t\u00faa web e eleva as t\u00faas inscrici\u00f3ns. Non deixes pasar esta oportunidade!\" \/>\n<meta property=\"og:url\" content=\"https:\/\/englody.com\/producto\/campana-de-sem\/\" \/>\n<meta property=\"og:site_name\" content=\"Englody | Software de gesti\u00f3n 360\u00ba para Academias de Ingl\u00e9s\" \/>\n<meta property=\"og:image\" content=\"https:\/\/englody.com\/wp-content\/uploads\/2023\/12\/englody-sem.jpg\" \/>\n\t<meta property=\"og:image:width\" content=\"1080\" \/>\n\t<meta property=\"og:image:height\" content=\"1080\" \/>\n\t<meta property=\"og:image:type\" content=\"image\/jpeg\" \/>\n<meta name=\"twitter:card\" content=\"summary_large_image\" \/>\n<script type=\"application\/ld+json\" class=\"yoast-schema-graph\">{\"@context\":\"https:\\\/\\\/schema.org\",\"@graph\":[{\"@type\":\"WebPage\",\"@id\":\"https:\\\/\\\/englody.com\\\/producto\\\/campana-de-sem\\\/\",\"url\":\"https:\\\/\\\/englody.com\\\/producto\\\/campana-de-sem\\\/\",\"name\":\"Campa\u00f1a de SEM - Englody | Software de gesti\u00f3n 360\u00ba para Academias de Ingl\u00e9s\",\"isPartOf\":{\"@id\":\"https:\\\/\\\/englody.com\\\/#website\"},\"primaryImageOfPage\":{\"@id\":\"https:\\\/\\\/englody.com\\\/producto\\\/campana-de-sem\\\/#primaryimage\"},\"image\":{\"@id\":\"https:\\\/\\\/englody.com\\\/producto\\\/campana-de-sem\\\/#primaryimage\"},\"thumbnailUrl\":\"https:\\\/\\\/englody.com\\\/wp-content\\\/uploads\\\/2023\\\/12\\\/englody-sem.jpg\",\"datePublished\":\"2023-12-22T08:23:00+00:00\",\"breadcrumb\":{\"@id\":\"https:\\\/\\\/englody.com\\\/producto\\\/campana-de-sem\\\/#breadcrumb\"},\"inLanguage\":\"gl-ES\",\"potentialAction\":[{\"@type\":\"ReadAction\",\"target\":[\"https:\\\/\\\/englody.com\\\/producto\\\/campana-de-sem\\\/\"]}]},{\"@type\":\"ImageObject\",\"inLanguage\":\"gl-ES\",\"@id\":\"https:\\\/\\\/englody.com\\\/producto\\\/campana-de-sem\\\/#primaryimage\",\"url\":\"https:\\\/\\\/englody.com\\\/wp-content\\\/uploads\\\/2023\\\/12\\\/englody-sem.jpg\",\"contentUrl\":\"https:\\\/\\\/englody.com\\\/wp-content\\\/uploads\\\/2023\\\/12\\\/englody-sem.jpg\",\"width\":1080,\"height\":1080},{\"@type\":\"BreadcrumbList\",\"@id\":\"https:\\\/\\\/englody.com\\\/producto\\\/campana-de-sem\\\/#breadcrumb\",\"itemListElement\":[{\"@type\":\"ListItem\",\"position\":1,\"name\":\"Portada\",\"item\":\"https:\\\/\\\/englody.com\\\/gl\\\/\"},{\"@type\":\"ListItem\",\"position\":2,\"name\":\"Shop\",\"item\":\"https:\\\/\\\/englody.com\\\/gl\\\/shop\\\/\"},{\"@type\":\"ListItem\",\"position\":3,\"name\":\"Campa\u00f1a de SEM\"}]},{\"@type\":\"WebSite\",\"@id\":\"https:\\\/\\\/englody.com\\\/#website\",\"url\":\"https:\\\/\\\/englody.com\\\/\",\"name\":\"Englody | Software de gesti\u00f3n 360\u00ba para Academias de Ingl\u00e9s\",\"description\":\"\",\"potentialAction\":[{\"@type\":\"SearchAction\",\"target\":{\"@type\":\"EntryPoint\",\"urlTemplate\":\"https:\\\/\\\/englody.com\\\/?s={search_term_string}\"},\"query-input\":{\"@type\":\"PropertyValueSpecification\",\"valueRequired\":true,\"valueName\":\"search_term_string\"}}],\"inLanguage\":\"gl-ES\"}]}<\/script>\n<!-- \/ Yoast SEO plugin. -->","yoast_head_json":{"title":"Campa\u00f1a de SEM - Englody | Software de gesti\u00f3n 360\u00ba para Academias de Ingl\u00e9s","robots":{"index":"index","follow":"follow","max-snippet":"max-snippet:-1","max-image-preview":"max-image-preview:large","max-video-preview":"max-video-preview:-1"},"canonical":"https:\/\/englody.com\/producto\/campana-de-sem\/","og_locale":"gl_ES","og_type":"article","og_title":"Campa\u00f1a de SEM - Englody | Software de gesti\u00f3n 360\u00ba para Academias de Ingl\u00e9s","og_description":"Xa te\u00f1as unha Academia de Ingl\u00e9s cunha gran traxectoria ou esteas a dar os teus primeiros pasos, a publicidade en Google \u00e9 o teu mellor aliada para impulsar o teu negocio. Coa nosa experiencia en dese\u00f1o e xesti\u00f3n de campa\u00f1as, transformamos a t\u00faa presenza en li\u00f1a nun im\u00e1n de clientes.  Que ofrecemos? \u2705 Dese\u00f1o Personalizado: Creamos anuncios espec\u00edficos cunha selecci\u00f3n previa de keywords que atraen ao teu p\u00fablico obxectivo. \u2705 Xesti\u00f3n Integral: Desde a configuraci\u00f3n inicial ata a optimizaci\u00f3n continua, ocup\u00e1monos de cada detalle para maximizar os teus resultados. \u2705\u00a0Seguimento Detallado: Monitorizamos o rendemento da campa\u00f1a e envi\u00e1mosche informes mensuais con an\u00e1lises valiosas.  A campa\u00f1a incl\u00fae un grupo de anuncios optimizados, dese\u00f1ados para captar a atenci\u00f3n de potenciais estudantes e maximizar a t\u00faa visibilidade nos resultados de procura.  Non incl\u00fae: o investimento en publicidade, que ser\u00e1 de pago directo a Google por parte do cliente. O investimento acordarase entre o cliente e Englody, cun investimento m\u00ednimo recomendado de entre 150 e 300\u20ac, dependendo da cidade e dos obxectivos que se pretendan conseguir.  Aproveita o poder de Google como o teu escaparate dixital. Aumenta a visibilidade da t\u00faa marca, atrae tr\u00e1fico cualificado \u00e1 t\u00faa web e eleva as t\u00faas inscrici\u00f3ns. Non deixes pasar esta oportunidade!","og_url":"https:\/\/englody.com\/producto\/campana-de-sem\/","og_site_name":"Englody | Software de gesti\u00f3n 360\u00ba para Academias de Ingl\u00e9s","og_image":[{"width":1080,"height":1080,"url":"https:\/\/englody.com\/wp-content\/uploads\/2023\/12\/englody-sem.jpg","type":"image\/jpeg"}],"twitter_card":"summary_large_image","schema":{"@context":"https:\/\/schema.org","@graph":[{"@type":"WebPage","@id":"https:\/\/englody.com\/producto\/campana-de-sem\/","url":"https:\/\/englody.com\/producto\/campana-de-sem\/","name":"Campa\u00f1a de SEM - Englody | Software de gesti\u00f3n 360\u00ba para Academias de Ingl\u00e9s","isPartOf":{"@id":"https:\/\/englody.com\/#website"},"primaryImageOfPage":{"@id":"https:\/\/englody.com\/producto\/campana-de-sem\/#primaryimage"},"image":{"@id":"https:\/\/englody.com\/producto\/campana-de-sem\/#primaryimage"},"thumbnailUrl":"https:\/\/englody.com\/wp-content\/uploads\/2023\/12\/englody-sem.jpg","datePublished":"2023-12-22T08:23:00+00:00","breadcrumb":{"@id":"https:\/\/englody.com\/producto\/campana-de-sem\/#breadcrumb"},"inLanguage":"gl-ES","potentialAction":[{"@type":"ReadAction","target":["https:\/\/englody.com\/producto\/campana-de-sem\/"]}]},{"@type":"ImageObject","inLanguage":"gl-ES","@id":"https:\/\/englody.com\/producto\/campana-de-sem\/#primaryimage","url":"https:\/\/englody.com\/wp-content\/uploads\/2023\/12\/englody-sem.jpg","contentUrl":"https:\/\/englody.com\/wp-content\/uploads\/2023\/12\/englody-sem.jpg","width":1080,"height":1080},{"@type":"BreadcrumbList","@id":"https:\/\/englody.com\/producto\/campana-de-sem\/#breadcrumb","itemListElement":[{"@type":"ListItem","position":1,"name":"Portada","item":"https:\/\/englody.com\/gl\/"},{"@type":"ListItem","position":2,"name":"Shop","item":"https:\/\/englody.com\/gl\/shop\/"},{"@type":"ListItem","position":3,"name":"Campa\u00f1a de SEM"}]},{"@type":"WebSite","@id":"https:\/\/englody.com\/#website","url":"https:\/\/englody.com\/","name":"Englody | Software de gesti\u00f3n 360\u00ba para Academias de Ingl\u00e9s","description":"","potentialAction":[{"@type":"SearchAction","target":{"@type":"EntryPoint","urlTemplate":"https:\/\/englody.com\/?s={search_term_string}"},"query-input":{"@type":"PropertyValueSpecification","valueRequired":true,"valueName":"search_term_string"}}],"inLanguage":"gl-ES"}]}},"tiered_pricing_type":"fixed","tiered_pricing_fixed_rules":[],"tiered_pricing_product_settings":{"layout":"default","base_unit_name":{"singular":null,"plural":null},"default_variation":null},"tiered_pricing_minimum_quantity":null,"tiered_pricing_roles_data":[],"tiered_pricing_percentage_rules":[],"tiered_pricing_maximum_quantity":null,"tiered_pricing_quantity_step":null,"_links":{"self":[{"href":"https:\/\/englody.com\/gl\/wp-json\/wp\/v2\/product\/8830","targetHints":{"allow":["GET"]}}],"collection":[{"href":"https:\/\/englody.com\/gl\/wp-json\/wp\/v2\/product"}],"about":[{"href":"https:\/\/englody.com\/gl\/wp-json\/wp\/v2\/types\/product"}],"wp:featuredmedia":[{"embeddable":true,"href":"https:\/\/englody.com\/gl\/wp-json\/wp\/v2\/media\/6152"}],"wp:attachment":[{"href":"https:\/\/englody.com\/gl\/wp-json\/wp\/v2\/media?parent=8830"}],"wp:term":[{"taxonomy":"product_brand","embeddable":true,"href":"https:\/\/englody.com\/gl\/wp-json\/wp\/v2\/product_brand?post=8830"},{"taxonomy":"product_cat","embeddable":true,"href":"https:\/\/englody.com\/gl\/wp-json\/wp\/v2\/product_cat?post=8830"},{"taxonomy":"product_tag","embeddable":true,"href":"https:\/\/englody.com\/gl\/wp-json\/wp\/v2\/product_tag?post=8830"},{"taxonomy":"giftcard-category","embeddable":true,"href":"https:\/\/englody.com\/gl\/wp-json\/wp\/v2\/giftcard-category?post=8830"}],"curies":[{"name":"wp","href":"https:\/\/api.w.org\/{rel}","templated":true}]}}