{"id":8836,"date":"2023-12-22T09:17:27","date_gmt":"2023-12-22T08:17:27","guid":{"rendered":"https:\/\/englody.com\/producto\/plan-seo-medio\/"},"modified":"2023-12-22T09:17:27","modified_gmt":"2023-12-22T08:17:27","slug":"plan-seo-medio","status":"publish","type":"product","link":"https:\/\/englody.com\/gl\/producto\/plan-seo-medio\/","title":{"rendered":"Plan SEO Medio"},"content":{"rendered":"","protected":false},"excerpt":{"rendered":"<p>Un bo posicionamento en buscadores \u00e9 clave para conseguir resultados. O noso paquete de S\u00c9 Medio incl\u00fae:<\/p>\n<ul>\n<li>Xeraci\u00f3n do Sitemap e actualizaci\u00f3n en Google Search Console<\/li>\n<li>An\u00e1lise e optimizaci\u00f3n de Keywords<\/li>\n<li>SEO on page: Optimizaci\u00f3n de t\u00edtulos, descrici\u00f3ns, palabras chave, etiquetas de imaxes, url amigables\u2026<\/li>\n<li>SEO off page: conxunto de estratexias de optimizaci\u00f3n que aplicas f\u00f3ra das t\u00faas p\u00e1xinas web<\/li>\n<li>Optimizaci\u00f3n do Perfil de Empresa (antes Google My Business)<\/li>\n<\/ul>\n","protected":false},"featured_media":6132,"template":"","meta":{"_joinchat":[]},"product_brand":[],"product_cat":[187,166],"product_tag":[],"giftcard-category":[],"class_list":{"0":"post-8836","1":"product","2":"type-product","3":"status-publish","4":"has-post-thumbnail","6":"product_cat-seo-gl","7":"product_cat-todos","9":"first","10":"instock","11":"virtual","12":"taxable","13":"purchasable","14":"product-type-subscription"},"yoast_head":"<!-- This site is optimized with the Yoast SEO plugin v25.4 - https:\/\/yoast.com\/wordpress\/plugins\/seo\/ -->\n<title>Plan SEO Medio - Englody | Software de gesti\u00f3n 360\u00ba para Academias de Ingl\u00e9s<\/title>\n<meta name=\"robots\" content=\"index, follow, max-snippet:-1, max-image-preview:large, max-video-preview:-1\" \/>\n<link rel=\"canonical\" href=\"https:\/\/englody.com\/producto\/plan-seo-medio\/\" \/>\n<meta property=\"og:locale\" content=\"gl_ES\" \/>\n<meta property=\"og:type\" content=\"article\" \/>\n<meta property=\"og:title\" content=\"Plan SEO Medio - Englody | Software de gesti\u00f3n 360\u00ba para Academias de Ingl\u00e9s\" \/>\n<meta property=\"og:description\" content=\"Un bo posicionamento en buscadores \u00e9 clave para conseguir resultados. O noso paquete de S\u00c9 Medio incl\u00fae:   Xeraci\u00f3n do Sitemap e actualizaci\u00f3n en Google Search Console  An\u00e1lise e optimizaci\u00f3n de Keywords  SEO on page: Optimizaci\u00f3n de t\u00edtulos, descrici\u00f3ns, palabras chave, etiquetas de imaxes, url amigables\u2026  SEO off page: conxunto de estratexias de optimizaci\u00f3n que aplicas f\u00f3ra das t\u00faas p\u00e1xinas web  Optimizaci\u00f3n do Perfil de Empresa (antes Google My Business)\" \/>\n<meta property=\"og:url\" content=\"https:\/\/englody.com\/producto\/plan-seo-medio\/\" \/>\n<meta property=\"og:site_name\" content=\"Englody | Software de gesti\u00f3n 360\u00ba para Academias de Ingl\u00e9s\" \/>\n<meta property=\"og:image\" content=\"https:\/\/englody.com\/wp-content\/uploads\/2023\/12\/englody-seo-medio.jpg\" \/>\n\t<meta property=\"og:image:width\" content=\"1080\" \/>\n\t<meta property=\"og:image:height\" content=\"1080\" \/>\n\t<meta property=\"og:image:type\" content=\"image\/jpeg\" \/>\n<meta name=\"twitter:card\" content=\"summary_large_image\" \/>\n<script type=\"application\/ld+json\" class=\"yoast-schema-graph\">{\"@context\":\"https:\/\/schema.org\",\"@graph\":[{\"@type\":\"WebPage\",\"@id\":\"https:\/\/englody.com\/producto\/plan-seo-medio\/\",\"url\":\"https:\/\/englody.com\/producto\/plan-seo-medio\/\",\"name\":\"Plan SEO Medio - Englody | Software de gesti\u00f3n 360\u00ba para Academias de Ingl\u00e9s\",\"isPartOf\":{\"@id\":\"https:\/\/englody.com\/#website\"},\"primaryImageOfPage\":{\"@id\":\"https:\/\/englody.com\/producto\/plan-seo-medio\/#primaryimage\"},\"image\":{\"@id\":\"https:\/\/englody.com\/producto\/plan-seo-medio\/#primaryimage\"},\"thumbnailUrl\":\"https:\/\/englody.com\/wp-content\/uploads\/2023\/12\/englody-seo-medio.jpg\",\"datePublished\":\"2023-12-22T08:17:27+00:00\",\"breadcrumb\":{\"@id\":\"https:\/\/englody.com\/producto\/plan-seo-medio\/#breadcrumb\"},\"inLanguage\":\"gl-ES\",\"potentialAction\":[{\"@type\":\"ReadAction\",\"target\":[\"https:\/\/englody.com\/producto\/plan-seo-medio\/\"]}]},{\"@type\":\"ImageObject\",\"inLanguage\":\"gl-ES\",\"@id\":\"https:\/\/englody.com\/producto\/plan-seo-medio\/#primaryimage\",\"url\":\"https:\/\/englody.com\/wp-content\/uploads\/2023\/12\/englody-seo-medio.jpg\",\"contentUrl\":\"https:\/\/englody.com\/wp-content\/uploads\/2023\/12\/englody-seo-medio.jpg\",\"width\":1080,\"height\":1080,\"caption\":\"Plan de SEO Medio para Academias de ingl\u00e9s\"},{\"@type\":\"BreadcrumbList\",\"@id\":\"https:\/\/englody.com\/producto\/plan-seo-medio\/#breadcrumb\",\"itemListElement\":[{\"@type\":\"ListItem\",\"position\":1,\"name\":\"Portada\",\"item\":\"https:\/\/englody.com\/gl\/\"},{\"@type\":\"ListItem\",\"position\":2,\"name\":\"Shop\",\"item\":\"https:\/\/englody.com\/gl\/shop\/\"},{\"@type\":\"ListItem\",\"position\":3,\"name\":\"Plan SEO Medio\"}]},{\"@type\":\"WebSite\",\"@id\":\"https:\/\/englody.com\/#website\",\"url\":\"https:\/\/englody.com\/\",\"name\":\"Englody | Software de gesti\u00f3n 360\u00ba para Academias de Ingl\u00e9s\",\"description\":\"\",\"potentialAction\":[{\"@type\":\"SearchAction\",\"target\":{\"@type\":\"EntryPoint\",\"urlTemplate\":\"https:\/\/englody.com\/?s={search_term_string}\"},\"query-input\":{\"@type\":\"PropertyValueSpecification\",\"valueRequired\":true,\"valueName\":\"search_term_string\"}}],\"inLanguage\":\"gl-ES\"}]}<\/script>\n<!-- \/ Yoast SEO plugin. -->","yoast_head_json":{"title":"Plan SEO Medio - Englody | Software de gesti\u00f3n 360\u00ba para Academias de Ingl\u00e9s","robots":{"index":"index","follow":"follow","max-snippet":"max-snippet:-1","max-image-preview":"max-image-preview:large","max-video-preview":"max-video-preview:-1"},"canonical":"https:\/\/englody.com\/producto\/plan-seo-medio\/","og_locale":"gl_ES","og_type":"article","og_title":"Plan SEO Medio - Englody | Software de gesti\u00f3n 360\u00ba para Academias de Ingl\u00e9s","og_description":"Un bo posicionamento en buscadores \u00e9 clave para conseguir resultados. O noso paquete de S\u00c9 Medio incl\u00fae:   Xeraci\u00f3n do Sitemap e actualizaci\u00f3n en Google Search Console  An\u00e1lise e optimizaci\u00f3n de Keywords  SEO on page: Optimizaci\u00f3n de t\u00edtulos, descrici\u00f3ns, palabras chave, etiquetas de imaxes, url amigables\u2026  SEO off page: conxunto de estratexias de optimizaci\u00f3n que aplicas f\u00f3ra das t\u00faas p\u00e1xinas web  Optimizaci\u00f3n do Perfil de Empresa (antes Google My Business)","og_url":"https:\/\/englody.com\/producto\/plan-seo-medio\/","og_site_name":"Englody | Software de gesti\u00f3n 360\u00ba para Academias de Ingl\u00e9s","og_image":[{"width":1080,"height":1080,"url":"https:\/\/englody.com\/wp-content\/uploads\/2023\/12\/englody-seo-medio.jpg","type":"image\/jpeg"}],"twitter_card":"summary_large_image","schema":{"@context":"https:\/\/schema.org","@graph":[{"@type":"WebPage","@id":"https:\/\/englody.com\/producto\/plan-seo-medio\/","url":"https:\/\/englody.com\/producto\/plan-seo-medio\/","name":"Plan SEO Medio - Englody | Software de gesti\u00f3n 360\u00ba para Academias de Ingl\u00e9s","isPartOf":{"@id":"https:\/\/englody.com\/#website"},"primaryImageOfPage":{"@id":"https:\/\/englody.com\/producto\/plan-seo-medio\/#primaryimage"},"image":{"@id":"https:\/\/englody.com\/producto\/plan-seo-medio\/#primaryimage"},"thumbnailUrl":"https:\/\/englody.com\/wp-content\/uploads\/2023\/12\/englody-seo-medio.jpg","datePublished":"2023-12-22T08:17:27+00:00","breadcrumb":{"@id":"https:\/\/englody.com\/producto\/plan-seo-medio\/#breadcrumb"},"inLanguage":"gl-ES","potentialAction":[{"@type":"ReadAction","target":["https:\/\/englody.com\/producto\/plan-seo-medio\/"]}]},{"@type":"ImageObject","inLanguage":"gl-ES","@id":"https:\/\/englody.com\/producto\/plan-seo-medio\/#primaryimage","url":"https:\/\/englody.com\/wp-content\/uploads\/2023\/12\/englody-seo-medio.jpg","contentUrl":"https:\/\/englody.com\/wp-content\/uploads\/2023\/12\/englody-seo-medio.jpg","width":1080,"height":1080,"caption":"Plan de SEO Medio para Academias de ingl\u00e9s"},{"@type":"BreadcrumbList","@id":"https:\/\/englody.com\/producto\/plan-seo-medio\/#breadcrumb","itemListElement":[{"@type":"ListItem","position":1,"name":"Portada","item":"https:\/\/englody.com\/gl\/"},{"@type":"ListItem","position":2,"name":"Shop","item":"https:\/\/englody.com\/gl\/shop\/"},{"@type":"ListItem","position":3,"name":"Plan SEO Medio"}]},{"@type":"WebSite","@id":"https:\/\/englody.com\/#website","url":"https:\/\/englody.com\/","name":"Englody | Software de gesti\u00f3n 360\u00ba para Academias de Ingl\u00e9s","description":"","potentialAction":[{"@type":"SearchAction","target":{"@type":"EntryPoint","urlTemplate":"https:\/\/englody.com\/?s={search_term_string}"},"query-input":{"@type":"PropertyValueSpecification","valueRequired":true,"valueName":"search_term_string"}}],"inLanguage":"gl-ES"}]}},"tiered_pricing_type":"fixed","tiered_pricing_fixed_rules":[],"tiered_pricing_product_settings":{"layout":"default","base_unit_name":{"singular":null,"plural":null},"default_variation":null},"tiered_pricing_minimum_quantity":null,"tiered_pricing_roles_data":[],"tiered_pricing_percentage_rules":[],"tiered_pricing_maximum_quantity":null,"tiered_pricing_quantity_step":null,"_links":{"self":[{"href":"https:\/\/englody.com\/gl\/wp-json\/wp\/v2\/product\/8836","targetHints":{"allow":["GET"]}}],"collection":[{"href":"https:\/\/englody.com\/gl\/wp-json\/wp\/v2\/product"}],"about":[{"href":"https:\/\/englody.com\/gl\/wp-json\/wp\/v2\/types\/product"}],"wp:featuredmedia":[{"embeddable":true,"href":"https:\/\/englody.com\/gl\/wp-json\/wp\/v2\/media\/6132"}],"wp:attachment":[{"href":"https:\/\/englody.com\/gl\/wp-json\/wp\/v2\/media?parent=8836"}],"wp:term":[{"taxonomy":"product_brand","embeddable":true,"href":"https:\/\/englody.com\/gl\/wp-json\/wp\/v2\/product_brand?post=8836"},{"taxonomy":"product_cat","embeddable":true,"href":"https:\/\/englody.com\/gl\/wp-json\/wp\/v2\/product_cat?post=8836"},{"taxonomy":"product_tag","embeddable":true,"href":"https:\/\/englody.com\/gl\/wp-json\/wp\/v2\/product_tag?post=8836"},{"taxonomy":"giftcard-category","embeddable":true,"href":"https:\/\/englody.com\/gl\/wp-json\/wp\/v2\/giftcard-category?post=8836"}],"curies":[{"name":"wp","href":"https:\/\/api.w.org\/{rel}","templated":true}]}}