{"id":8845,"date":"2023-12-22T09:15:22","date_gmt":"2023-12-22T08:15:22","guid":{"rendered":"https:\/\/englody.com\/producto\/consultoria-basica\/"},"modified":"2023-12-22T09:15:22","modified_gmt":"2023-12-22T08:15:22","slug":"consultoria-basica","status":"publish","type":"product","link":"https:\/\/englody.com\/gl\/producto\/consultoria-basica\/","title":{"rendered":"Consultor\u00eda B\u00e1sica"},"content":{"rendered":"","protected":false},"excerpt":{"rendered":"<p>Vive unha experiencia personalizada a trav\u00e9s dunha consultor\u00eda con David Canles que che permitir\u00e1 solucionar todas as t\u00faas d\u00fabidas e inquietudes, tanto a nivel de xesti\u00f3n de empresa como a nivel comercial e m\u00e1rketing sobre a t\u00faa Academia de Ingl\u00e9s. Despois disto, estar\u00e1s m\u00e1is capacitado para cumprir cos teus obxectivos, evolucionar e escalar a t\u00faa escola de idiomas ao seguinte nivel.<\/p>\n<h2 style=\"font-size: 1.5em; line-height: 1.2em; font-weight: bold;\">Que incl\u00fae o Plan B\u00e1sico de Consultor\u00eda para Academias de ingl\u00e9s?<\/h2>\n<p><i class=\"icon-tiny fa fa-check extra-color-1\" style=\"color: #f8ac17;\"><\/i>\u00a02 horas de duraci\u00f3n.<br \/>\n<i class=\"icon-tiny fa fa-check extra-color-1\" style=\"color: #f8ac17;\"><\/i>\u00a0Consultor\u00eda estrat\u00e9xica para rendibilizar e optimizar a t\u00faa Academia de Ingl\u00e9s.<br \/>\n<i class=\"icon-tiny fa fa-check extra-color-1\" style=\"color: #f8ac17;\"><\/i>\u00a0An\u00e1lise da competencia e proposta de valor comercial.<br \/>\n<i class=\"icon-tiny fa fa-check extra-color-1\" style=\"color: #f8ac17;\"><\/i>\u00a0An\u00e1lise do proxecto educativo e propostas de diversificaci\u00f3n de ingresos.<br \/>\n<i class=\"icon-tiny fa fa-check extra-color-1\" style=\"color: #f8ac17;\"><\/i>\u00a0An\u00e1lise dos ingresos, gastos e provedores e propostas de mellora.<\/p>\n<blockquote>\n<h4><strong>Unha vez realizado o pago, redirixir\u00e1seche automaticamente \u00e1 axenda de David para que poidas reservar o d\u00eda e hora que mellor che vinga.<\/strong><\/h4>\n<\/blockquote>\n","protected":false},"featured_media":6120,"template":"","meta":{"_joinchat":[]},"product_brand":[],"product_cat":[188,166],"product_tag":[],"giftcard-category":[],"class_list":{"0":"post-8845","1":"product","2":"type-product","3":"status-publish","4":"has-post-thumbnail","6":"product_cat-consultoria-gl","7":"product_cat-todos","9":"first","10":"instock","11":"virtual","12":"taxable","13":"purchasable","14":"product-type-simple"},"yoast_head":"<!-- This site is optimized with the Yoast SEO plugin v25.4 - https:\/\/yoast.com\/wordpress\/plugins\/seo\/ -->\n<title>Consultor\u00eda B\u00e1sica para Academias de ingl\u00e9s con David Canales<\/title>\n<meta name=\"description\" content=\"Plan B\u00e1sico de Consultor\u00eda para Academias de ingl\u00e9s con David Canales, CEO de Englody, \u00fanica axencia de m\u00e1rketing especializada no sector.\" \/>\n<meta name=\"robots\" content=\"index, follow, max-snippet:-1, max-image-preview:large, max-video-preview:-1\" \/>\n<link rel=\"canonical\" href=\"https:\/\/englody.com\/producto\/consultoria-basica\/\" \/>\n<meta property=\"og:locale\" content=\"gl_ES\" \/>\n<meta property=\"og:type\" content=\"article\" \/>\n<meta property=\"og:title\" content=\"Consultor\u00eda B\u00e1sica para Academias de ingl\u00e9s con David Canales\" \/>\n<meta property=\"og:description\" content=\"Plan B\u00e1sico de Consultor\u00eda para Academias de ingl\u00e9s con David Canales, CEO de Englody, \u00fanica axencia de m\u00e1rketing especializada no sector.\" \/>\n<meta property=\"og:url\" content=\"https:\/\/englody.com\/producto\/consultoria-basica\/\" \/>\n<meta property=\"og:site_name\" content=\"Englody | Software de gesti\u00f3n 360\u00ba para Academias de Ingl\u00e9s\" \/>\n<meta property=\"og:image\" content=\"https:\/\/englody.com\/wp-content\/uploads\/2023\/12\/englody-consultoria-basica-1.jpg\" \/>\n\t<meta property=\"og:image:width\" content=\"1080\" \/>\n\t<meta property=\"og:image:height\" content=\"1080\" \/>\n\t<meta property=\"og:image:type\" content=\"image\/jpeg\" \/>\n<meta name=\"twitter:card\" content=\"summary_large_image\" \/>\n<script type=\"application\/ld+json\" class=\"yoast-schema-graph\">{\"@context\":\"https:\/\/schema.org\",\"@graph\":[{\"@type\":\"WebPage\",\"@id\":\"https:\/\/englody.com\/producto\/consultoria-basica\/\",\"url\":\"https:\/\/englody.com\/producto\/consultoria-basica\/\",\"name\":\"Consultor\u00eda B\u00e1sica para Academias de ingl\u00e9s con David Canales\",\"isPartOf\":{\"@id\":\"https:\/\/englody.com\/#website\"},\"primaryImageOfPage\":{\"@id\":\"https:\/\/englody.com\/producto\/consultoria-basica\/#primaryimage\"},\"image\":{\"@id\":\"https:\/\/englody.com\/producto\/consultoria-basica\/#primaryimage\"},\"thumbnailUrl\":\"https:\/\/englody.com\/wp-content\/uploads\/2023\/12\/englody-consultoria-basica-1.jpg\",\"datePublished\":\"2023-12-22T08:15:22+00:00\",\"description\":\"Plan B\u00e1sico de Consultor\u00eda para Academias de ingl\u00e9s con David Canales, CEO de Englody, \u00fanica axencia de m\u00e1rketing especializada no sector.\",\"breadcrumb\":{\"@id\":\"https:\/\/englody.com\/producto\/consultoria-basica\/#breadcrumb\"},\"inLanguage\":\"gl-ES\",\"potentialAction\":[{\"@type\":\"ReadAction\",\"target\":[\"https:\/\/englody.com\/producto\/consultoria-basica\/\"]}]},{\"@type\":\"ImageObject\",\"inLanguage\":\"gl-ES\",\"@id\":\"https:\/\/englody.com\/producto\/consultoria-basica\/#primaryimage\",\"url\":\"https:\/\/englody.com\/wp-content\/uploads\/2023\/12\/englody-consultoria-basica-1.jpg\",\"contentUrl\":\"https:\/\/englody.com\/wp-content\/uploads\/2023\/12\/englody-consultoria-basica-1.jpg\",\"width\":1080,\"height\":1080,\"caption\":\"Consultor\u00eda B\u00e1sica para Academias de ingl\u00e9s con David Canales\"},{\"@type\":\"BreadcrumbList\",\"@id\":\"https:\/\/englody.com\/producto\/consultoria-basica\/#breadcrumb\",\"itemListElement\":[{\"@type\":\"ListItem\",\"position\":1,\"name\":\"Portada\",\"item\":\"https:\/\/englody.com\/gl\/\"},{\"@type\":\"ListItem\",\"position\":2,\"name\":\"Shop\",\"item\":\"https:\/\/englody.com\/gl\/shop\/\"},{\"@type\":\"ListItem\",\"position\":3,\"name\":\"Consultor\u00eda B\u00e1sica\"}]},{\"@type\":\"WebSite\",\"@id\":\"https:\/\/englody.com\/#website\",\"url\":\"https:\/\/englody.com\/\",\"name\":\"Englody | Software de gesti\u00f3n 360\u00ba para Academias de Ingl\u00e9s\",\"description\":\"\",\"potentialAction\":[{\"@type\":\"SearchAction\",\"target\":{\"@type\":\"EntryPoint\",\"urlTemplate\":\"https:\/\/englody.com\/?s={search_term_string}\"},\"query-input\":{\"@type\":\"PropertyValueSpecification\",\"valueRequired\":true,\"valueName\":\"search_term_string\"}}],\"inLanguage\":\"gl-ES\"}]}<\/script>\n<!-- \/ Yoast SEO plugin. -->","yoast_head_json":{"title":"Consultor\u00eda B\u00e1sica para Academias de ingl\u00e9s con David Canales","description":"Plan B\u00e1sico de Consultor\u00eda para Academias de ingl\u00e9s con David Canales, CEO de Englody, \u00fanica axencia de m\u00e1rketing especializada no sector.","robots":{"index":"index","follow":"follow","max-snippet":"max-snippet:-1","max-image-preview":"max-image-preview:large","max-video-preview":"max-video-preview:-1"},"canonical":"https:\/\/englody.com\/producto\/consultoria-basica\/","og_locale":"gl_ES","og_type":"article","og_title":"Consultor\u00eda B\u00e1sica para Academias de ingl\u00e9s con David Canales","og_description":"Plan B\u00e1sico de Consultor\u00eda para Academias de ingl\u00e9s con David Canales, CEO de Englody, \u00fanica axencia de m\u00e1rketing especializada no sector.","og_url":"https:\/\/englody.com\/producto\/consultoria-basica\/","og_site_name":"Englody | Software de gesti\u00f3n 360\u00ba para Academias de Ingl\u00e9s","og_image":[{"width":1080,"height":1080,"url":"https:\/\/englody.com\/wp-content\/uploads\/2023\/12\/englody-consultoria-basica-1.jpg","type":"image\/jpeg"}],"twitter_card":"summary_large_image","schema":{"@context":"https:\/\/schema.org","@graph":[{"@type":"WebPage","@id":"https:\/\/englody.com\/producto\/consultoria-basica\/","url":"https:\/\/englody.com\/producto\/consultoria-basica\/","name":"Consultor\u00eda B\u00e1sica para Academias de ingl\u00e9s con David Canales","isPartOf":{"@id":"https:\/\/englody.com\/#website"},"primaryImageOfPage":{"@id":"https:\/\/englody.com\/producto\/consultoria-basica\/#primaryimage"},"image":{"@id":"https:\/\/englody.com\/producto\/consultoria-basica\/#primaryimage"},"thumbnailUrl":"https:\/\/englody.com\/wp-content\/uploads\/2023\/12\/englody-consultoria-basica-1.jpg","datePublished":"2023-12-22T08:15:22+00:00","description":"Plan B\u00e1sico de Consultor\u00eda para Academias de ingl\u00e9s con David Canales, CEO de Englody, \u00fanica axencia de m\u00e1rketing especializada no sector.","breadcrumb":{"@id":"https:\/\/englody.com\/producto\/consultoria-basica\/#breadcrumb"},"inLanguage":"gl-ES","potentialAction":[{"@type":"ReadAction","target":["https:\/\/englody.com\/producto\/consultoria-basica\/"]}]},{"@type":"ImageObject","inLanguage":"gl-ES","@id":"https:\/\/englody.com\/producto\/consultoria-basica\/#primaryimage","url":"https:\/\/englody.com\/wp-content\/uploads\/2023\/12\/englody-consultoria-basica-1.jpg","contentUrl":"https:\/\/englody.com\/wp-content\/uploads\/2023\/12\/englody-consultoria-basica-1.jpg","width":1080,"height":1080,"caption":"Consultor\u00eda B\u00e1sica para Academias de ingl\u00e9s con David Canales"},{"@type":"BreadcrumbList","@id":"https:\/\/englody.com\/producto\/consultoria-basica\/#breadcrumb","itemListElement":[{"@type":"ListItem","position":1,"name":"Portada","item":"https:\/\/englody.com\/gl\/"},{"@type":"ListItem","position":2,"name":"Shop","item":"https:\/\/englody.com\/gl\/shop\/"},{"@type":"ListItem","position":3,"name":"Consultor\u00eda B\u00e1sica"}]},{"@type":"WebSite","@id":"https:\/\/englody.com\/#website","url":"https:\/\/englody.com\/","name":"Englody | Software de gesti\u00f3n 360\u00ba para Academias de Ingl\u00e9s","description":"","potentialAction":[{"@type":"SearchAction","target":{"@type":"EntryPoint","urlTemplate":"https:\/\/englody.com\/?s={search_term_string}"},"query-input":{"@type":"PropertyValueSpecification","valueRequired":true,"valueName":"search_term_string"}}],"inLanguage":"gl-ES"}]}},"tiered_pricing_type":"fixed","tiered_pricing_fixed_rules":[],"tiered_pricing_product_settings":{"layout":"default","base_unit_name":{"singular":null,"plural":null},"default_variation":null},"tiered_pricing_minimum_quantity":null,"tiered_pricing_roles_data":[],"tiered_pricing_percentage_rules":[],"tiered_pricing_maximum_quantity":null,"tiered_pricing_quantity_step":null,"_links":{"self":[{"href":"https:\/\/englody.com\/gl\/wp-json\/wp\/v2\/product\/8845","targetHints":{"allow":["GET"]}}],"collection":[{"href":"https:\/\/englody.com\/gl\/wp-json\/wp\/v2\/product"}],"about":[{"href":"https:\/\/englody.com\/gl\/wp-json\/wp\/v2\/types\/product"}],"wp:featuredmedia":[{"embeddable":true,"href":"https:\/\/englody.com\/gl\/wp-json\/wp\/v2\/media\/6120"}],"wp:attachment":[{"href":"https:\/\/englody.com\/gl\/wp-json\/wp\/v2\/media?parent=8845"}],"wp:term":[{"taxonomy":"product_brand","embeddable":true,"href":"https:\/\/englody.com\/gl\/wp-json\/wp\/v2\/product_brand?post=8845"},{"taxonomy":"product_cat","embeddable":true,"href":"https:\/\/englody.com\/gl\/wp-json\/wp\/v2\/product_cat?post=8845"},{"taxonomy":"product_tag","embeddable":true,"href":"https:\/\/englody.com\/gl\/wp-json\/wp\/v2\/product_tag?post=8845"},{"taxonomy":"giftcard-category","embeddable":true,"href":"https:\/\/englody.com\/gl\/wp-json\/wp\/v2\/giftcard-category?post=8845"}],"curies":[{"name":"wp","href":"https:\/\/api.w.org\/{rel}","templated":true}]}}