{"id":9430,"date":"2025-05-06T12:26:04","date_gmt":"2025-05-06T10:26:04","guid":{"rendered":"https:\/\/englody.com\/?post_type=product&#038;p=9430"},"modified":"2025-05-14T15:09:03","modified_gmt":"2025-05-14T13:09:03","slug":"curso-de-administracion-y-ventas","status":"publish","type":"product","link":"https:\/\/englody.com\/gl\/producto\/curso-de-administracion-y-ventas\/","title":{"rendered":"Curso de Administraci\u00f3n y Ventas"},"content":{"rendered":"","protected":false},"excerpt":{"rendered":"<p>Englody presenta el<strong> primer curso de formaci\u00f3n espec\u00edfico en Administraci\u00f3n y Ventas para Academias de Ingl\u00e9s<\/strong>, en el cual, entre otras cosas, se ver\u00e1n los siguientes contenidos:<\/p>\n<ul>\n<li>Gesti\u00f3n de matriculaci\u00f3n y facturaci\u00f3n.<\/li>\n<li>Atenci\u00f3n al cliente y ventas.<\/li>\n<li>Fidelizaci\u00f3n de clientes y familias.<\/li>\n<li>Sistema de prevenci\u00f3n de bajas.<\/li>\n<li>Control de la implicaci\u00f3n de los usuarios.<\/li>\n<li>M\u00e9todo MADE.<\/li>\n<\/ul>\n<p><strong>La matriculaci\u00f3n est\u00e1 LIMITADA a 30 Academias de Ingl\u00e9s de toda Espa\u00f1a.<\/strong> Sin embargo, si de una misma Academia quieren asistir varios trabajadores, podr\u00e1s hacerlo abonando un extra de 20 \u20ac por cada uno de ellos.<\/p>\n<p>A continuaci\u00f3n, selecciona el n\u00ba de personas POR ACADEMIA que quer\u00e9is asistir al curso y el precio se calcular\u00e1 autom\u00e1ticamente.<\/p>\n<p><span style=\"color: #000000;\"><strong>\u00a1ATENCI\u00d3N! <\/strong><\/span>Una vez realizado el pago, se te redireccionar\u00e1 a un formulario para la toma de unos datos necesarios para la participaci\u00f3n en el curso.<\/p>\n<h2><span style=\"color: #ff0000;\">\u00a1CURSO COMPLETO!<\/span><\/h2>\n","protected":false},"featured_media":9444,"template":"","meta":{"_joinchat":[]},"product_brand":[],"product_cat":[19],"product_tag":[],"giftcard-category":[],"class_list":{"0":"post-9430","1":"product","2":"type-product","3":"status-publish","4":"has-post-thumbnail","6":"product_cat-todos-los-productos","8":"first","9":"outofstock","10":"purchasable","11":"product-type-variable"},"yoast_head":"<!-- This site is optimized with the Yoast SEO plugin v25.4 - https:\/\/yoast.com\/wordpress\/plugins\/seo\/ -->\n<title>Curso de Administraci\u00f3n y Ventas - Englody | Software de gesti\u00f3n 360\u00ba para Academias de Ingl\u00e9s<\/title>\n<meta name=\"robots\" content=\"index, follow, max-snippet:-1, max-image-preview:large, max-video-preview:-1\" \/>\n<link rel=\"canonical\" href=\"https:\/\/englody.com\/gl\/producto\/curso-de-administracion-y-ventas\/\" \/>\n<meta property=\"og:locale\" content=\"gl_ES\" \/>\n<meta property=\"og:type\" content=\"article\" \/>\n<meta property=\"og:title\" content=\"Curso de Administraci\u00f3n y Ventas - Englody | Software de gesti\u00f3n 360\u00ba para Academias de Ingl\u00e9s\" \/>\n<meta property=\"og:description\" content=\"Englody presenta el primer curso de formaci\u00f3n espec\u00edfico en Administraci\u00f3n y Ventas para Academias de Ingl\u00e9s, en el cual, entre otras cosas, se ver\u00e1n los siguientes contenidos:   Gesti\u00f3n de matriculaci\u00f3n y facturaci\u00f3n.  Atenci\u00f3n al cliente y ventas.  Fidelizaci\u00f3n de clientes y familias.  Sistema de prevenci\u00f3n de bajas.  Control de la implicaci\u00f3n de los usuarios.  M\u00e9todo MADE.  La matriculaci\u00f3n est\u00e1 LIMITADA a 30 Academias de Ingl\u00e9s de toda Espa\u00f1a. Sin embargo, si de una misma Academia quieren asistir varios trabajadores, podr\u00e1s hacerlo abonando un extra de 20 \u20ac por cada uno de ellos.  A continuaci\u00f3n, selecciona el n\u00ba de personas POR ACADEMIA que quer\u00e9is asistir al curso y el precio se calcular\u00e1 autom\u00e1ticamente.  \u00a1ATENCI\u00d3N! Una vez realizado el pago, se te redireccionar\u00e1 a un formulario para la toma de unos datos necesarios para la participaci\u00f3n en el curso. \u00a1CURSO COMPLETO!\" \/>\n<meta property=\"og:url\" content=\"https:\/\/englody.com\/gl\/producto\/curso-de-administracion-y-ventas\/\" \/>\n<meta property=\"og:site_name\" content=\"Englody | Software de gesti\u00f3n 360\u00ba para Academias de Ingl\u00e9s\" \/>\n<meta property=\"article:modified_time\" content=\"2025-05-14T13:09:03+00:00\" \/>\n<meta property=\"og:image\" content=\"https:\/\/englody.com\/wp-content\/uploads\/2025\/05\/DSC07706.jpg\" \/>\n\t<meta property=\"og:image:width\" content=\"1600\" \/>\n\t<meta property=\"og:image:height\" content=\"1044\" \/>\n\t<meta property=\"og:image:type\" content=\"image\/jpeg\" \/>\n<meta name=\"twitter:card\" content=\"summary_large_image\" \/>\n<meta name=\"twitter:label1\" content=\"Tempo de lectura\" \/>\n\t<meta name=\"twitter:data1\" content=\"1 minuto\" \/>\n<script type=\"application\/ld+json\" class=\"yoast-schema-graph\">{\"@context\":\"https:\/\/schema.org\",\"@graph\":[{\"@type\":\"WebPage\",\"@id\":\"https:\/\/englody.com\/gl\/producto\/curso-de-administracion-y-ventas\/\",\"url\":\"https:\/\/englody.com\/gl\/producto\/curso-de-administracion-y-ventas\/\",\"name\":\"Curso de Administraci\u00f3n y Ventas - Englody | Software de gesti\u00f3n 360\u00ba para Academias de Ingl\u00e9s\",\"isPartOf\":{\"@id\":\"https:\/\/englody.com\/#website\"},\"primaryImageOfPage\":{\"@id\":\"https:\/\/englody.com\/gl\/producto\/curso-de-administracion-y-ventas\/#primaryimage\"},\"image\":{\"@id\":\"https:\/\/englody.com\/gl\/producto\/curso-de-administracion-y-ventas\/#primaryimage\"},\"thumbnailUrl\":\"https:\/\/englody.com\/wp-content\/uploads\/2025\/05\/DSC07706.jpg\",\"datePublished\":\"2025-05-06T10:26:04+00:00\",\"dateModified\":\"2025-05-14T13:09:03+00:00\",\"breadcrumb\":{\"@id\":\"https:\/\/englody.com\/gl\/producto\/curso-de-administracion-y-ventas\/#breadcrumb\"},\"inLanguage\":\"gl-ES\",\"potentialAction\":[{\"@type\":\"ReadAction\",\"target\":[\"https:\/\/englody.com\/gl\/producto\/curso-de-administracion-y-ventas\/\"]}]},{\"@type\":\"ImageObject\",\"inLanguage\":\"gl-ES\",\"@id\":\"https:\/\/englody.com\/gl\/producto\/curso-de-administracion-y-ventas\/#primaryimage\",\"url\":\"https:\/\/englody.com\/wp-content\/uploads\/2025\/05\/DSC07706.jpg\",\"contentUrl\":\"https:\/\/englody.com\/wp-content\/uploads\/2025\/05\/DSC07706.jpg\",\"width\":1600,\"height\":1044},{\"@type\":\"BreadcrumbList\",\"@id\":\"https:\/\/englody.com\/gl\/producto\/curso-de-administracion-y-ventas\/#breadcrumb\",\"itemListElement\":[{\"@type\":\"ListItem\",\"position\":1,\"name\":\"Portada\",\"item\":\"https:\/\/englody.com\/gl\/\"},{\"@type\":\"ListItem\",\"position\":2,\"name\":\"Shop\",\"item\":\"https:\/\/englody.com\/gl\/shop\/\"},{\"@type\":\"ListItem\",\"position\":3,\"name\":\"Curso de Administraci\u00f3n y Ventas\"}]},{\"@type\":\"WebSite\",\"@id\":\"https:\/\/englody.com\/#website\",\"url\":\"https:\/\/englody.com\/\",\"name\":\"Englody | Software de gesti\u00f3n 360\u00ba para Academias de Ingl\u00e9s\",\"description\":\"\",\"potentialAction\":[{\"@type\":\"SearchAction\",\"target\":{\"@type\":\"EntryPoint\",\"urlTemplate\":\"https:\/\/englody.com\/?s={search_term_string}\"},\"query-input\":{\"@type\":\"PropertyValueSpecification\",\"valueRequired\":true,\"valueName\":\"search_term_string\"}}],\"inLanguage\":\"gl-ES\"}]}<\/script>\n<!-- \/ Yoast SEO plugin. -->","yoast_head_json":{"title":"Curso de Administraci\u00f3n y Ventas - Englody | Software de gesti\u00f3n 360\u00ba para Academias de Ingl\u00e9s","robots":{"index":"index","follow":"follow","max-snippet":"max-snippet:-1","max-image-preview":"max-image-preview:large","max-video-preview":"max-video-preview:-1"},"canonical":"https:\/\/englody.com\/gl\/producto\/curso-de-administracion-y-ventas\/","og_locale":"gl_ES","og_type":"article","og_title":"Curso de Administraci\u00f3n y Ventas - Englody | Software de gesti\u00f3n 360\u00ba para Academias de Ingl\u00e9s","og_description":"Englody presenta el primer curso de formaci\u00f3n espec\u00edfico en Administraci\u00f3n y Ventas para Academias de Ingl\u00e9s, en el cual, entre otras cosas, se ver\u00e1n los siguientes contenidos:   Gesti\u00f3n de matriculaci\u00f3n y facturaci\u00f3n.  Atenci\u00f3n al cliente y ventas.  Fidelizaci\u00f3n de clientes y familias.  Sistema de prevenci\u00f3n de bajas.  Control de la implicaci\u00f3n de los usuarios.  M\u00e9todo MADE.  La matriculaci\u00f3n est\u00e1 LIMITADA a 30 Academias de Ingl\u00e9s de toda Espa\u00f1a. Sin embargo, si de una misma Academia quieren asistir varios trabajadores, podr\u00e1s hacerlo abonando un extra de 20 \u20ac por cada uno de ellos.  A continuaci\u00f3n, selecciona el n\u00ba de personas POR ACADEMIA que quer\u00e9is asistir al curso y el precio se calcular\u00e1 autom\u00e1ticamente.  \u00a1ATENCI\u00d3N! Una vez realizado el pago, se te redireccionar\u00e1 a un formulario para la toma de unos datos necesarios para la participaci\u00f3n en el curso. \u00a1CURSO COMPLETO!","og_url":"https:\/\/englody.com\/gl\/producto\/curso-de-administracion-y-ventas\/","og_site_name":"Englody | Software de gesti\u00f3n 360\u00ba para Academias de Ingl\u00e9s","article_modified_time":"2025-05-14T13:09:03+00:00","og_image":[{"width":1600,"height":1044,"url":"https:\/\/englody.com\/wp-content\/uploads\/2025\/05\/DSC07706.jpg","type":"image\/jpeg"}],"twitter_card":"summary_large_image","twitter_misc":{"Tempo de lectura":"1 minuto"},"schema":{"@context":"https:\/\/schema.org","@graph":[{"@type":"WebPage","@id":"https:\/\/englody.com\/gl\/producto\/curso-de-administracion-y-ventas\/","url":"https:\/\/englody.com\/gl\/producto\/curso-de-administracion-y-ventas\/","name":"Curso de Administraci\u00f3n y Ventas - Englody | Software de gesti\u00f3n 360\u00ba para Academias de Ingl\u00e9s","isPartOf":{"@id":"https:\/\/englody.com\/#website"},"primaryImageOfPage":{"@id":"https:\/\/englody.com\/gl\/producto\/curso-de-administracion-y-ventas\/#primaryimage"},"image":{"@id":"https:\/\/englody.com\/gl\/producto\/curso-de-administracion-y-ventas\/#primaryimage"},"thumbnailUrl":"https:\/\/englody.com\/wp-content\/uploads\/2025\/05\/DSC07706.jpg","datePublished":"2025-05-06T10:26:04+00:00","dateModified":"2025-05-14T13:09:03+00:00","breadcrumb":{"@id":"https:\/\/englody.com\/gl\/producto\/curso-de-administracion-y-ventas\/#breadcrumb"},"inLanguage":"gl-ES","potentialAction":[{"@type":"ReadAction","target":["https:\/\/englody.com\/gl\/producto\/curso-de-administracion-y-ventas\/"]}]},{"@type":"ImageObject","inLanguage":"gl-ES","@id":"https:\/\/englody.com\/gl\/producto\/curso-de-administracion-y-ventas\/#primaryimage","url":"https:\/\/englody.com\/wp-content\/uploads\/2025\/05\/DSC07706.jpg","contentUrl":"https:\/\/englody.com\/wp-content\/uploads\/2025\/05\/DSC07706.jpg","width":1600,"height":1044},{"@type":"BreadcrumbList","@id":"https:\/\/englody.com\/gl\/producto\/curso-de-administracion-y-ventas\/#breadcrumb","itemListElement":[{"@type":"ListItem","position":1,"name":"Portada","item":"https:\/\/englody.com\/gl\/"},{"@type":"ListItem","position":2,"name":"Shop","item":"https:\/\/englody.com\/gl\/shop\/"},{"@type":"ListItem","position":3,"name":"Curso de Administraci\u00f3n y Ventas"}]},{"@type":"WebSite","@id":"https:\/\/englody.com\/#website","url":"https:\/\/englody.com\/","name":"Englody | Software de gesti\u00f3n 360\u00ba para Academias de Ingl\u00e9s","description":"","potentialAction":[{"@type":"SearchAction","target":{"@type":"EntryPoint","urlTemplate":"https:\/\/englody.com\/?s={search_term_string}"},"query-input":{"@type":"PropertyValueSpecification","valueRequired":true,"valueName":"search_term_string"}}],"inLanguage":"gl-ES"}]}},"tiered_pricing_type":"fixed","tiered_pricing_fixed_rules":[],"tiered_pricing_product_settings":{"layout":"default","base_unit_name":{"singular":null,"plural":null},"default_variation":null},"tiered_pricing_minimum_quantity":null,"tiered_pricing_roles_data":[],"tiered_pricing_percentage_rules":[],"tiered_pricing_maximum_quantity":null,"tiered_pricing_quantity_step":null,"_links":{"self":[{"href":"https:\/\/englody.com\/gl\/wp-json\/wp\/v2\/product\/9430","targetHints":{"allow":["GET"]}}],"collection":[{"href":"https:\/\/englody.com\/gl\/wp-json\/wp\/v2\/product"}],"about":[{"href":"https:\/\/englody.com\/gl\/wp-json\/wp\/v2\/types\/product"}],"wp:featuredmedia":[{"embeddable":true,"href":"https:\/\/englody.com\/gl\/wp-json\/wp\/v2\/media\/9444"}],"wp:attachment":[{"href":"https:\/\/englody.com\/gl\/wp-json\/wp\/v2\/media?parent=9430"}],"wp:term":[{"taxonomy":"product_brand","embeddable":true,"href":"https:\/\/englody.com\/gl\/wp-json\/wp\/v2\/product_brand?post=9430"},{"taxonomy":"product_cat","embeddable":true,"href":"https:\/\/englody.com\/gl\/wp-json\/wp\/v2\/product_cat?post=9430"},{"taxonomy":"product_tag","embeddable":true,"href":"https:\/\/englody.com\/gl\/wp-json\/wp\/v2\/product_tag?post=9430"},{"taxonomy":"giftcard-category","embeddable":true,"href":"https:\/\/englody.com\/gl\/wp-json\/wp\/v2\/giftcard-category?post=9430"}],"curies":[{"name":"wp","href":"https:\/\/api.w.org\/{rel}","templated":true}]}}